{"id":3,"date":"2025-07-08T18:13:43","date_gmt":"2025-07-08T18:13:43","guid":{"rendered":"http:\/\/anax.es\/?page_id=3"},"modified":"2025-07-10T21:05:32","modified_gmt":"2025-07-10T18:05:32","slug":"politique-de-confidentialite","status":"publish","type":"page","link":"https:\/\/anax.es\/fr\/privacy-policy\/","title":{"rendered":"Politique de confidentialit\u00e9"},"content":{"rendered":"<div data-elementor-type=\"wp-page\" data-elementor-id=\"3\" class=\"elementor elementor-3\" data-elementor-post-type=\"page\">\n\t\t\t\t<div class=\"elementor-element elementor-element-627e9005 e-flex e-con-boxed e-con e-parent\" data-id=\"627e9005\" data-element_type=\"container\" data-e-type=\"container\" data-settings=\"{&quot;background_background&quot;:&quot;classic&quot;,&quot;jet_parallax_layout_list&quot;:[]}\">\n\t\t\t\t\t<div class=\"e-con-inner\">\n\t\t<div class=\"elementor-element elementor-element-ae7c8a1 e-con-full e-flex e-con e-child\" data-id=\"ae7c8a1\" data-element_type=\"container\" data-e-type=\"container\" data-settings=\"{&quot;background_background&quot;:&quot;classic&quot;,&quot;jet_parallax_layout_list&quot;:[]}\">\n\t\t\t\t<div class=\"elementor-element elementor-element-2c63d893 elementor-widget elementor-widget-text-editor\" data-id=\"2c63d893\" data-element_type=\"widget\" data-e-type=\"widget\" data-widget_type=\"text-editor.default\">\n\t\t\t\t\t\t\t\t\t\n<p><strong>Valable \u00e0 partir du : 10.7.2025<\/strong><\/p>\n\n<h3 class=\"wp-block-heading\"><strong>1. le contr\u00f4leur<\/strong><\/h3>\n\n<ul class=\"wp-block-list\">\n<li><strong>Nom :<\/strong> Fimafri Oy<\/li>\n\n<li><strong>Num\u00e9ro d'identification de l'entreprise :<\/strong> 2816888-4<\/li>\n\n<li><strong>Domicile :<\/strong> Kouvola<\/li>\n\n<li><strong>Adresse :<\/strong> Tolkkilankatu 6 A 24, 45100 Kouvola, Finlande<\/li>\n\n<li><strong>Courriel :<\/strong> <a href=\"mailto:info@anax.es\">info@anax.es<\/a><\/li>\n\n<li><strong>T\u00e9l\u00e9phone :<\/strong> +358 44 236 9782<\/li>\n<\/ul>\n\n<h3 class=\"wp-block-heading\"><strong>2. d\u00e9l\u00e9gu\u00e9 \u00e0 la protection des donn\u00e9es<\/strong><\/h3>\n\n<ul class=\"wp-block-list\">\n<li>Veuillez informer cette personne si n\u00e9cessaire - il peut s'agir du directeur g\u00e9n\u00e9ral ou d'une personne distincte charg\u00e9e de la protection des donn\u00e9es, par exemple.<\/li>\n<\/ul>\n\n<h3 class=\"wp-block-heading\"><strong>3. groupes de personnes inscrites<\/strong><\/h3>\n\n<p>Les donn\u00e9es personnelles trait\u00e9es dans le registre sont les suivantes :<\/p>\n\n<ul class=\"wp-block-list\">\n<li>Clients, contact par le biais de formulaires.<\/li>\n\n<li>Les parties prenantes, telles que les partenaires.<\/li>\n\n<li>Demandeurs d'emploi (en cas de recrutement).<\/li>\n<\/ul>\n\n<h3 class=\"wp-block-heading\"><strong>4. les types de donn\u00e9es trait\u00e9es<\/strong><\/h3>\n\n<p>Les donn\u00e9es trait\u00e9es sont les suivantes :<\/p>\n\n<ul class=\"wp-block-list\">\n<li>Informations de contact : nom, adresse, courriel, num\u00e9ro de t\u00e9l\u00e9phone<\/li>\n\n<li>Informations sur la soci\u00e9t\u00e9 et le poste\/titre (par exemple, r\u00f4le du r\u00e9pondant)<\/li>\n\n<li>Informations sur les paiements ou les contrats (commandes, factures)<\/li>\n\n<li>Informations fournies volontairement par le biais de formulaires<\/li>\n\n<li>Adresse IP et donn\u00e9es analytiques provenant de cookies<\/li>\n<\/ul>\n\n<h3 class=\"wp-block-heading\"><strong>5. objectif et base juridique du traitement<\/strong><\/h3>\n\n<p>Les donn\u00e9es sont trait\u00e9es aux fins suivantes :<\/p>\n\n<ol class=\"wp-block-list\">\n<li>Gestion de la relation client et facturation (obligation comptable - conservation des donn\u00e9es personnelles pendant 7 ans)<\/li>\n\n<li>Communication et service \u00e0 la client\u00e8le.<\/li>\n\n<li>Marketing et bulletins d'information (avec consentement uniquement).<\/li>\n\n<li>Suivi de l'activit\u00e9 du site web (Google Analytics, cookies, consentement).<\/li>\n\n<li>le respect des obligations l\u00e9gales (par exemple, la comptabilit\u00e9).<\/li>\n<\/ol>\n\n<p>Les motifs juridiques sont les suivants :<\/p>\n\n<ul class=\"wp-block-list\">\n<li>Discussions au moment de la facturation - une obligation l\u00e9gale.<\/li>\n\n<li>Marketing - consentement.<\/li>\n\n<li>Analyse du site web - int\u00e9r\u00eat l\u00e9gitime du responsable du traitement<\/li>\n<\/ul>\n\n<h3 class=\"wp-block-heading\"><strong>6. la p\u00e9riode de conservation des donn\u00e9es<\/strong><\/h3>\n\n<ul class=\"wp-block-list\">\n<li>Registres comptables (par exemple, donn\u00e9es sur les clients et les paiements) : 7 ans.<\/li>\n\n<li>Registre de marketing : jusqu'\u00e0 ce que le consentement soit retir\u00e9.<\/li>\n\n<li>Analyse du site web (Google Analytics)<\/li>\n<\/ul>\n\n<h3 class=\"wp-block-heading\"><strong>7. transmission des donn\u00e9es et destinataires<\/strong><\/h3>\n\n<p>Les informations peuvent \u00eatre divulgu\u00e9es :<\/p>\n\n<ul class=\"wp-block-list\">\n<li>Pour les autorit\u00e9s publiques sur la base d'exigences l\u00e9gales.<\/li>\n\n<li>les prestataires de services (par exemple, marketing par courriel, analyse) ayant conclu un accord de traitement des donn\u00e9es.<\/li>\n\n<li>Cookies destin\u00e9s \u00e0 des prestataires de services tiers (Google Analytics, certains services de plugin, etc.).<\/li>\n<\/ul>\n\n<p>Les donn\u00e9es ne seront pas transf\u00e9r\u00e9es en dehors de l'UE\/EEE sans m\u00e9canismes de s\u00e9curit\u00e9 appropri\u00e9s.<\/p>\n\n<h3 class=\"wp-block-heading\"><strong>8. les droits de la personne concern\u00e9e<\/strong><\/h3>\n\n<p>La personne concern\u00e9e a le droit<\/p>\n\n<ul class=\"wp-block-list\">\n<li><strong>Droit d'acc\u00e8s<\/strong> \u00e0 vos propres donn\u00e9es.<\/li>\n\n<li><strong>Correct<\/strong> des informations erron\u00e9es.<\/li>\n\n<li><strong>Supprimer les donn\u00e9es<\/strong> (\"le droit \u00e0 l'oubli\") lorsque la loi le permet.<\/li>\n\n<li><strong>Restreindre le traitement ou s'y opposer<\/strong>y compris dans le cadre du marketing direct.<\/li>\n\n<li><strong>Portabilit\u00e9 des donn\u00e9es<\/strong> \u00e0 un autre r\u00e9gime (dans la mesure o\u00f9 la loi le permet).<\/li>\n\n<li><strong>Retrait du consentement<\/strong> le marketing et l'analyse.<\/li>\n\n<li><strong>Plainte aupr\u00e8s de l'autorit\u00e9 charg\u00e9e de la protection des donn\u00e9es<\/strong> (Bureau du m\u00e9diateur pour la protection des donn\u00e9es, P.O. Box 800, 00531 Helsinki ; <a href=\"mailto:tietosuoja@om.fi\">tietosuoja@om.fi<\/a>).<\/li>\n<\/ul>\n\n<h3 class=\"wp-block-heading\"><strong>9. Cookies<\/strong><\/h3>\n\n<p>Le site web de la Fimafr utilise :<\/p>\n\n<ul class=\"wp-block-list\">\n<li>Cookies n\u00e9cessaires \u00e0 la fonctionnalit\u00e9 du site.<\/li>\n\n<li>\u00c0 des fins d'analyse, les cookies de Google Analytics, uniquement avec le consentement de l'utilisateur.<\/li>\n\n<li>Les cookies du site web sont activ\u00e9s par consentement<\/li>\n<\/ul>\n\n<h3 class=\"wp-block-heading\"><strong>10. mesures de s\u00e9curit\u00e9<\/strong><\/h3>\n\n<p>Les donn\u00e9es seront trait\u00e9es de mani\u00e8re confidentielle et s\u00e9curis\u00e9e :<\/p>\n\n<ul class=\"wp-block-list\">\n<li>Avec noms d'utilisateur, cryptage, restrictions d'acc\u00e8s.<\/li>\n\n<li>par le biais d'accords de traitement des donn\u00e9es avec des partenaires.<\/li>\n\n<li>Avec des mises \u00e0 jour et des sauvegardes r\u00e9guli\u00e8res.<\/li>\n<\/ul>\n\n<h3 class=\"wp-block-heading\"><strong>11. les questions de protection des donn\u00e9es<\/strong><\/h3>\n\n<p>Le d\u00e9l\u00e9gu\u00e9 \u00e0 la protection des donn\u00e9es peut \u00eatre contact\u00e9 pour toutes les questions relatives \u00e0 la protection des donn\u00e9es (<a>info@anax.es<\/a>).<\/p>\n<hr class=\"wp-block-separator has-alpha-channel-opacity\" \/>\n<p>\u00a0<\/p>\n\t\t\t\t\t\t\t\t<\/div>\n\t\t\t\t<\/div>\n\t\t\t\t\t<\/div>\n\t\t\t\t<\/div>\n\t\t\t\t<\/div>","protected":false},"excerpt":{"rendered":"<p>Voimassa alkaen: 10.7.2025 1. Rekisterinpit\u00e4j\u00e4 2. Tietosuojavastaava 3. Rekister\u00f6ityjen ryhm\u00e4t Rekisteriss\u00e4 k\u00e4sitelt\u00e4v\u00e4t henkil\u00f6tiedot kuuluvat mm.: 4. K\u00e4sitelt\u00e4v\u00e4t tietotyypit K\u00e4sitelt\u00e4vi\u00e4 tietoja ovat mm.: 5. K\u00e4sittelyn tarkoitus ja oikeusperuste Tietoja k\u00e4sitell\u00e4\u00e4n seuraaviin tarkoituksiin: Oikeusperusteena ovat: 6. Tietojen s\u00e4ilytysaika 7. Tietojen siirto ja vastaanottajat Tietoja voidaan luovuttaa: Tietoja ei siirret\u00e4 EU\/ETA\u2011alueen ulkopuolelle ilman asianmukaisia turvamekanismeja. 8. Rekister\u00f6idyn oikeudet [&hellip;]<\/p>\n","protected":false},"author":1,"featured_media":0,"parent":0,"menu_order":0,"comment_status":"closed","ping_status":"open","template":"","meta":{"iawp_total_views":5,"footnotes":""},"class_list":["post-3","page","type-page","status-publish","hentry"],"_links":{"self":[{"href":"https:\/\/anax.es\/fr\/wp-json\/wp\/v2\/pages\/3","targetHints":{"allow":["GET"]}}],"collection":[{"href":"https:\/\/anax.es\/fr\/wp-json\/wp\/v2\/pages"}],"about":[{"href":"https:\/\/anax.es\/fr\/wp-json\/wp\/v2\/types\/page"}],"author":[{"embeddable":true,"href":"https:\/\/anax.es\/fr\/wp-json\/wp\/v2\/users\/1"}],"replies":[{"embeddable":true,"href":"https:\/\/anax.es\/fr\/wp-json\/wp\/v2\/comments?post=3"}],"version-history":[{"count":10,"href":"https:\/\/anax.es\/fr\/wp-json\/wp\/v2\/pages\/3\/revisions"}],"predecessor-version":[{"id":871,"href":"https:\/\/anax.es\/fr\/wp-json\/wp\/v2\/pages\/3\/revisions\/871"}],"wp:attachment":[{"href":"https:\/\/anax.es\/fr\/wp-json\/wp\/v2\/media?parent=3"}],"curies":[{"name":"wp","href":"https:\/\/api.w.org\/{rel}","templated":true}]}}