{"id":2208,"date":"2026-01-31T16:23:08","date_gmt":"2026-01-31T14:23:08","guid":{"rendered":"https:\/\/anax.es\/?page_id=2208"},"modified":"2026-02-02T19:54:29","modified_gmt":"2026-02-02T17:54:29","slug":"distribution-et-gestion-de-la-chaine-dapprovisionnement-chaine-dapprovisionnement","status":"publish","type":"page","link":"https:\/\/anax.es\/fr\/jakelu-ja-toimitusketjun-hallinta-supply-chain\/","title":{"rendered":"Distribution et gestion de la cha\u00eene d'approvisionnement (Supply Chain)"},"content":{"rendered":"<div data-elementor-type=\"wp-page\" data-elementor-id=\"2208\" class=\"elementor elementor-2208\" data-elementor-post-type=\"page\">\n\t\t\t\t<div class=\"elementor-element elementor-element-519eea9 e-flex e-con-boxed e-con e-parent\" data-id=\"519eea9\" data-element_type=\"container\" data-e-type=\"container\" data-settings=\"{&quot;background_background&quot;:&quot;classic&quot;,&quot;jet_parallax_layout_list&quot;:[]}\">\n\t\t\t\t\t<div class=\"e-con-inner\">\n\t\t<div class=\"elementor-element elementor-element-7a7b0a6 e-con-full e-flex e-con e-child\" data-id=\"7a7b0a6\" data-element_type=\"container\" data-e-type=\"container\" data-settings=\"{&quot;jet_parallax_layout_list&quot;:[]}\">\n\t\t\t\t<div class=\"elementor-element elementor-element-6b54c18 elementor-widget elementor-widget-heading\" data-id=\"6b54c18\" data-element_type=\"widget\" data-e-type=\"widget\" data-widget_type=\"heading.default\">\n\t\t\t\t\t<h2 class=\"elementor-heading-title elementor-size-default\">Distribution et gestion de la cha\u00eene d'approvisionnement (Supply Chain)<\/h2>\t\t\t\t<\/div>\n\t\t\t\t<\/div>\n\t\t<div class=\"elementor-element elementor-element-a6cfb41 e-con-full e-flex e-con e-child\" data-id=\"a6cfb41\" data-element_type=\"container\" data-e-type=\"container\" data-settings=\"{&quot;jet_parallax_layout_list&quot;:[]}\">\n\t\t\t\t<div class=\"elementor-element elementor-element-df274d4 elementor-widget elementor-widget-image\" data-id=\"df274d4\" data-element_type=\"widget\" data-e-type=\"widget\" data-widget_type=\"image.default\">\n\t\t\t\t\t\t\t\t\t\t\t\t\t\t\t<img decoding=\"async\" src=\"https:\/\/anax.es\/wp-content\/uploads\/elementor\/thumbs\/suply1-scaled-rikn25xbgox703bwaxy1mnz2zdw0h50os66enchtvs.jpg\" title=\"suply1\" alt=\"suply1\" loading=\"lazy\" \/>\t\t\t\t\t\t\t\t\t\t\t\t\t\t\t<\/div>\n\t\t\t\t<\/div>\n\t\t\t\t\t<\/div>\n\t\t\t\t<\/div>\n\t\t<div class=\"elementor-element elementor-element-6d86fde e-flex e-con-boxed e-con e-parent\" data-id=\"6d86fde\" data-element_type=\"container\" data-e-type=\"container\" data-settings=\"{&quot;jet_parallax_layout_list&quot;:[]}\">\n\t\t\t\t\t<div class=\"e-con-inner\">\n\t\t<div class=\"elementor-element elementor-element-59b01f3 e-con-full e-flex e-con e-child\" data-id=\"59b01f3\" data-element_type=\"container\" data-e-type=\"container\" data-settings=\"{&quot;jet_parallax_layout_list&quot;:[]}\">\n\t\t\t\t<div class=\"elementor-element elementor-element-2ead36c elementor-widget elementor-widget-heading\" data-id=\"2ead36c\" data-element_type=\"widget\" data-e-type=\"widget\" data-widget_type=\"heading.default\">\n\t\t\t\t\t<h2 class=\"elementor-heading-title elementor-size-default\">HAASTEENNE<\/h2>\t\t\t\t<\/div>\n\t\t\t\t<div class=\"elementor-element elementor-element-22dce2d elementor-widget elementor-widget-text-editor\" data-id=\"22dce2d\" data-element_type=\"widget\" data-e-type=\"widget\" data-widget_type=\"text-editor.default\">\n\t\t\t\t\t\t\t\t\t<ul><li data-start=\"0\" data-end=\"82\"><p data-start=\"2\" data-end=\"82\">\u00c9tablir un r\u00e9seau de distributeurs ou d'agents agr\u00e9\u00e9s sur un nouveau march\u00e9<\/p><\/li><li data-start=\"83\" data-end=\"187\" data-is-last-node=\"\"><p data-start=\"85\" data-end=\"187\" data-is-last-node=\"\">Mise en place d'une plateforme externalis\u00e9e pour l'importation, le stockage, la distribution et la facturation des produits au niveau local<\/p><\/li><\/ul>\t\t\t\t\t\t\t\t<\/div>\n\t\t\t\t<\/div>\n\t\t<div class=\"elementor-element elementor-element-8ea398d e-con-full e-flex e-con e-child\" data-id=\"8ea398d\" data-element_type=\"container\" data-e-type=\"container\" data-settings=\"{&quot;jet_parallax_layout_list&quot;:[]}\">\n\t\t\t\t<div class=\"elementor-element elementor-element-889cfcd elementor-widget elementor-widget-image\" data-id=\"889cfcd\" data-element_type=\"widget\" data-e-type=\"widget\" data-widget_type=\"image.default\">\n\t\t\t\t\t\t\t\t\t\t\t\t\t\t\t<img fetchpriority=\"high\" decoding=\"async\" width=\"800\" height=\"532\" src=\"https:\/\/anax.es\/wp-content\/uploads\/2026\/02\/suply-1024x681.jpg\" class=\"attachment-large size-large wp-image-2338\" alt=\"\" srcset=\"https:\/\/anax.es\/wp-content\/uploads\/2026\/02\/suply-1024x681.jpg 1024w, https:\/\/anax.es\/wp-content\/uploads\/2026\/02\/suply-300x200.jpg 300w, https:\/\/anax.es\/wp-content\/uploads\/2026\/02\/suply-768x511.jpg 768w, https:\/\/anax.es\/wp-content\/uploads\/2026\/02\/suply-1536x1022.jpg 1536w, https:\/\/anax.es\/wp-content\/uploads\/2026\/02\/suply-2048x1363.jpg 2048w, https:\/\/anax.es\/wp-content\/uploads\/2026\/02\/suply-18x12.jpg 18w\" sizes=\"(max-width: 800px) 100vw, 800px\" \/>\t\t\t\t\t\t\t\t\t\t\t\t\t\t\t<\/div>\n\t\t\t\t<\/div>\n\t\t\t\t\t<\/div>\n\t\t\t\t<\/div>\n\t\t<div class=\"elementor-element elementor-element-e5d7a60 e-flex e-con-boxed e-con e-parent\" data-id=\"e5d7a60\" data-element_type=\"container\" data-e-type=\"container\" data-settings=\"{&quot;jet_parallax_layout_list&quot;:[]}\">\n\t\t\t\t\t<div class=\"e-con-inner\">\n\t\t<div class=\"elementor-element elementor-element-3c58af5 e-con-full e-flex e-con e-child\" data-id=\"3c58af5\" data-element_type=\"container\" data-e-type=\"container\" data-settings=\"{&quot;jet_parallax_layout_list&quot;:[]}\">\n\t\t\t\t<div class=\"elementor-element elementor-element-813b599 elementor-widget elementor-widget-image\" data-id=\"813b599\" data-element_type=\"widget\" data-e-type=\"widget\" data-widget_type=\"image.default\">\n\t\t\t\t\t\t\t\t\t\t\t\t\t\t\t<img decoding=\"async\" width=\"800\" height=\"534\" src=\"https:\/\/anax.es\/wp-content\/uploads\/2026\/02\/suply2-1024x683.jpg\" class=\"attachment-large size-large wp-image-2344\" alt=\"\" srcset=\"https:\/\/anax.es\/wp-content\/uploads\/2026\/02\/suply2-1024x683.jpg 1024w, https:\/\/anax.es\/wp-content\/uploads\/2026\/02\/suply2-300x200.jpg 300w, https:\/\/anax.es\/wp-content\/uploads\/2026\/02\/suply2-768x512.jpg 768w, https:\/\/anax.es\/wp-content\/uploads\/2026\/02\/suply2-1536x1024.jpg 1536w, https:\/\/anax.es\/wp-content\/uploads\/2026\/02\/suply2-2048x1365.jpg 2048w, https:\/\/anax.es\/wp-content\/uploads\/2026\/02\/suply2-18x12.jpg 18w\" sizes=\"(max-width: 800px) 100vw, 800px\" \/>\t\t\t\t\t\t\t\t\t\t\t\t\t\t\t<\/div>\n\t\t\t\t<\/div>\n\t\t<div class=\"elementor-element elementor-element-d5f0a2a e-con-full e-flex e-con e-child\" data-id=\"d5f0a2a\" data-element_type=\"container\" data-e-type=\"container\" data-settings=\"{&quot;jet_parallax_layout_list&quot;:[]}\">\n\t\t\t\t<div class=\"elementor-element elementor-element-8f38548 elementor-widget elementor-widget-heading\" data-id=\"8f38548\" data-element_type=\"widget\" data-e-type=\"widget\" data-widget_type=\"heading.default\">\n\t\t\t\t\t<h2 class=\"elementor-heading-title elementor-size-default\">NOS SERVICES<\/h2>\t\t\t\t<\/div>\n\t\t\t\t<div class=\"elementor-element elementor-element-2741928 elementor-widget elementor-widget-text-editor\" data-id=\"2741928\" data-element_type=\"widget\" data-e-type=\"widget\" data-widget_type=\"text-editor.default\">\n\t\t\t\t\t\t\t\t\t<ul class=\"trx_addons_list trx_addons_list_dot_red\"><li>\u00c9tude du positionnement de vos produits et services et de l'efficacit\u00e9 de vos distributeurs<\/li><li>Montage des dossiers d'autorisations minist\u00e9rielles pour les permis de launching sur le march\u00e9<\/li><li>Identification et qualification de partenaires importateurs, distributeurs, agents et clients<\/li><li>Organisations de rendez-vous avec les partenariats et clients potentiels et suivi des relations<\/li><li>Organisations de missions sectorielles d\u00e9di\u00e9es<\/li><li>Support juridique, fiscal et contractuel<\/li><li>Aide \u00e0 l'installation d'une plateforme externalis\u00e9e pour importer, stocker, distribuer et facturer localement, sans monter de soci\u00e9t\u00e9 ou de bureau en propre<\/li><li>Prise en charge de la gestion des commandes et des factures<\/li><\/ul>\t\t\t\t\t\t\t\t<\/div>\n\t\t\t\t<\/div>\n\t\t\t\t\t<\/div>\n\t\t\t\t<\/div>\n\t\t\t\t<\/div>","protected":false},"excerpt":{"rendered":"<p>Jakelu ja toimitusketjun hallinta (Supply Chain) HAASTEENNE Perustaa hyv\u00e4ksyttyjen jakelijoiden tai agenttien verkosto uudelle markkinalle Perustaa ulkoistettu alusta tuotteiden paikallista tuontia, varastointia, jakelua ja laskutusta varten PALVELUMME \u00c9tude du positionnement de vos produits et services et de l\u2019efficacit\u00e9 de vos distributeurs Montage des dossiers d\u2019autorisations minist\u00e9rielles pour les permis de lancement sur le march\u00e9 Identification [&hellip;]<\/p>\n","protected":false},"author":2,"featured_media":0,"parent":0,"menu_order":0,"comment_status":"closed","ping_status":"closed","template":"elementor_header_footer","meta":{"iawp_total_views":6,"footnotes":""},"class_list":["post-2208","page","type-page","status-publish","hentry"],"_links":{"self":[{"href":"https:\/\/anax.es\/fr\/wp-json\/wp\/v2\/pages\/2208","targetHints":{"allow":["GET"]}}],"collection":[{"href":"https:\/\/anax.es\/fr\/wp-json\/wp\/v2\/pages"}],"about":[{"href":"https:\/\/anax.es\/fr\/wp-json\/wp\/v2\/types\/page"}],"author":[{"embeddable":true,"href":"https:\/\/anax.es\/fr\/wp-json\/wp\/v2\/users\/2"}],"replies":[{"embeddable":true,"href":"https:\/\/anax.es\/fr\/wp-json\/wp\/v2\/comments?post=2208"}],"version-history":[{"count":16,"href":"https:\/\/anax.es\/fr\/wp-json\/wp\/v2\/pages\/2208\/revisions"}],"predecessor-version":[{"id":2350,"href":"https:\/\/anax.es\/fr\/wp-json\/wp\/v2\/pages\/2208\/revisions\/2350"}],"wp:attachment":[{"href":"https:\/\/anax.es\/fr\/wp-json\/wp\/v2\/media?parent=2208"}],"curies":[{"name":"wp","href":"https:\/\/api.w.org\/{rel}","templated":true}]}}