{"id":2202,"date":"2026-01-31T16:18:11","date_gmt":"2026-01-31T14:18:11","guid":{"rendered":"https:\/\/anax.es\/?page_id=2202"},"modified":"2026-02-02T19:41:47","modified_gmt":"2026-02-02T17:41:47","slug":"relocalisation-industrielle-coentreprises-coentreprises-et-fusions-acquisitions","status":"publish","type":"page","link":"https:\/\/anax.es\/fr\/teollinen-sijoittuminen-yhteisyritykset-jv-ja-fuusiot-yritysostot\/","title":{"rendered":"Placement industriel, coentreprises (JV) et fusions et acquisitions"},"content":{"rendered":"<div data-elementor-type=\"wp-page\" data-elementor-id=\"2202\" class=\"elementor elementor-2202\" data-elementor-post-type=\"page\">\n\t\t\t\t<div class=\"elementor-element elementor-element-a3fef5b e-flex e-con-boxed e-con e-parent\" data-id=\"a3fef5b\" data-element_type=\"container\" data-e-type=\"container\" data-settings=\"{&quot;background_background&quot;:&quot;classic&quot;,&quot;jet_parallax_layout_list&quot;:[]}\">\n\t\t\t\t\t<div class=\"e-con-inner\">\n\t\t<div class=\"elementor-element elementor-element-4d24387 e-con-full e-flex e-con e-child\" data-id=\"4d24387\" data-element_type=\"container\" data-e-type=\"container\" data-settings=\"{&quot;jet_parallax_layout_list&quot;:[]}\">\n\t\t\t\t<div class=\"elementor-element elementor-element-1e71ed2 elementor-widget elementor-widget-heading\" data-id=\"1e71ed2\" data-element_type=\"widget\" data-e-type=\"widget\" data-widget_type=\"heading.default\">\n\t\t\t\t\t<h2 class=\"elementor-heading-title elementor-size-default\">Placement industriel, coentreprises (JV) et fusions et acquisitions<\/h2>\t\t\t\t<\/div>\n\t\t\t\t<\/div>\n\t\t<div class=\"elementor-element elementor-element-8f12d77 e-con-full e-flex e-con e-child\" data-id=\"8f12d77\" data-element_type=\"container\" data-e-type=\"container\" data-settings=\"{&quot;jet_parallax_layout_list&quot;:[]}\">\n\t\t\t\t<div class=\"elementor-element elementor-element-411e7a6 elementor-widget elementor-widget-image\" data-id=\"411e7a6\" data-element_type=\"widget\" data-e-type=\"widget\" data-widget_type=\"image.default\">\n\t\t\t\t\t\t\t\t\t\t\t\t\t\t\t<img decoding=\"async\" src=\"https:\/\/anax.es\/wp-content\/uploads\/elementor\/thumbs\/financial-building-scaled-riklw3nbmlc9gafgx9e2js3hzn7p0r13zz76ikv2bs.jpg\" title=\"construction financi\u00e8re\" alt=\"construction financi\u00e8re\" loading=\"lazy\" \/>\t\t\t\t\t\t\t\t\t\t\t\t\t\t\t<\/div>\n\t\t\t\t<\/div>\n\t\t\t\t\t<\/div>\n\t\t\t\t<\/div>\n\t\t<div class=\"elementor-element elementor-element-6d86fde e-flex e-con-boxed e-con e-parent\" data-id=\"6d86fde\" data-element_type=\"container\" data-e-type=\"container\" data-settings=\"{&quot;jet_parallax_layout_list&quot;:[]}\">\n\t\t\t\t\t<div class=\"e-con-inner\">\n\t\t<div class=\"elementor-element elementor-element-59b01f3 e-con-full e-flex e-con e-child\" data-id=\"59b01f3\" data-element_type=\"container\" data-e-type=\"container\" data-settings=\"{&quot;jet_parallax_layout_list&quot;:[]}\">\n\t\t\t\t<div class=\"elementor-element elementor-element-2ead36c elementor-widget elementor-widget-heading\" data-id=\"2ead36c\" data-element_type=\"widget\" data-e-type=\"widget\" data-widget_type=\"heading.default\">\n\t\t\t\t\t<h2 class=\"elementor-heading-title elementor-size-default\">HAASTEENNE<\/h2>\t\t\t\t<\/div>\n\t\t\t\t<div class=\"elementor-element elementor-element-22dce2d elementor-widget elementor-widget-text-editor\" data-id=\"22dce2d\" data-element_type=\"widget\" data-e-type=\"widget\" data-widget_type=\"text-editor.default\">\n\t\t\t\t\t\t\t\t\t<ul><li data-start=\"0\" data-end=\"77\"><p data-start=\"2\" data-end=\"77\">Cr\u00e9er sa propre unit\u00e9 de production ou acqu\u00e9rir une organisation op\u00e9rationnelle locale<\/p><\/li><li data-start=\"78\" data-end=\"163\"><p data-start=\"80\" data-end=\"163\">Conna\u00eetre les \u00e9tapes op\u00e9rationnelles pour mettre en place une structure et recevoir des conseils strat\u00e9giques<\/p><\/li><li data-start=\"164\" data-end=\"274\" data-is-last-node=\"\"><p data-start=\"166\" data-end=\"274\" data-is-last-node=\"\">Soutien d'un expert local en mati\u00e8re de diff\u00e9rences interculturelles, de gestion et d'environnement commercial<\/p><\/li><\/ul>\t\t\t\t\t\t\t\t<\/div>\n\t\t\t\t<\/div>\n\t\t<div class=\"elementor-element elementor-element-8ea398d e-con-full e-flex e-con e-child\" data-id=\"8ea398d\" data-element_type=\"container\" data-e-type=\"container\" data-settings=\"{&quot;jet_parallax_layout_list&quot;:[]}\">\n\t\t\t\t<div class=\"elementor-element elementor-element-889cfcd elementor-widget elementor-widget-image\" data-id=\"889cfcd\" data-element_type=\"widget\" data-e-type=\"widget\" data-widget_type=\"image.default\">\n\t\t\t\t\t\t\t\t\t\t\t\t\t\t\t<img fetchpriority=\"high\" decoding=\"async\" width=\"800\" height=\"534\" src=\"https:\/\/anax.es\/wp-content\/uploads\/2026\/02\/two-professionals-1024x683.jpg\" class=\"attachment-large size-large wp-image-2334\" alt=\"\" srcset=\"https:\/\/anax.es\/wp-content\/uploads\/2026\/02\/two-professionals-1024x683.jpg 1024w, https:\/\/anax.es\/wp-content\/uploads\/2026\/02\/two-professionals-300x200.jpg 300w, https:\/\/anax.es\/wp-content\/uploads\/2026\/02\/two-professionals-768x512.jpg 768w, https:\/\/anax.es\/wp-content\/uploads\/2026\/02\/two-professionals-1536x1024.jpg 1536w, https:\/\/anax.es\/wp-content\/uploads\/2026\/02\/two-professionals-2048x1365.jpg 2048w, https:\/\/anax.es\/wp-content\/uploads\/2026\/02\/two-professionals-18x12.jpg 18w\" sizes=\"(max-width: 800px) 100vw, 800px\" \/>\t\t\t\t\t\t\t\t\t\t\t\t\t\t\t<\/div>\n\t\t\t\t<\/div>\n\t\t\t\t\t<\/div>\n\t\t\t\t<\/div>\n\t\t<div class=\"elementor-element elementor-element-e5d7a60 e-flex e-con-boxed e-con e-parent\" data-id=\"e5d7a60\" data-element_type=\"container\" data-e-type=\"container\" data-settings=\"{&quot;jet_parallax_layout_list&quot;:[]}\">\n\t\t\t\t\t<div class=\"e-con-inner\">\n\t\t<div class=\"elementor-element elementor-element-3c58af5 e-con-full e-flex e-con e-child\" data-id=\"3c58af5\" data-element_type=\"container\" data-e-type=\"container\" data-settings=\"{&quot;jet_parallax_layout_list&quot;:[]}\">\n\t\t\t\t<div class=\"elementor-element elementor-element-813b599 elementor-widget elementor-widget-image\" data-id=\"813b599\" data-element_type=\"widget\" data-e-type=\"widget\" data-widget_type=\"image.default\">\n\t\t\t\t\t\t\t\t\t\t\t\t\t\t\t<img decoding=\"async\" width=\"800\" height=\"534\" src=\"https:\/\/anax.es\/wp-content\/uploads\/2026\/02\/discussing-work-1024x683.jpg\" class=\"attachment-large size-large wp-image-2330\" alt=\"\" srcset=\"https:\/\/anax.es\/wp-content\/uploads\/2026\/02\/discussing-work-1024x683.jpg 1024w, https:\/\/anax.es\/wp-content\/uploads\/2026\/02\/discussing-work-300x200.jpg 300w, https:\/\/anax.es\/wp-content\/uploads\/2026\/02\/discussing-work-768x512.jpg 768w, https:\/\/anax.es\/wp-content\/uploads\/2026\/02\/discussing-work-1536x1024.jpg 1536w, https:\/\/anax.es\/wp-content\/uploads\/2026\/02\/discussing-work-2048x1365.jpg 2048w, https:\/\/anax.es\/wp-content\/uploads\/2026\/02\/discussing-work-18x12.jpg 18w\" sizes=\"(max-width: 800px) 100vw, 800px\" \/>\t\t\t\t\t\t\t\t\t\t\t\t\t\t\t<\/div>\n\t\t\t\t<\/div>\n\t\t<div class=\"elementor-element elementor-element-d5f0a2a e-con-full e-flex e-con e-child\" data-id=\"d5f0a2a\" data-element_type=\"container\" data-e-type=\"container\" data-settings=\"{&quot;jet_parallax_layout_list&quot;:[]}\">\n\t\t\t\t<div class=\"elementor-element elementor-element-8f38548 elementor-widget elementor-widget-heading\" data-id=\"8f38548\" data-element_type=\"widget\" data-e-type=\"widget\" data-widget_type=\"heading.default\">\n\t\t\t\t\t<h2 class=\"elementor-heading-title elementor-size-default\">NOS SERVICES<\/h2>\t\t\t\t<\/div>\n\t\t\t\t<div class=\"elementor-element elementor-element-2741928 elementor-widget elementor-widget-text-editor\" data-id=\"2741928\" data-element_type=\"widget\" data-e-type=\"widget\" data-widget_type=\"text-editor.default\">\n\t\t\t\t\t\t\t\t\t<ul><li data-start=\"0\" data-end=\"105\"><p data-start=\"2\" data-end=\"105\">Une \u00e9tude d'implantation pour d\u00e9terminer les raisons du choix du terrain et de l'emplacement en fonction de vos objectifs.<\/p><\/li><li data-start=\"106\" data-end=\"211\"><p data-start=\"108\" data-end=\"211\">Conseil et assistance pour la mise en place de la structure juridique de la filiale (SARL, SA, bureau de repr\u00e9sentation, succursale, etc.)<\/p><\/li><li data-start=\"212\" data-end=\"256\"><p data-start=\"214\" data-end=\"256\">Soutien administratif et comptabilit\u00e9<\/p><\/li><li data-start=\"257\" data-end=\"304\"><p data-start=\"259\" data-end=\"304\">Ouverture d'un compte bancaire et contrats d'assurance<\/p><\/li><li data-start=\"305\" data-end=\"351\"><p data-start=\"307\" data-end=\"351\">Soutien, gestion et suivi des filiales<\/p><\/li><li data-start=\"352\" data-end=\"416\"><p data-start=\"354\" data-end=\"416\">Recherche de locaux industriels et commerciaux (bureaux, entrep\u00f4ts, etc.)<\/p><\/li><li data-start=\"417\" data-end=\"502\"><p data-start=\"419\" data-end=\"502\">Soutien \u00e0 la mise en \u0153uvre de la structure op\u00e9rationnelle (autorisation, approbations et financement)<\/p><\/li><li data-start=\"503\" data-end=\"567\"><p data-start=\"505\" data-end=\"567\">G\u00e9rer le recrutement des cadres et des superviseurs locaux<\/p><\/li><li data-start=\"568\" data-end=\"631\"><p data-start=\"570\" data-end=\"631\">Soutien au d\u00e9veloppement des entreprises (y compris le d\u00e9veloppement commercial)<\/p><\/li><li data-start=\"632\" data-end=\"691\" data-is-last-node=\"\"><p data-start=\"634\" data-end=\"691\" data-is-last-node=\"\">Aide \u00e0 la recherche de sous-traitants (y compris l'approvisionnement et la recherche de fournisseurs)<\/p><\/li><\/ul>\t\t\t\t\t\t\t\t<\/div>\n\t\t\t\t<\/div>\n\t\t\t\t\t<\/div>\n\t\t\t\t<\/div>\n\t\t\t\t<\/div>","protected":false},"excerpt":{"rendered":"<p>Teollinen sijoittuminen, yhteisyritykset (JV) ja fuusiot &amp; yritysostot HAASTEENNE Perustaa oma tuotantoyksikk\u00f6 tai hankkia paikallinen toimintaorganisaatio Tunne operatiiviset vaiheet rakenteen perustamiseksi ja saa strategista neuvontaa Paikallisen asiantuntijan tuki kulttuurienv\u00e4lisiin eroihin, johtamiseen ja liiketoimintaymp\u00e4rist\u00f6\u00f6n liittyen PALVELUMME Sijoittumistutkimus maan ja sijainnin valinnan perustelujen m\u00e4\u00e4ritt\u00e4miseksi tavoitteidenne mukaisesti Neuvonta ja tuki tyt\u00e4ryhti\u00f6n juridisen rakenteen perustamisessa (SARL, SA, edustusto, sivuliike [&hellip;]<\/p>\n","protected":false},"author":2,"featured_media":0,"parent":0,"menu_order":0,"comment_status":"closed","ping_status":"closed","template":"elementor_header_footer","meta":{"iawp_total_views":3,"footnotes":""},"class_list":["post-2202","page","type-page","status-publish","hentry"],"_links":{"self":[{"href":"https:\/\/anax.es\/fr\/wp-json\/wp\/v2\/pages\/2202","targetHints":{"allow":["GET"]}}],"collection":[{"href":"https:\/\/anax.es\/fr\/wp-json\/wp\/v2\/pages"}],"about":[{"href":"https:\/\/anax.es\/fr\/wp-json\/wp\/v2\/types\/page"}],"author":[{"embeddable":true,"href":"https:\/\/anax.es\/fr\/wp-json\/wp\/v2\/users\/2"}],"replies":[{"embeddable":true,"href":"https:\/\/anax.es\/fr\/wp-json\/wp\/v2\/comments?post=2202"}],"version-history":[{"count":16,"href":"https:\/\/anax.es\/fr\/wp-json\/wp\/v2\/pages\/2202\/revisions"}],"predecessor-version":[{"id":2337,"href":"https:\/\/anax.es\/fr\/wp-json\/wp\/v2\/pages\/2202\/revisions\/2337"}],"wp:attachment":[{"href":"https:\/\/anax.es\/fr\/wp-json\/wp\/v2\/media?parent=2202"}],"curies":[{"name":"wp","href":"https:\/\/api.w.org\/{rel}","templated":true}]}}