{"id":2182,"date":"2026-01-31T16:02:53","date_gmt":"2026-01-31T14:02:53","guid":{"rendered":"https:\/\/anax.es\/?page_id=2182"},"modified":"2026-02-02T16:44:53","modified_gmt":"2026-02-02T14:44:53","slug":"la-creation-et-la-gestion-dun-groupe-de-filles","status":"publish","type":"page","link":"https:\/\/anax.es\/fr\/tytaryhtion-perustaminen-ja-hallinnointi\/","title":{"rendered":"Cr\u00e9ation et gestion d'une filiale"},"content":{"rendered":"\t\t<div data-elementor-type=\"wp-page\" data-elementor-id=\"2182\" class=\"elementor elementor-2182\" data-elementor-post-type=\"page\">\n\t\t\t\t<div class=\"elementor-element elementor-element-e956764 e-flex e-con-boxed e-con e-parent\" data-id=\"e956764\" data-element_type=\"container\" data-e-type=\"container\" data-settings=\"{&quot;background_background&quot;:&quot;classic&quot;,&quot;jet_parallax_layout_list&quot;:[]}\">\n\t\t\t\t\t<div class=\"e-con-inner\">\n\t\t<div class=\"elementor-element elementor-element-263429c e-con-full e-flex e-con e-child\" data-id=\"263429c\" data-element_type=\"container\" data-e-type=\"container\" data-settings=\"{&quot;jet_parallax_layout_list&quot;:[]}\">\n\t\t\t\t<div class=\"elementor-element elementor-element-05b9dc8 elementor-widget elementor-widget-heading\" data-id=\"05b9dc8\" data-element_type=\"widget\" data-e-type=\"widget\" data-widget_type=\"heading.default\">\n\t\t\t\t\t<h2 class=\"elementor-heading-title elementor-size-default\">Tyt\u00e4ryhti\u00f6n perustaminen ja hallinnointi<\/h2>\t\t\t\t<\/div>\n\t\t\t\t<\/div>\n\t\t<div class=\"elementor-element elementor-element-7850aea e-con-full e-flex e-con e-child\" data-id=\"7850aea\" data-element_type=\"container\" data-e-type=\"container\" data-settings=\"{&quot;jet_parallax_layout_list&quot;:[]}\">\n\t\t\t\t<div class=\"elementor-element elementor-element-02bde4e elementor-widget elementor-widget-image\" data-id=\"02bde4e\" data-element_type=\"widget\" data-e-type=\"widget\" data-widget_type=\"image.default\">\n\t\t\t\t\t\t\t\t\t\t\t\t\t\t\t<img decoding=\"async\" src=\"https:\/\/anax.es\/wp-content\/uploads\/elementor\/thumbs\/subsidiaria-scaled-rikeyn99vfus9srzkfkftq9mkcqw8ipl1ae7gyqdmw.jpg\" title=\"subsidiaria\" alt=\"subsidiaria\" loading=\"lazy\" \/>\t\t\t\t\t\t\t\t\t\t\t\t\t\t\t<\/div>\n\t\t\t\t<\/div>\n\t\t\t\t\t<\/div>\n\t\t\t\t<\/div>\n\t\t<div class=\"elementor-element elementor-element-6d86fde e-flex e-con-boxed e-con e-parent\" data-id=\"6d86fde\" data-element_type=\"container\" data-e-type=\"container\" data-settings=\"{&quot;jet_parallax_layout_list&quot;:[]}\">\n\t\t\t\t\t<div class=\"e-con-inner\">\n\t\t<div class=\"elementor-element elementor-element-59b01f3 e-con-full e-flex e-con e-child\" data-id=\"59b01f3\" data-element_type=\"container\" data-e-type=\"container\" data-settings=\"{&quot;jet_parallax_layout_list&quot;:[]}\">\n\t\t\t\t<div class=\"elementor-element elementor-element-2ead36c elementor-widget elementor-widget-heading\" data-id=\"2ead36c\" data-element_type=\"widget\" data-e-type=\"widget\" data-widget_type=\"heading.default\">\n\t\t\t\t\t<h2 class=\"elementor-heading-title elementor-size-default\">HAASTEENNE<\/h2>\t\t\t\t<\/div>\n\t\t\t\t<div class=\"elementor-element elementor-element-22dce2d elementor-widget elementor-widget-text-editor\" data-id=\"22dce2d\" data-element_type=\"widget\" data-e-type=\"widget\" data-widget_type=\"text-editor.default\">\n\t\t\t\t\t\t\t\t\t<div class=\"flex max-w-full flex-col grow\"><div class=\"min-h-8 text-message relative flex w-full flex-col items-end gap-2 text-start break-words whitespace-normal [.text-message+&amp;]:mt-1\" dir=\"auto\" data-message-author-role=\"assistant\" data-message-id=\"a205e011-c520-4bec-a40f-9c31e31cc2cd\" data-message-model-slug=\"gpt-5-2\"><div class=\"flex w-full flex-col gap-1 empty:hidden first:pt-[1px]\"><div class=\"markdown prose dark:prose-invert w-full wrap-break-word light markdown-new-styling\"><ul data-start=\"0\" data-end=\"285\" data-is-last-node=\"\" data-is-only-node=\"\"><li data-start=\"0\" data-end=\"57\"><p data-start=\"2\" data-end=\"57\">Perustaa tyt\u00e4ryhti\u00f6 ja olla l\u00e4hemp\u00e4n\u00e4 loppuasiakkaita<\/p><\/li><li data-start=\"58\" data-end=\"129\"><p data-start=\"60\" data-end=\"129\">Tuntea mahdolliset oikeudelliset ja verotukselliset yritysrakenteet<\/p><\/li><li data-start=\"130\" data-end=\"207\"><p data-start=\"132\" data-end=\"207\">L\u00f6yt\u00e4\u00e4 joustavia paikallisia ratkaisuja pysyv\u00e4n l\u00e4sn\u00e4olon varmistamiseksi<\/p><\/li><li data-start=\"208\" data-end=\"285\" data-is-last-node=\"\"><p data-start=\"210\" data-end=\"285\" data-is-last-node=\"\">L\u00f6yt\u00e4\u00e4 toimistotilat ja saada yritykselle virallinen osoite (domisiliointi)<\/p><\/li><\/ul><\/div><\/div><\/div><\/div><div class=\"z-0 flex min-h-[46px] justify-start\">\u00a0<\/div>\t\t\t\t\t\t\t\t<\/div>\n\t\t\t\t<\/div>\n\t\t<div class=\"elementor-element elementor-element-8ea398d e-con-full e-flex e-con e-child\" data-id=\"8ea398d\" data-element_type=\"container\" data-e-type=\"container\" data-settings=\"{&quot;jet_parallax_layout_list&quot;:[]}\">\n\t\t\t\t<div class=\"elementor-element elementor-element-889cfcd elementor-widget elementor-widget-image\" data-id=\"889cfcd\" data-element_type=\"widget\" data-e-type=\"widget\" data-widget_type=\"image.default\">\n\t\t\t\t\t\t\t\t\t\t\t\t\t\t\t<img fetchpriority=\"high\" decoding=\"async\" width=\"800\" height=\"450\" src=\"https:\/\/anax.es\/wp-content\/uploads\/2025\/09\/finnish-company-investment-1024x576.jpg\" class=\"attachment-large size-large wp-image-2100\" alt=\"\" srcset=\"https:\/\/anax.es\/wp-content\/uploads\/2025\/09\/finnish-company-investment-1024x576.jpg 1024w, https:\/\/anax.es\/wp-content\/uploads\/2025\/09\/finnish-company-investment-300x169.jpg 300w, https:\/\/anax.es\/wp-content\/uploads\/2025\/09\/finnish-company-investment-768x432.jpg 768w, https:\/\/anax.es\/wp-content\/uploads\/2025\/09\/finnish-company-investment-18x10.jpg 18w, https:\/\/anax.es\/wp-content\/uploads\/2025\/09\/finnish-company-investment.jpg 1280w\" sizes=\"(max-width: 800px) 100vw, 800px\" \/>\t\t\t\t\t\t\t\t\t\t\t\t\t\t\t<\/div>\n\t\t\t\t<\/div>\n\t\t\t\t\t<\/div>\n\t\t\t\t<\/div>\n\t\t<div class=\"elementor-element elementor-element-e5d7a60 e-flex e-con-boxed e-con e-parent\" data-id=\"e5d7a60\" data-element_type=\"container\" data-e-type=\"container\" data-settings=\"{&quot;jet_parallax_layout_list&quot;:[]}\">\n\t\t\t\t\t<div class=\"e-con-inner\">\n\t\t<div class=\"elementor-element elementor-element-3c58af5 e-con-full e-flex e-con e-child\" data-id=\"3c58af5\" data-element_type=\"container\" data-e-type=\"container\" data-settings=\"{&quot;jet_parallax_layout_list&quot;:[]}\">\n\t\t\t\t<div class=\"elementor-element elementor-element-813b599 elementor-widget elementor-widget-image\" data-id=\"813b599\" data-element_type=\"widget\" data-e-type=\"widget\" data-widget_type=\"image.default\">\n\t\t\t\t\t\t\t\t\t\t\t\t\t\t\t<img decoding=\"async\" width=\"800\" height=\"450\" src=\"https:\/\/anax.es\/wp-content\/uploads\/2025\/09\/finnish-company-investment-1-1024x576.jpg\" class=\"attachment-large size-large wp-image-2104\" alt=\"\" srcset=\"https:\/\/anax.es\/wp-content\/uploads\/2025\/09\/finnish-company-investment-1-1024x576.jpg 1024w, https:\/\/anax.es\/wp-content\/uploads\/2025\/09\/finnish-company-investment-1-300x169.jpg 300w, https:\/\/anax.es\/wp-content\/uploads\/2025\/09\/finnish-company-investment-1-768x432.jpg 768w, https:\/\/anax.es\/wp-content\/uploads\/2025\/09\/finnish-company-investment-1-18x10.jpg 18w, https:\/\/anax.es\/wp-content\/uploads\/2025\/09\/finnish-company-investment-1.jpg 1280w\" sizes=\"(max-width: 800px) 100vw, 800px\" \/>\t\t\t\t\t\t\t\t\t\t\t\t\t\t\t<\/div>\n\t\t\t\t<\/div>\n\t\t<div class=\"elementor-element elementor-element-d5f0a2a e-con-full e-flex e-con e-child\" data-id=\"d5f0a2a\" data-element_type=\"container\" data-e-type=\"container\" data-settings=\"{&quot;jet_parallax_layout_list&quot;:[]}\">\n\t\t\t\t<div class=\"elementor-element elementor-element-8f38548 elementor-widget elementor-widget-heading\" data-id=\"8f38548\" data-element_type=\"widget\" data-e-type=\"widget\" data-widget_type=\"heading.default\">\n\t\t\t\t\t<h2 class=\"elementor-heading-title elementor-size-default\">PALVELUMME<\/h2>\t\t\t\t<\/div>\n\t\t\t\t<div class=\"elementor-element elementor-element-2741928 elementor-widget elementor-widget-text-editor\" data-id=\"2741928\" data-element_type=\"widget\" data-e-type=\"widget\" data-widget_type=\"text-editor.default\">\n\t\t\t\t\t\t\t\t\t<ul><li data-start=\"0\" data-end=\"103\"><p data-start=\"2\" data-end=\"103\">Neuvonta paikallisen rakenteenne valinnassa ja perustamisessa (SL, SLU sivuliike, edustusto,\u00a0 jne.)<\/p><\/li><li data-start=\"104\" data-end=\"181\"><p data-start=\"106\" data-end=\"181\">Tuki hallinnollisissa, juridisissa ja verotuksellisissa muodollisuuksissa<\/p><\/li><li data-start=\"182\" data-end=\"261\"><p data-start=\"184\" data-end=\"261\">Apua paikallisten tiimien rekrytoinnissa ja henkil\u00f6st\u00f6palveluissa (portage)<\/p><\/li><li data-start=\"262\" data-end=\"355\"><p data-start=\"264\" data-end=\"355\">Toimistotilat ja yrityksen domicilointi yrityskeskuksessamme (Casablanca Business Center)<\/p><\/li><li data-start=\"356\" data-end=\"396\"><p data-start=\"358\" data-end=\"396\">Kokous- ja seminaaritilojen vuokraus<\/p><\/li><li data-start=\"397\" data-end=\"462\"><p data-start=\"399\" data-end=\"462\">Kirjanpitopalvelut sek\u00e4 juridinen ja verotuksellinen neuvonta<\/p><\/li><li data-start=\"463\" data-end=\"555\"><p data-start=\"465\" data-end=\"555\">Hallinnollinen tuki: asiakirjojen vastaanotto, sihteeripalvelut, concierge-palvelut jne.<\/p><\/li><li data-start=\"556\" data-end=\"808\"><p data-start=\"558\" data-end=\"808\">Harvard Consultingin paikalliset tiimit tarjoavat tarvittavan tuen tyt\u00e4ryhti\u00f6n perustamiseen ja hallinnointiin \u2013 olipa kyse tyt\u00e4ryhti\u00f6n perustamisesta Marokkoon tai verkostoomme kuuluvaan maahan, asiantuntijamme auttavat projektinne toteuttamisessa<\/p><\/li><li data-start=\"809\" data-end=\"941\"><p data-start=\"811\" data-end=\"941\">Mik\u00e4li haluatte perustaa tyt\u00e4ryhti\u00f6n muualle maailmaan, Harvard Consulting asettaa k\u00e4ytt\u00f6\u00f6nne kansainv\u00e4lisen kumppaniverkostonsa<\/p><\/li><li data-start=\"942\" data-end=\"1078\"><p data-start=\"944\" data-end=\"1078\">Tyt\u00e4ryhti\u00f6nne hallinnointia varten Harvard Consulting tarjoaa kaksikielisen ja kaksikulttuurisen paikallisen tiimins\u00e4 palvelukseenne<\/p><\/li><li data-start=\"1079\" data-end=\"1218\" data-is-last-node=\"\"><p data-start=\"1081\" data-end=\"1218\" data-is-last-node=\"\">Harvard Consultingilla on syv\u00e4llinen ymm\u00e4rrys toimintamarkkinoidensa kirjanpidollisista, taloudellisista ja juridisista erityispiirteist\u00e4<\/p><\/li><\/ul>\t\t\t\t\t\t\t\t<\/div>\n\t\t\t\t<\/div>\n\t\t\t\t\t<\/div>\n\t\t\t\t<\/div>\n\t\t\t\t<\/div>\n\t\t","protected":false},"excerpt":{"rendered":"<p>Tyt\u00e4ryhti\u00f6n perustaminen ja hallinnointi HAASTEENNE Perustaa tyt\u00e4ryhti\u00f6 ja olla l\u00e4hemp\u00e4n\u00e4 loppuasiakkaita Tuntea mahdolliset oikeudelliset ja verotukselliset yritysrakenteet L\u00f6yt\u00e4\u00e4 joustavia paikallisia ratkaisuja pysyv\u00e4n l\u00e4sn\u00e4olon varmistamiseksi L\u00f6yt\u00e4\u00e4 toimistotilat ja saada yritykselle virallinen osoite (domisiliointi) \u00a0 PALVELUMME Neuvonta paikallisen rakenteenne valinnassa ja perustamisessa (SL, SLU sivuliike, edustusto,\u00a0 jne.) Tuki hallinnollisissa, juridisissa ja verotuksellisissa muodollisuuksissa Apua paikallisten tiimien rekrytoinnissa [&hellip;]<\/p>\n","protected":false},"author":2,"featured_media":0,"parent":0,"menu_order":0,"comment_status":"closed","ping_status":"closed","template":"elementor_header_footer","meta":{"iawp_total_views":1,"footnotes":""},"class_list":["post-2182","page","type-page","status-publish","hentry"],"_links":{"self":[{"href":"https:\/\/anax.es\/fr\/wp-json\/wp\/v2\/pages\/2182","targetHints":{"allow":["GET"]}}],"collection":[{"href":"https:\/\/anax.es\/fr\/wp-json\/wp\/v2\/pages"}],"about":[{"href":"https:\/\/anax.es\/fr\/wp-json\/wp\/v2\/types\/page"}],"author":[{"embeddable":true,"href":"https:\/\/anax.es\/fr\/wp-json\/wp\/v2\/users\/2"}],"replies":[{"embeddable":true,"href":"https:\/\/anax.es\/fr\/wp-json\/wp\/v2\/comments?post=2182"}],"version-history":[{"count":16,"href":"https:\/\/anax.es\/fr\/wp-json\/wp\/v2\/pages\/2182\/revisions"}],"predecessor-version":[{"id":2287,"href":"https:\/\/anax.es\/fr\/wp-json\/wp\/v2\/pages\/2182\/revisions\/2287"}],"wp:attachment":[{"href":"https:\/\/anax.es\/fr\/wp-json\/wp\/v2\/media?parent=2182"}],"curies":[{"name":"wp","href":"https:\/\/api.w.org\/{rel}","templated":true}]}}