{"id":2134,"date":"2025-09-24T21:38:00","date_gmt":"2025-09-24T18:38:00","guid":{"rendered":"https:\/\/anax.es\/?page_id=2134"},"modified":"2025-09-24T21:42:51","modified_gmt":"2025-09-24T18:42:51","slug":"immobilier","status":"publish","type":"page","link":"https:\/\/anax.es\/fr\/kiinteistot\/","title":{"rendered":"Immobilier"},"content":{"rendered":"<div data-elementor-type=\"wp-page\" data-elementor-id=\"2134\" class=\"elementor elementor-2134\" data-elementor-post-type=\"page\">\n\t\t\t\t<div class=\"elementor-element elementor-element-41d717b e-flex e-con-boxed e-con e-parent\" data-id=\"41d717b\" data-element_type=\"container\" data-e-type=\"container\" data-settings=\"{&quot;background_background&quot;:&quot;classic&quot;,&quot;jet_parallax_layout_list&quot;:[]}\">\n\t\t\t\t\t<div class=\"e-con-inner\">\n\t\t<div class=\"elementor-element elementor-element-5823874 e-con-full e-flex e-con e-child\" data-id=\"5823874\" data-element_type=\"container\" data-e-type=\"container\" data-settings=\"{&quot;jet_parallax_layout_list&quot;:[]}\">\n\t\t\t\t<div class=\"elementor-element elementor-element-ede9130 elementor-widget elementor-widget-heading\" data-id=\"ede9130\" data-element_type=\"widget\" data-e-type=\"widget\" data-widget_type=\"heading.default\">\n\t\t\t\t\t<h2 class=\"elementor-heading-title elementor-size-default\">Pourquoi les Finlandais cherchent-ils actuellement un logement \u00e0 l'\u00e9tranger ?<\/h2>\t\t\t\t<\/div>\n\t\t\t\t<\/div>\n\t\t<div class=\"elementor-element elementor-element-7d9ffec e-con-full e-flex e-con e-child\" data-id=\"7d9ffec\" data-element_type=\"container\" data-e-type=\"container\" data-settings=\"{&quot;jet_parallax_layout_list&quot;:[]}\">\n\t\t\t\t<div class=\"elementor-element elementor-element-049db16 elementor-widget elementor-widget-image\" data-id=\"049db16\" data-element_type=\"widget\" data-e-type=\"widget\" data-widget_type=\"image.default\">\n\t\t\t\t\t\t\t\t\t\t\t\t\t\t\t<img decoding=\"async\" src=\"https:\/\/anax.es\/wp-content\/uploads\/elementor\/thumbs\/finnish-company-investment-rc6fz719xgu8r9inziehlyfbamz8jmvd76752qq7bc.jpg\" title=\"investissement des entreprises finlandaises\" alt=\"investissement des entreprises finlandaises\" loading=\"lazy\" \/>\t\t\t\t\t\t\t\t\t\t\t\t\t\t\t<\/div>\n\t\t\t\t<\/div>\n\t\t\t\t\t<\/div>\n\t\t\t\t<\/div>\n\t\t<div class=\"elementor-element elementor-element-b4b98e4 e-flex e-con-boxed e-con e-parent\" data-id=\"b4b98e4\" data-element_type=\"container\" data-e-type=\"container\" data-settings=\"{&quot;background_background&quot;:&quot;classic&quot;,&quot;jet_parallax_layout_list&quot;:[]}\">\n\t\t\t\t\t<div class=\"e-con-inner\">\n\t\t<div class=\"elementor-element elementor-element-51c348f e-con-full e-flex e-con e-child\" data-id=\"51c348f\" data-element_type=\"container\" data-e-type=\"container\" data-settings=\"{&quot;jet_parallax_layout_list&quot;:[]}\">\n\t\t\t\t<div class=\"elementor-element elementor-element-0d4ce06 elementor-widget elementor-widget-text-editor\" data-id=\"0d4ce06\" data-element_type=\"widget\" data-e-type=\"widget\" data-widget_type=\"text-editor.default\">\n\t\t\t\t\t\t\t\t\t<p><strong data-start=\"389\" data-end=\"435\">1. la recherche de la s\u00e9curit\u00e9 et de la diversification des actifs<\/strong><\/p><ol><li style=\"list-style-type: none;\"><ul data-start=\"441\" data-end=\"671\"><li data-start=\"441\" data-end=\"561\"><p data-start=\"443\" data-end=\"561\">Les incertitudes en Europe et en Finlande (\u00e9conomiques, g\u00e9opolitiques, inflation) poussent les gens \u00e0 diversifier leurs actifs.<\/p><\/li><li data-start=\"565\" data-end=\"671\"><p data-start=\"567\" data-end=\"671\">Une maison en Espagne est consid\u00e9r\u00e9e comme une \"pierre angulaire\" qui permet de garantir \u00e0 la fois un mode de vie et un investissement.<\/p><\/li><\/ul><\/li><li data-start=\"673\" data-end=\"933\"><p data-start=\"676\" data-end=\"699\"><strong data-start=\"676\" data-end=\"697\">M\u00e9t\u00e9o et mode de vie<\/strong><\/p><ul data-start=\"703\" data-end=\"933\"><li data-start=\"703\" data-end=\"824\"><p data-start=\"705\" data-end=\"824\">La Sunshine Coast compte 320 jours de soleil par an. Cela permet de contrebalancer les hivers sombres et froids de la Finlande.<\/p><\/li><li data-start=\"828\" data-end=\"933\"><p data-start=\"830\" data-end=\"933\">Il existe d\u00e9j\u00e0 une importante communaut\u00e9 finlandaise dans la r\u00e9gion (par exemple \u00e0 Fuengirola), ce qui abaisse le seuil d'achat d'une maison.<\/p><\/li><\/ul><\/li><li data-start=\"935\" data-end=\"1227\"><p data-start=\"938\" data-end=\"982\"><strong data-start=\"938\" data-end=\"980\">Demande accrue et facilit\u00e9 de location<\/strong><\/p><ul data-start=\"986\" data-end=\"1227\"><li data-start=\"986\" data-end=\"1085\"><p data-start=\"988\" data-end=\"1085\">Les locations de vacances sont particuli\u00e8rement populaires dans la r\u00e9gion de Malaga, o\u00f9 le tourisme est important tout au long de l'ann\u00e9e.<\/p><\/li><li data-start=\"1089\" data-end=\"1227\"><p data-start=\"1091\" data-end=\"1227\">Les locations \u00e0 court terme (Airbnb, Booking) attirent les investisseurs, bien que les municipalit\u00e9s locales aient commenc\u00e9 \u00e0 r\u00e9glementer les permis de mani\u00e8re plus stricte.<\/p><\/li><\/ul><\/li><li data-start=\"1229\" data-end=\"1403\"><p data-start=\"1232\" data-end=\"1251\"><strong data-start=\"1232\" data-end=\"1249\">Raccords d'air<\/strong><\/p><ul data-start=\"1255\" data-end=\"1403\"><li data-start=\"1255\" data-end=\"1403\"><p data-start=\"1257\" data-end=\"1403\">Les vols directs entre Helsinki, Turku et Tampere et Malaga facilitent les d\u00e9placements, ce qui accro\u00eet la demande, en particulier sur la Sunshine Coast.<\/p><\/li><\/ul><\/li><\/ol><hr data-start=\"1405\" data-end=\"1408\" \/><h2 data-start=\"1410\" data-end=\"1454\">Que savons-nous des statistiques (2024-2025) ?<\/h2><ul data-start=\"1455\" data-end=\"1818\"><li data-start=\"1455\" data-end=\"1543\"><p data-start=\"1457\" data-end=\"1543\"><strong data-start=\"1457\" data-end=\"1511\">Part des \u00e9trangers dans le total des transactions immobili\u00e8res en Espagne<\/strong> est pass\u00e9 \u00e0 plus de 20 %.<\/p><\/li><li data-start=\"1544\" data-end=\"1702\"><p data-start=\"1546\" data-end=\"1702\"><strong data-start=\"1546\" data-end=\"1569\">Acheteurs finlandais<\/strong> est estim\u00e9e \u00e0 environ <strong data-start=\"1611\" data-end=\"1639\">300-400 logements par an<\/strong>. C'est un nombre consid\u00e9rable par rapport \u00e0 la taille de la population finlandaise.<\/p><\/li><li data-start=\"1703\" data-end=\"1818\"><p data-start=\"1705\" data-end=\"1818\">La Sunshine Coast est de loin la r\u00e9gion la plus populaire aupr\u00e8s des Finlandais, mais la Costa Blanca (Alicante) est \u00e9galement attrayante.<\/p><\/li><\/ul><hr data-start=\"1820\" data-end=\"1823\" \/><h2 data-start=\"1825\" data-end=\"1843\">Tendance de d\u00e9veloppement<\/h2><ul data-start=\"1844\" data-end=\"2311\"><li data-start=\"1844\" data-end=\"2020\"><p data-start=\"1846\" data-end=\"2020\"><strong data-start=\"1846\" data-end=\"1873\">La demande continue de cro\u00eetre<\/strong>Mais l'offre de logements de qualit\u00e9 et bien situ\u00e9s n'augmente pas aussi vite \u2192 les prix sont en hausse, en particulier dans les r\u00e9gions c\u00f4ti\u00e8res tr\u00e8s pris\u00e9es.<\/p><\/li><li data-start=\"2021\" data-end=\"2172\"><p data-start=\"2023\" data-end=\"2172\">Les Finlandais sont de plus en plus \u00e0 la recherche d'une \"maison s\u00fbre\", c'est-\u00e0-dire d'un endroit o\u00f9 ils peuvent passer de longues p\u00e9riodes, mais aussi louer si leur utilisation n'est pas permanente.<\/p><\/li><li data-start=\"2173\" data-end=\"2311\"><p data-start=\"2175\" data-end=\"2311\">Toutefois, la r\u00e9glementation (par exemple, les permis de location, la fiscalit\u00e9, les \u00e9ventuelles nouvelles restrictions pour les \u00e9trangers) pourrait modifier le march\u00e9 dans les ann\u00e9es \u00e0 venir.<\/p><\/li><\/ul><div class=\"_tableContainer_1rjym_1\">\u00a0<\/div>\t\t\t\t\t\t\t\t<\/div>\n\t\t\t\t<\/div>\n\t\t\t\t\t<\/div>\n\t\t\t\t<\/div>\n\t\t\t\t<\/div>","protected":false},"excerpt":{"rendered":"<p>Miksi suomalaiset hakevat asuntoa ulkomailta juuri nyt? 1. Turvan haku ja varallisuuden hajauttaminen Ep\u00e4varmuus Euroopassa ja Suomessa (talous, geopoliittinen tilanne, inflaatio) saa ihmiset hajauttamaan omaisuuttaan. Espanjasta hankittu asunto n\u00e4hd\u00e4\u00e4n \u201ckivijalkana\u201d, johon voi turvata sek\u00e4 el\u00e4m\u00e4ntavan ett\u00e4 sijoituksen. S\u00e4\u00e4 ja el\u00e4m\u00e4ntapa Aurinkorannikolla on 320 aurinkoista p\u00e4iv\u00e4\u00e4 vuodessa. T\u00e4m\u00e4 tarjoaa vastapainon Suomen pimeille ja kylmille talville. Alueella [&hellip;]<\/p>\n","protected":false},"author":2,"featured_media":0,"parent":0,"menu_order":0,"comment_status":"closed","ping_status":"closed","template":"elementor_header_footer","meta":{"iawp_total_views":30,"footnotes":""},"class_list":["post-2134","page","type-page","status-publish","hentry"],"_links":{"self":[{"href":"https:\/\/anax.es\/fr\/wp-json\/wp\/v2\/pages\/2134","targetHints":{"allow":["GET"]}}],"collection":[{"href":"https:\/\/anax.es\/fr\/wp-json\/wp\/v2\/pages"}],"about":[{"href":"https:\/\/anax.es\/fr\/wp-json\/wp\/v2\/types\/page"}],"author":[{"embeddable":true,"href":"https:\/\/anax.es\/fr\/wp-json\/wp\/v2\/users\/2"}],"replies":[{"embeddable":true,"href":"https:\/\/anax.es\/fr\/wp-json\/wp\/v2\/comments?post=2134"}],"version-history":[{"count":7,"href":"https:\/\/anax.es\/fr\/wp-json\/wp\/v2\/pages\/2134\/revisions"}],"predecessor-version":[{"id":2142,"href":"https:\/\/anax.es\/fr\/wp-json\/wp\/v2\/pages\/2134\/revisions\/2142"}],"wp:attachment":[{"href":"https:\/\/anax.es\/fr\/wp-json\/wp\/v2\/media?parent=2134"}],"curies":[{"name":"wp","href":"https:\/\/api.w.org\/{rel}","templated":true}]}}