{"id":2121,"date":"2025-09-24T16:15:49","date_gmt":"2025-09-24T13:15:49","guid":{"rendered":"https:\/\/anax.es\/?page_id=2121"},"modified":"2025-09-24T16:38:00","modified_gmt":"2025-09-24T13:38:00","slug":"les-atouts-de-la-finlande","status":"publish","type":"page","link":"https:\/\/anax.es\/fr\/suomalaisia-vahvuuksia\/","title":{"rendered":"Les atouts de la Finlande"},"content":{"rendered":"<div data-elementor-type=\"wp-page\" data-elementor-id=\"2121\" class=\"elementor elementor-2121\" data-elementor-post-type=\"page\">\n\t\t\t\t<div class=\"elementor-element elementor-element-41d717b e-flex e-con-boxed e-con e-parent\" data-id=\"41d717b\" data-element_type=\"container\" data-e-type=\"container\" data-settings=\"{&quot;background_background&quot;:&quot;classic&quot;,&quot;jet_parallax_layout_list&quot;:[]}\">\n\t\t\t\t\t<div class=\"e-con-inner\">\n\t\t<div class=\"elementor-element elementor-element-5823874 e-con-full e-flex e-con e-child\" data-id=\"5823874\" data-element_type=\"container\" data-e-type=\"container\" data-settings=\"{&quot;jet_parallax_layout_list&quot;:[]}\">\n\t\t\t\t<div class=\"elementor-element elementor-element-ede9130 elementor-widget elementor-widget-heading\" data-id=\"ede9130\" data-element_type=\"widget\" data-e-type=\"widget\" data-widget_type=\"heading.default\">\n\t\t\t\t\t<h2 class=\"elementor-heading-title elementor-size-default\">Points forts de la Finlande : cybers\u00e9curit\u00e9, d\u00e9veloppement de logiciels, automatisation, technologies propres, \u00e9conomie circulaire et solutions sp\u00e9cialis\u00e9es dans les mat\u00e9riaux de construction.<\/h2>\t\t\t\t<\/div>\n\t\t\t\t<\/div>\n\t\t<div class=\"elementor-element elementor-element-7d9ffec e-con-full e-flex e-con e-child\" data-id=\"7d9ffec\" data-element_type=\"container\" data-e-type=\"container\" data-settings=\"{&quot;jet_parallax_layout_list&quot;:[]}\">\n\t\t\t\t<div class=\"elementor-element elementor-element-049db16 elementor-widget elementor-widget-image\" data-id=\"049db16\" data-element_type=\"widget\" data-e-type=\"widget\" data-widget_type=\"image.default\">\n\t\t\t\t\t\t\t\t\t\t\t\t\t\t\t<img decoding=\"async\" src=\"https:\/\/anax.es\/wp-content\/uploads\/elementor\/thumbs\/cleantech_finland-rc8b2bkpyyyridevcgnp5i9uhf4nyor5wxptn5so08.jpg\" title=\"cleantech_finland\" alt=\"cleantech_finland\" loading=\"lazy\" \/>\t\t\t\t\t\t\t\t\t\t\t\t\t\t\t<\/div>\n\t\t\t\t<\/div>\n\t\t\t\t\t<\/div>\n\t\t\t\t<\/div>\n\t\t<div class=\"elementor-element elementor-element-b4b98e4 e-flex e-con-boxed e-con e-parent\" data-id=\"b4b98e4\" data-element_type=\"container\" data-e-type=\"container\" data-settings=\"{&quot;background_background&quot;:&quot;classic&quot;,&quot;jet_parallax_layout_list&quot;:[]}\">\n\t\t\t\t\t<div class=\"e-con-inner\">\n\t\t<div class=\"elementor-element elementor-element-51c348f e-con-full e-flex e-con e-child\" data-id=\"51c348f\" data-element_type=\"container\" data-e-type=\"container\" data-settings=\"{&quot;jet_parallax_layout_list&quot;:[]}\">\n\t\t\t\t<div class=\"elementor-element elementor-element-0d4ce06 elementor-widget elementor-widget-text-editor\" data-id=\"0d4ce06\" data-element_type=\"widget\" data-e-type=\"widget\" data-widget_type=\"text-editor.default\">\n\t\t\t\t\t\t\t\t\t<h2 data-start=\"226\" data-end=\"255\"><strong data-start=\"229\" data-end=\"253\">1. la cybers\u00e9curit\u00e9<\/strong><\/h2><ul data-start=\"256\" data-end=\"903\"><li data-start=\"256\" data-end=\"521\"><p data-start=\"258\" data-end=\"521\"><strong data-start=\"258\" data-end=\"270\">La force :<\/strong> La Finlande est un leader mondial en mati\u00e8re de s\u00e9curit\u00e9 de l'information. Elle s'appuie pour cela sur un secteur des TIC solide (h\u00e9ritage de Nokia, p\u00f4le TIC d'Oulu) et un niveau d'\u00e9ducation \u00e9lev\u00e9. Plusieurs r\u00e9ussites internationales en mati\u00e8re de cybers\u00e9curit\u00e9 ont vu le jour en Finlande (par exemple F-Secure \/ WithSecure).<\/p><\/li><li data-start=\"522\" data-end=\"665\"><p data-start=\"524\" data-end=\"665\"><strong data-start=\"524\" data-end=\"540\">Avantage concurrentiel :<\/strong> Les solutions d\u00e9velopp\u00e9es dans un petit pays sont souvent agiles, modulaires et tr\u00e8s adaptables \u00e0 un large \u00e9ventail d'environnements.<\/p><\/li><li data-start=\"666\" data-end=\"903\"><p data-start=\"668\" data-end=\"903\"><strong data-start=\"668\" data-end=\"696\">Opportunit\u00e9 \u00e0 l'\u00e9tranger :<\/strong> Demande croissante de services de cybers\u00e9curit\u00e9 dans le secteur de l'\u00e9nergie, les administrations publiques et les PME. En Espagne, la num\u00e9risation de secteurs tels que les infrastructures, la banque et le tourisme n\u00e9cessite des partenaires fiables.<\/p><\/li><\/ul><hr data-start=\"905\" data-end=\"908\" \/><h2 data-start=\"910\" data-end=\"939\"><strong data-start=\"913\" data-end=\"937\">2. d\u00e9veloppement de logiciels<\/strong><\/h2><ul data-start=\"940\" data-end=\"1528\"><li data-start=\"940\" data-end=\"1158\"><p data-start=\"942\" data-end=\"1158\"><strong data-start=\"942\" data-end=\"954\">La force :<\/strong> Les d\u00e9veloppeurs de logiciels finlandais sont connus pour leur approche fiable, conviviale et ax\u00e9e sur la s\u00e9curit\u00e9. La Finlande a \u00e9galement \u00e9t\u00e9 un pionnier dans l'utilisation du code source ouvert.<\/p><\/li><li data-start=\"1159\" data-end=\"1319\"><p data-start=\"1161\" data-end=\"1319\"><strong data-start=\"1161\" data-end=\"1177\">Avantage concurrentiel :<\/strong> Une combinaison de pr\u00e9cision technique et de conception nordique \u2192 des solutions qui sont techniquement fonctionnelles mais aussi exceptionnelles en termes de facilit\u00e9 d'utilisation.<\/p><\/li><li data-start=\"1320\" data-end=\"1528\"><p data-start=\"1322\" data-end=\"1528\"><strong data-start=\"1322\" data-end=\"1350\">Opportunit\u00e9 \u00e0 l'\u00e9tranger :<\/strong> Services cloud, IoT industriel, solutions d'IA et personnalisation des logiciels pour les secteurs o\u00f9 la num\u00e9risation en est encore \u00e0 ses d\u00e9buts (par exemple, le secteur des PME espagnoles, les services municipaux).<\/p><\/li><\/ul><hr data-start=\"1530\" data-end=\"1533\" \/><h2 data-start=\"1535\" data-end=\"1585\"><strong data-start=\"1538\" data-end=\"1583\">3. l'automatisation et la num\u00e9risation industrielle<\/strong><\/h2><ul data-start=\"1586\" data-end=\"2198\"><li data-start=\"1586\" data-end=\"1792\"><p data-start=\"1588\" data-end=\"1792\"><strong data-start=\"1588\" data-end=\"1600\">La force :<\/strong> La Finlande est forte dans les secteurs de l'ing\u00e9nierie et des proc\u00e9d\u00e9s, et des solutions d'automatisation ont \u00e9t\u00e9 d\u00e9velopp\u00e9es au sein de l'industrie depuis des d\u00e9cennies. Le lien avec la robotique et l'intelligence artificielle se renforce.<\/p><\/li><li data-start=\"1793\" data-end=\"2007\"><p data-start=\"1795\" data-end=\"2007\"><strong data-start=\"1795\" data-end=\"1811\">Avantage concurrentiel :<\/strong> Fournir des solutions rentables qui mettent l'accent sur la s\u00e9curit\u00e9 et l'efficacit\u00e9 environnementale. Les entreprises finlandaises se distinguent \u00e9galement par leur approche holistique de la maintenance et de la gestion du cycle de vie.<\/p><\/li><li data-start=\"2008\" data-end=\"2198\"><p data-start=\"2010\" data-end=\"2198\"><strong data-start=\"2010\" data-end=\"2038\">Opportunit\u00e9 \u00e0 l'\u00e9tranger :<\/strong> En Espagne, des secteurs tels que l'agriculture (syst\u00e8mes d'irrigation, automatisation des r\u00e9coltes), la logistique et la gestion des \u00e9nergies renouvelables pourraient b\u00e9n\u00e9ficier de l'expertise finlandaise.<\/p><\/li><\/ul><hr data-start=\"2200\" data-end=\"2203\" \/><h2 data-start=\"2205\" data-end=\"2248\"><strong data-start=\"2208\" data-end=\"2246\">4) Cleantech (technologies propres)<\/strong><\/h2><ul data-start=\"2249\" data-end=\"2750\"><li data-start=\"2249\" data-end=\"2445\"><p data-start=\"2251\" data-end=\"2445\"><strong data-start=\"2251\" data-end=\"2263\">La force :<\/strong> La Finlande a \u00e9t\u00e9 \u00e0 l'avant-garde de la transition verte dans l'UE. Par exemple, l'efficacit\u00e9 \u00e9nerg\u00e9tique, les \u00e9nergies renouvelables, le traitement des eaux us\u00e9es et la gestion de la qualit\u00e9 de l'air sont au c\u0153ur de l'expertise finlandaise.<\/p><\/li><li data-start=\"2446\" data-end=\"2566\"><p data-start=\"2448\" data-end=\"2566\"><strong data-start=\"2448\" data-end=\"2464\">Avantage concurrentiel :<\/strong> Les solutions sont \u00e9volutives et durables, et ont d\u00e9j\u00e0 \u00e9t\u00e9 test\u00e9es dans les conditions difficiles du Nord.<\/p><\/li><li data-start=\"2567\" data-end=\"2750\"><p data-start=\"2569\" data-end=\"2750\"><strong data-start=\"2569\" data-end=\"2597\">Opportunit\u00e9 \u00e0 l'\u00e9tranger :<\/strong> En Espagne, la p\u00e9nurie d'eau, la p\u00e9nurie d'\u00e9nergie et la r\u00e9silience climatique (refroidissement des b\u00e2timents, \u00e9nergie solaire, solutions de recyclage) repr\u00e9sentent un march\u00e9 consid\u00e9rable.<\/p><\/li><\/ul><hr data-start=\"2752\" data-end=\"2755\" \/><h2 data-start=\"2757\" data-end=\"2781\"><strong data-start=\"2760\" data-end=\"2779\">5. l'\u00e9conomie circulaire<\/strong><\/h2><ul data-start=\"2782\" data-end=\"3345\"><li data-start=\"2782\" data-end=\"2995\"><p data-start=\"2784\" data-end=\"2995\"><strong data-start=\"2784\" data-end=\"2796\">La force :<\/strong> La Finlande est l'un des premiers pays \u00e0 avoir cr\u00e9\u00e9 une feuille de route nationale pour l'\u00e9conomie circulaire (Sitra 2016). La Finlande dispose d'une solide expertise en mati\u00e8re d'efficacit\u00e9 des mat\u00e9riaux, de r\u00e9utilisation et de cr\u00e9ation d'\u00e9cosyst\u00e8mes.<\/p><\/li><li data-start=\"2996\" data-end=\"3129\"><p data-start=\"2998\" data-end=\"3129\"><strong data-start=\"2998\" data-end=\"3014\">Avantage concurrentiel :<\/strong> Une approche collaborative - les entreprises, la recherche et le secteur public travaillant en r\u00e9seaux \u00e9troits.<\/p><\/li><li data-start=\"3130\" data-end=\"3345\"><p data-start=\"3132\" data-end=\"3345\"><strong data-start=\"3132\" data-end=\"3160\">Opportunit\u00e9 \u00e0 l'\u00e9tranger :<\/strong> L'industrie et l'agriculture espagnoles doivent am\u00e9liorer le recyclage et l'efficacit\u00e9 des mat\u00e9riaux, par exemple la r\u00e9utilisation des mat\u00e9riaux de construction, la gestion des d\u00e9chets alimentaires, le recyclage des textiles.<\/p><\/li><\/ul><hr data-start=\"3347\" data-end=\"3350\" \/><h2 data-start=\"3352\" data-end=\"3405\"><strong data-start=\"3355\" data-end=\"3403\">6. des solutions sp\u00e9cialis\u00e9es pour les mat\u00e9riaux de construction<\/strong><\/h2><ul data-start=\"3406\" data-end=\"4040\"><li data-start=\"3406\" data-end=\"3676\"><p data-start=\"3408\" data-end=\"3676\"><strong data-start=\"3408\" data-end=\"3420\">La force :<\/strong> La Finlande a d\u00e9velopp\u00e9 des solutions innovantes, par exemple dans le domaine du bois et des mat\u00e9riaux biosourc\u00e9s (CLT, biocomposites, isolation neutre en carbone). En outre, les technologies de construction pour les climats froids peuvent \u00eatre appliqu\u00e9es aux climats chauds du point de vue de l'efficacit\u00e9 \u00e9nerg\u00e9tique.<\/p><\/li><li data-start=\"3677\" data-end=\"3813\"><p data-start=\"3679\" data-end=\"3813\"><strong data-start=\"3679\" data-end=\"3695\">Avantage concurrentiel :<\/strong> Durabilit\u00e9, efficacit\u00e9 \u00e9nerg\u00e9tique et \u00e9cologie. Les solutions finlandaises sont \u00e9galement souvent modulaires et faciles \u00e0 installer.<\/p><\/li><li data-start=\"3814\" data-end=\"4040\"><p data-start=\"3816\" data-end=\"4040\"><strong data-start=\"3816\" data-end=\"3844\">Opportunit\u00e9 \u00e0 l'\u00e9tranger :<\/strong> En Espagne, le besoin de solutions de construction \u00e0 haut rendement \u00e9nerg\u00e9tique augmente en raison des directives de l'UE et du changement climatique. Les solutions \u00e0 base de bois pourraient compl\u00e9ter les constructions locales \u00e0 base de b\u00e9ton.<\/p><\/li><\/ul><hr data-start=\"4042\" data-end=\"4045\" \/><p data-start=\"4047\" data-end=\"4326\">\ud83d\udc49 En r\u00e9sum\u00e9 :<br data-start=\"4063\" data-end=\"4066\" \/>Les atouts de la Finlande reposent sur <strong data-start=\"4099\" data-end=\"4160\">savoir-faire technologique, durabilit\u00e9 et fiabilit\u00e9<\/strong>. Au niveau international, elles sont particuli\u00e8rement int\u00e9ressantes lorsque des avantages concrets peuvent \u00eatre d\u00e9montr\u00e9s : \u00e9conomies de co\u00fbts, r\u00e9duction de l'impact sur l'environnement et s\u00e9curit\u00e9.<\/p><p data-start=\"4047\" data-end=\"4326\">\u00a0<\/p><p data-start=\"0\" data-end=\"151\">Voici un tableau clair des points forts de la Finlande et de son potentiel international (avec un accent sur l'Espagne et l'UE) :<\/p><hr data-start=\"153\" data-end=\"156\" \/><div class=\"_tableContainer_1rjym_1\"><div class=\"group _tableWrapper_1rjym_13 flex w-fit flex-col-reverse\" tabindex=\"-1\"><table class=\"w-fit min-w-(--thread-content-width)\" data-start=\"158\" data-end=\"1434\"><thead data-start=\"158\" data-end=\"244\"><tr data-start=\"158\" data-end=\"244\"><th data-start=\"158\" data-end=\"172\" data-col-size=\"md\"><strong data-start=\"160\" data-end=\"171\">La force<\/strong><\/th><th data-start=\"172\" data-end=\"204\" data-col-size=\"md\"><strong data-start=\"174\" data-end=\"203\">Sp\u00e9cificit\u00e9 finlandaise<\/strong><\/th><th data-start=\"204\" data-end=\"244\" data-col-size=\"lg\"><strong data-start=\"206\" data-end=\"242\">Opportunit\u00e9 en Espagne \/ UE<\/strong><\/th><\/tr><\/thead><tbody data-start=\"332\" data-end=\"1434\"><tr data-start=\"332\" data-end=\"493\"><td data-start=\"332\" data-end=\"356\" data-col-size=\"md\"><strong data-start=\"334\" data-end=\"355\">Cybers\u00e9curit\u00e9<\/strong><\/td><td data-start=\"356\" data-end=\"417\" data-col-size=\"md\">Longue tradition en mati\u00e8re de TIC, haut niveau d'\u00e9ducation, solutions agiles<\/td><td data-start=\"417\" data-end=\"493\" data-col-size=\"lg\">Banques et tourisme, infrastructures et protection des r\u00e9seaux d'\u00e9nergie<\/td><\/tr><tr data-start=\"494\" data-end=\"646\"><td data-start=\"494\" data-end=\"518\" data-col-size=\"md\"><strong data-start=\"496\" data-end=\"517\">D\u00e9veloppement de logiciels<\/strong><\/td><td data-start=\"518\" data-end=\"583\" data-col-size=\"md\">Facilit\u00e9 d'utilisation + s\u00e9curit\u00e9, utilisation de code source ouvert<\/td><td data-start=\"583\" data-end=\"646\" data-col-size=\"lg\">Informatique en nuage, solutions d'IA, num\u00e9risation du secteur des PME<\/td><\/tr><tr data-start=\"647\" data-end=\"843\"><td data-start=\"647\" data-end=\"692\" data-col-size=\"md\"><strong data-start=\"649\" data-end=\"691\">Automatisation et num\u00e9risation industrielle<\/strong><\/td><td data-start=\"692\" data-end=\"768\" data-col-size=\"md\">Forte expertise dans l'industrie des proc\u00e9d\u00e9s, combinant la robotique et l'IA.<\/td><td data-start=\"768\" data-end=\"843\" data-col-size=\"lg\">Agriculture (irrigation, r\u00e9colte), logistique, gestion du secteur de l'\u00e9nergie<\/td><\/tr><tr data-start=\"844\" data-end=\"999\"><td data-start=\"844\" data-end=\"860\" data-col-size=\"md\"><strong data-start=\"846\" data-end=\"859\">Technologies propres<\/strong><\/td><td data-start=\"860\" data-end=\"923\" data-col-size=\"md\">Efficacit\u00e9 \u00e9nerg\u00e9tique, traitement des eaux us\u00e9es, gestion de la qualit\u00e9 de l'air<\/td><td data-start=\"923\" data-end=\"999\" data-col-size=\"lg\">Solutions \u00e0 la p\u00e9nurie d'eau, \u00e9nergie solaire, efficacit\u00e9 \u00e9nerg\u00e9tique dans les b\u00e2timents<\/td><\/tr><tr data-start=\"1000\" data-end=\"1187\"><td data-start=\"1000\" data-end=\"1019\" data-col-size=\"md\"><strong data-start=\"1002\" data-end=\"1018\">\u00c9conomie circulaire<\/strong><\/td><td data-start=\"1019\" data-end=\"1100\" data-col-size=\"md\">Pionnier du mod\u00e8le Sitra, efficacit\u00e9 des mat\u00e9riaux, r\u00e9flexion sur l'\u00e9cosyst\u00e8me<\/td><td data-start=\"1100\" data-end=\"1187\" data-col-size=\"lg\">R\u00e9utilisation des mat\u00e9riaux de construction, r\u00e9duction des d\u00e9chets alimentaires, recyclage des textiles<\/td><\/tr><tr data-start=\"1188\" data-end=\"1434\"><td data-start=\"1188\" data-end=\"1236\" data-col-size=\"md\"><strong data-start=\"1190\" data-end=\"1235\">Solutions sp\u00e9cialis\u00e9es pour les mat\u00e9riaux de construction<\/strong><\/td><td data-start=\"1236\" data-end=\"1312\" data-col-size=\"md\">Bois et mat\u00e9riaux biosourc\u00e9s, isolation neutre en carbone, modularit\u00e9<\/td><td data-start=\"1312\" data-end=\"1434\" data-col-size=\"lg\">Construction \u00e9conome en \u00e9nergie, solutions vertes conformes aux directives de l'UE, compl\u00e9tant la construction en b\u00e9ton<\/td><\/tr><\/tbody><\/table><\/div><\/div><p data-start=\"4047\" data-end=\"4326\">\u00a0<\/p><div class=\"_tableContainer_1rjym_1\">\u00a0<\/div>\t\t\t\t\t\t\t\t<\/div>\n\t\t\t\t<\/div>\n\t\t\t\t\t<\/div>\n\t\t\t\t<\/div>\n\t\t\t\t<\/div>","protected":false},"excerpt":{"rendered":"<p>Suomalaisia vahvuuksia: kyberturvallisuus, ohjelmistokehitys, automaatio, cleantech, kiertotalous sek\u00e4 erikoistuneet rakennusmateriaaliratkaisut 1. Kyberturvallisuus Vahvuus: Suomi on maailman huipputasoa tietoturvassa. Taustalla on vahva ICT-sektori (Nokia-perint\u00f6, Oulun ICT-klusteri) ja korkea koulutustaso. Suomesta on noussut useita kyberturvallisuusalan kansainv\u00e4lisi\u00e4 menestystarinoita (esim. F-Secure \/ WithSecure). Kilpailuetu: Pieness\u00e4 maassa kehitetyt ratkaisut ovat usein ketteri\u00e4, modulaarisia ja hyvin sovellettavissa monenlaisiin ymp\u00e4rist\u00f6ihin. Mahdollisuus ulkomailla: [&hellip;]<\/p>\n","protected":false},"author":2,"featured_media":0,"parent":0,"menu_order":0,"comment_status":"closed","ping_status":"closed","template":"elementor_header_footer","meta":{"iawp_total_views":17,"footnotes":""},"class_list":["post-2121","page","type-page","status-publish","hentry"],"_links":{"self":[{"href":"https:\/\/anax.es\/fr\/wp-json\/wp\/v2\/pages\/2121","targetHints":{"allow":["GET"]}}],"collection":[{"href":"https:\/\/anax.es\/fr\/wp-json\/wp\/v2\/pages"}],"about":[{"href":"https:\/\/anax.es\/fr\/wp-json\/wp\/v2\/types\/page"}],"author":[{"embeddable":true,"href":"https:\/\/anax.es\/fr\/wp-json\/wp\/v2\/users\/2"}],"replies":[{"embeddable":true,"href":"https:\/\/anax.es\/fr\/wp-json\/wp\/v2\/comments?post=2121"}],"version-history":[{"count":10,"href":"https:\/\/anax.es\/fr\/wp-json\/wp\/v2\/pages\/2121\/revisions"}],"predecessor-version":[{"id":2133,"href":"https:\/\/anax.es\/fr\/wp-json\/wp\/v2\/pages\/2121\/revisions\/2133"}],"wp:attachment":[{"href":"https:\/\/anax.es\/fr\/wp-json\/wp\/v2\/media?parent=2121"}],"curies":[{"name":"wp","href":"https:\/\/api.w.org\/{rel}","templated":true}]}}