{"id":2066,"date":"2025-09-20T15:00:35","date_gmt":"2025-09-20T12:00:35","guid":{"rendered":"https:\/\/anax.es\/?page_id=2066"},"modified":"2025-09-23T16:19:40","modified_gmt":"2025-09-23T13:19:40","slug":"dimplanter-une-usine-en-espagne","status":"publish","type":"page","link":"https:\/\/anax.es\/fr\/perustaa-tehtaan-espanjaan\/","title":{"rendered":"Implantation d'une usine en Espagne"},"content":{"rendered":"<div data-elementor-type=\"wp-page\" data-elementor-id=\"2066\" class=\"elementor elementor-2066\" data-elementor-post-type=\"page\">\n\t\t\t\t<div class=\"elementor-element elementor-element-41d717b e-flex e-con-boxed e-con e-parent\" data-id=\"41d717b\" data-element_type=\"container\" data-e-type=\"container\" data-settings=\"{&quot;background_background&quot;:&quot;classic&quot;,&quot;jet_parallax_layout_list&quot;:[]}\">\n\t\t\t\t\t<div class=\"e-con-inner\">\n\t\t<div class=\"elementor-element elementor-element-5823874 e-con-full e-flex e-con e-child\" data-id=\"5823874\" data-element_type=\"container\" data-e-type=\"container\" data-settings=\"{&quot;jet_parallax_layout_list&quot;:[]}\">\n\t\t\t\t<div class=\"elementor-element elementor-element-ede9130 elementor-widget elementor-widget-heading\" data-id=\"ede9130\" data-element_type=\"widget\" data-e-type=\"widget\" data-widget_type=\"heading.default\">\n\t\t\t\t\t<h2 class=\"elementor-heading-title elementor-size-default\">Exemple : une entreprise industrielle finlandaise installe une usine en Espagne<\/h2>\t\t\t\t<\/div>\n\t\t\t\t<\/div>\n\t\t<div class=\"elementor-element elementor-element-7d9ffec e-con-full e-flex e-con e-child\" data-id=\"7d9ffec\" data-element_type=\"container\" data-e-type=\"container\" data-settings=\"{&quot;jet_parallax_layout_list&quot;:[]}\">\n\t\t\t\t<div class=\"elementor-element elementor-element-049db16 elementor-widget elementor-widget-image\" data-id=\"049db16\" data-element_type=\"widget\" data-e-type=\"widget\" data-widget_type=\"image.default\">\n\t\t\t\t\t\t\t\t\t\t\t\t\t\t\t<img decoding=\"async\" src=\"https:\/\/anax.es\/wp-content\/uploads\/elementor\/thumbs\/finnish-company-investment-rc6fz719xgu8r9inziehlyfbamz8jmvd76752qq7bc.jpg\" title=\"investissement des entreprises finlandaises\" alt=\"investissement des entreprises finlandaises\" loading=\"lazy\" \/>\t\t\t\t\t\t\t\t\t\t\t\t\t\t\t<\/div>\n\t\t\t\t<\/div>\n\t\t\t\t\t<\/div>\n\t\t\t\t<\/div>\n\t\t<div class=\"elementor-element elementor-element-b4b98e4 e-flex e-con-boxed e-con e-parent\" data-id=\"b4b98e4\" data-element_type=\"container\" data-e-type=\"container\" data-settings=\"{&quot;background_background&quot;:&quot;classic&quot;,&quot;jet_parallax_layout_list&quot;:[]}\">\n\t\t\t\t\t<div class=\"e-con-inner\">\n\t\t<div class=\"elementor-element elementor-element-51c348f e-con-full e-flex e-con e-child\" data-id=\"51c348f\" data-element_type=\"container\" data-e-type=\"container\" data-settings=\"{&quot;jet_parallax_layout_list&quot;:[]}\">\n\t\t\t\t<div class=\"elementor-element elementor-element-0d4ce06 elementor-widget elementor-widget-text-editor\" data-id=\"0d4ce06\" data-element_type=\"widget\" data-e-type=\"widget\" data-widget_type=\"text-editor.default\">\n\t\t\t\t\t\t\t\t\t<p data-start=\"114\" data-end=\"137\"><strong data-start=\"114\" data-end=\"135\">Situation de l'entreprise<\/strong><\/p><ul data-start=\"138\" data-end=\"305\"><li data-start=\"138\" data-end=\"218\"><p data-start=\"140\" data-end=\"218\">Une entreprise industrielle finlandaise de taille moyenne fabrique des machines \u00e0 haut rendement \u00e9nerg\u00e9tique.<\/p><\/li><li data-start=\"219\" data-end=\"305\"><p data-start=\"221\" data-end=\"305\">Elle souhaite implanter une usine de production en Espagne, plus proche de ses clients du sud de l'Europe.<\/p><\/li><\/ul><p data-start=\"307\" data-end=\"336\"><strong data-start=\"307\" data-end=\"334\">Comment l'\u00c9tat peut-il apporter son soutien ?<\/strong><\/p><ol data-start=\"338\" data-end=\"2120\"><li data-start=\"338\" data-end=\"724\"><p data-start=\"341\" data-end=\"394\"><strong data-start=\"341\" data-end=\"392\">Phase pr\u00e9paratoire : \u00e9tude de march\u00e9 et pilotage<\/strong><\/p><ul data-start=\"398\" data-end=\"724\"><li data-start=\"398\" data-end=\"582\"><p data-start=\"400\" data-end=\"472\">L'entreprise recherche <strong data-start=\"413\" data-end=\"448\">Financement par Business Finland<\/strong> l'\u00e9tude de march\u00e9 :<\/p><ul data-start=\"478\" data-end=\"582\"><li data-start=\"478\" data-end=\"524\"><p data-start=\"480\" data-end=\"524\">Analyse de la demande sur le march\u00e9 espagnol des machines.<\/p><\/li><li data-start=\"530\" data-end=\"582\"><p data-start=\"532\" data-end=\"582\">Analyse des concurrents et des clients potentiels.<\/p><\/li><\/ul><\/li><li data-start=\"586\" data-end=\"724\"><p data-start=\"588\" data-end=\"724\">Business Finland peut accorder <strong data-start=\"617\" data-end=\"641\">Financement de l'innovation<\/strong> (par exemple, recherche et pilotage pour tester un nouveau produit sur le march\u00e9 espagnol).<\/p><\/li><\/ul><\/li><li data-start=\"726\" data-end=\"1134\"><p data-start=\"729\" data-end=\"766\"><strong data-start=\"729\" data-end=\"764\">Pr\u00e9paration de la d\u00e9cision d'investissement<\/strong><\/p><ul data-start=\"770\" data-end=\"1134\"><li data-start=\"770\" data-end=\"835\"><p data-start=\"772\" data-end=\"835\">L'entreprise n\u00e9gocie les risques li\u00e9s \u00e0 l'investissement en Espagne.<\/p><\/li><li data-start=\"839\" data-end=\"1134\"><p data-start=\"841\" data-end=\"895\"><strong data-start=\"841\" data-end=\"853\">Finnvera<\/strong> fournit <strong data-start=\"862\" data-end=\"892\">garanties et garanties de cr\u00e9dit \u00e0 l'exportation<\/strong>:<\/p><ul data-start=\"901\" data-end=\"1134\"><li data-start=\"901\" data-end=\"1027\"><p data-start=\"903\" data-end=\"1027\">Si une entreprise contracte un pr\u00eat bancaire pour installer une usine, Finnvera peut garantir une partie du pr\u00eat \u2192 l'effet de levier financier de la banque augmente.<\/p><\/li><li data-start=\"1033\" data-end=\"1134\"><p data-start=\"1035\" data-end=\"1134\">Finnvera peut \u00e9galement couvrir les risques politiques et commerciaux (par exemple, les risques contractuels, les risques de change).<\/p><\/li><\/ul><\/li><\/ul><\/li><li data-start=\"1136\" data-end=\"1389\"><p data-start=\"1139\" data-end=\"1166\"><strong data-start=\"1139\" data-end=\"1164\">Contacts et r\u00e9seaux<\/strong><\/p><ul data-start=\"1170\" data-end=\"1389\"><li data-start=\"1170\" data-end=\"1389\"><p data-start=\"1172\" data-end=\"1243\"><strong data-start=\"1172\" data-end=\"1231\">Ambassade de Finlande \u00e0 Madrid et r\u00e9seau Team Finland<\/strong> aider :<\/p><ul data-start=\"1249\" data-end=\"1389\"><li data-start=\"1249\" data-end=\"1324\"><p data-start=\"1251\" data-end=\"1324\">Trouver des partenaires et des sous-traitants appropri\u00e9s en Espagne.<\/p><\/li><li data-start=\"1330\" data-end=\"1389\"><p data-start=\"1332\" data-end=\"1389\">Conseils sur les proc\u00e9dures locales d'octroi de licences et sur l'administration.<\/p><\/li><\/ul><\/li><\/ul><\/li><li data-start=\"1391\" data-end=\"1705\"><p data-start=\"1394\" data-end=\"1413\"><strong data-start=\"1394\" data-end=\"1411\">Soutien au niveau de l'UE<\/strong><\/p><ul data-start=\"1417\" data-end=\"1705\"><li data-start=\"1417\" data-end=\"1615\"><p data-start=\"1419\" data-end=\"1615\">Comme l'investissement a lieu dans l'UE, l'entreprise peut \u00e9galement b\u00e9n\u00e9ficier des avantages suivants <strong data-start=\"1485\" data-end=\"1529\">Programmes de d\u00e9veloppement r\u00e9gional et d'investissement de l'UE<\/strong> (par exemple, des subventions pour le virage vert si l'usine utilise des \u00e9nergies renouvelables).<\/p><\/li><li data-start=\"1619\" data-end=\"1705\"><p data-start=\"1621\" data-end=\"1705\">Business Finland et les experts finlandais peuvent vous conseiller sur la mani\u00e8re de demander un financement de l'UE.<\/p><\/li><\/ul><\/li><li data-start=\"1707\" data-end=\"2120\"><p data-start=\"1710\" data-end=\"1731\"><strong data-start=\"1710\" data-end=\"1729\">Avantages pratiques<\/strong><\/p><ul data-start=\"1735\" data-end=\"2120\"><li data-start=\"1735\" data-end=\"1825\"><p data-start=\"1737\" data-end=\"1825\">Il est plus facile pour l'entreprise d'obtenir un financement de la banque car Finnvera garantit une partie du pr\u00eat.<\/p><\/li><li data-start=\"1829\" data-end=\"1934\"><p data-start=\"1831\" data-end=\"1934\">Le financement Business Finland couvre une partie des co\u00fbts initiaux (\u00e9tudes de march\u00e9, projets pilotes, etc.).<\/p><\/li><li data-start=\"1938\" data-end=\"2048\"><p data-start=\"1940\" data-end=\"2048\">Gr\u00e2ce au r\u00e9seau du minist\u00e8re des affaires \u00e9trang\u00e8res, votre entreprise peut trouver un partenaire local qui conna\u00eet les proc\u00e9dures d'autorisation espagnoles.<\/p><\/li><li data-start=\"2052\" data-end=\"2120\"><p data-start=\"2054\" data-end=\"2120\">Toute aide de l'UE r\u00e9duira le co\u00fbt total de l'investissement.<\/p><\/li><\/ul><\/li><\/ol><p data-start=\"2122\" data-end=\"2297\">R\u00e9sultat : l'entreprise est en mesure d'installer une usine en Espagne de mani\u00e8re plus ordonn\u00e9e et avec moins de risques, parce que l'\u00c9tat l'a aid\u00e9e par le biais du financement, de la gestion des risques et des r\u00e9seaux.<\/p>\t\t\t\t\t\t\t\t<\/div>\n\t\t\t\t<\/div>\n\t\t\t\t\t<\/div>\n\t\t\t\t<\/div>\n\t\t\t\t<\/div>","protected":false},"excerpt":{"rendered":"<p>Esimerkki: Suomalainen teollisuusyritys perustaa tehtaan Espanjaan Yrityksen tilanne Keskisuuri suomalainen teollisuusyritys valmistaa energiatehokkaita koneita. Se haluaa perustaa tuotantolaitoksen Espanjaan l\u00e4hemm\u00e4s Etel\u00e4-Euroopan asiakkaita. Miten valtio voi tukea? Valmisteluvaihe: markkinaselvitys ja pilotointi Yritys hakee Business Finlandilta rahoitusta markkinaselvitykseen: Espanjan konemarkkinoiden kysynt\u00e4analyysi. Kilpailija-analyysi ja potentiaaliset asiakkaat. Business Finland voi my\u00f6nt\u00e4\u00e4 Innovaatiorahoitusta (esim. tutkimus ja pilotointi uuden tuotteen testaukseen [&hellip;]<\/p>\n","protected":false},"author":2,"featured_media":0,"parent":0,"menu_order":0,"comment_status":"closed","ping_status":"closed","template":"elementor_header_footer","meta":{"iawp_total_views":23,"footnotes":""},"class_list":["post-2066","page","type-page","status-publish","hentry"],"_links":{"self":[{"href":"https:\/\/anax.es\/fr\/wp-json\/wp\/v2\/pages\/2066","targetHints":{"allow":["GET"]}}],"collection":[{"href":"https:\/\/anax.es\/fr\/wp-json\/wp\/v2\/pages"}],"about":[{"href":"https:\/\/anax.es\/fr\/wp-json\/wp\/v2\/types\/page"}],"author":[{"embeddable":true,"href":"https:\/\/anax.es\/fr\/wp-json\/wp\/v2\/users\/2"}],"replies":[{"embeddable":true,"href":"https:\/\/anax.es\/fr\/wp-json\/wp\/v2\/comments?post=2066"}],"version-history":[{"count":7,"href":"https:\/\/anax.es\/fr\/wp-json\/wp\/v2\/pages\/2066\/revisions"}],"predecessor-version":[{"id":2114,"href":"https:\/\/anax.es\/fr\/wp-json\/wp\/v2\/pages\/2066\/revisions\/2114"}],"wp:attachment":[{"href":"https:\/\/anax.es\/fr\/wp-json\/wp\/v2\/media?parent=2066"}],"curies":[{"name":"wp","href":"https:\/\/api.w.org\/{rel}","templated":true}]}}