{"id":2060,"date":"2025-09-20T14:50:05","date_gmt":"2025-09-20T11:50:05","guid":{"rendered":"https:\/\/anax.es\/?page_id=2060"},"modified":"2025-09-23T16:18:45","modified_gmt":"2025-09-23T13:18:45","slug":"letat-finlandais-soutient-les-entreprises","status":"publish","type":"page","link":"https:\/\/anax.es\/fr\/suomalainen-valtio-tukee-yrityksia\/","title":{"rendered":"L'\u00c9tat finlandais soutient les entreprises"},"content":{"rendered":"<div data-elementor-type=\"wp-page\" data-elementor-id=\"2060\" class=\"elementor elementor-2060\" data-elementor-post-type=\"page\">\n\t\t\t\t<div class=\"elementor-element elementor-element-41d717b e-flex e-con-boxed e-con e-parent\" data-id=\"41d717b\" data-element_type=\"container\" data-e-type=\"container\" data-settings=\"{&quot;background_background&quot;:&quot;classic&quot;,&quot;jet_parallax_layout_list&quot;:[]}\">\n\t\t\t\t\t<div class=\"e-con-inner\">\n\t\t<div class=\"elementor-element elementor-element-5823874 e-con-full e-flex e-con e-child\" data-id=\"5823874\" data-element_type=\"container\" data-e-type=\"container\" data-settings=\"{&quot;jet_parallax_layout_list&quot;:[]}\">\n\t\t\t\t<div class=\"elementor-element elementor-element-ede9130 elementor-widget elementor-widget-heading\" data-id=\"ede9130\" data-element_type=\"widget\" data-e-type=\"widget\" data-widget_type=\"heading.default\">\n\t\t\t\t\t<h2 class=\"elementor-heading-title elementor-size-default\">L'\u00c9tat finlandais soutient les entreprises qui souhaitent investir \u00e0 l'\u00e9tranger<\/h2>\t\t\t\t<\/div>\n\t\t\t\t<\/div>\n\t\t<div class=\"elementor-element elementor-element-7d9ffec e-con-full e-flex e-con e-child\" data-id=\"7d9ffec\" data-element_type=\"container\" data-e-type=\"container\" data-settings=\"{&quot;jet_parallax_layout_list&quot;:[]}\">\n\t\t\t\t<div class=\"elementor-element elementor-element-049db16 elementor-widget elementor-widget-image\" data-id=\"049db16\" data-element_type=\"widget\" data-e-type=\"widget\" data-widget_type=\"image.default\">\n\t\t\t\t\t\t\t\t\t\t\t\t\t\t\t<img decoding=\"async\" src=\"https:\/\/anax.es\/wp-content\/uploads\/elementor\/thumbs\/finnish-company-investment-1-rc6j0oajxspj08hrpc16itv239da2ihvx1m2byeglk.jpg\" title=\"entreprise finlandaise investissement 1\" alt=\"entreprise finlandaise investissement 1\" loading=\"lazy\" \/>\t\t\t\t\t\t\t\t\t\t\t\t\t\t\t<\/div>\n\t\t\t\t<\/div>\n\t\t\t\t\t<\/div>\n\t\t\t\t<\/div>\n\t\t<div class=\"elementor-element elementor-element-b4b98e4 e-flex e-con-boxed e-con e-parent\" data-id=\"b4b98e4\" data-element_type=\"container\" data-e-type=\"container\" data-settings=\"{&quot;background_background&quot;:&quot;classic&quot;,&quot;jet_parallax_layout_list&quot;:[]}\">\n\t\t\t\t\t<div class=\"e-con-inner\">\n\t\t<div class=\"elementor-element elementor-element-51c348f e-con-full e-flex e-con e-child\" data-id=\"51c348f\" data-element_type=\"container\" data-e-type=\"container\" data-settings=\"{&quot;jet_parallax_layout_list&quot;:[]}\">\n\t\t\t\t<div class=\"elementor-element elementor-element-0d4ce06 elementor-widget elementor-widget-text-editor\" data-id=\"0d4ce06\" data-element_type=\"widget\" data-e-type=\"widget\" data-widget_type=\"text-editor.default\">\n\t\t\t\t\t\t\t\t\t<p data-start=\"0\" data-end=\"314\">L'\u00c9tat finlandais soutient les entreprises qui souhaitent investir \u00e0 l'\u00e9tranger de diff\u00e9rentes mani\u00e8res. Il ne s'agit g\u00e9n\u00e9ralement pas d'une aide financi\u00e8re directe \u00e0 l'investissement, mais plut\u00f4t d'un financement, de garanties, de conseils et d'une mise en r\u00e9seau visant \u00e0 r\u00e9duire les risques et \u00e0 faciliter l'acc\u00e8s au march\u00e9. Voici les principaux moyens :<\/p><p data-start=\"316\" data-end=\"347\"><strong data-start=\"316\" data-end=\"345\">1. soutien financier et de garantie<\/strong><\/p><ul data-start=\"348\" data-end=\"767\"><li data-start=\"348\" data-end=\"576\"><p data-start=\"350\" data-end=\"576\"><strong data-start=\"350\" data-end=\"362\">Finnvera<\/strong>L'Agence europ\u00e9enne pour la s\u00e9curit\u00e9 et la sant\u00e9 au travail (ESA) : fournit des garanties \u00e0 l'exportation, des financements et des garanties pour des projets \u00e0 l'\u00e9tranger. Cela permet de r\u00e9duire le risque d'une entreprise, par exemple lorsqu'elle installe une unit\u00e9 de production \u00e0 l'\u00e9tranger ou qu'elle r\u00e9alise un investissement important.<\/p><\/li><li data-start=\"577\" data-end=\"767\"><p data-start=\"579\" data-end=\"767\"><strong data-start=\"579\" data-end=\"599\">Affaires Finlande<\/strong>La Commission europ\u00e9enne peut financer des projets d'internationalisation, tels que l'ouverture de march\u00e9s, des projets pilotes ou des projets d'innovation li\u00e9s \u00e0 l'expansion \u00e0 l'\u00e9tranger.<\/p><\/li><\/ul><p data-start=\"769\" data-end=\"803\"><strong data-start=\"769\" data-end=\"801\">2. les services d'internationalisation<\/strong><\/p><ul data-start=\"804\" data-end=\"1066\"><li data-start=\"804\" data-end=\"944\"><p data-start=\"806\" data-end=\"944\"><strong data-start=\"806\" data-end=\"837\">R\u00e9seau Business Finland<\/strong> aide les entreprises finlandaises \u00e0 trouver des partenaires, des clients et des opportunit\u00e9s d'investissement \u00e0 l'\u00e9tranger.<\/p><\/li><li data-start=\"945\" data-end=\"1066\"><p data-start=\"947\" data-end=\"1066\">Le minist\u00e8re des affaires \u00e9trang\u00e8res et les ambassades fournissent \u00e9galement une aide pratique en mati\u00e8re d'\u00e9tudes de march\u00e9 et de contacts commerciaux.<\/p><\/li><\/ul><p data-start=\"1068\" data-end=\"1107\"><strong data-start=\"1068\" data-end=\"1105\">3. la gestion du risque d'investissement<\/strong><\/p><ul data-start=\"1108\" data-end=\"1265\"><li data-start=\"1108\" data-end=\"1265\"><p data-start=\"1110\" data-end=\"1265\">Les r\u00e9gimes garantis par l'\u00c9tat peuvent \u00eatre utilis\u00e9s, par exemple, pour couvrir les risques politiques (tels qu'un environnement commercial instable ou la saisie d'investissements).<\/p><\/li><\/ul><p data-start=\"1267\" data-end=\"1301\"><strong data-start=\"1267\" data-end=\"1299\">4. financement et soutien de l'UE<\/strong><\/p><ul data-start=\"1302\" data-end=\"1454\"><li data-start=\"1302\" data-end=\"1454\"><p data-start=\"1304\" data-end=\"1454\">Gr\u00e2ce \u00e0 la Finlande, les entreprises ont \u00e9galement acc\u00e8s aux programmes de financement de l'UE (par exemple Horizon Europe, InvestEU) qui soutiennent l'internationalisation et l'investissement.<\/p><\/li><\/ul><p data-start=\"1456\" data-end=\"1486\"><strong data-start=\"1456\" data-end=\"1484\">5. la fiscalit\u00e9 et les contrats<\/strong><\/p><ul data-start=\"1487\" data-end=\"1689\"><li data-start=\"1487\" data-end=\"1689\"><p data-start=\"1489\" data-end=\"1689\">La Finlande a conclu de nombreuses <strong data-start=\"1513\" data-end=\"1531\">conventions fiscales<\/strong>Le r\u00f4le de l'\u00c9tat est \u00e9galement de n\u00e9gocier des accords commerciaux qui ouvrent des march\u00e9s aux entreprises finlandaises. Le r\u00f4le de l'\u00c9tat consiste \u00e9galement \u00e0 n\u00e9gocier des accords commerciaux qui ouvrent des march\u00e9s aux entreprises finlandaises.<\/p><\/li><\/ul><p data-start=\"1691\" data-end=\"1927\">\ud83d\udc49 En r\u00e9sum\u00e9, le gouvernement ne paie g\u00e9n\u00e9ralement pas directement une entreprise pour qu'elle investisse \u00e0 l'\u00e9tranger, mais il fournit un financement, des garanties, une gestion des risques et une mise en r\u00e9seau pour rendre l'investissement plus s\u00fbr et plus attrayant.<\/p>\t\t\t\t\t\t\t\t<\/div>\n\t\t\t\t<\/div>\n\t\t\t\t\t<\/div>\n\t\t\t\t<\/div>\n\t\t\t\t<\/div>","protected":false},"excerpt":{"rendered":"<p>Suomalainen valtio tukee yrityksi\u00e4, jotka haluavat investoida ulkomaille Suomalainen valtio tukee yrityksi\u00e4, jotka haluavat investoida ulkomaille, useilla eri keinoilla. Tuki ei ole yleens\u00e4 suoraa rahallista avustusta investointeihin, vaan enemm\u00e4nkin rahoitusta, takuita, neuvontaa ja verkostoitumista, jotta riskit v\u00e4henev\u00e4t ja markkinoille p\u00e4\u00e4sy helpottuu. T\u00e4ss\u00e4 keskeisimm\u00e4t keinot: 1. Rahoitus- ja takuutuki Finnvera: tarjoaa vientitakuita, rahoitusta ja takauksia ulkomaille [&hellip;]<\/p>\n","protected":false},"author":2,"featured_media":0,"parent":0,"menu_order":0,"comment_status":"closed","ping_status":"closed","template":"elementor_header_footer","meta":{"iawp_total_views":24,"footnotes":""},"class_list":["post-2060","page","type-page","status-publish","hentry"],"_links":{"self":[{"href":"https:\/\/anax.es\/fr\/wp-json\/wp\/v2\/pages\/2060","targetHints":{"allow":["GET"]}}],"collection":[{"href":"https:\/\/anax.es\/fr\/wp-json\/wp\/v2\/pages"}],"about":[{"href":"https:\/\/anax.es\/fr\/wp-json\/wp\/v2\/types\/page"}],"author":[{"embeddable":true,"href":"https:\/\/anax.es\/fr\/wp-json\/wp\/v2\/users\/2"}],"replies":[{"embeddable":true,"href":"https:\/\/anax.es\/fr\/wp-json\/wp\/v2\/comments?post=2060"}],"version-history":[{"count":7,"href":"https:\/\/anax.es\/fr\/wp-json\/wp\/v2\/pages\/2060\/revisions"}],"predecessor-version":[{"id":2111,"href":"https:\/\/anax.es\/fr\/wp-json\/wp\/v2\/pages\/2060\/revisions\/2111"}],"wp:attachment":[{"href":"https:\/\/anax.es\/fr\/wp-json\/wp\/v2\/media?parent=2060"}],"curies":[{"name":"wp","href":"https:\/\/api.w.org\/{rel}","templated":true}]}}