{"id":2050,"date":"2025-09-20T14:20:41","date_gmt":"2025-09-20T11:20:41","guid":{"rendered":"https:\/\/anax.es\/?page_id=2050"},"modified":"2025-09-23T17:03:58","modified_gmt":"2025-09-23T14:03:58","slug":"entreprises-finlandaises","status":"publish","type":"page","link":"https:\/\/anax.es\/fr\/suomalaiset-yritykset\/","title":{"rendered":"Entreprises finlandaises"},"content":{"rendered":"<div data-elementor-type=\"wp-page\" data-elementor-id=\"2050\" class=\"elementor elementor-2050\" data-elementor-post-type=\"page\">\n\t\t\t\t<div class=\"elementor-element elementor-element-41d717b e-flex e-con-boxed e-con e-parent\" data-id=\"41d717b\" data-element_type=\"container\" data-e-type=\"container\" data-settings=\"{&quot;background_background&quot;:&quot;classic&quot;,&quot;jet_parallax_layout_list&quot;:[]}\">\n\t\t\t\t\t<div class=\"e-con-inner\">\n\t\t<div class=\"elementor-element elementor-element-5823874 e-con-full e-flex e-con e-child\" data-id=\"5823874\" data-element_type=\"container\" data-e-type=\"container\" data-settings=\"{&quot;jet_parallax_layout_list&quot;:[]}\">\n\t\t\t\t<div class=\"elementor-element elementor-element-ede9130 elementor-widget elementor-widget-heading\" data-id=\"ede9130\" data-element_type=\"widget\" data-e-type=\"widget\" data-widget_type=\"heading.default\">\n\t\t\t\t\t<h2 class=\"elementor-heading-title elementor-size-default\">Que font les entreprises finlandaises en Espagne ?<\/h2>\t\t\t\t<\/div>\n\t\t\t\t<\/div>\n\t\t<div class=\"elementor-element elementor-element-7d9ffec e-con-full e-flex e-con e-child\" data-id=\"7d9ffec\" data-element_type=\"container\" data-e-type=\"container\" data-settings=\"{&quot;jet_parallax_layout_list&quot;:[]}\">\n\t\t\t\t<div class=\"elementor-element elementor-element-049db16 elementor-widget elementor-widget-image\" data-id=\"049db16\" data-element_type=\"widget\" data-e-type=\"widget\" data-widget_type=\"image.default\">\n\t\t\t\t\t\t\t\t\t\t\t\t\t\t\t<img decoding=\"async\" src=\"https:\/\/anax.es\/wp-content\/uploads\/elementor\/thumbs\/finnish-company-investment-rc6fz719xgu8r9inziehlyfbamz8jmvd76752qq7bc.jpg\" title=\"investissement des entreprises finlandaises\" alt=\"investissement des entreprises finlandaises\" loading=\"lazy\" \/>\t\t\t\t\t\t\t\t\t\t\t\t\t\t\t<\/div>\n\t\t\t\t<\/div>\n\t\t\t\t\t<\/div>\n\t\t\t\t<\/div>\n\t\t<div class=\"elementor-element elementor-element-b4b98e4 e-flex e-con-boxed e-con e-parent\" data-id=\"b4b98e4\" data-element_type=\"container\" data-e-type=\"container\" data-settings=\"{&quot;background_background&quot;:&quot;classic&quot;,&quot;jet_parallax_layout_list&quot;:[]}\">\n\t\t\t\t\t<div class=\"e-con-inner\">\n\t\t<div class=\"elementor-element elementor-element-51c348f e-con-full e-flex e-con e-child\" data-id=\"51c348f\" data-element_type=\"container\" data-e-type=\"container\" data-settings=\"{&quot;jet_parallax_layout_list&quot;:[]}\">\n\t\t\t\t<div class=\"elementor-element elementor-element-0d4ce06 elementor-widget elementor-widget-text-editor\" data-id=\"0d4ce06\" data-element_type=\"widget\" data-e-type=\"widget\" data-widget_type=\"text-editor.default\">\n\t\t\t\t\t\t\t\t\t<p data-start=\"102\" data-end=\"343\"><strong data-start=\"102\" data-end=\"143\">1. \u00e9nergie renouvelable \/ \u00e9nergie solaire<\/strong><br data-start=\"143\" data-end=\"146\" \/>Des fonds finlandais investissent dans des centrales solaires en Espagne.<br data-start=\"227\" data-end=\"230\" \/>Exemple : le Korkia Solar Energy Fund Ky a acquis une participation majoritaire dans une centrale solaire de 22 MWp dans la r\u00e9gion de Badajoz.<\/p><p data-start=\"345\" data-end=\"502\">Cela montre que les investisseurs finlandais trouvent les opportunit\u00e9s \u00e9nerg\u00e9tiques en Espagne attrayantes, en particulier dans le domaine de l'\u00e9nergie solaire et des \u00e9nergies renouvelables.<\/p><p data-start=\"504\" data-end=\"828\"><strong data-start=\"504\" data-end=\"595\">2. les villes intelligentes, la num\u00e9risation et les solutions technologiques pour les administrations publiques<\/strong><br data-start=\"595\" data-end=\"598\" \/>Plusieurs entreprises finlandaises, telles que Tietoevry, Gofore, F-Secure et Nixu, participent \u00e0 la num\u00e9risation de l'administration publique espagnole. Cela comprend les services, la cybers\u00e9curit\u00e9, l'expansion de l'utilisation de l'informatique en nuage et des solutions d'IA.<\/p><p data-start=\"830\" data-end=\"1006\">KONE, Nokia, Vaisala, Ensto et Wapice collaborent pour optimiser les infrastructures urbaines, g\u00e9rer les transports et am\u00e9liorer les services publics.<\/p><p data-start=\"1008\" data-end=\"1188\"><strong data-start=\"1008\" data-end=\"1070\">3. exportations d'automatisation industrielle \/ coop\u00e9ration industrielle<\/strong><br data-start=\"1070\" data-end=\"1073\" \/>Par exemple, Pemamek, une entreprise finlandaise qui fournit des solutions d'automatisation, de soudage et de robotique, est bas\u00e9e en Espagne.<\/p><p data-start=\"1190\" data-end=\"1328\">Elisa Videra a ouvert un nouveau bureau \u00e0 Madrid pour offrir des services locaux et un meilleur soutien aux syst\u00e8mes de communication visuelle.<\/p><p data-start=\"1330\" data-end=\"1473\"><strong data-start=\"1330\" data-end=\"1370\">4. investissements dans l'immobilier et l'industrie manufacturi\u00e8re<\/strong><br data-start=\"1370\" data-end=\"1373\" \/>Lumon, fournisseur finlandais de solutions de vitrage, investit dans une nouvelle usine \u00e0 Antequera (Espagne).<\/p><p data-start=\"1475\" data-end=\"1722\"><strong data-start=\"1475\" data-end=\"1519\">5. fonds \/ investisseurs internationaux<\/strong><br data-start=\"1519\" data-end=\"1522\" \/>La participation de fonds finlandais (institutionnels et priv\u00e9s) \u00e0 des projets d'\u00e9nergie solaire en Espagne montre que le secteur financier finlandais consid\u00e8re le march\u00e9 espagnol de l'\u00e9nergie comme attrayant.<\/p><p data-start=\"1724\" data-end=\"1908\"><strong data-start=\"1724\" data-end=\"1781\">6. r\u00e9seaux commerciaux\/exportation et pr\u00e9sence sur le march\u00e9<\/strong><br data-start=\"1781\" data-end=\"1784\" \/>Les entreprises cherchent \u00e0 \u00e9tablir une pr\u00e9sence locale en Espagne par le biais de bureaux ou de points de service, comme Elisa Videra \u00e0 Madrid.<\/p><p data-start=\"1910\" data-end=\"2025\">La chambre de commerce hispanofinlandaise favorise la mise en r\u00e9seau, la compr\u00e9hension du march\u00e9 et la recherche de partenaires.<\/p><hr data-start=\"2027\" data-end=\"2030\" \/><h3 data-start=\"2032\" data-end=\"2084\">Opportunit\u00e9s et tendances actuelles<\/h3><ul data-start=\"2086\" data-end=\"2923\"><li data-start=\"2086\" data-end=\"2384\"><p data-start=\"2088\" data-end=\"2384\"><strong data-start=\"2088\" data-end=\"2132\">Fonds de relance de l'UE et programmes de d\u00e9veloppement durable<\/strong>En Espagne, le RRF (Recovery and Resilience Facility) offre un financement important pour la transition verte, la num\u00e9risation et les solutions pour les villes intelligentes. Les entreprises finlandaises ont un avantage concurrentiel gr\u00e2ce \u00e0 leur technologie, leur exp\u00e9rience et leurs solutions durables.<\/p><\/li><li data-start=\"2385\" data-end=\"2576\"><p data-start=\"2387\" data-end=\"2576\"><strong data-start=\"2387\" data-end=\"2459\">Infrastructures urbaines intelligentes, neutralit\u00e9 carbone, gestion de l'eau et des d\u00e9chets<\/strong>Les secteurs en croissance auxquels les entreprises finlandaises peuvent participer par le biais d'exportations de technologies ou de projets locaux.<\/p><\/li><li data-start=\"2577\" data-end=\"2769\"><p data-start=\"2579\" data-end=\"2769\"><strong data-start=\"2579\" data-end=\"2590\">L'\u00e9nergie<\/strong>Les \u00e9nergies renouvelables, en particulier l'\u00e9nergie solaire, sont un domaine cl\u00e9 pour les investissements. Les solutions d'optimisation de la production, les \u00e9conomies d'\u00e9nergie et les r\u00e9seaux \u00e9lectriques sont \u00e9galement importants.<\/p><\/li><li data-start=\"2770\" data-end=\"2923\"><p data-start=\"2772\" data-end=\"2923\"><strong data-start=\"2772\" data-end=\"2798\">Les atouts de la Finlande<\/strong>la cybers\u00e9curit\u00e9, le d\u00e9veloppement de logiciels, l'automatisation, les technologies propres, l'\u00e9conomie circulaire et les solutions sp\u00e9cialis\u00e9es dans les mat\u00e9riaux de construction.<\/p><\/li><\/ul><p data-start=\"2925\" data-end=\"2940\"><strong data-start=\"2925\" data-end=\"2938\">D\u00e9fis :<\/strong><\/p><ul data-start=\"2941\" data-end=\"3359\"><li data-start=\"2941\" data-end=\"3057\"><p data-start=\"2943\" data-end=\"3057\">La r\u00e9glementation locale, les permis et les formalit\u00e9s administratives peuvent retarder les projets, en particulier dans les secteurs de l'\u00e9nergie et de la construction.<\/p><\/li><li data-start=\"3058\" data-end=\"3142\"><p data-start=\"3060\" data-end=\"3142\">Le besoin de partenaires locaux, l'adaptation culturelle et les diff\u00e9rences r\u00e9gionales.<\/p><\/li><li data-start=\"3143\" data-end=\"3219\"><p data-start=\"3145\" data-end=\"3219\">Diff\u00e9rences en mati\u00e8re de douanes, de fiscalit\u00e9 et de droit du travail par rapport \u00e0 la Finlande.<\/p><\/li><li data-start=\"3220\" data-end=\"3359\"><p data-start=\"3222\" data-end=\"3359\">Financement : bien que des fonds europ\u00e9ens soient disponibles, les entreprises doivent \u00e9laborer des projets comp\u00e9titifs et tenir compte des longues p\u00e9riodes d'amortissement.<\/p><\/li><\/ul><hr data-start=\"3361\" data-end=\"3364\" \/><h3 data-start=\"3366\" data-end=\"3404\">Entreprises finlandaises en Espagne<\/h3><ul data-start=\"3406\" data-end=\"3813\"><li data-start=\"3406\" data-end=\"3516\"><p data-start=\"3408\" data-end=\"3516\">A propos de <strong data-start=\"3413\" data-end=\"3441\">250 entreprises finlandaises<\/strong> op\u00e8re en Espagne (par l'interm\u00e9diaire de filiales ou de partenaires locaux).<\/p><\/li><li data-start=\"3517\" data-end=\"3620\"><p data-start=\"3519\" data-end=\"3620\"><strong data-start=\"3519\" data-end=\"3569\">Possibilit\u00e9s offertes par les projets financ\u00e9s par le RRF<\/strong>Le programme d'action de l'UE en mati\u00e8re d'\u00e9nergie : les villes intelligentes, la num\u00e9risation et l'\u00e9nergie verte.<\/p><\/li><li data-start=\"3621\" data-end=\"3813\"><p data-start=\"3623\" data-end=\"3813\"><strong data-start=\"3623\" data-end=\"3648\">Investissements immobiliers<\/strong> En Espagne, T1\/2025 : croissance de 39 % par rapport \u00e0 l'ann\u00e9e pr\u00e9c\u00e9dente (3,3 milliards d'euros), refl\u00e9tant l'activit\u00e9 des investisseurs \u00e9trangers en g\u00e9n\u00e9ral, et pas seulement des investisseurs finlandais.<\/p><\/li><\/ul><p data-start=\"3815\" data-end=\"3982\"><strong data-start=\"3815\" data-end=\"3829\">Statistiques :<\/strong><br data-start=\"3829\" data-end=\"3832\" \/>Selon Statistics Finland, les filiales finlandaises \u00e0 l'\u00e9tranger investissent un total d'environ 7,9 milliards d'euros. dont 57 %\u20ac ont \u00e9t\u00e9 investis en Europe.<\/p><hr data-start=\"3984\" data-end=\"3987\" \/><h3 data-start=\"3989\" data-end=\"4043\">Exemples d'entreprises finlandaises en Espagne<\/h3><ul data-start=\"4045\" data-end=\"5199\"><li data-start=\"4045\" data-end=\"4133\"><p data-start=\"4047\" data-end=\"4133\"><strong data-start=\"4047\" data-end=\"4056\">Lumon<\/strong> - solutions de vitrage et de balcon ; usine \u00e0 Antequera (M\u00e1laga), ouverte en 2023.<\/p><\/li><li data-start=\"4134\" data-end=\"4268\"><p data-start=\"4136\" data-end=\"4268\"><strong data-start=\"4136\" data-end=\"4147\">Pemamek<\/strong> - filiale Pemamek Iberia (Saragosse) ; fournit des lignes automatis\u00e9es aux chantiers navals (par exemple, contrat avec Navantia).<\/p><\/li><li data-start=\"4269\" data-end=\"4371\"><p data-start=\"4271\" data-end=\"4371\"><strong data-start=\"4271\" data-end=\"4279\">KONE<\/strong> - ascenseurs, escaliers m\u00e9caniques et services de modernisation en Espagne (par exemple, projets \u00e0 Madrid).<\/p><\/li><li data-start=\"4372\" data-end=\"4462\"><p data-start=\"4374\" data-end=\"4462\"><strong data-start=\"4374\" data-end=\"4383\">Nokia<\/strong> - les projets 5G et la coop\u00e9ration avec les op\u00e9rateurs locaux.<\/p><\/li><li data-start=\"4463\" data-end=\"4585\"><p data-start=\"4465\" data-end=\"4585\"><strong data-start=\"4465\" data-end=\"4476\">Vaisala<\/strong> - un contrat d'environ 25 millions d'euros avec l'Institut m\u00e9t\u00e9orologique espagnol (AEMET) pour la fourniture de radars m\u00e9t\u00e9orologiques (2024-2026).<\/p><\/li><li data-start=\"4586\" data-end=\"4657\"><p data-start=\"4588\" data-end=\"4657\"><strong data-start=\"4588\" data-end=\"4600\">W\u00e4rtsil\u00e4<\/strong> - des solutions \u00e9nerg\u00e9tiques et marines par l'interm\u00e9diaire de W\u00e4rtsil\u00e4 Ib\u00e9rica.<\/p><\/li><li data-start=\"4658\" data-end=\"4742\"><p data-start=\"4660\" data-end=\"4742\"><strong data-start=\"4660\" data-end=\"4669\">Ensto<\/strong> - une activit\u00e9 historique dans le domaine de la distribution et des solutions de construction en Espagne.<\/p><\/li><li data-start=\"4743\" data-end=\"4837\"><p data-start=\"4745\" data-end=\"4837\"><strong data-start=\"4745\" data-end=\"4755\">Gofore<\/strong> - filiale en Espagne (Gofore Spain SL), services de conseil num\u00e9rique.<\/p><\/li><li data-start=\"4838\" data-end=\"4912\"><p data-start=\"4840\" data-end=\"4912\"><strong data-start=\"4840\" data-end=\"4853\">Tietoevry<\/strong> - participe \u00e0 des projets de num\u00e9risation dans les administrations publiques.<\/p><\/li><li data-start=\"4913\" data-end=\"4996\"><p data-start=\"4915\" data-end=\"4996\"><strong data-start=\"4915\" data-end=\"4927\">F-Secure<\/strong> - des services de cybers\u00e9curit\u00e9 par l'interm\u00e9diaire de revendeurs et de clients.<\/p><\/li><li data-start=\"4997\" data-end=\"5101\"><p data-start=\"4999\" data-end=\"5101\"><strong data-start=\"4999\" data-end=\"5008\">Neste<\/strong> - des projets pilotes pour les biocarburants et la culture d'algues en Espagne (au stade de la planification).<\/p><\/li><li data-start=\"5102\" data-end=\"5199\"><p data-start=\"5104\" data-end=\"5199\"><strong data-start=\"5104\" data-end=\"5126\">Stora Enso, Ponsse<\/strong> et d'autres entreprises de machines foresti\u00e8res et industrielles en Espagne.<\/p><\/li><\/ul><hr data-start=\"5201\" data-end=\"5204\" \/><h3 data-start=\"5206\" data-end=\"5268\">Investissements \/ projets finlandais dans la r\u00e9gion d'Andalousie<\/h3><div class=\"_tableContainer_1rjym_1\"><div class=\"group _tableWrapper_1rjym_13 flex w-fit flex-col-reverse\" tabindex=\"-1\"><table class=\"w-fit min-w-(--thread-content-width)\" data-start=\"5270\" data-end=\"5809\"><thead data-start=\"5270\" data-end=\"5336\"><tr data-start=\"5270\" data-end=\"5336\"><th data-start=\"5270\" data-end=\"5286\" data-col-size=\"sm\">Entreprise<\/th><th data-start=\"5286\" data-end=\"5310\" data-col-size=\"sm\">Localisation<\/th><th data-start=\"5310\" data-end=\"5336\" data-col-size=\"lg\">Investissement \/ Projet<\/th><\/tr><\/thead><tbody data-start=\"5404\" data-end=\"5809\"><tr data-start=\"5404\" data-end=\"5555\"><td data-start=\"5404\" data-end=\"5420\" data-col-size=\"sm\">Lumon<\/td><td data-start=\"5420\" data-end=\"5443\" data-col-size=\"sm\">Antequera (M\u00e1laga)<\/td><td data-start=\"5443\" data-end=\"5555\" data-col-size=\"lg\">Grande usine de vitrage et de loft - investissement ~30 M\u20ac - surface ~25 000 m\u00b2 - emploiera initialement ~40 personnes<\/td><\/tr><tr data-start=\"5556\" data-end=\"5684\"><td data-start=\"5556\" data-end=\"5589\" data-col-size=\"sm\">Taaleri SolarWind II (fonds)<\/td><td data-start=\"5589\" data-end=\"5620\" data-col-size=\"sm\">Huelva (San Juan del Puerto)<\/td><td data-start=\"5620\" data-end=\"5684\" data-col-size=\"lg\">Centrale solaire de 50 MW - investissement ~25-30 M\u20ac - propri\u00e9t\u00e9 de 100 %<\/td><\/tr><tr data-start=\"5685\" data-end=\"5809\"><td data-start=\"5685\" data-end=\"5701\" data-col-size=\"sm\">Neste<\/td><td data-start=\"5701\" data-end=\"5724\" data-col-size=\"sm\">Cadix (Trebujena)<\/td><td data-start=\"5724\" data-end=\"5809\" data-col-size=\"lg\">Projet pilote de biocarburant bas\u00e9 sur la culture d'algues - en phase de planification et d'autorisation<\/td><\/tr><\/tbody><\/table><\/div><\/div>\t\t\t\t\t\t\t\t<\/div>\n\t\t\t\t<\/div>\n\t\t\t\t\t<\/div>\n\t\t\t\t<\/div>\n\t\t\t\t<\/div>","protected":false},"excerpt":{"rendered":"<p>Mit\u00e4 suomalaiset yritykset tekev\u00e4t Espanjassa? 1. Uusiutuva energia \/ aurinkoenergiaSuomalaisten rahastojen kautta tehd\u00e4\u00e4n sijoituksia aurinkovoimaloihin Espanjassa.Esimerkki: Korkia Aurinkoenergiarahasto Ky osti enemmist\u00f6osuuden 22 MWp:n aurinkovoimalasta Badajozin alueella. T\u00e4m\u00e4 osoittaa, ett\u00e4 suomalaiset sijoittajat pit\u00e4v\u00e4t Espanjan energia-alan mahdollisuuksia, erityisesti aurinko- ja uusiutuvassa energiassa, houkuttelevina. 2. \u00c4lykaupungit (Smart Cities), digitalisaatio ja teknologiaratkaisut julkishallinnolleUseat suomalaisyritykset, kuten Tietoevry, Gofore, F-Secure ja [&hellip;]<\/p>\n","protected":false},"author":2,"featured_media":0,"parent":0,"menu_order":0,"comment_status":"closed","ping_status":"closed","template":"elementor_header_footer","meta":{"iawp_total_views":103,"footnotes":""},"class_list":["post-2050","page","type-page","status-publish","hentry"],"_links":{"self":[{"href":"https:\/\/anax.es\/fr\/wp-json\/wp\/v2\/pages\/2050","targetHints":{"allow":["GET"]}}],"collection":[{"href":"https:\/\/anax.es\/fr\/wp-json\/wp\/v2\/pages"}],"about":[{"href":"https:\/\/anax.es\/fr\/wp-json\/wp\/v2\/types\/page"}],"author":[{"embeddable":true,"href":"https:\/\/anax.es\/fr\/wp-json\/wp\/v2\/users\/2"}],"replies":[{"embeddable":true,"href":"https:\/\/anax.es\/fr\/wp-json\/wp\/v2\/comments?post=2050"}],"version-history":[{"count":13,"href":"https:\/\/anax.es\/fr\/wp-json\/wp\/v2\/pages\/2050\/revisions"}],"predecessor-version":[{"id":2120,"href":"https:\/\/anax.es\/fr\/wp-json\/wp\/v2\/pages\/2050\/revisions\/2120"}],"wp:attachment":[{"href":"https:\/\/anax.es\/fr\/wp-json\/wp\/v2\/media?parent=2050"}],"curies":[{"name":"wp","href":"https:\/\/api.w.org\/{rel}","templated":true}]}}