{"id":1505,"date":"2025-08-15T17:36:25","date_gmt":"2025-08-15T14:36:25","guid":{"rendered":"https:\/\/anax.es\/?page_id=1505"},"modified":"2025-09-04T20:59:48","modified_gmt":"2025-09-04T17:59:48","slug":"taxes-sur-les-nouveaux-logements","status":"publish","type":"page","link":"https:\/\/anax.es\/fr\/uudiskohteen-asunnon-verot\/","title":{"rendered":"Imposition du logement"},"content":{"rendered":"<div data-elementor-type=\"wp-page\" data-elementor-id=\"1505\" class=\"elementor elementor-1505\" data-elementor-post-type=\"page\">\n\t\t\t\t<div class=\"elementor-element elementor-element-41d717b e-flex e-con-boxed e-con e-parent\" data-id=\"41d717b\" data-element_type=\"container\" data-e-type=\"container\" data-settings=\"{&quot;background_background&quot;:&quot;classic&quot;,&quot;jet_parallax_layout_list&quot;:[]}\">\n\t\t\t\t\t<div class=\"e-con-inner\">\n\t\t<div class=\"elementor-element elementor-element-5823874 e-con-full e-flex e-con e-child\" data-id=\"5823874\" data-element_type=\"container\" data-e-type=\"container\" data-settings=\"{&quot;jet_parallax_layout_list&quot;:[]}\">\n\t\t\t\t<div class=\"elementor-element elementor-element-ede9130 elementor-widget elementor-widget-heading\" data-id=\"ede9130\" data-element_type=\"widget\" data-e-type=\"widget\" data-widget_type=\"heading.default\">\n\t\t\t\t\t<h2 class=\"elementor-heading-title elementor-size-default\">Quelles sont les taxes \u00e0 payer lors de l'achat d'un nouveau logement ?<\/h2>\t\t\t\t<\/div>\n\t\t\t\t<\/div>\n\t\t<div class=\"elementor-element elementor-element-7d9ffec e-con-full e-flex e-con e-child\" data-id=\"7d9ffec\" data-element_type=\"container\" data-e-type=\"container\" data-settings=\"{&quot;jet_parallax_layout_list&quot;:[]}\">\n\t\t\t\t<div class=\"elementor-element elementor-element-049db16 elementor-widget elementor-widget-image\" data-id=\"049db16\" data-element_type=\"widget\" data-e-type=\"widget\" data-widget_type=\"image.default\">\n\t\t\t\t\t\t\t\t\t\t\t\t\t\t\t<img decoding=\"async\" src=\"https:\/\/anax.es\/wp-content\/uploads\/elementor\/thumbs\/Business_konsultointi_Malaga-r8qt0r05ulypl8znlsgob26a145wys8aoaw8j9xqiw.png\" title=\"Conseil en gestion d&#039;entreprise_Malaga\" alt=\"Conseil en gestion d&#039;entreprise_Malaga\" loading=\"lazy\" \/>\t\t\t\t\t\t\t\t\t\t\t\t\t\t\t<\/div>\n\t\t\t\t<\/div>\n\t\t\t\t\t<\/div>\n\t\t\t\t<\/div>\n\t\t<div class=\"elementor-element elementor-element-b4b98e4 e-flex e-con-boxed e-con e-parent\" data-id=\"b4b98e4\" data-element_type=\"container\" data-e-type=\"container\" data-settings=\"{&quot;background_background&quot;:&quot;classic&quot;,&quot;jet_parallax_layout_list&quot;:[]}\">\n\t\t\t\t\t<div class=\"e-con-inner\">\n\t\t<div class=\"elementor-element elementor-element-51c348f e-con-full e-flex e-con e-child\" data-id=\"51c348f\" data-element_type=\"container\" data-e-type=\"container\" data-settings=\"{&quot;jet_parallax_layout_list&quot;:[]}\">\n\t\t\t\t<div class=\"elementor-element elementor-element-0d4ce06 elementor-widget elementor-widget-text-editor\" data-id=\"0d4ce06\" data-element_type=\"widget\" data-e-type=\"widget\" data-widget_type=\"text-editor.default\">\n\t\t\t\t\t\t\t\t\t<p data-start=\"0\" data-end=\"354\">Lors de l'achat d'un logement, il est important de prendre en compte un certain nombre d'\u00e9l\u00e9ments, tels que les taxes \u00e0 payer. Tout d'abord, il est bon de savoir que les taxes varient selon qu'il s'agit d'un logement neuf ou d'un logement d'occasion. Pour les constructions neuves, il est important de tenir compte des imp\u00f4ts et taxes applicables en Espagne, et en particulier \u00e0 Malaga et en Andalousie.<\/p><p data-start=\"356\" data-end=\"640\">Tout d'abord, il convient de pr\u00e9ciser ce que l'on entend par logement neuf : il s'agit d'un logement achet\u00e9 directement au promoteur, une fois que la construction ou la r\u00e9novation est termin\u00e9e et qu'un certificat d'inspection finale a \u00e9t\u00e9 d\u00e9livr\u00e9. Ce certificat est sign\u00e9 par l'architecte et le contrema\u00eetre responsable.<\/p><p data-start=\"642\" data-end=\"708\"><strong data-start=\"642\" data-end=\"708\">En Andalousie, les taxes li\u00e9es \u00e0 l'achat d'un nouveau logement sont les suivantes :<\/strong><\/p><ul data-start=\"709\" data-end=\"789\"><li data-start=\"709\" data-end=\"734\"><p data-start=\"711\" data-end=\"734\"><strong data-start=\"711\" data-end=\"734\">Taxe sur la valeur ajout\u00e9e (TVA)<\/strong><\/p><\/li><li data-start=\"735\" data-end=\"789\"><p data-start=\"737\" data-end=\"789\"><strong data-start=\"737\" data-end=\"789\">Droits de mutation sur les documents publics (IAJD)<\/strong><\/p><\/li><\/ul><p data-start=\"791\" data-end=\"1181\"><strong data-start=\"791\" data-end=\"814\">Taxe sur la valeur ajout\u00e9e (TVA)<\/strong> est la taxe la plus importante sur l'achat d'un logement neuf. Elle est ajout\u00e9e directement au prix de vente et est obligatoire pour toutes les ventes de logements neufs lorsqu'ils sont achet\u00e9s directement aupr\u00e8s d'un promoteur ou d'un constructeur.<br data-start=\"1002\" data-end=\"1005\" \/>Le pourcentage global de l'IVA est de <strong data-start=\"1030\" data-end=\"1038\">10 %<\/strong> le prix indiqu\u00e9 dans l'acte de vente. Dans le cas d'un r\u00e9gime sp\u00e9cial pour les logements prot\u00e9g\u00e9s (VPO) ou d'une construction publique, la taxe s'\u00e9l\u00e8ve \u00e0 <strong data-start=\"1171\" data-end=\"1178\">4 %<\/strong>.<\/p><p data-start=\"1183\" data-end=\"1525\"><strong data-start=\"1183\" data-end=\"1235\">Droits de mutation sur les documents publics (IAJD)<\/strong> s'applique aux documents officiels qui cr\u00e9ent un droit enregistrable dans le registre foncier, tel que l'acte de propri\u00e9t\u00e9 d'un logement. Cette taxe s'applique \u00e9galement \u00e0 tout contrat de pr\u00eat.<br data-start=\"1404\" data-end=\"1407\" \/>En Andalousie, l'IAJD est actuellement en train de <strong data-start=\"1443\" data-end=\"1452\">1,2 %<\/strong>. Le site web du gouvernement andalou fournit tous les d\u00e9tails.<\/p><p data-start=\"1527\" data-end=\"1547\"><strong data-start=\"1527\" data-end=\"1547\">Remises de l'IAJD :<\/strong><\/p><ul data-start=\"1548\" data-end=\"1709\"><li data-start=\"1548\" data-end=\"1580\"><p data-start=\"1550\" data-end=\"1580\"><strong data-start=\"1550\" data-end=\"1559\">0,3 %<\/strong> pour les personnes \u00e2g\u00e9es de moins de 35 ans<\/p><\/li><li data-start=\"1581\" data-end=\"1635\"><p data-start=\"1583\" data-end=\"1635\"><strong data-start=\"1583\" data-end=\"1592\">0,3 %<\/strong> les victimes de violences domestiques ou de terrorisme<\/p><\/li><li data-start=\"1636\" data-end=\"1709\"><p data-start=\"1638\" data-end=\"1709\"><strong data-start=\"1638\" data-end=\"1647\">0,1 %<\/strong> pour les personnes ayant un taux d'incapacit\u00e9 d'au moins 33 %<\/p><\/li><\/ul><p data-start=\"1711\" data-end=\"1822\">L'IVA et l'IAJD doivent toutes deux \u00eatre pay\u00e9es <strong data-start=\"1744\" data-end=\"1757\">30 jours<\/strong> \u00e0 l'int\u00e9rieur. Les retards peuvent entra\u00eener <strong data-start=\"1796\" data-end=\"1813\">200-400 euros<\/strong> amendes.<\/p><p data-start=\"1824\" data-end=\"2023\"><strong data-start=\"1824\" data-end=\"1847\">Autres co\u00fbts :<\/strong><br data-start=\"1847\" data-end=\"1850\" \/>Bien qu'il ne s'agisse pas de taxes \u00e0 proprement parler, les frais de notaire et les droits d'enregistrement doivent \u00e9galement \u00eatre pris en compte. Ils d\u00e9pendent tous deux du prix du logement et sont r\u00e9glement\u00e9s par la loi.<\/p><p data-start=\"2025\" data-end=\"2315\">Il convient \u00e9galement de rappeler que <strong data-start=\"2048\" data-end=\"2072\">imp\u00f4t foncier (IBI)<\/strong>Il ne s'agit pas d'une taxe unique au moment de l'achat, mais d'une taxe annuelle \u00e0 la charge du propri\u00e9taire. Son montant est d\u00e9termin\u00e9 par la municipalit\u00e9 sur la base de la valeur imposable du bien. Si une hypoth\u00e8que est contract\u00e9e sur le bien, le co\u00fbt de l'hypoth\u00e8que doit \u00e9galement \u00eatre pris en compte.<\/p><p data-start=\"2317\" data-end=\"2438\" data-is-last-node=\"\" data-is-only-node=\"\">Pour toutes ces raisons, il est conseill\u00e9 d'\u00e9tablir un budget r\u00e9aliste qui couvre toutes les d\u00e9penses afin d'\u00e9viter les surprises.<\/p><h3 data-start=\"235\" data-end=\"273\">Taxes et charges li\u00e9es \u00e0 l'achat<\/h3><ol data-start=\"274\" data-end=\"1078\"><li data-start=\"274\" data-end=\"498\"><p data-start=\"277\" data-end=\"346\"><strong data-start=\"277\" data-end=\"344\">Imp\u00f4t sur les transferts de propri\u00e9t\u00e9 (Impuesto de Transmisiones Patrimoniales, ITP)<\/strong><\/p><ul data-start=\"350\" data-end=\"498\"><li data-start=\"350\" data-end=\"498\"><p data-start=\"352\" data-end=\"498\">Lorsque vous achetez <strong data-start=\"362\" data-end=\"382\">logement de seconde main<\/strong>En Andalousie, vous payez l'imp\u00f4t sur les mutations. En Andalousie, la taxe est de <strong data-start=\"431\" data-end=\"453\">7 % du prix d'achat<\/strong> (niveau harmonis\u00e9 \u00e0 partir de 2021).<\/p><\/li><\/ul><\/li><li data-start=\"500\" data-end=\"695\"><p data-start=\"503\" data-end=\"553\"><strong data-start=\"503\" data-end=\"551\">Achat d'un nouveau logement (directement aupr\u00e8s du promoteur)<\/strong><\/p><ul data-start=\"557\" data-end=\"695\"><li data-start=\"557\" data-end=\"695\"><p data-start=\"559\" data-end=\"695\">Pour un logement neuf, vous payez <strong data-start=\"584\" data-end=\"604\">TVA (IVA) 10 %<\/strong> et <strong data-start=\"610\" data-end=\"660\">leimaveron (Actos Jur\u00eddicos Documentados, AJD)<\/strong>qui, en Andalousie, est <strong data-start=\"683\" data-end=\"692\">1,2 %<\/strong>.<\/p><\/li><\/ul><\/li><li data-start=\"697\" data-end=\"811\"><p data-start=\"700\" data-end=\"718\"><strong data-start=\"700\" data-end=\"716\">D\u00e9penses d'urgence<\/strong><\/p><ul data-start=\"722\" data-end=\"811\"><li data-start=\"722\" data-end=\"811\"><p data-start=\"724\" data-end=\"811\">L'authentification de la transaction par un notaire est obligatoire. Les co\u00fbts varient g\u00e9n\u00e9ralement <strong data-start=\"793\" data-end=\"808\">500-1 000 \u20ac<\/strong>.<\/p><\/li><\/ul><\/li><li data-start=\"813\" data-end=\"926\"><p data-start=\"816\" data-end=\"845\"><strong data-start=\"816\" data-end=\"843\">Enregistrement de la propri\u00e9t\u00e9<\/strong><\/p><ul data-start=\"849\" data-end=\"926\"><li data-start=\"849\" data-end=\"926\"><p data-start=\"851\" data-end=\"926\">L'inscription au registre foncier est g\u00e9n\u00e9ralement payante. <strong data-start=\"908\" data-end=\"923\">500-1 000 \u20ac<\/strong>.<\/p><\/li><\/ul><\/li><li data-start=\"928\" data-end=\"1078\"><p data-start=\"931\" data-end=\"956\"><strong data-start=\"931\" data-end=\"954\">Honoraires d'avocat<\/strong><\/p><ul data-start=\"960\" data-end=\"1078\"><li data-start=\"960\" data-end=\"1078\"><p data-start=\"962\" data-end=\"1078\">Il est fortement recommand\u00e9 de faire appel \u00e0 un avocat local (abogado). Les honoraires sont g\u00e9n\u00e9ralement de <strong data-start=\"1047\" data-end=\"1069\">1 % du prix d'achat<\/strong> + TVA.<\/p><\/li><\/ul><\/li><\/ol><h3 data-start=\"1080\" data-end=\"1115\">Imp\u00f4ts li\u00e9s \u00e0 la propri\u00e9t\u00e9<\/h3><ul data-start=\"1116\" data-end=\"1791\"><li data-start=\"1116\" data-end=\"1279\"><p data-start=\"1118\" data-end=\"1279\"><strong data-start=\"1118\" data-end=\"1175\">Imp\u00f4t sur les biens immobiliers (IBI, Impuesto sobre Bienes Inmuebles)<\/strong><br data-start=\"1175\" data-end=\"1178\" \/>- La municipalit\u00e9 per\u00e7oit une redevance annuelle, g\u00e9n\u00e9ralement d'un montant de <strong data-start=\"1214\" data-end=\"1254\">0,4-1,1 % de la valeur imposable de la propri\u00e9t\u00e9<\/strong> (et non la valeur marchande).<\/p><\/li><li data-start=\"1280\" data-end=\"1366\"><p data-start=\"1282\" data-end=\"1366\"><strong data-start=\"1282\" data-end=\"1311\">Taxes sur les d\u00e9chets et taxes municipales<\/strong><br data-start=\"1311\" data-end=\"1314\" \/>- En g\u00e9n\u00e9ral, il s'agit de quelques centaines d'euros par an.<\/p><\/li><li data-start=\"1367\" data-end=\"1634\"><p data-start=\"1369\" data-end=\"1634\"><strong data-start=\"1369\" data-end=\"1444\">Imp\u00f4t sur le revenu des non-r\u00e9sidents (Impuesto sobre la Renta de no Residentes, IRNR)<\/strong><br data-start=\"1444\" data-end=\"1447\" \/>- Si vous ne louez pas de logement, vous payez l'imp\u00f4t sur les revenus locatifs imput\u00e9s (g\u00e9n\u00e9ralement 19 % pour les ressortissants de l'UE).<br data-start=\"1551\" data-end=\"1554\" \/>- Si vous louez, vous payez 19 % sur le revenu locatif r\u00e9el (les charges peuvent \u00eatre d\u00e9duites).<\/p><\/li><li data-start=\"1635\" data-end=\"1791\"><p data-start=\"1637\" data-end=\"1791\"><strong data-start=\"1637\" data-end=\"1676\">Contributions communautaires (gastos de comunidad)<\/strong><br data-start=\"1676\" data-end=\"1679\" \/>- Si votre logement appartient \u00e0 une association de logement, la redevance peut aller de quelques dizaines \u00e0 plusieurs centaines d'euros par mois.<\/p><\/li><\/ul><h3 data-start=\"1793\" data-end=\"1825\">R\u00e9sum\u00e9 des co\u00fbts<\/h3><ul data-start=\"1826\" data-end=\"1975\"><li data-start=\"1826\" data-end=\"1904\"><p data-start=\"1828\" data-end=\"1904\"><strong data-start=\"1828\" data-end=\"1847\">Logement d'occasion<\/strong>Le prix d'achat est major\u00e9 d'un montant d'environ <strong data-start=\"1880\" data-end=\"1901\">8-10 % co\u00fbts suppl\u00e9mentaires<\/strong>.<\/p><\/li><li data-start=\"1905\" data-end=\"1975\"><p data-start=\"1907\" data-end=\"1975\"><strong data-start=\"1907\" data-end=\"1922\">Nouvel appartement<\/strong>co\u00fbts suppl\u00e9mentaires autour de <strong data-start=\"1946\" data-end=\"1957\">12-13 %<\/strong> du prix d'achat.<\/p><\/li><\/ul><p data-start=\"1977\" data-end=\"2035\">Ce n'est qu'\u00e0 ce moment-l\u00e0 que vous pourrez voir la taille r\u00e9elle de l'investissement.<\/p><p data-start=\"2037\" data-end=\"2183\" data-is-last-node=\"\" data-is-only-node=\"\">Voulez-vous que je vous dise clairement <strong data-start=\"2073\" data-end=\"2095\">calcul de l'\u00e9chantillon<\/strong> (par exemple, 250 000 euros pour l'achat d'une maison sur la Costa del Sol), afin que vous puissiez voir tous les co\u00fbts ventil\u00e9s ?<\/p><p data-start=\"2037\" data-end=\"2183\" data-is-last-node=\"\" data-is-only-node=\"\">Soyons clairs <strong data-start=\"25\" data-end=\"84\">exemple de calcul pour un appartement de 250 000 \u20ac sur la Costa del Sol<\/strong>. Je vous parlerai s\u00e9par\u00e9ment des deux <strong data-start=\"107\" data-end=\"127\">logement de seconde main<\/strong> \u00e0 <strong data-start=\"133\" data-end=\"150\">un nouveau foyer<\/strong> pour que la diff\u00e9rence soit claire.<\/p><h2 data-start=\"198\" data-end=\"233\">Logement d'occasion - 250 000<\/h2><ul data-start=\"234\" data-end=\"437\"><li data-start=\"234\" data-end=\"279\"><p data-start=\"236\" data-end=\"279\"><strong data-start=\"236\" data-end=\"266\">Droits de mutation (ITP 7 %)<\/strong> \u2192 17 500 \u20ac<\/p><\/li><li data-start=\"280\" data-end=\"311\"><p data-start=\"282\" data-end=\"311\"><strong data-start=\"282\" data-end=\"298\">D\u00e9penses d'urgence<\/strong> \u2192 n. 800 \u20ac<\/p><\/li><li data-start=\"312\" data-end=\"354\"><p data-start=\"314\" data-end=\"354\"><strong data-start=\"314\" data-end=\"341\">Enregistrement de la propri\u00e9t\u00e9<\/strong> \u2192 n. 700 \u20ac<\/p><\/li><li data-start=\"355\" data-end=\"437\"><p data-start=\"357\" data-end=\"437\"><strong data-start=\"357\" data-end=\"383\">Avocat (1 % + TVA)<\/strong> \u2192 3 025 \u20ac<br data-start=\"393\" data-end=\"396\" \/><strong data-start=\"396\" data-end=\"435\">Total des co\u00fbts suppl\u00e9mentaires : environ 22 000 \u20ac.<\/strong><\/p><\/li><\/ul><p data-start=\"439\" data-end=\"478\">Un v\u00e9ritable investissement : <strong data-start=\"463\" data-end=\"476\">272 000 \u20ac<\/strong><\/p><hr data-start=\"480\" data-end=\"483\" \/><h2 data-start=\"485\" data-end=\"517\">Appartement neuf - 250 000 \u20ac<\/h2><ul data-start=\"518\" data-end=\"749\"><li data-start=\"518\" data-end=\"551\"><p data-start=\"520\" data-end=\"551\"><strong data-start=\"520\" data-end=\"538\">TVA (IVA 10 %)<\/strong> \u2192 25 000 \u20ac<\/p><\/li><li data-start=\"552\" data-end=\"591\"><p data-start=\"554\" data-end=\"591\"><strong data-start=\"554\" data-end=\"579\">Droit de timbre (AJD 1.2 %)<\/strong> \u2192 3 000 \u20ac<\/p><\/li><li data-start=\"592\" data-end=\"623\"><p data-start=\"594\" data-end=\"623\"><strong data-start=\"594\" data-end=\"610\">D\u00e9penses d'urgence<\/strong> \u2192 n. 800 \u20ac<\/p><\/li><li data-start=\"624\" data-end=\"666\"><p data-start=\"626\" data-end=\"666\"><strong data-start=\"626\" data-end=\"653\">Enregistrement de la propri\u00e9t\u00e9<\/strong> \u2192 n. 700 \u20ac<\/p><\/li><li data-start=\"667\" data-end=\"749\"><p data-start=\"669\" data-end=\"749\"><strong data-start=\"669\" data-end=\"695\">Avocat (1 % + TVA)<\/strong> \u2192 3 025 \u20ac<br data-start=\"705\" data-end=\"708\" \/><strong data-start=\"708\" data-end=\"747\">Total des co\u00fbts suppl\u00e9mentaires : environ 32 500 \u20ac.<\/strong><\/p><\/li><\/ul><p data-start=\"751\" data-end=\"790\">Un v\u00e9ritable investissement : <strong data-start=\"775\" data-end=\"788\">282 500 \u20ac<\/strong><\/p><hr data-start=\"792\" data-end=\"795\" \/><h3 data-start=\"797\" data-end=\"867\">Co\u00fbts de possession (annuels, dans l'exemple)<\/h3><ul data-start=\"868\" data-end=\"1143\"><li data-start=\"868\" data-end=\"913\"><p data-start=\"870\" data-end=\"913\"><strong data-start=\"870\" data-end=\"894\">IBI (imp\u00f4t foncier)<\/strong> \u2192 n. 500-1 000 \u20ac<\/p><\/li><li data-start=\"914\" data-end=\"958\"><p data-start=\"916\" data-end=\"958\"><strong data-start=\"916\" data-end=\"944\">Taxes sur les d\u00e9chets et taxes municipales<\/strong> \u2192 200-300 \u20ac<\/p><\/li><li data-start=\"959\" data-end=\"1040\"><p data-start=\"961\" data-end=\"1040\"><strong data-start=\"961\" data-end=\"1002\">Frais de communaut\u00e9 (en fonction de la soci\u00e9t\u00e9 de logement)<\/strong> \u2192 par exemple 100 \u20ac\/mois = 1 200 \u20ac par an<\/p><\/li><li data-start=\"1041\" data-end=\"1143\"><p data-start=\"1043\" data-end=\"1143\"><strong data-start=\"1043\" data-end=\"1103\">Imp\u00f4t sur le revenu des non-r\u00e9sidents (19 % de loyers imput\u00e9s)<\/strong> \u2192 g\u00e9n\u00e9ralement quelques centaines d'euros par an<\/p><\/li><\/ul><hr data-start=\"1145\" data-end=\"1148\" \/><p data-start=\"1150\" data-end=\"1231\">De cette fa\u00e7on, vous pouvez voir que le prix r\u00e9el est toujours <strong data-start=\"1191\" data-end=\"1228\">8-13 % sup\u00e9rieur au prix d'achat<\/strong>.<\/p>\t\t\t\t\t\t\t\t<\/div>\n\t\t\t\t<\/div>\n\t\t\t\t\t<\/div>\n\t\t\t\t<\/div>\n\t\t\t\t<\/div>","protected":false},"excerpt":{"rendered":"<p>Mitk\u00e4 verot t\u00e4ytyy maksaa, kun ostaa uudiskohteen asunnon? Asuntoa ostaessa on t\u00e4rke\u00e4\u00e4 ottaa huomioon muutamia seikkoja, kuten esimerkiksi se, mit\u00e4 veroja on maksettava. Ensinn\u00e4kin on hyv\u00e4 tiet\u00e4\u00e4, ett\u00e4 maksut vaihtelevat sen mukaan, onko kyseess\u00e4 uudiskohde vai k\u00e4ytetty asunto. Uudisrakennusten kohdalla on t\u00e4rke\u00e4\u00e4 huomioida Espanjassa, ja erityisesti M\u00e1lagassa sek\u00e4 Andalusiassa, sovellettavat verot ja kulut. Ensin on [&hellip;]<\/p>\n","protected":false},"author":2,"featured_media":0,"parent":0,"menu_order":0,"comment_status":"closed","ping_status":"closed","template":"elementor_header_footer","meta":{"iawp_total_views":33,"footnotes":""},"class_list":["post-1505","page","type-page","status-publish","hentry"],"_links":{"self":[{"href":"https:\/\/anax.es\/fr\/wp-json\/wp\/v2\/pages\/1505","targetHints":{"allow":["GET"]}}],"collection":[{"href":"https:\/\/anax.es\/fr\/wp-json\/wp\/v2\/pages"}],"about":[{"href":"https:\/\/anax.es\/fr\/wp-json\/wp\/v2\/types\/page"}],"author":[{"embeddable":true,"href":"https:\/\/anax.es\/fr\/wp-json\/wp\/v2\/users\/2"}],"replies":[{"embeddable":true,"href":"https:\/\/anax.es\/fr\/wp-json\/wp\/v2\/comments?post=1505"}],"version-history":[{"count":23,"href":"https:\/\/anax.es\/fr\/wp-json\/wp\/v2\/pages\/1505\/revisions"}],"predecessor-version":[{"id":1923,"href":"https:\/\/anax.es\/fr\/wp-json\/wp\/v2\/pages\/1505\/revisions\/1923"}],"wp:attachment":[{"href":"https:\/\/anax.es\/fr\/wp-json\/wp\/v2\/media?parent=1505"}],"curies":[{"name":"wp","href":"https:\/\/api.w.org\/{rel}","templated":true}]}}