{"id":13,"date":"2025-07-09T19:09:21","date_gmt":"2025-07-09T19:09:21","guid":{"rendered":"https:\/\/anax.es\/?page_id=13"},"modified":"2026-02-09T15:19:09","modified_gmt":"2026-02-09T13:19:09","slug":"fimafri-oy","status":"publish","type":"page","link":"https:\/\/anax.es\/fr\/","title":{"rendered":"Axarquia Oy"},"content":{"rendered":"<div data-elementor-type=\"wp-page\" data-elementor-id=\"13\" class=\"elementor elementor-13\" data-elementor-post-type=\"page\">\n\t\t\t\t<div class=\"elementor-element elementor-element-99b449f e-con-full e-flex e-con e-parent\" data-id=\"99b449f\" data-element_type=\"container\" data-e-type=\"container\" data-settings=\"{&quot;jet_parallax_layout_list&quot;:[],&quot;background_background&quot;:&quot;classic&quot;}\">\n\t\t<div class=\"elementor-element elementor-element-2148182 e-flex e-con-boxed e-con e-child\" data-id=\"2148182\" data-element_type=\"container\" data-e-type=\"container\" data-settings=\"{&quot;jet_parallax_layout_list&quot;:[]}\">\n\t\t\t\t\t<div class=\"e-con-inner\">\n\t\t\t\t<div class=\"elementor-element elementor-element-ed9b7ca elementor-widget elementor-widget-heading\" data-id=\"ed9b7ca\" data-element_type=\"widget\" data-e-type=\"widget\" data-widget_type=\"heading.default\">\n\t\t\t\t\t<h1 class=\"elementor-heading-title elementor-size-default\">Nous aidons les entreprises finlandaises \u00e0 r\u00e9ussir sur la Costa del Sol<\/h1>\t\t\t\t<\/div>\n\t\t\t\t<div class=\"elementor-element elementor-element-6b553f9 elementor-widget elementor-widget-text-editor\" data-id=\"6b553f9\" data-element_type=\"widget\" data-e-type=\"widget\" data-widget_type=\"text-editor.default\">\n\t\t\t\t\t\t\t\t\t<p>Expertise locale, contacts fiables et soutien pratique pour exporter et investir en Espagne<\/p>\t\t\t\t\t\t\t\t<\/div>\n\t\t<div class=\"elementor-element elementor-element-f8174c6 e-con-full e-flex e-con e-child\" data-id=\"f8174c6\" data-element_type=\"container\" data-e-type=\"container\" data-settings=\"{&quot;jet_parallax_layout_list&quot;:[]}\">\n\t\t\t\t<div class=\"elementor-element elementor-element-7f7ae2d elementor-widget elementor-widget-heading\" data-id=\"7f7ae2d\" data-element_type=\"widget\" data-e-type=\"widget\" data-widget_type=\"heading.default\">\n\t\t\t\t\t<h2 class=\"elementor-heading-title elementor-size-default\">Entreprises - Logement - Conseil<\/h2>\t\t\t\t<\/div>\n\t\t\t\t<div class=\"elementor-element elementor-element-a229624 elementor-widget elementor-widget-heading\" data-id=\"a229624\" data-element_type=\"widget\" data-e-type=\"widget\" data-widget_type=\"heading.default\">\n\t\t\t\t\t<h2 class=\"elementor-heading-title elementor-size-default\">Torre del Mar - Axarqu\u00eda - Costa del Sol<\/h2>\t\t\t\t<\/div>\n\t\t\t\t<\/div>\n\t\t\t\t\t<\/div>\n\t\t\t\t<\/div>\n\t\t\t\t<\/div>\n\t\t<div class=\"elementor-element elementor-element-129f293 e-flex e-con-boxed e-con e-parent\" data-id=\"129f293\" data-element_type=\"container\" data-e-type=\"container\" data-settings=\"{&quot;jet_parallax_layout_list&quot;:[],&quot;background_background&quot;:&quot;classic&quot;}\">\n\t\t\t\t\t<div class=\"e-con-inner\">\n\t\t<div class=\"elementor-element elementor-element-3971002 e-con-full e-flex e-con e-child\" data-id=\"3971002\" data-element_type=\"container\" data-e-type=\"container\" data-settings=\"{&quot;background_background&quot;:&quot;classic&quot;,&quot;jet_parallax_layout_list&quot;:[]}\">\n\t\t\t\t<div class=\"elementor-element elementor-element-cf05cf1 elementor-widget elementor-widget-heading\" data-id=\"cf05cf1\" data-element_type=\"widget\" data-e-type=\"widget\" data-widget_type=\"heading.default\">\n\t\t\t\t\t<h2 class=\"elementor-heading-title elementor-size-default\">Entr\u00e9e sur le march\u00e9 espagnol<\/h2>\t\t\t\t<\/div>\n\t\t\t\t<div class=\"elementor-element elementor-element-c313540 elementor-widget elementor-widget-text-editor\" data-id=\"c313540\" data-element_type=\"widget\" data-e-type=\"widget\" data-widget_type=\"text-editor.default\">\n\t\t\t\t\t\t\t\t\t<ul><li data-start=\"1151\" data-end=\"1183\"><p data-start=\"1153\" data-end=\"1183\">Cartographie du potentiel du march\u00e9<\/p><\/li><li data-start=\"1184\" data-end=\"1205\"><p data-start=\"1186\" data-end=\"1205\">Analyse des concurrents<\/p><\/li><li data-start=\"1206\" data-end=\"1236\"><p data-start=\"1208\" data-end=\"1236\">Prix et canaux de distribution<\/p><\/li><li data-start=\"1237\" data-end=\"1277\"><p data-start=\"1239\" data-end=\"1277\">Pratiques locales et diff\u00e9rences culturelles<\/p><\/li><\/ul>\t\t\t\t\t\t\t\t<\/div>\n\t\t\t\t<\/div>\n\t\t<div class=\"elementor-element elementor-element-698cdd1 e-con-full e-flex e-con e-child\" data-id=\"698cdd1\" data-element_type=\"container\" data-e-type=\"container\" data-settings=\"{&quot;background_background&quot;:&quot;classic&quot;,&quot;jet_parallax_layout_list&quot;:[]}\">\n\t\t\t\t<div class=\"elementor-element elementor-element-bbdf7fa elementor-widget elementor-widget-heading\" data-id=\"bbdf7fa\" data-element_type=\"widget\" data-e-type=\"widget\" data-widget_type=\"heading.default\">\n\t\t\t\t\t<h2 class=\"elementor-heading-title elementor-size-default\">Exportations et ventes sur la Costa del Sol<\/h2>\t\t\t\t<\/div>\n\t\t\t\t<div class=\"elementor-element elementor-element-f4f5718 elementor-widget elementor-widget-text-editor\" data-id=\"f4f5718\" data-element_type=\"widget\" data-e-type=\"widget\" data-widget_type=\"text-editor.default\">\n\t\t\t\t\t\t\t\t\t<ul><li data-start=\"1320\" data-end=\"1357\"><p data-start=\"1322\" data-end=\"1357\">Trouver des partenaires locaux<\/p><\/li><li data-start=\"1358\" data-end=\"1384\"><p data-start=\"1360\" data-end=\"1384\">Ouvrir des canaux de vente<\/p><\/li><li data-start=\"1385\" data-end=\"1432\"><p data-start=\"1387\" data-end=\"1432\">N\u00e9gociations avec les op\u00e9rateurs espagnols<\/p><\/li><li data-start=\"1433\" data-end=\"1466\"><p data-start=\"1435\" data-end=\"1466\">Soutien linguistique et questions pratiques<\/p><\/li><\/ul>\t\t\t\t\t\t\t\t<\/div>\n\t\t\t\t<\/div>\n\t\t<div class=\"elementor-element elementor-element-2c893a3 e-con-full e-flex e-con e-child\" data-id=\"2c893a3\" data-element_type=\"container\" data-e-type=\"container\" data-settings=\"{&quot;background_background&quot;:&quot;classic&quot;,&quot;jet_parallax_layout_list&quot;:[]}\">\n\t\t\t\t<div class=\"elementor-element elementor-element-831dd59 elementor-widget elementor-widget-heading\" data-id=\"831dd59\" data-element_type=\"widget\" data-e-type=\"widget\" data-widget_type=\"heading.default\">\n\t\t\t\t\t<h2 class=\"elementor-heading-title elementor-size-default\">Investir et faire des affaires en Espagne<\/h2>\t\t\t\t<\/div>\n\t\t\t\t<div class=\"elementor-element elementor-element-421f81d elementor-widget elementor-widget-text-editor\" data-id=\"421f81d\" data-element_type=\"widget\" data-e-type=\"widget\" data-widget_type=\"text-editor.default\">\n\t\t\t\t\t\t\t\t\t<ul><li data-start=\"1517\" data-end=\"1551\"><p data-start=\"1519\" data-end=\"1551\">Cr\u00e9er une entreprise en Espagne<\/p><\/li><li data-start=\"1552\" data-end=\"1609\"><p data-start=\"1554\" data-end=\"1609\">Analyse de la localisation et de la zone (Axarqu\u00eda, M\u00e1laga, Andaluc\u00eda)<\/p><\/li><li data-start=\"1610\" data-end=\"1667\"><p data-start=\"1612\" data-end=\"1667\">Coop\u00e9ration avec les avocats, les banques et les autorit\u00e9s<\/p><\/li><li data-start=\"1668\" data-end=\"1711\"><p data-start=\"1670\" data-end=\"1711\">Gestion des risques pour les entreprises finlandaises<\/p><\/li><\/ul>\t\t\t\t\t\t\t\t<\/div>\n\t\t\t\t<\/div>\n\t\t\t\t\t<\/div>\n\t\t\t\t<\/div>\n\t\t<div class=\"elementor-element elementor-element-1d43b07c e-con-full e-flex e-con e-parent\" data-id=\"1d43b07c\" data-element_type=\"container\" data-e-type=\"container\" data-settings=\"{&quot;background_background&quot;:&quot;classic&quot;,&quot;jet_parallax_layout_list&quot;:[]}\">\n\t\t<div class=\"elementor-element elementor-element-400c0a57 e-con-full e-flex e-con e-child\" data-id=\"400c0a57\" data-element_type=\"container\" data-e-type=\"container\" id=\"konsultointi\" data-settings=\"{&quot;jet_parallax_layout_list&quot;:[]}\">\n\t\t\t\t<div class=\"elementor-element elementor-element-810f6f4 elementor-widget elementor-widget-heading\" data-id=\"810f6f4\" data-element_type=\"widget\" data-e-type=\"widget\" data-widget_type=\"heading.default\">\n\t\t\t\t\t<h3 class=\"elementor-heading-title elementor-size-default\">Services d'experts et de consultants<\/h3>\t\t\t\t<\/div>\n\t\t\t\t<div class=\"elementor-element elementor-element-75fbdd15 elementor-widget elementor-widget-text-editor\" data-id=\"75fbdd15\" data-element_type=\"widget\" data-e-type=\"widget\" data-widget_type=\"text-editor.default\">\n\t\t\t\t\t\t\t\t\t<p>Que vous soyez en train de cr\u00e9er une entreprise, de rechercher un investissement ou de planifier un changement de vie sous le soleil espagnol, Axarquia Nordic Consulting SL offre des conseils pratiques et une expertise compl\u00e8te \u00e0 Torre del Mar et dans toute la r\u00e9gion de l'Axarqu\u00eda.<\/p><p>Nous sommes le repr\u00e9sentant local d'un client finlandais sur la Costa del Sol.<br data-start=\"963\" data-end=\"966\" \/>Nous assurons la coordination avec les autorit\u00e9s, les avocats, les banques et les partenaires commerciaux locaux pour vous aider \u00e0 vous concentrer sur votre activit\u00e9.<\/p><p>Nous combinons les connaissances locales, la vision des clients finlandais et des r\u00e9seaux solides - pour que vous puissiez prendre des d\u00e9cisions de mani\u00e8re s\u00fbre et efficace.<\/p>\t\t\t\t\t\t\t\t<\/div>\n\t\t\t\t<div class=\"elementor-element elementor-element-407e610 elementor-align-left elementor-mobile-align-justify elementor-widget-mobile__width-inherit elementor-widget elementor-widget-button\" data-id=\"407e610\" data-element_type=\"widget\" data-e-type=\"widget\" data-widget_type=\"button.default\">\n\t\t\t\t\t\t\t\t\t\t<a class=\"elementor-button elementor-button-link elementor-size-sm\" href=\"https:\/\/anax.es\/fr\/ota-yhteytta\/\">\n\t\t\t\t\t\t<span class=\"elementor-button-content-wrapper\">\n\t\t\t\t\t\t\t\t\t<span class=\"elementor-button-text\">Contactez<\/span>\n\t\t\t\t\t<\/span>\n\t\t\t\t\t<\/a>\n\t\t\t\t\t\t\t\t<\/div>\n\t\t\t\t<\/div>\n\t\t<div class=\"elementor-element elementor-element-5d4fa4d2 e-con-full e-flex e-con e-child\" data-id=\"5d4fa4d2\" data-element_type=\"container\" data-e-type=\"container\" data-settings=\"{&quot;jet_parallax_layout_list&quot;:[]}\">\n\t\t\t\t<div class=\"elementor-element elementor-element-1d083703 elementor-hidden-mobile elementor-widget elementor-widget-image\" data-id=\"1d083703\" data-element_type=\"widget\" data-e-type=\"widget\" data-widget_type=\"image.default\">\n\t\t\t\t\t\t\t\t\t\t\t\t\t\t\t<img fetchpriority=\"high\" decoding=\"async\" width=\"1206\" height=\"995\" src=\"https:\/\/anax.es\/wp-content\/uploads\/2025\/09\/Matias_Torre_del_Mar_2.png\" class=\"attachment-full size-full wp-image-1985\" alt=\"Axarquia Nordic Consulting Matias Suikkanen, Torre Del Mar\" srcset=\"https:\/\/anax.es\/wp-content\/uploads\/2025\/09\/Matias_Torre_del_Mar_2.png 1206w, https:\/\/anax.es\/wp-content\/uploads\/2025\/09\/Matias_Torre_del_Mar_2-300x248.png 300w, https:\/\/anax.es\/wp-content\/uploads\/2025\/09\/Matias_Torre_del_Mar_2-1024x845.png 1024w, https:\/\/anax.es\/wp-content\/uploads\/2025\/09\/Matias_Torre_del_Mar_2-768x634.png 768w, https:\/\/anax.es\/wp-content\/uploads\/2025\/09\/Matias_Torre_del_Mar_2-15x12.png 15w\" sizes=\"(max-width: 1206px) 100vw, 1206px\" \/>\t\t\t\t\t\t\t\t\t\t\t\t\t\t\t<\/div>\n\t\t\t\t<\/div>\n\t\t\t\t<\/div>\n\t\t<div class=\"elementor-element elementor-element-64c9292 e-con-full e-flex e-con e-parent\" data-id=\"64c9292\" data-element_type=\"container\" data-e-type=\"container\" id=\"palvelumme\" data-settings=\"{&quot;background_background&quot;:&quot;classic&quot;,&quot;jet_parallax_layout_list&quot;:[]}\">\n\t\t<div class=\"elementor-element elementor-element-6f875d4 e-con-full e-flex e-con e-child\" data-id=\"6f875d4\" data-element_type=\"container\" data-e-type=\"container\" data-settings=\"{&quot;jet_parallax_layout_list&quot;:[],&quot;background_background&quot;:&quot;classic&quot;}\">\n\t\t\t\t<div class=\"elementor-element elementor-element-fe12eec elementor-widget elementor-widget-image\" data-id=\"fe12eec\" data-element_type=\"widget\" data-e-type=\"widget\" data-widget_type=\"image.default\">\n\t\t\t\t\t\t\t\t\t\t\t\t\t\t\t<img decoding=\"async\" width=\"800\" height=\"800\" src=\"https:\/\/anax.es\/wp-content\/uploads\/2025\/07\/Business_konsultointi_Malaga.png\" class=\"attachment-large size-large wp-image-909\" alt=\"\" srcset=\"https:\/\/anax.es\/wp-content\/uploads\/2025\/07\/Business_konsultointi_Malaga.png 1024w, https:\/\/anax.es\/wp-content\/uploads\/2025\/07\/Business_konsultointi_Malaga-300x300.png 300w, https:\/\/anax.es\/wp-content\/uploads\/2025\/07\/Business_konsultointi_Malaga-150x150.png 150w, https:\/\/anax.es\/wp-content\/uploads\/2025\/07\/Business_konsultointi_Malaga-768x768.png 768w, https:\/\/anax.es\/wp-content\/uploads\/2025\/07\/Business_konsultointi_Malaga-12x12.png 12w, https:\/\/anax.es\/wp-content\/uploads\/2025\/07\/elementor\/thumbs\/Business_konsultointi_Malaga-r8qt0r04mr6ufu67iy9yq35xdmehkwzrdzswetzhjc.png 500w\" sizes=\"(max-width: 800px) 100vw, 800px\" \/>\t\t\t\t\t\t\t\t\t\t\t\t\t\t\t<\/div>\n\t\t\t\t<\/div>\n\t\t<div class=\"elementor-element elementor-element-2faa3f5 e-con-full e-flex e-con e-child\" data-id=\"2faa3f5\" data-element_type=\"container\" data-e-type=\"container\" id=\"yritysneuvonta\" data-settings=\"{&quot;jet_parallax_layout_list&quot;:[]}\">\n\t\t\t\t<div class=\"elementor-element elementor-element-9dab7ba elementor-widget elementor-widget-heading\" data-id=\"9dab7ba\" data-element_type=\"widget\" data-e-type=\"widget\" data-widget_type=\"heading.default\">\n\t\t\t\t\t<h3 class=\"elementor-heading-title elementor-size-default\">Cr\u00e9ation d'entreprise et conseil aux entreprises<\/h3>\t\t\t\t<\/div>\n\t\t\t\t<div class=\"elementor-element elementor-element-38f2551 elementor-widget elementor-widget-text-editor\" data-id=\"38f2551\" data-element_type=\"widget\" data-e-type=\"widget\" data-widget_type=\"text-editor.default\">\n\t\t\t\t\t\t\t\t\t<ul><li>Conseils en mati\u00e8re de cr\u00e9ation d'entreprise (choix du mod\u00e8le SL, autonome ou autre)<\/li><li>Questions fiscales et administratives<\/li><li>Coordination des partenaires et bureaux locaux<\/li><li>Cartographie du march\u00e9 r\u00e9gional et du paysage concurrentiel<\/li><\/ul>\t\t\t\t\t\t\t\t<\/div>\n\t\t\t\t<div class=\"elementor-element elementor-element-14707ca elementor-widget elementor-widget-text-editor\" data-id=\"14707ca\" data-element_type=\"widget\" data-e-type=\"widget\" data-widget_type=\"text-editor.default\">\n\t\t\t\t\t\t\t\t\t<p><strong>Pour qui ?<\/strong><\/p><ul><li>Pour les entrepreneurs<\/li><li>Pour les petites entreprises<\/li><li>Diginomade<\/li><li>Pour les investisseurs<\/li><\/ul>\t\t\t\t\t\t\t\t<\/div>\n\t\t\t\t<div class=\"elementor-element elementor-element-2f34cbd elementor-align-left elementor-widget elementor-widget-button\" data-id=\"2f34cbd\" data-element_type=\"widget\" data-e-type=\"widget\" data-widget_type=\"button.default\">\n\t\t\t\t\t\t\t\t\t\t<a class=\"elementor-button elementor-button-link elementor-size-sm\" href=\"https:\/\/anax.es\/fr\/ota-yhteytta\/\">\n\t\t\t\t\t\t<span class=\"elementor-button-content-wrapper\">\n\t\t\t\t\t\t\t\t\t<span class=\"elementor-button-text\">Contactez<\/span>\n\t\t\t\t\t<\/span>\n\t\t\t\t\t<\/a>\n\t\t\t\t\t\t\t\t<\/div>\n\t\t\t\t<\/div>\n\t\t\t\t<\/div>\n\t\t<div class=\"elementor-element elementor-element-31edab7 e-flex e-con-boxed e-con e-parent\" data-id=\"31edab7\" data-element_type=\"container\" data-e-type=\"container\" data-settings=\"{&quot;jet_parallax_layout_list&quot;:[]}\">\n\t\t\t\t\t<div class=\"e-con-inner\">\n\t\t<div class=\"elementor-element elementor-element-4f19d90 e-con-full e-flex e-con e-child\" data-id=\"4f19d90\" data-element_type=\"container\" data-e-type=\"container\" id=\"asuntokaupat\" data-settings=\"{&quot;jet_parallax_layout_list&quot;:[],&quot;background_background&quot;:&quot;classic&quot;}\">\n\t\t\t\t<div class=\"elementor-element elementor-element-7c99ac0 elementor-widget elementor-widget-heading\" data-id=\"7c99ac0\" data-element_type=\"widget\" data-e-type=\"widget\" data-widget_type=\"heading.default\">\n\t\t\t\t\t<h3 class=\"elementor-heading-title elementor-size-default\">Services sp\u00e9cialis\u00e9s dans les transactions immobili\u00e8res<\/h3>\t\t\t\t<\/div>\n\t\t\t\t<div class=\"elementor-element elementor-element-0dc7b47 elementor-widget elementor-widget-text-editor\" data-id=\"0dc7b47\" data-element_type=\"widget\" data-e-type=\"widget\" data-widget_type=\"text-editor.default\">\n\t\t\t\t\t\t\t\t\t<ul><li>Conseils aux acheteurs et aux investisseurs (logements, locaux commerciaux, terrains)<\/li><li>Travailler avec des agents immobiliers et des avocats fiables<\/li><li>Assistance en mati\u00e8re de commerce, de licences et de fiscalit\u00e9<\/li><li>Rentabilit\u00e9 et analyse r\u00e9gionale de l'investissement r\u00e9sidentiel<\/li><\/ul>\t\t\t\t\t\t\t\t<\/div>\n\t\t\t\t<div class=\"elementor-element elementor-element-563203e elementor-widget elementor-widget-text-editor\" data-id=\"563203e\" data-element_type=\"widget\" data-e-type=\"widget\" data-widget_type=\"text-editor.default\">\n\t\t\t\t\t\t\t\t\t<p><strong>Pour qui ?<\/strong><\/p><ul><li>Pour les primo-acc\u00e9dants \u00e0 la propri\u00e9t\u00e9,<\/li><li>Pour les retrait\u00e9s,<\/li><li>Pour les investisseurs \u00e0 la recherche de revenus locatifs.<\/li><\/ul>\t\t\t\t\t\t\t\t<\/div>\n\t\t\t\t<div class=\"elementor-element elementor-element-e8bb7cb elementor-align-left elementor-widget-mobile__width-inherit elementor-widget elementor-widget-button\" data-id=\"e8bb7cb\" data-element_type=\"widget\" data-e-type=\"widget\" data-widget_type=\"button.default\">\n\t\t\t\t\t\t\t\t\t\t<a class=\"elementor-button elementor-button-link elementor-size-sm\" href=\"https:\/\/anax.es\/fr\/ota-yhteytta\/\">\n\t\t\t\t\t\t<span class=\"elementor-button-content-wrapper\">\n\t\t\t\t\t\t\t\t\t<span class=\"elementor-button-text\">Contactez<\/span>\n\t\t\t\t\t<\/span>\n\t\t\t\t\t<\/a>\n\t\t\t\t\t\t\t\t<\/div>\n\t\t\t\t<\/div>\n\t\t<div class=\"elementor-element elementor-element-01eac01 e-con-full e-flex e-con e-child\" data-id=\"01eac01\" data-element_type=\"container\" data-e-type=\"container\" data-settings=\"{&quot;jet_parallax_layout_list&quot;:[],&quot;background_background&quot;:&quot;classic&quot;}\">\n\t\t\t\t<div class=\"elementor-element elementor-element-a032254 elementor-widget elementor-widget-heading\" data-id=\"a032254\" data-element_type=\"widget\" data-e-type=\"widget\" data-widget_type=\"heading.default\">\n\t\t\t\t\t<h3 class=\"elementor-heading-title elementor-size-default\">Aide au d\u00e9m\u00e9nagement et \u00e0 l'installation<\/h3>\t\t\t\t<\/div>\n\t\t\t\t<div class=\"elementor-element elementor-element-5ad9c1f elementor-widget elementor-widget-text-editor\" data-id=\"5ad9c1f\" data-element_type=\"widget\" data-e-type=\"widget\" data-widget_type=\"text-editor.default\">\n\t\t\t\t\t\t\t\t\t<p><strong>Nous sommes l\u00e0 pour vous aider en Espagne<\/strong><\/p><ul><li>Num\u00e9ro NIE, compte bancaire, enregistrement<\/li><li>Conseils en mati\u00e8re d'\u00e9cole et de logement, conseils en mati\u00e8re de sant\u00e9<\/li><li>Interpr\u00e9tation, proc\u00e9dures administratives et enregistrements locaux<\/li><li>Vie pratique en Espagne<\/li><\/ul>\t\t\t\t\t\t\t\t<\/div>\n\t\t\t\t<div class=\"elementor-element elementor-element-206b04c elementor-widget elementor-widget-text-editor\" data-id=\"206b04c\" data-element_type=\"widget\" data-e-type=\"widget\" data-widget_type=\"text-editor.default\">\n\t\t\t\t\t\t\t\t\t<p><strong>Pour qui ?<\/strong><\/p><ul><li><span data-teams=\"true\">Pour les familles, <\/span><\/li><li><span data-teams=\"true\">Pour les retrait\u00e9s, <\/span><\/li><li><span data-teams=\"true\">Pour ceux qui commencent une nouvelle vie.<\/span><\/li><\/ul>\t\t\t\t\t\t\t\t<\/div>\n\t\t\t\t<div class=\"elementor-element elementor-element-8337595 elementor-align-left elementor-mobile-align-justify elementor-widget-mobile__width-inherit elementor-widget elementor-widget-button\" data-id=\"8337595\" data-element_type=\"widget\" data-e-type=\"widget\" data-widget_type=\"button.default\">\n\t\t\t\t\t\t\t\t\t\t<a class=\"elementor-button elementor-button-link elementor-size-sm\" href=\"https:\/\/anax.es\/fr\/ota-yhteytta\/\">\n\t\t\t\t\t\t<span class=\"elementor-button-content-wrapper\">\n\t\t\t\t\t\t\t\t\t<span class=\"elementor-button-text\">Contactez<\/span>\n\t\t\t\t\t<\/span>\n\t\t\t\t\t<\/a>\n\t\t\t\t\t\t\t\t<\/div>\n\t\t\t\t<\/div>\n\t\t\t\t\t<\/div>\n\t\t\t\t<\/div>\n\t\t<div class=\"elementor-element elementor-element-28a2df52 e-flex e-con-boxed e-con e-parent\" data-id=\"28a2df52\" data-element_type=\"container\" data-e-type=\"container\" data-settings=\"{&quot;jet_parallax_layout_list&quot;:[],&quot;background_background&quot;:&quot;classic&quot;,&quot;shape_divider_top&quot;:&quot;mountains&quot;}\">\n\t\t\t\t\t<div class=\"e-con-inner\">\n\t\t\t\t<div class=\"elementor-shape elementor-shape-top\" aria-hidden=\"true\" data-negative=\"false\">\n\t\t\t<svg xmlns=\"http:\/\/www.w3.org\/2000\/svg\" viewbox=\"0 0 1000 100\" preserveaspectratio=\"none\">\n\t<path class=\"elementor-shape-fill\" opacity=\"0.33\" d=\"M473,67.3c-203.9,88.3-263.1-34-320.3,0C66,119.1,0,59.7,0,59.7V0h1000v59.7 c0,0-62.1,26.1-94.9,29.3c-32.8,3.3-62.8-12.3-75.8-22.1C806,49.6,745.3,8.7,694.9,4.7S492.4,59,473,67.3z\"\/>\n\t<path class=\"elementor-shape-fill\" opacity=\"0.66\" d=\"M734,67.3c-45.5,0-77.2-23.2-129.1-39.1c-28.6-8.7-150.3-10.1-254,39.1 s-91.7-34.4-149.2,0C115.7,118.3,0,39.8,0,39.8V0h1000v36.5c0,0-28.2-18.5-92.1-18.5C810.2,18.1,775.7,67.3,734,67.3z\"\/>\n\t<path class=\"elementor-shape-fill\" d=\"M766.1,28.9c-200-57.5-266,65.5-395.1,19.5C242,1.8,242,5.4,184.8,20.6C128,35.8,132.3,44.9,89.9,52.5C28.6,63.7,0,0,0,0 h1000c0,0-9.9,40.9-83.6,48.1S829.6,47,766.1,28.9z\"\/>\n<\/svg>\t\t<\/div>\n\t\t\t\t<div class=\"elementor-element elementor-element-349d838f elementor-widget elementor-widget-heading\" data-id=\"349d838f\" data-element_type=\"widget\" data-e-type=\"widget\" data-widget_type=\"heading.default\">\n\t\t\t\t\t<h3 class=\"elementor-heading-title elementor-size-default\">Notre site<\/h3>\t\t\t\t<\/div>\n\t\t\t\t<div class=\"elementor-element elementor-element-6841f88a elementor-widget elementor-widget-text-editor\" data-id=\"6841f88a\" data-element_type=\"widget\" data-e-type=\"widget\" data-widget_type=\"text-editor.default\">\n\t\t\t\t\t\t\t\t\t<p><span data-teams=\"true\">Notre principale zone d'activit\u00e9 est Torre del Mar, mais nous servons des clients dans toute la r\u00e9gion de l'Axarqu\u00eda :<br \/><strong>V\u00e9lez-M\u00e1laga - Torrox - Algarrobo - Nerja - Rinc\u00f3n de la Victoria - Frigiliana<\/strong><\/span><\/p>\t\t\t\t\t\t\t\t<\/div>\n\t\t\t\t<div class=\"elementor-element elementor-element-2f29c89 elementor-align-center elementor-widget elementor-widget-button\" data-id=\"2f29c89\" data-element_type=\"widget\" data-e-type=\"widget\" data-widget_type=\"button.default\">\n\t\t\t\t\t\t\t\t\t\t<a class=\"elementor-button elementor-button-link elementor-size-sm\" href=\"https:\/\/anax.es\/fr\/ota-yhteytta\/\">\n\t\t\t\t\t\t<span class=\"elementor-button-content-wrapper\">\n\t\t\t\t\t\t\t\t\t<span class=\"elementor-button-text\">Contactez<\/span>\n\t\t\t\t\t<\/span>\n\t\t\t\t\t<\/a>\n\t\t\t\t\t\t\t\t<\/div>\n\t\t\t\t\t<\/div>\n\t\t\t\t<\/div>\n\t\t\t\t<\/div>","protected":false},"excerpt":{"rendered":"<p>Autamme suomalaisia yrityksi\u00e4 menestym\u00e4\u00e4n Costa del Solissa Paikallinen asiantuntemus, luotettavat kontaktit ja k\u00e4yt\u00e4nn\u00f6n tuki vienniss\u00e4 ja investoinneissa Espanjaan Yritykset &#8211; Asuntokaupat &#8211; Konsultointi Torre del Mar \u2022 Axarqu\u00eda \u2022 Costa del Sol Markkinoille tulo Espanjaan Markkinapotentiaalin kartoitus Kilpailija-analyysi Hinnoittelu ja jakelukanavat Paikalliset k\u00e4yt\u00e4nn\u00f6t ja kulttuurierot Vienti &amp; myynti Costa del Solissa Paikallisten kumppaneiden etsiminen Myyntikanavien [&hellip;]<\/p>\n","protected":false},"author":2,"featured_media":0,"parent":0,"menu_order":0,"comment_status":"closed","ping_status":"closed","template":"elementor_header_footer","meta":{"iawp_total_views":774,"footnotes":""},"class_list":["post-13","page","type-page","status-publish","hentry"],"_links":{"self":[{"href":"https:\/\/anax.es\/fr\/wp-json\/wp\/v2\/pages\/13","targetHints":{"allow":["GET"]}}],"collection":[{"href":"https:\/\/anax.es\/fr\/wp-json\/wp\/v2\/pages"}],"about":[{"href":"https:\/\/anax.es\/fr\/wp-json\/wp\/v2\/types\/page"}],"author":[{"embeddable":true,"href":"https:\/\/anax.es\/fr\/wp-json\/wp\/v2\/users\/2"}],"replies":[{"embeddable":true,"href":"https:\/\/anax.es\/fr\/wp-json\/wp\/v2\/comments?post=13"}],"version-history":[{"count":629,"href":"https:\/\/anax.es\/fr\/wp-json\/wp\/v2\/pages\/13\/revisions"}],"predecessor-version":[{"id":2409,"href":"https:\/\/anax.es\/fr\/wp-json\/wp\/v2\/pages\/13\/revisions\/2409"}],"wp:attachment":[{"href":"https:\/\/anax.es\/fr\/wp-json\/wp\/v2\/media?parent=13"}],"curies":[{"name":"wp","href":"https:\/\/api.w.org\/{rel}","templated":true}]}}