{"id":3,"date":"2025-07-08T18:13:43","date_gmt":"2025-07-08T18:13:43","guid":{"rendered":"http:\/\/anax.es\/?page_id=3"},"modified":"2025-07-10T21:05:32","modified_gmt":"2025-07-10T18:05:32","slug":"politica-de-privacidad","status":"publish","type":"page","link":"https:\/\/anax.es\/es\/privacy-policy\/","title":{"rendered":"Pol\u00edtica de privacidad"},"content":{"rendered":"<div data-elementor-type=\"wp-page\" data-elementor-id=\"3\" class=\"elementor elementor-3\" data-elementor-post-type=\"page\">\n\t\t\t\t<div class=\"elementor-element elementor-element-627e9005 e-flex e-con-boxed e-con e-parent\" data-id=\"627e9005\" data-element_type=\"container\" data-e-type=\"container\" data-settings=\"{&quot;background_background&quot;:&quot;classic&quot;,&quot;jet_parallax_layout_list&quot;:[]}\">\n\t\t\t\t\t<div class=\"e-con-inner\">\n\t\t<div class=\"elementor-element elementor-element-ae7c8a1 e-con-full e-flex e-con e-child\" data-id=\"ae7c8a1\" data-element_type=\"container\" data-e-type=\"container\" data-settings=\"{&quot;background_background&quot;:&quot;classic&quot;,&quot;jet_parallax_layout_list&quot;:[]}\">\n\t\t\t\t<div class=\"elementor-element elementor-element-2c63d893 elementor-widget elementor-widget-text-editor\" data-id=\"2c63d893\" data-element_type=\"widget\" data-e-type=\"widget\" data-widget_type=\"text-editor.default\">\n\t\t\t\t\t\t\t\t\t\n<p><strong>V\u00e1lido a partir del: 10.7.2025<\/strong><\/p>\n\n<h3 class=\"wp-block-heading\"><strong>1. El controlador<\/strong><\/h3>\n\n<ul class=\"wp-block-list\">\n<li><strong>Nombre:<\/strong> Fimafri Oy<\/li>\n\n<li><strong>Identificaci\u00f3n de la empresa:<\/strong> 2816888-4<\/li>\n\n<li><strong>Domicilio:<\/strong> Kouvola<\/li>\n\n<li><strong>Direcci\u00f3n:<\/strong> Tolkkilankatu 6 A 24, 45100 Kouvola, Finlandia<\/li>\n\n<li><strong>Correo electr\u00f3nico:<\/strong> <a href=\"mailto:info@anax.es\">info@anax.es<\/a><\/li>\n\n<li><strong>Tel\u00e9fono:<\/strong> +358 44 236 9782<\/li>\n<\/ul>\n\n<h3 class=\"wp-block-heading\"><strong>2. Responsable de protecci\u00f3n de datos<\/strong><\/h3>\n\n<ul class=\"wp-block-list\">\n<li>Por favor, notif\u00edquelo a esta persona si es necesario: podr\u00eda ser el director general o una persona encargada de la protecci\u00f3n de datos, por ejemplo.<\/li>\n<\/ul>\n\n<h3 class=\"wp-block-heading\"><strong>3. Grupos de inscritos<\/strong><\/h3>\n\n<p>Los datos personales tratados en el registro incluyen:<\/p>\n\n<ul class=\"wp-block-list\">\n<li>Clientes, contacto a trav\u00e9s de formularios.<\/li>\n\n<li>Las partes interesadas, como los socios.<\/li>\n\n<li>Demandantes de empleo (en caso de contrataci\u00f3n).<\/li>\n<\/ul>\n\n<h3 class=\"wp-block-heading\"><strong>4. Tipos de datos tratados<\/strong><\/h3>\n\n<p>Los datos procesados incluyen:<\/p>\n\n<ul class=\"wp-block-list\">\n<li>Informaci\u00f3n de contacto: nombre, direcci\u00f3n, correo electr\u00f3nico, n\u00famero de tel\u00e9fono<\/li>\n\n<li>Informaci\u00f3n sobre la empresa y el cargo\/t\u00edtulo (por ejemplo, funci\u00f3n del encuestado)<\/li>\n\n<li>Informaci\u00f3n sobre pagos o contratos (pedidos, facturas)<\/li>\n\n<li>Informaci\u00f3n voluntaria facilitada a trav\u00e9s de formularios<\/li>\n\n<li>Direcci\u00f3n IP y datos anal\u00edticos de las cookies<\/li>\n<\/ul>\n\n<h3 class=\"wp-block-heading\"><strong>5. Finalidad y fundamento jur\u00eddico del tratamiento<\/strong><\/h3>\n\n<p>Los datos se tratan con los siguientes fines<\/p>\n\n<ol class=\"wp-block-list\">\n<li>Gesti\u00f3n de la relaci\u00f3n con el cliente y facturaci\u00f3n (obligaci\u00f3n contable - conservaci\u00f3n de datos personales durante 7 a\u00f1os)<\/li>\n\n<li>Comunicaci\u00f3n y atenci\u00f3n al cliente.<\/li>\n\n<li>Marketing y boletines informativos (s\u00f3lo con consentimiento).<\/li>\n\n<li>Seguimiento de la actividad del sitio web (Google Analytics, cookies, consentimiento).<\/li>\n\n<li>Cumplimiento de obligaciones legales (por ejemplo, contabilidad).<\/li>\n<\/ol>\n\n<p>Los motivos legales son:<\/p>\n\n<ul class=\"wp-block-list\">\n<li>Discusiones en el momento de la facturaci\u00f3n: una obligaci\u00f3n legal.<\/li>\n\n<li>Marketing - consentimiento.<\/li>\n\n<li>An\u00e1lisis del sitio web - inter\u00e9s leg\u00edtimo del responsable del tratamiento<\/li>\n<\/ul>\n\n<h3 class=\"wp-block-heading\"><strong>6. Periodo de conservaci\u00f3n de los datos<\/strong><\/h3>\n\n<ul class=\"wp-block-list\">\n<li>Registros contables (por ejemplo, datos de clientes y pagos): 7 a\u00f1os.<\/li>\n\n<li>Registro de comercializaci\u00f3n: hasta que se retire el consentimiento.<\/li>\n\n<li>An\u00e1lisis del sitio web (Google Analytics)<\/li>\n<\/ul>\n\n<h3 class=\"wp-block-heading\"><strong>7. Transmisi\u00f3n de datos y destinatarios<\/strong><\/h3>\n\n<p>La informaci\u00f3n puede ser divulgada:<\/p>\n\n<ul class=\"wp-block-list\">\n<li>Para las autoridades p\u00fablicas sobre la base de requisitos legales.<\/li>\n\n<li>Proveedores de servicios (por ejemplo, marketing por correo electr\u00f3nico, an\u00e1lisis) con un acuerdo de tratamiento de datos.<\/li>\n\n<li>Cookies a terceros proveedores de servicios (Google Analytics, algunos servicios de plugins, etc.).<\/li>\n<\/ul>\n\n<p>Los datos no se transferir\u00e1n fuera de la UE\/EEE sin los mecanismos de seguridad adecuados.<\/p>\n\n<h3 class=\"wp-block-heading\"><strong>8. Derechos del interesado<\/strong><\/h3>\n\n<p>El interesado tiene derecho a:<\/p>\n\n<ul class=\"wp-block-list\">\n<li><strong>Derecho de acceso<\/strong> a sus propios datos.<\/li>\n\n<li><strong>Correcto<\/strong> informaci\u00f3n incorrecta.<\/li>\n\n<li><strong>Borrar datos<\/strong> (\"derecho al olvido\") cuando la ley lo permita.<\/li>\n\n<li><strong>Limitar el tratamiento u oponerse a \u00e9l<\/strong>Tambi\u00e9n en marketing directo.<\/li>\n\n<li><strong>Portabilidad de los datos<\/strong> a otro r\u00e9gimen (en la medida en que lo permita la ley).<\/li>\n\n<li><strong>Retirar el consentimiento<\/strong> marketing y an\u00e1lisis.<\/li>\n\n<li><strong>Reclamar ante la autoridad de protecci\u00f3n de datos<\/strong> (Oficina del Defensor de la Protecci\u00f3n de Datos, P.O. Box 800, 00531 Helsinki; <a href=\"mailto:tietosuoja@om.fi\">tietosuoja@om.fi<\/a>).<\/li>\n<\/ul>\n\n<h3 class=\"wp-block-heading\"><strong>9. Cookies<\/strong><\/h3>\n\n<p>El sitio web de Fimafr utiliza:<\/p>\n\n<ul class=\"wp-block-list\">\n<li>Cookies necesarias para la funcionalidad del sitio.<\/li>\n\n<li>Para uso anal\u00edtico, cookies de Google Analytics, s\u00f3lo con consentimiento.<\/li>\n\n<li>Las cookies del sitio web se activan mediante consentimiento<\/li>\n<\/ul>\n\n<h3 class=\"wp-block-heading\"><strong>10. Medidas de seguridad<\/strong><\/h3>\n\n<p>Los datos se tratar\u00e1n de forma confidencial y segura:<\/p>\n\n<ul class=\"wp-block-list\">\n<li>Con nombres de usuario, encriptaci\u00f3n, restricciones de acceso.<\/li>\n\n<li>Mediante acuerdos de tratamiento de datos con socios.<\/li>\n\n<li>Con actualizaciones y copias de seguridad peri\u00f3dicas.<\/li>\n<\/ul>\n\n<h3 class=\"wp-block-heading\"><strong>11. Protecci\u00f3n de datos<\/strong><\/h3>\n\n<p>Puede ponerse en contacto con el responsable de protecci\u00f3n de datos para cualquier asunto relacionado con la protecci\u00f3n de datos (<a>info@anax.es<\/a>).<\/p>\n<hr class=\"wp-block-separator has-alpha-channel-opacity\" \/>\n<p>\u00a0<\/p>\n\t\t\t\t\t\t\t\t<\/div>\n\t\t\t\t<\/div>\n\t\t\t\t\t<\/div>\n\t\t\t\t<\/div>\n\t\t\t\t<\/div>","protected":false},"excerpt":{"rendered":"<p>Voimassa alkaen: 10.7.2025 1. Rekisterinpit\u00e4j\u00e4 2. Tietosuojavastaava 3. Rekister\u00f6ityjen ryhm\u00e4t Rekisteriss\u00e4 k\u00e4sitelt\u00e4v\u00e4t henkil\u00f6tiedot kuuluvat mm.: 4. K\u00e4sitelt\u00e4v\u00e4t tietotyypit K\u00e4sitelt\u00e4vi\u00e4 tietoja ovat mm.: 5. K\u00e4sittelyn tarkoitus ja oikeusperuste Tietoja k\u00e4sitell\u00e4\u00e4n seuraaviin tarkoituksiin: Oikeusperusteena ovat: 6. Tietojen s\u00e4ilytysaika 7. Tietojen siirto ja vastaanottajat Tietoja voidaan luovuttaa: Tietoja ei siirret\u00e4 EU\/ETA\u2011alueen ulkopuolelle ilman asianmukaisia turvamekanismeja. 8. Rekister\u00f6idyn oikeudet [&hellip;]<\/p>\n","protected":false},"author":1,"featured_media":0,"parent":0,"menu_order":0,"comment_status":"closed","ping_status":"open","template":"","meta":{"iawp_total_views":5,"footnotes":""},"class_list":["post-3","page","type-page","status-publish","hentry"],"_links":{"self":[{"href":"https:\/\/anax.es\/es\/wp-json\/wp\/v2\/pages\/3","targetHints":{"allow":["GET"]}}],"collection":[{"href":"https:\/\/anax.es\/es\/wp-json\/wp\/v2\/pages"}],"about":[{"href":"https:\/\/anax.es\/es\/wp-json\/wp\/v2\/types\/page"}],"author":[{"embeddable":true,"href":"https:\/\/anax.es\/es\/wp-json\/wp\/v2\/users\/1"}],"replies":[{"embeddable":true,"href":"https:\/\/anax.es\/es\/wp-json\/wp\/v2\/comments?post=3"}],"version-history":[{"count":10,"href":"https:\/\/anax.es\/es\/wp-json\/wp\/v2\/pages\/3\/revisions"}],"predecessor-version":[{"id":871,"href":"https:\/\/anax.es\/es\/wp-json\/wp\/v2\/pages\/3\/revisions\/871"}],"wp:attachment":[{"href":"https:\/\/anax.es\/es\/wp-json\/wp\/v2\/media?parent=3"}],"curies":[{"name":"wp","href":"https:\/\/api.w.org\/{rel}","templated":true}]}}