{"id":2218,"date":"2026-01-31T16:29:27","date_gmt":"2026-01-31T14:29:27","guid":{"rendered":"https:\/\/anax.es\/?page_id=2218"},"modified":"2026-02-03T16:03:10","modified_gmt":"2026-02-03T14:03:10","slug":"representacion-comercial-e-institucional-y-ferias-internacionales","status":"publish","type":"page","link":"https:\/\/anax.es\/es\/kaupallinen-ja-institutionaalinen-edustus-seka-kansainvaliset-messut\/","title":{"rendered":"Representaci\u00f3n comercial e institucional y ferias internacionales"},"content":{"rendered":"<div data-elementor-type=\"wp-page\" data-elementor-id=\"2218\" class=\"elementor elementor-2218\" data-elementor-post-type=\"page\">\n\t\t\t\t<div class=\"elementor-element elementor-element-dbdca33 e-flex e-con-boxed e-con e-parent\" data-id=\"dbdca33\" data-element_type=\"container\" data-e-type=\"container\" data-settings=\"{&quot;background_background&quot;:&quot;classic&quot;,&quot;jet_parallax_layout_list&quot;:[]}\">\n\t\t\t\t\t<div class=\"e-con-inner\">\n\t\t<div class=\"elementor-element elementor-element-3a05aad e-con-full e-flex e-con e-child\" data-id=\"3a05aad\" data-element_type=\"container\" data-e-type=\"container\" data-settings=\"{&quot;jet_parallax_layout_list&quot;:[]}\">\n\t\t\t\t<div class=\"elementor-element elementor-element-1cc3a57 elementor-widget elementor-widget-heading\" data-id=\"1cc3a57\" data-element_type=\"widget\" data-e-type=\"widget\" data-widget_type=\"heading.default\">\n\t\t\t\t\t<h2 class=\"elementor-heading-title elementor-size-default\">Representaci\u00f3n comercial e institucional y ferias internacionales<\/h2>\t\t\t\t<\/div>\n\t\t\t\t<\/div>\n\t\t<div class=\"elementor-element elementor-element-3ba5aec e-con-full e-flex e-con e-child\" data-id=\"3ba5aec\" data-element_type=\"container\" data-e-type=\"container\" data-settings=\"{&quot;jet_parallax_layout_list&quot;:[]}\">\n\t\t\t\t<div class=\"elementor-element elementor-element-0a174e2 elementor-widget elementor-widget-image\" data-id=\"0a174e2\" data-element_type=\"widget\" data-e-type=\"widget\" data-widget_type=\"image.default\">\n\t\t\t\t\t\t\t\t\t\t\t\t\t\t\t<img decoding=\"async\" src=\"https:\/\/anax.es\/wp-content\/uploads\/elementor\/thumbs\/fairs-rim3dtjx9hi78h7q2nw7uty2k3l4p605feknohkuq0.png\" title=\"ferias\" alt=\"ferias\" loading=\"lazy\" \/>\t\t\t\t\t\t\t\t\t\t\t\t\t\t\t<\/div>\n\t\t\t\t<\/div>\n\t\t\t\t\t<\/div>\n\t\t\t\t<\/div>\n\t\t<div class=\"elementor-element elementor-element-6d86fde e-flex e-con-boxed e-con e-parent\" data-id=\"6d86fde\" data-element_type=\"container\" data-e-type=\"container\" data-settings=\"{&quot;jet_parallax_layout_list&quot;:[]}\">\n\t\t\t\t\t<div class=\"e-con-inner\">\n\t\t<div class=\"elementor-element elementor-element-59b01f3 e-con-full e-flex e-con e-child\" data-id=\"59b01f3\" data-element_type=\"container\" data-e-type=\"container\" data-settings=\"{&quot;jet_parallax_layout_list&quot;:[]}\">\n\t\t\t\t<div class=\"elementor-element elementor-element-2ead36c elementor-widget elementor-widget-heading\" data-id=\"2ead36c\" data-element_type=\"widget\" data-e-type=\"widget\" data-widget_type=\"heading.default\">\n\t\t\t\t\t<h2 class=\"elementor-heading-title elementor-size-default\">HAASTEENNE<\/h2>\t\t\t\t<\/div>\n\t\t\t\t<div class=\"elementor-element elementor-element-22dce2d elementor-widget elementor-widget-text-editor\" data-id=\"22dce2d\" data-element_type=\"widget\" data-e-type=\"widget\" data-widget_type=\"text-editor.default\">\n\t\t\t\t\t\t\t\t\t<ul><li data-start=\"0\" data-end=\"55\"><p data-start=\"2\" data-end=\"55\">Atraiga nuevos inversores extranjeros a su regi\u00f3n<\/p><\/li><li data-start=\"56\" data-end=\"125\"><p data-start=\"58\" data-end=\"125\">Aumentar la visibilidad y el atractivo de su regi\u00f3n a escala internacional<\/p><\/li><li data-start=\"126\" data-end=\"195\"><p data-start=\"128\" data-end=\"195\">Organice reuniones B2B con empresas y asociaciones de su regi\u00f3n<\/p><\/li><li data-start=\"196\" data-end=\"271\" data-is-last-node=\"\"><p data-start=\"198\" data-end=\"271\" data-is-last-node=\"\">Atraer a compradores potenciales y delegados VIP a eventos y ferias comerciales<\/p><\/li><\/ul>\t\t\t\t\t\t\t\t<\/div>\n\t\t\t\t<\/div>\n\t\t<div class=\"elementor-element elementor-element-8ea398d e-con-full e-flex e-con e-child\" data-id=\"8ea398d\" data-element_type=\"container\" data-e-type=\"container\" data-settings=\"{&quot;jet_parallax_layout_list&quot;:[]}\">\n\t\t\t\t<div class=\"elementor-element elementor-element-889cfcd elementor-widget elementor-widget-image\" data-id=\"889cfcd\" data-element_type=\"widget\" data-e-type=\"widget\" data-widget_type=\"image.default\">\n\t\t\t\t\t\t\t\t\t\t\t\t\t\t\t<img fetchpriority=\"high\" decoding=\"async\" width=\"800\" height=\"448\" src=\"https:\/\/anax.es\/wp-content\/uploads\/2026\/02\/Organize-B2B-1024x573.jpg\" class=\"attachment-large size-large wp-image-2370\" alt=\"\" srcset=\"https:\/\/anax.es\/wp-content\/uploads\/2026\/02\/Organize-B2B-1024x573.jpg 1024w, https:\/\/anax.es\/wp-content\/uploads\/2026\/02\/Organize-B2B-300x168.jpg 300w, https:\/\/anax.es\/wp-content\/uploads\/2026\/02\/Organize-B2B-768x430.jpg 768w, https:\/\/anax.es\/wp-content\/uploads\/2026\/02\/Organize-B2B-1536x860.jpg 1536w, https:\/\/anax.es\/wp-content\/uploads\/2026\/02\/Organize-B2B-18x10.jpg 18w, https:\/\/anax.es\/wp-content\/uploads\/2026\/02\/Organize-B2B.jpg 1600w\" sizes=\"(max-width: 800px) 100vw, 800px\" \/>\t\t\t\t\t\t\t\t\t\t\t\t\t\t\t<\/div>\n\t\t\t\t<\/div>\n\t\t\t\t\t<\/div>\n\t\t\t\t<\/div>\n\t\t<div class=\"elementor-element elementor-element-e5d7a60 e-flex e-con-boxed e-con e-parent\" data-id=\"e5d7a60\" data-element_type=\"container\" data-e-type=\"container\" data-settings=\"{&quot;jet_parallax_layout_list&quot;:[]}\">\n\t\t\t\t\t<div class=\"e-con-inner\">\n\t\t<div class=\"elementor-element elementor-element-3c58af5 e-con-full e-flex e-con e-child\" data-id=\"3c58af5\" data-element_type=\"container\" data-e-type=\"container\" data-settings=\"{&quot;jet_parallax_layout_list&quot;:[]}\">\n\t\t\t\t<div class=\"elementor-element elementor-element-813b599 elementor-widget elementor-widget-image\" data-id=\"813b599\" data-element_type=\"widget\" data-e-type=\"widget\" data-widget_type=\"image.default\">\n\t\t\t\t\t\t\t\t\t\t\t\t\t\t\t<img decoding=\"async\" width=\"800\" height=\"534\" src=\"https:\/\/anax.es\/wp-content\/uploads\/2026\/02\/acompagnement-1024x683.jpg\" class=\"attachment-large size-large wp-image-2372\" alt=\"\" srcset=\"https:\/\/anax.es\/wp-content\/uploads\/2026\/02\/acompagnement-1024x683.jpg 1024w, https:\/\/anax.es\/wp-content\/uploads\/2026\/02\/acompagnement-300x200.jpg 300w, https:\/\/anax.es\/wp-content\/uploads\/2026\/02\/acompagnement-768x512.jpg 768w, https:\/\/anax.es\/wp-content\/uploads\/2026\/02\/acompagnement-1536x1024.jpg 1536w, https:\/\/anax.es\/wp-content\/uploads\/2026\/02\/acompagnement-2048x1365.jpg 2048w, https:\/\/anax.es\/wp-content\/uploads\/2026\/02\/acompagnement-18x12.jpg 18w\" sizes=\"(max-width: 800px) 100vw, 800px\" \/>\t\t\t\t\t\t\t\t\t\t\t\t\t\t\t<\/div>\n\t\t\t\t<\/div>\n\t\t<div class=\"elementor-element elementor-element-d5f0a2a e-con-full e-flex e-con e-child\" data-id=\"d5f0a2a\" data-element_type=\"container\" data-e-type=\"container\" data-settings=\"{&quot;jet_parallax_layout_list&quot;:[]}\">\n\t\t\t\t<div class=\"elementor-element elementor-element-8f38548 elementor-widget elementor-widget-heading\" data-id=\"8f38548\" data-element_type=\"widget\" data-e-type=\"widget\" data-widget_type=\"heading.default\">\n\t\t\t\t\t<h2 class=\"elementor-heading-title elementor-size-default\">NUESTROS SERVICIOS<\/h2>\t\t\t\t<\/div>\n\t\t\t\t<div class=\"elementor-element elementor-element-2741928 elementor-widget elementor-widget-text-editor\" data-id=\"2741928\" data-element_type=\"widget\" data-e-type=\"widget\" data-widget_type=\"text-editor.default\">\n\t\t\t\t\t\t\t\t\t<ul class=\"trx_addons_list trx_addons_list_dot_red\"><li>Representaci\u00f3n de los intereses de su regi\u00f3n y asociaci\u00f3n con otros pa\u00edses<\/li><li>Utilizaci\u00f3n de los medios de comunicaci\u00f3n (campa\u00f1a de prensa, mailing, etc.)<\/li><li>Prospection active et remont\u00e9e de leads potentiels en investissement<\/li><li>Acompa\u00f1amiento de los inversores en el seguimiento de sus proyectos hasta su implantaci\u00f3n<\/li><li>Informes peri\u00f3dicos de las acciones<\/li><li>Valorizaci\u00f3n de su imagen mediante la comunicaci\u00f3n regular y la participaci\u00f3n en eventos locales<\/li><\/ul>\t\t\t\t\t\t\t\t<\/div>\n\t\t\t\t<\/div>\n\t\t\t\t\t<\/div>\n\t\t\t\t<\/div>\n\t\t\t\t<\/div>","protected":false},"excerpt":{"rendered":"<p>Kaupallinen ja institutionaalinen edustus sek\u00e4 kansainv\u00e4liset messut HAASTEENNE Houkutella uusia ulkomaisia sijoittajia alueellenne Lis\u00e4t\u00e4 alueenne n\u00e4kyvyytt\u00e4 ja vetovoimaa kansainv\u00e4lisell\u00e4 tasolla J\u00e4rjest\u00e4\u00e4 B2B-tapaamisia alueenne yritysten ja yhdistysten kanssa Saada potentiaalisia ostajia ja VIP-delegaatiota tapahtumiin ja messuille PALVELUMME Repr\u00e9sentation des int\u00e9r\u00eats de votre r\u00e9gion et association sur nos pays Mise en place des outils de communication (campagne [&hellip;]<\/p>\n","protected":false},"author":2,"featured_media":0,"parent":0,"menu_order":0,"comment_status":"closed","ping_status":"closed","template":"elementor_header_footer","meta":{"iawp_total_views":10,"footnotes":""},"class_list":["post-2218","page","type-page","status-publish","hentry"],"_links":{"self":[{"href":"https:\/\/anax.es\/es\/wp-json\/wp\/v2\/pages\/2218","targetHints":{"allow":["GET"]}}],"collection":[{"href":"https:\/\/anax.es\/es\/wp-json\/wp\/v2\/pages"}],"about":[{"href":"https:\/\/anax.es\/es\/wp-json\/wp\/v2\/types\/page"}],"author":[{"embeddable":true,"href":"https:\/\/anax.es\/es\/wp-json\/wp\/v2\/users\/2"}],"replies":[{"embeddable":true,"href":"https:\/\/anax.es\/es\/wp-json\/wp\/v2\/comments?post=2218"}],"version-history":[{"count":25,"href":"https:\/\/anax.es\/es\/wp-json\/wp\/v2\/pages\/2218\/revisions"}],"predecessor-version":[{"id":2378,"href":"https:\/\/anax.es\/es\/wp-json\/wp\/v2\/pages\/2218\/revisions\/2378"}],"wp:attachment":[{"href":"https:\/\/anax.es\/es\/wp-json\/wp\/v2\/media?parent=2218"}],"curies":[{"name":"wp","href":"https:\/\/api.w.org\/{rel}","templated":true}]}}