{"id":2213,"date":"2026-01-31T16:26:16","date_gmt":"2026-01-31T14:26:16","guid":{"rendered":"https:\/\/anax.es\/?page_id=2213"},"modified":"2026-02-03T15:13:48","modified_gmt":"2026-02-03T13:13:48","slug":"abastecimiento-y-calidad-abastecimiento-calidad","status":"publish","type":"page","link":"https:\/\/anax.es\/es\/hankinta-ja-laatu-sourcing-quality\/","title":{"rendered":"Abastecimiento y calidad (Abastecimiento y calidad)"},"content":{"rendered":"<div data-elementor-type=\"wp-page\" data-elementor-id=\"2213\" class=\"elementor elementor-2213\" data-elementor-post-type=\"page\">\n\t\t\t\t<div class=\"elementor-element elementor-element-31fc343 e-flex e-con-boxed e-con e-parent\" data-id=\"31fc343\" data-element_type=\"container\" data-e-type=\"container\" data-settings=\"{&quot;background_background&quot;:&quot;classic&quot;,&quot;jet_parallax_layout_list&quot;:[]}\">\n\t\t\t\t\t<div class=\"e-con-inner\">\n\t\t<div class=\"elementor-element elementor-element-150c753 e-con-full e-flex e-con e-child\" data-id=\"150c753\" data-element_type=\"container\" data-e-type=\"container\" data-settings=\"{&quot;jet_parallax_layout_list&quot;:[]}\">\n\t\t\t\t<div class=\"elementor-element elementor-element-fe0b321 elementor-widget elementor-widget-heading\" data-id=\"fe0b321\" data-element_type=\"widget\" data-e-type=\"widget\" data-widget_type=\"heading.default\">\n\t\t\t\t\t<h2 class=\"elementor-heading-title elementor-size-default\">Abastecimiento y calidad (Abastecimiento y calidad)<\/h2>\t\t\t\t<\/div>\n\t\t\t\t<\/div>\n\t\t<div class=\"elementor-element elementor-element-4b59214 e-con-full e-flex e-con e-child\" data-id=\"4b59214\" data-element_type=\"container\" data-e-type=\"container\" data-settings=\"{&quot;jet_parallax_layout_list&quot;:[]}\">\n\t\t\t\t<div class=\"elementor-element elementor-element-c32be92 elementor-widget elementor-widget-image\" data-id=\"c32be92\" data-element_type=\"widget\" data-e-type=\"widget\" data-widget_type=\"image.default\">\n\t\t\t\t\t\t\t\t\t\t\t\t\t\t\t<img decoding=\"async\" src=\"https:\/\/anax.es\/wp-content\/uploads\/elementor\/thumbs\/factory-production-scaled-rim1iqsjk3okq8nar63nf9awh876eqppvem9sn18qw.jpg\" title=\"f\u00e1brica-producci\u00f3n\" alt=\"f\u00e1brica-producci\u00f3n\" loading=\"lazy\" \/>\t\t\t\t\t\t\t\t\t\t\t\t\t\t\t<\/div>\n\t\t\t\t<\/div>\n\t\t\t\t\t<\/div>\n\t\t\t\t<\/div>\n\t\t<div class=\"elementor-element elementor-element-6d86fde e-flex e-con-boxed e-con e-parent\" data-id=\"6d86fde\" data-element_type=\"container\" data-e-type=\"container\" data-settings=\"{&quot;jet_parallax_layout_list&quot;:[]}\">\n\t\t\t\t\t<div class=\"e-con-inner\">\n\t\t<div class=\"elementor-element elementor-element-59b01f3 e-con-full e-flex e-con e-child\" data-id=\"59b01f3\" data-element_type=\"container\" data-e-type=\"container\" data-settings=\"{&quot;jet_parallax_layout_list&quot;:[]}\">\n\t\t\t\t<div class=\"elementor-element elementor-element-2ead36c elementor-widget elementor-widget-heading\" data-id=\"2ead36c\" data-element_type=\"widget\" data-e-type=\"widget\" data-widget_type=\"heading.default\">\n\t\t\t\t\t<h2 class=\"elementor-heading-title elementor-size-default\">HAASTEENNE<\/h2>\t\t\t\t<\/div>\n\t\t\t\t<div class=\"elementor-element elementor-element-22dce2d elementor-widget elementor-widget-text-editor\" data-id=\"22dce2d\" data-element_type=\"widget\" data-e-type=\"widget\" data-widget_type=\"text-editor.default\">\n\t\t\t\t\t\t\t\t\t<ul><li data-start=\"0\" data-end=\"65\"><p data-start=\"2\" data-end=\"65\">Identifique el pa\u00eds adecuado para comprar sus productos y servicios<\/p><\/li><li data-start=\"66\" data-end=\"182\"><p data-start=\"68\" data-end=\"182\">Encuentre proveedores que puedan cumplir sus requisitos, con alta calidad y a precios competitivos<\/p><\/li><li data-start=\"183\" data-end=\"235\"><p data-start=\"185\" data-end=\"235\">Garantizar las competencias y la capacidad de los proveedores<\/p><\/li><li data-start=\"236\" data-end=\"279\" data-is-last-node=\"\"><p data-start=\"238\" data-end=\"279\" data-is-last-node=\"\">Asegurar la cadena de suministro y la calidad de los productos<\/p><\/li><\/ul>\t\t\t\t\t\t\t\t<\/div>\n\t\t\t\t<\/div>\n\t\t<div class=\"elementor-element elementor-element-8ea398d e-con-full e-flex e-con e-child\" data-id=\"8ea398d\" data-element_type=\"container\" data-e-type=\"container\" data-settings=\"{&quot;jet_parallax_layout_list&quot;:[]}\">\n\t\t\t\t<div class=\"elementor-element elementor-element-889cfcd elementor-widget elementor-widget-image\" data-id=\"889cfcd\" data-element_type=\"widget\" data-e-type=\"widget\" data-widget_type=\"image.default\">\n\t\t\t\t\t\t\t\t\t\t\t\t\t\t\t<img fetchpriority=\"high\" decoding=\"async\" width=\"800\" height=\"457\" src=\"https:\/\/anax.es\/wp-content\/uploads\/2026\/02\/product-factory-1024x585.png\" class=\"attachment-large size-large wp-image-2351\" alt=\"\" srcset=\"https:\/\/anax.es\/wp-content\/uploads\/2026\/02\/product-factory-1024x585.png 1024w, https:\/\/anax.es\/wp-content\/uploads\/2026\/02\/product-factory-300x171.png 300w, https:\/\/anax.es\/wp-content\/uploads\/2026\/02\/product-factory-768x439.png 768w, https:\/\/anax.es\/wp-content\/uploads\/2026\/02\/product-factory-18x10.png 18w, https:\/\/anax.es\/wp-content\/uploads\/2026\/02\/product-factory.png 1344w\" sizes=\"(max-width: 800px) 100vw, 800px\" \/>\t\t\t\t\t\t\t\t\t\t\t\t\t\t\t<\/div>\n\t\t\t\t<\/div>\n\t\t\t\t\t<\/div>\n\t\t\t\t<\/div>\n\t\t<div class=\"elementor-element elementor-element-e5d7a60 e-flex e-con-boxed e-con e-parent\" data-id=\"e5d7a60\" data-element_type=\"container\" data-e-type=\"container\" data-settings=\"{&quot;jet_parallax_layout_list&quot;:[]}\">\n\t\t\t\t\t<div class=\"e-con-inner\">\n\t\t<div class=\"elementor-element elementor-element-3c58af5 e-con-full e-flex e-con e-child\" data-id=\"3c58af5\" data-element_type=\"container\" data-e-type=\"container\" data-settings=\"{&quot;jet_parallax_layout_list&quot;:[]}\">\n\t\t\t\t<div class=\"elementor-element elementor-element-813b599 elementor-widget elementor-widget-image\" data-id=\"813b599\" data-element_type=\"widget\" data-e-type=\"widget\" data-widget_type=\"image.default\">\n\t\t\t\t\t\t\t\t\t\t\t\t\t\t\t<img decoding=\"async\" width=\"800\" height=\"534\" src=\"https:\/\/anax.es\/wp-content\/uploads\/2026\/02\/quality-control-1024x683.jpg\" class=\"attachment-large size-large wp-image-2355\" alt=\"\" srcset=\"https:\/\/anax.es\/wp-content\/uploads\/2026\/02\/quality-control-1024x683.jpg 1024w, https:\/\/anax.es\/wp-content\/uploads\/2026\/02\/quality-control-300x200.jpg 300w, https:\/\/anax.es\/wp-content\/uploads\/2026\/02\/quality-control-768x512.jpg 768w, https:\/\/anax.es\/wp-content\/uploads\/2026\/02\/quality-control-1536x1024.jpg 1536w, https:\/\/anax.es\/wp-content\/uploads\/2026\/02\/quality-control-2048x1365.jpg 2048w, https:\/\/anax.es\/wp-content\/uploads\/2026\/02\/quality-control-18x12.jpg 18w\" sizes=\"(max-width: 800px) 100vw, 800px\" \/>\t\t\t\t\t\t\t\t\t\t\t\t\t\t\t<\/div>\n\t\t\t\t<\/div>\n\t\t<div class=\"elementor-element elementor-element-d5f0a2a e-con-full e-flex e-con e-child\" data-id=\"d5f0a2a\" data-element_type=\"container\" data-e-type=\"container\" data-settings=\"{&quot;jet_parallax_layout_list&quot;:[]}\">\n\t\t\t\t<div class=\"elementor-element elementor-element-8f38548 elementor-widget elementor-widget-heading\" data-id=\"8f38548\" data-element_type=\"widget\" data-e-type=\"widget\" data-widget_type=\"heading.default\">\n\t\t\t\t\t<h2 class=\"elementor-heading-title elementor-size-default\">NUESTROS SERVICIOS<\/h2>\t\t\t\t<\/div>\n\t\t\t\t<div class=\"elementor-element elementor-element-2741928 elementor-widget elementor-widget-text-editor\" data-id=\"2741928\" data-element_type=\"widget\" data-e-type=\"widget\" data-widget_type=\"text-editor.default\">\n\t\t\t\t\t\t\t\t\t<ul class=\"trx_addons_list trx_addons_list_dot_red\"><li>Ayuda para el establecimiento de contratos de compraventa<\/li><li>Implantaci\u00f3n del procedimiento de control de calidad<\/li><li>Gesti\u00f3n de mandos<\/li><li>Control de calidad<\/li><li>Gesti\u00f3n log\u00edstica<\/li><li>Proveedores<\/li><li>Auditores<\/li><\/ul>\t\t\t\t\t\t\t\t<\/div>\n\t\t\t\t<\/div>\n\t\t\t\t\t<\/div>\n\t\t\t\t<\/div>\n\t\t\t\t<\/div>","protected":false},"excerpt":{"rendered":"<p>Hankinta ja laatu (Sourcing &amp; Quality) HAASTEENNE Tunnistaa sopiva maa tuotteidenne ja palveluidenne hankintaan L\u00f6yt\u00e4\u00e4 toimittajat, jotka pystyv\u00e4t tuottamaan vaatimustenne mukaisesti laadukkaasti ja kilpailukykyiseen hintaan Varmistaa toimittajien osaaminen ja kapasiteetti Turvata toimitusketju ja tuotteiden laatu PALVELUMME Aide \u00e0 l\u2019\u00e9tablissement des contrats d\u2019achat Mise en place de la proc\u00e9dure de contr\u00f4le qualit\u00e9 Gestion des commandes Contr\u00f4le [&hellip;]<\/p>\n","protected":false},"author":2,"featured_media":0,"parent":0,"menu_order":0,"comment_status":"closed","ping_status":"closed","template":"elementor_header_footer","meta":{"iawp_total_views":4,"footnotes":""},"class_list":["post-2213","page","type-page","status-publish","hentry"],"_links":{"self":[{"href":"https:\/\/anax.es\/es\/wp-json\/wp\/v2\/pages\/2213","targetHints":{"allow":["GET"]}}],"collection":[{"href":"https:\/\/anax.es\/es\/wp-json\/wp\/v2\/pages"}],"about":[{"href":"https:\/\/anax.es\/es\/wp-json\/wp\/v2\/types\/page"}],"author":[{"embeddable":true,"href":"https:\/\/anax.es\/es\/wp-json\/wp\/v2\/users\/2"}],"replies":[{"embeddable":true,"href":"https:\/\/anax.es\/es\/wp-json\/wp\/v2\/comments?post=2213"}],"version-history":[{"count":16,"href":"https:\/\/anax.es\/es\/wp-json\/wp\/v2\/pages\/2213\/revisions"}],"predecessor-version":[{"id":2362,"href":"https:\/\/anax.es\/es\/wp-json\/wp\/v2\/pages\/2213\/revisions\/2362"}],"wp:attachment":[{"href":"https:\/\/anax.es\/es\/wp-json\/wp\/v2\/media?parent=2213"}],"curies":[{"name":"wp","href":"https:\/\/api.w.org\/{rel}","templated":true}]}}