{"id":2208,"date":"2026-01-31T16:23:08","date_gmt":"2026-01-31T14:23:08","guid":{"rendered":"https:\/\/anax.es\/?page_id=2208"},"modified":"2026-02-02T19:54:29","modified_gmt":"2026-02-02T17:54:29","slug":"distribucion-y-gestion-de-la-cadena-de-suministro-cadena-de-suministro","status":"publish","type":"page","link":"https:\/\/anax.es\/es\/jakelu-ja-toimitusketjun-hallinta-supply-chain\/","title":{"rendered":"Gesti\u00f3n de la distribuci\u00f3n y la cadena de suministro (Supply Chain)"},"content":{"rendered":"<div data-elementor-type=\"wp-page\" data-elementor-id=\"2208\" class=\"elementor elementor-2208\" data-elementor-post-type=\"page\">\n\t\t\t\t<div class=\"elementor-element elementor-element-519eea9 e-flex e-con-boxed e-con e-parent\" data-id=\"519eea9\" data-element_type=\"container\" data-e-type=\"container\" data-settings=\"{&quot;background_background&quot;:&quot;classic&quot;,&quot;jet_parallax_layout_list&quot;:[]}\">\n\t\t\t\t\t<div class=\"e-con-inner\">\n\t\t<div class=\"elementor-element elementor-element-7a7b0a6 e-con-full e-flex e-con e-child\" data-id=\"7a7b0a6\" data-element_type=\"container\" data-e-type=\"container\" data-settings=\"{&quot;jet_parallax_layout_list&quot;:[]}\">\n\t\t\t\t<div class=\"elementor-element elementor-element-6b54c18 elementor-widget elementor-widget-heading\" data-id=\"6b54c18\" data-element_type=\"widget\" data-e-type=\"widget\" data-widget_type=\"heading.default\">\n\t\t\t\t\t<h2 class=\"elementor-heading-title elementor-size-default\">Gesti\u00f3n de la distribuci\u00f3n y la cadena de suministro (Supply Chain)<\/h2>\t\t\t\t<\/div>\n\t\t\t\t<\/div>\n\t\t<div class=\"elementor-element elementor-element-a6cfb41 e-con-full e-flex e-con e-child\" data-id=\"a6cfb41\" data-element_type=\"container\" data-e-type=\"container\" data-settings=\"{&quot;jet_parallax_layout_list&quot;:[]}\">\n\t\t\t\t<div class=\"elementor-element elementor-element-df274d4 elementor-widget elementor-widget-image\" data-id=\"df274d4\" data-element_type=\"widget\" data-e-type=\"widget\" data-widget_type=\"image.default\">\n\t\t\t\t\t\t\t\t\t\t\t\t\t\t\t<img decoding=\"async\" src=\"https:\/\/anax.es\/wp-content\/uploads\/elementor\/thumbs\/suply1-scaled-rikn25xbgox703bwaxy1mnz2zdw0h50os66enchtvs.jpg\" title=\"suply1\" alt=\"suply1\" loading=\"lazy\" \/>\t\t\t\t\t\t\t\t\t\t\t\t\t\t\t<\/div>\n\t\t\t\t<\/div>\n\t\t\t\t\t<\/div>\n\t\t\t\t<\/div>\n\t\t<div class=\"elementor-element elementor-element-6d86fde e-flex e-con-boxed e-con e-parent\" data-id=\"6d86fde\" data-element_type=\"container\" data-e-type=\"container\" data-settings=\"{&quot;jet_parallax_layout_list&quot;:[]}\">\n\t\t\t\t\t<div class=\"e-con-inner\">\n\t\t<div class=\"elementor-element elementor-element-59b01f3 e-con-full e-flex e-con e-child\" data-id=\"59b01f3\" data-element_type=\"container\" data-e-type=\"container\" data-settings=\"{&quot;jet_parallax_layout_list&quot;:[]}\">\n\t\t\t\t<div class=\"elementor-element elementor-element-2ead36c elementor-widget elementor-widget-heading\" data-id=\"2ead36c\" data-element_type=\"widget\" data-e-type=\"widget\" data-widget_type=\"heading.default\">\n\t\t\t\t\t<h2 class=\"elementor-heading-title elementor-size-default\">HAASTEENNE<\/h2>\t\t\t\t<\/div>\n\t\t\t\t<div class=\"elementor-element elementor-element-22dce2d elementor-widget elementor-widget-text-editor\" data-id=\"22dce2d\" data-element_type=\"widget\" data-e-type=\"widget\" data-widget_type=\"text-editor.default\">\n\t\t\t\t\t\t\t\t\t<ul><li data-start=\"0\" data-end=\"82\"><p data-start=\"2\" data-end=\"82\">Establecer una red de distribuidores o agentes autorizados en un nuevo mercado<\/p><\/li><li data-start=\"83\" data-end=\"187\" data-is-last-node=\"\"><p data-start=\"85\" data-end=\"187\" data-is-last-node=\"\">Crear una plataforma externalizada para la importaci\u00f3n local, el almacenamiento, la distribuci\u00f3n y la facturaci\u00f3n de productos.<\/p><\/li><\/ul>\t\t\t\t\t\t\t\t<\/div>\n\t\t\t\t<\/div>\n\t\t<div class=\"elementor-element elementor-element-8ea398d e-con-full e-flex e-con e-child\" data-id=\"8ea398d\" data-element_type=\"container\" data-e-type=\"container\" data-settings=\"{&quot;jet_parallax_layout_list&quot;:[]}\">\n\t\t\t\t<div class=\"elementor-element elementor-element-889cfcd elementor-widget elementor-widget-image\" data-id=\"889cfcd\" data-element_type=\"widget\" data-e-type=\"widget\" data-widget_type=\"image.default\">\n\t\t\t\t\t\t\t\t\t\t\t\t\t\t\t<img fetchpriority=\"high\" decoding=\"async\" width=\"800\" height=\"532\" src=\"https:\/\/anax.es\/wp-content\/uploads\/2026\/02\/suply-1024x681.jpg\" class=\"attachment-large size-large wp-image-2338\" alt=\"\" srcset=\"https:\/\/anax.es\/wp-content\/uploads\/2026\/02\/suply-1024x681.jpg 1024w, https:\/\/anax.es\/wp-content\/uploads\/2026\/02\/suply-300x200.jpg 300w, https:\/\/anax.es\/wp-content\/uploads\/2026\/02\/suply-768x511.jpg 768w, https:\/\/anax.es\/wp-content\/uploads\/2026\/02\/suply-1536x1022.jpg 1536w, https:\/\/anax.es\/wp-content\/uploads\/2026\/02\/suply-2048x1363.jpg 2048w, https:\/\/anax.es\/wp-content\/uploads\/2026\/02\/suply-18x12.jpg 18w\" sizes=\"(max-width: 800px) 100vw, 800px\" \/>\t\t\t\t\t\t\t\t\t\t\t\t\t\t\t<\/div>\n\t\t\t\t<\/div>\n\t\t\t\t\t<\/div>\n\t\t\t\t<\/div>\n\t\t<div class=\"elementor-element elementor-element-e5d7a60 e-flex e-con-boxed e-con e-parent\" data-id=\"e5d7a60\" data-element_type=\"container\" data-e-type=\"container\" data-settings=\"{&quot;jet_parallax_layout_list&quot;:[]}\">\n\t\t\t\t\t<div class=\"e-con-inner\">\n\t\t<div class=\"elementor-element elementor-element-3c58af5 e-con-full e-flex e-con e-child\" data-id=\"3c58af5\" data-element_type=\"container\" data-e-type=\"container\" data-settings=\"{&quot;jet_parallax_layout_list&quot;:[]}\">\n\t\t\t\t<div class=\"elementor-element elementor-element-813b599 elementor-widget elementor-widget-image\" data-id=\"813b599\" data-element_type=\"widget\" data-e-type=\"widget\" data-widget_type=\"image.default\">\n\t\t\t\t\t\t\t\t\t\t\t\t\t\t\t<img decoding=\"async\" width=\"800\" height=\"534\" src=\"https:\/\/anax.es\/wp-content\/uploads\/2026\/02\/suply2-1024x683.jpg\" class=\"attachment-large size-large wp-image-2344\" alt=\"\" srcset=\"https:\/\/anax.es\/wp-content\/uploads\/2026\/02\/suply2-1024x683.jpg 1024w, https:\/\/anax.es\/wp-content\/uploads\/2026\/02\/suply2-300x200.jpg 300w, https:\/\/anax.es\/wp-content\/uploads\/2026\/02\/suply2-768x512.jpg 768w, https:\/\/anax.es\/wp-content\/uploads\/2026\/02\/suply2-1536x1024.jpg 1536w, https:\/\/anax.es\/wp-content\/uploads\/2026\/02\/suply2-2048x1365.jpg 2048w, https:\/\/anax.es\/wp-content\/uploads\/2026\/02\/suply2-18x12.jpg 18w\" sizes=\"(max-width: 800px) 100vw, 800px\" \/>\t\t\t\t\t\t\t\t\t\t\t\t\t\t\t<\/div>\n\t\t\t\t<\/div>\n\t\t<div class=\"elementor-element elementor-element-d5f0a2a e-con-full e-flex e-con e-child\" data-id=\"d5f0a2a\" data-element_type=\"container\" data-e-type=\"container\" data-settings=\"{&quot;jet_parallax_layout_list&quot;:[]}\">\n\t\t\t\t<div class=\"elementor-element elementor-element-8f38548 elementor-widget elementor-widget-heading\" data-id=\"8f38548\" data-element_type=\"widget\" data-e-type=\"widget\" data-widget_type=\"heading.default\">\n\t\t\t\t\t<h2 class=\"elementor-heading-title elementor-size-default\">NUESTROS SERVICIOS<\/h2>\t\t\t\t<\/div>\n\t\t\t\t<div class=\"elementor-element elementor-element-2741928 elementor-widget elementor-widget-text-editor\" data-id=\"2741928\" data-element_type=\"widget\" data-e-type=\"widget\" data-widget_type=\"text-editor.default\">\n\t\t\t\t\t\t\t\t\t<ul class=\"trx_addons_list trx_addons_list_dot_red\"><li>Estudio del posicionamiento de sus productos y servicios y de la eficacia de sus distribuidores<\/li><li>Montaje de expedientes de autorizaciones ministeriales para el permiso de lanzamiento al mercado<\/li><li>Identificaci\u00f3n y cualificaci\u00f3n de socios importadores, distribuidores, agentes y clientes<\/li><li>Organizaci\u00f3n de encuentros con socios y clientes potenciales y seguimiento de las relaciones<\/li><li>Organizaciones de misiones sectoriales especializadas<\/li><li>Apoyo jur\u00eddico, fiscal y contractual<\/li><li>Ayuda a la instalaci\u00f3n de una plataforma externa para importar, almacenar, distribuir y comercializar localmente, sin necesidad de crear una empresa o una oficina propia.<\/li><li>Gesti\u00f3n de pedidos y facturas<\/li><\/ul>\t\t\t\t\t\t\t\t<\/div>\n\t\t\t\t<\/div>\n\t\t\t\t\t<\/div>\n\t\t\t\t<\/div>\n\t\t\t\t<\/div>","protected":false},"excerpt":{"rendered":"<p>Jakelu ja toimitusketjun hallinta (Supply Chain) HAASTEENNE Perustaa hyv\u00e4ksyttyjen jakelijoiden tai agenttien verkosto uudelle markkinalle Perustaa ulkoistettu alusta tuotteiden paikallista tuontia, varastointia, jakelua ja laskutusta varten PALVELUMME \u00c9tude du positionnement de vos produits et services et de l\u2019efficacit\u00e9 de vos distributeurs Montage des dossiers d\u2019autorisations minist\u00e9rielles pour les permis de lancement sur le march\u00e9 Identification [&hellip;]<\/p>\n","protected":false},"author":2,"featured_media":0,"parent":0,"menu_order":0,"comment_status":"closed","ping_status":"closed","template":"elementor_header_footer","meta":{"iawp_total_views":6,"footnotes":""},"class_list":["post-2208","page","type-page","status-publish","hentry"],"_links":{"self":[{"href":"https:\/\/anax.es\/es\/wp-json\/wp\/v2\/pages\/2208","targetHints":{"allow":["GET"]}}],"collection":[{"href":"https:\/\/anax.es\/es\/wp-json\/wp\/v2\/pages"}],"about":[{"href":"https:\/\/anax.es\/es\/wp-json\/wp\/v2\/types\/page"}],"author":[{"embeddable":true,"href":"https:\/\/anax.es\/es\/wp-json\/wp\/v2\/users\/2"}],"replies":[{"embeddable":true,"href":"https:\/\/anax.es\/es\/wp-json\/wp\/v2\/comments?post=2208"}],"version-history":[{"count":16,"href":"https:\/\/anax.es\/es\/wp-json\/wp\/v2\/pages\/2208\/revisions"}],"predecessor-version":[{"id":2350,"href":"https:\/\/anax.es\/es\/wp-json\/wp\/v2\/pages\/2208\/revisions\/2350"}],"wp:attachment":[{"href":"https:\/\/anax.es\/es\/wp-json\/wp\/v2\/media?parent=2208"}],"curies":[{"name":"wp","href":"https:\/\/api.w.org\/{rel}","templated":true}]}}