{"id":2202,"date":"2026-01-31T16:18:11","date_gmt":"2026-01-31T14:18:11","guid":{"rendered":"https:\/\/anax.es\/?page_id=2202"},"modified":"2026-02-02T19:41:47","modified_gmt":"2026-02-02T17:41:47","slug":"deslocalizacion-industrial-empresas-conjuntas-empresas-conjuntas-y-fusiones-adquisiciones","status":"publish","type":"page","link":"https:\/\/anax.es\/es\/teollinen-sijoittuminen-yhteisyritykset-jv-ja-fuusiot-yritysostot\/","title":{"rendered":"Colocaci\u00f3n industrial, empresas conjuntas y fusiones y adquisiciones"},"content":{"rendered":"<div data-elementor-type=\"wp-page\" data-elementor-id=\"2202\" class=\"elementor elementor-2202\" data-elementor-post-type=\"page\">\n\t\t\t\t<div class=\"elementor-element elementor-element-a3fef5b e-flex e-con-boxed e-con e-parent\" data-id=\"a3fef5b\" data-element_type=\"container\" data-e-type=\"container\" data-settings=\"{&quot;background_background&quot;:&quot;classic&quot;,&quot;jet_parallax_layout_list&quot;:[]}\">\n\t\t\t\t\t<div class=\"e-con-inner\">\n\t\t<div class=\"elementor-element elementor-element-4d24387 e-con-full e-flex e-con e-child\" data-id=\"4d24387\" data-element_type=\"container\" data-e-type=\"container\" data-settings=\"{&quot;jet_parallax_layout_list&quot;:[]}\">\n\t\t\t\t<div class=\"elementor-element elementor-element-1e71ed2 elementor-widget elementor-widget-heading\" data-id=\"1e71ed2\" data-element_type=\"widget\" data-e-type=\"widget\" data-widget_type=\"heading.default\">\n\t\t\t\t\t<h2 class=\"elementor-heading-title elementor-size-default\">Colocaci\u00f3n industrial, empresas conjuntas y fusiones y adquisiciones<\/h2>\t\t\t\t<\/div>\n\t\t\t\t<\/div>\n\t\t<div class=\"elementor-element elementor-element-8f12d77 e-con-full e-flex e-con e-child\" data-id=\"8f12d77\" data-element_type=\"container\" data-e-type=\"container\" data-settings=\"{&quot;jet_parallax_layout_list&quot;:[]}\">\n\t\t\t\t<div class=\"elementor-element elementor-element-411e7a6 elementor-widget elementor-widget-image\" data-id=\"411e7a6\" data-element_type=\"widget\" data-e-type=\"widget\" data-widget_type=\"image.default\">\n\t\t\t\t\t\t\t\t\t\t\t\t\t\t\t<img decoding=\"async\" src=\"https:\/\/anax.es\/wp-content\/uploads\/elementor\/thumbs\/financial-building-scaled-riklw3nbmlc9gafgx9e2js3hzn7p0r13zz76ikv2bs.jpg\" title=\"construcci\u00f3n financiera\" alt=\"construcci\u00f3n financiera\" loading=\"lazy\" \/>\t\t\t\t\t\t\t\t\t\t\t\t\t\t\t<\/div>\n\t\t\t\t<\/div>\n\t\t\t\t\t<\/div>\n\t\t\t\t<\/div>\n\t\t<div class=\"elementor-element elementor-element-6d86fde e-flex e-con-boxed e-con e-parent\" data-id=\"6d86fde\" data-element_type=\"container\" data-e-type=\"container\" data-settings=\"{&quot;jet_parallax_layout_list&quot;:[]}\">\n\t\t\t\t\t<div class=\"e-con-inner\">\n\t\t<div class=\"elementor-element elementor-element-59b01f3 e-con-full e-flex e-con e-child\" data-id=\"59b01f3\" data-element_type=\"container\" data-e-type=\"container\" data-settings=\"{&quot;jet_parallax_layout_list&quot;:[]}\">\n\t\t\t\t<div class=\"elementor-element elementor-element-2ead36c elementor-widget elementor-widget-heading\" data-id=\"2ead36c\" data-element_type=\"widget\" data-e-type=\"widget\" data-widget_type=\"heading.default\">\n\t\t\t\t\t<h2 class=\"elementor-heading-title elementor-size-default\">HAASTEENNE<\/h2>\t\t\t\t<\/div>\n\t\t\t\t<div class=\"elementor-element elementor-element-22dce2d elementor-widget elementor-widget-text-editor\" data-id=\"22dce2d\" data-element_type=\"widget\" data-e-type=\"widget\" data-widget_type=\"text-editor.default\">\n\t\t\t\t\t\t\t\t\t<ul><li data-start=\"0\" data-end=\"77\"><p data-start=\"2\" data-end=\"77\">Crear su propia unidad de producci\u00f3n o adquirir una organizaci\u00f3n operativa local<\/p><\/li><li data-start=\"78\" data-end=\"163\"><p data-start=\"80\" data-end=\"163\">Conocer los pasos operativos para crear una estructura y recibir asesoramiento estrat\u00e9gico<\/p><\/li><li data-start=\"164\" data-end=\"274\" data-is-last-node=\"\"><p data-start=\"166\" data-end=\"274\" data-is-last-node=\"\">Apoyo de un experto local en diferencias interculturales, gesti\u00f3n y entorno empresarial<\/p><\/li><\/ul>\t\t\t\t\t\t\t\t<\/div>\n\t\t\t\t<\/div>\n\t\t<div class=\"elementor-element elementor-element-8ea398d e-con-full e-flex e-con e-child\" data-id=\"8ea398d\" data-element_type=\"container\" data-e-type=\"container\" data-settings=\"{&quot;jet_parallax_layout_list&quot;:[]}\">\n\t\t\t\t<div class=\"elementor-element elementor-element-889cfcd elementor-widget elementor-widget-image\" data-id=\"889cfcd\" data-element_type=\"widget\" data-e-type=\"widget\" data-widget_type=\"image.default\">\n\t\t\t\t\t\t\t\t\t\t\t\t\t\t\t<img fetchpriority=\"high\" decoding=\"async\" width=\"800\" height=\"534\" src=\"https:\/\/anax.es\/wp-content\/uploads\/2026\/02\/two-professionals-1024x683.jpg\" class=\"attachment-large size-large wp-image-2334\" alt=\"\" srcset=\"https:\/\/anax.es\/wp-content\/uploads\/2026\/02\/two-professionals-1024x683.jpg 1024w, https:\/\/anax.es\/wp-content\/uploads\/2026\/02\/two-professionals-300x200.jpg 300w, https:\/\/anax.es\/wp-content\/uploads\/2026\/02\/two-professionals-768x512.jpg 768w, https:\/\/anax.es\/wp-content\/uploads\/2026\/02\/two-professionals-1536x1024.jpg 1536w, https:\/\/anax.es\/wp-content\/uploads\/2026\/02\/two-professionals-2048x1365.jpg 2048w, https:\/\/anax.es\/wp-content\/uploads\/2026\/02\/two-professionals-18x12.jpg 18w\" sizes=\"(max-width: 800px) 100vw, 800px\" \/>\t\t\t\t\t\t\t\t\t\t\t\t\t\t\t<\/div>\n\t\t\t\t<\/div>\n\t\t\t\t\t<\/div>\n\t\t\t\t<\/div>\n\t\t<div class=\"elementor-element elementor-element-e5d7a60 e-flex e-con-boxed e-con e-parent\" data-id=\"e5d7a60\" data-element_type=\"container\" data-e-type=\"container\" data-settings=\"{&quot;jet_parallax_layout_list&quot;:[]}\">\n\t\t\t\t\t<div class=\"e-con-inner\">\n\t\t<div class=\"elementor-element elementor-element-3c58af5 e-con-full e-flex e-con e-child\" data-id=\"3c58af5\" data-element_type=\"container\" data-e-type=\"container\" data-settings=\"{&quot;jet_parallax_layout_list&quot;:[]}\">\n\t\t\t\t<div class=\"elementor-element elementor-element-813b599 elementor-widget elementor-widget-image\" data-id=\"813b599\" data-element_type=\"widget\" data-e-type=\"widget\" data-widget_type=\"image.default\">\n\t\t\t\t\t\t\t\t\t\t\t\t\t\t\t<img decoding=\"async\" width=\"800\" height=\"534\" src=\"https:\/\/anax.es\/wp-content\/uploads\/2026\/02\/discussing-work-1024x683.jpg\" class=\"attachment-large size-large wp-image-2330\" alt=\"\" srcset=\"https:\/\/anax.es\/wp-content\/uploads\/2026\/02\/discussing-work-1024x683.jpg 1024w, https:\/\/anax.es\/wp-content\/uploads\/2026\/02\/discussing-work-300x200.jpg 300w, https:\/\/anax.es\/wp-content\/uploads\/2026\/02\/discussing-work-768x512.jpg 768w, https:\/\/anax.es\/wp-content\/uploads\/2026\/02\/discussing-work-1536x1024.jpg 1536w, https:\/\/anax.es\/wp-content\/uploads\/2026\/02\/discussing-work-2048x1365.jpg 2048w, https:\/\/anax.es\/wp-content\/uploads\/2026\/02\/discussing-work-18x12.jpg 18w\" sizes=\"(max-width: 800px) 100vw, 800px\" \/>\t\t\t\t\t\t\t\t\t\t\t\t\t\t\t<\/div>\n\t\t\t\t<\/div>\n\t\t<div class=\"elementor-element elementor-element-d5f0a2a e-con-full e-flex e-con e-child\" data-id=\"d5f0a2a\" data-element_type=\"container\" data-e-type=\"container\" data-settings=\"{&quot;jet_parallax_layout_list&quot;:[]}\">\n\t\t\t\t<div class=\"elementor-element elementor-element-8f38548 elementor-widget elementor-widget-heading\" data-id=\"8f38548\" data-element_type=\"widget\" data-e-type=\"widget\" data-widget_type=\"heading.default\">\n\t\t\t\t\t<h2 class=\"elementor-heading-title elementor-size-default\">NUESTROS SERVICIOS<\/h2>\t\t\t\t<\/div>\n\t\t\t\t<div class=\"elementor-element elementor-element-2741928 elementor-widget elementor-widget-text-editor\" data-id=\"2741928\" data-element_type=\"widget\" data-e-type=\"widget\" data-widget_type=\"text-editor.default\">\n\t\t\t\t\t\t\t\t\t<ul><li data-start=\"0\" data-end=\"105\"><p data-start=\"2\" data-end=\"105\">Un estudio de localizaci\u00f3n para determinar la justificaci\u00f3n de la elecci\u00f3n del terreno y la ubicaci\u00f3n en funci\u00f3n de sus objetivos<\/p><\/li><li data-start=\"106\" data-end=\"211\"><p data-start=\"108\" data-end=\"211\">Asesoramiento y apoyo en la creaci\u00f3n de la estructura jur\u00eddica de la filial (SARL, SA, oficina de representaci\u00f3n, sucursal, etc.)<\/p><\/li><li data-start=\"212\" data-end=\"256\"><p data-start=\"214\" data-end=\"256\">Apoyo administrativo y contabilidad<\/p><\/li><li data-start=\"257\" data-end=\"304\"><p data-start=\"259\" data-end=\"304\">Abrir una cuenta bancaria y contratar un seguro<\/p><\/li><li data-start=\"305\" data-end=\"351\"><p data-start=\"307\" data-end=\"351\">Apoyo, gesti\u00f3n y control de las filiales<\/p><\/li><li data-start=\"352\" data-end=\"416\"><p data-start=\"354\" data-end=\"416\">B\u00fasqueda de locales industriales y comerciales (oficinas, almacenes, etc.)<\/p><\/li><li data-start=\"417\" data-end=\"502\"><p data-start=\"419\" data-end=\"502\">Apoyo a la puesta en marcha de la estructura operativa (autorizaci\u00f3n, aprobaciones y financiaci\u00f3n)<\/p><\/li><li data-start=\"503\" data-end=\"567\"><p data-start=\"505\" data-end=\"567\">Gesti\u00f3n de la contrataci\u00f3n de directivos y supervisores locales<\/p><\/li><li data-start=\"568\" data-end=\"631\"><p data-start=\"570\" data-end=\"631\">Apoyo al desarrollo empresarial (incluido el desarrollo comercial)<\/p><\/li><li data-start=\"632\" data-end=\"691\" data-is-last-node=\"\"><p data-start=\"634\" data-end=\"691\" data-is-last-node=\"\">Apoyo en la b\u00fasqueda de subcontratistas (incluyendo compras y contrataci\u00f3n)<\/p><\/li><\/ul>\t\t\t\t\t\t\t\t<\/div>\n\t\t\t\t<\/div>\n\t\t\t\t\t<\/div>\n\t\t\t\t<\/div>\n\t\t\t\t<\/div>","protected":false},"excerpt":{"rendered":"<p>Teollinen sijoittuminen, yhteisyritykset (JV) ja fuusiot &amp; yritysostot HAASTEENNE Perustaa oma tuotantoyksikk\u00f6 tai hankkia paikallinen toimintaorganisaatio Tunne operatiiviset vaiheet rakenteen perustamiseksi ja saa strategista neuvontaa Paikallisen asiantuntijan tuki kulttuurienv\u00e4lisiin eroihin, johtamiseen ja liiketoimintaymp\u00e4rist\u00f6\u00f6n liittyen PALVELUMME Sijoittumistutkimus maan ja sijainnin valinnan perustelujen m\u00e4\u00e4ritt\u00e4miseksi tavoitteidenne mukaisesti Neuvonta ja tuki tyt\u00e4ryhti\u00f6n juridisen rakenteen perustamisessa (SARL, SA, edustusto, sivuliike [&hellip;]<\/p>\n","protected":false},"author":2,"featured_media":0,"parent":0,"menu_order":0,"comment_status":"closed","ping_status":"closed","template":"elementor_header_footer","meta":{"iawp_total_views":3,"footnotes":""},"class_list":["post-2202","page","type-page","status-publish","hentry"],"_links":{"self":[{"href":"https:\/\/anax.es\/es\/wp-json\/wp\/v2\/pages\/2202","targetHints":{"allow":["GET"]}}],"collection":[{"href":"https:\/\/anax.es\/es\/wp-json\/wp\/v2\/pages"}],"about":[{"href":"https:\/\/anax.es\/es\/wp-json\/wp\/v2\/types\/page"}],"author":[{"embeddable":true,"href":"https:\/\/anax.es\/es\/wp-json\/wp\/v2\/users\/2"}],"replies":[{"embeddable":true,"href":"https:\/\/anax.es\/es\/wp-json\/wp\/v2\/comments?post=2202"}],"version-history":[{"count":16,"href":"https:\/\/anax.es\/es\/wp-json\/wp\/v2\/pages\/2202\/revisions"}],"predecessor-version":[{"id":2337,"href":"https:\/\/anax.es\/es\/wp-json\/wp\/v2\/pages\/2202\/revisions\/2337"}],"wp:attachment":[{"href":"https:\/\/anax.es\/es\/wp-json\/wp\/v2\/media?parent=2202"}],"curies":[{"name":"wp","href":"https:\/\/api.w.org\/{rel}","templated":true}]}}