{"id":2197,"date":"2026-01-31T16:14:07","date_gmt":"2026-01-31T14:14:07","guid":{"rendered":"https:\/\/anax.es\/?page_id=2197"},"modified":"2026-02-02T18:55:31","modified_gmt":"2026-02-02T16:55:31","slug":"transformacion-digital","status":"publish","type":"page","link":"https:\/\/anax.es\/es\/transformation-digitale\/","title":{"rendered":"Transformaci\u00f3n digital"},"content":{"rendered":"<div data-elementor-type=\"wp-page\" data-elementor-id=\"2197\" class=\"elementor elementor-2197\" data-elementor-post-type=\"page\">\n\t\t\t\t<div class=\"elementor-element elementor-element-10a58dd e-flex e-con-boxed e-con e-parent\" data-id=\"10a58dd\" data-element_type=\"container\" data-e-type=\"container\" data-settings=\"{&quot;background_background&quot;:&quot;classic&quot;,&quot;jet_parallax_layout_list&quot;:[]}\">\n\t\t\t\t\t<div class=\"e-con-inner\">\n\t\t<div class=\"elementor-element elementor-element-3bf5672 e-con-full e-flex e-con e-child\" data-id=\"3bf5672\" data-element_type=\"container\" data-e-type=\"container\" data-settings=\"{&quot;jet_parallax_layout_list&quot;:[]}\">\n\t\t\t\t<div class=\"elementor-element elementor-element-9f0156e elementor-widget elementor-widget-heading\" data-id=\"9f0156e\" data-element_type=\"widget\" data-e-type=\"widget\" data-widget_type=\"heading.default\">\n\t\t\t\t\t<h2 class=\"elementor-heading-title elementor-size-default\">Transformaci\u00f3n digital<\/h2>\t\t\t\t<\/div>\n\t\t\t\t<\/div>\n\t\t<div class=\"elementor-element elementor-element-66763df e-con-full e-flex e-con e-child\" data-id=\"66763df\" data-element_type=\"container\" data-e-type=\"container\" data-settings=\"{&quot;jet_parallax_layout_list&quot;:[]}\">\n\t\t\t\t<div class=\"elementor-element elementor-element-2ad31f3 elementor-widget elementor-widget-image\" data-id=\"2ad31f3\" data-element_type=\"widget\" data-e-type=\"widget\" data-widget_type=\"image.default\">\n\t\t\t\t\t\t\t\t\t\t\t\t\t\t\t<img decoding=\"async\" src=\"https:\/\/anax.es\/wp-content\/uploads\/elementor\/thumbs\/transformation-digital-rikivjae9gq0ho4kvbzbk6cvzibhza172mm921u0zs.jpg\" title=\"transformaci\u00f3n digital\" alt=\"transformaci\u00f3n-digital\" loading=\"lazy\" \/>\t\t\t\t\t\t\t\t\t\t\t\t\t\t\t<\/div>\n\t\t\t\t<\/div>\n\t\t\t\t\t<\/div>\n\t\t\t\t<\/div>\n\t\t<div class=\"elementor-element elementor-element-6d86fde e-flex e-con-boxed e-con e-parent\" data-id=\"6d86fde\" data-element_type=\"container\" data-e-type=\"container\" data-settings=\"{&quot;jet_parallax_layout_list&quot;:[]}\">\n\t\t\t\t\t<div class=\"e-con-inner\">\n\t\t<div class=\"elementor-element elementor-element-59b01f3 e-con-full e-flex e-con e-child\" data-id=\"59b01f3\" data-element_type=\"container\" data-e-type=\"container\" data-settings=\"{&quot;jet_parallax_layout_list&quot;:[]}\">\n\t\t\t\t<div class=\"elementor-element elementor-element-2ead36c elementor-widget elementor-widget-heading\" data-id=\"2ead36c\" data-element_type=\"widget\" data-e-type=\"widget\" data-widget_type=\"heading.default\">\n\t\t\t\t\t<h2 class=\"elementor-heading-title elementor-size-default\">HAASTEENNE<\/h2>\t\t\t\t<\/div>\n\t\t\t\t<div class=\"elementor-element elementor-element-22dce2d elementor-widget elementor-widget-text-editor\" data-id=\"22dce2d\" data-element_type=\"widget\" data-e-type=\"widget\" data-widget_type=\"text-editor.default\">\n\t\t\t\t\t\t\t\t\t<ul><li data-start=\"0\" data-end=\"43\"><p data-start=\"2\" data-end=\"43\">Su mercado en el entorno digital<\/p><\/li><li data-start=\"44\" data-end=\"124\"><p data-start=\"46\" data-end=\"124\">Comportamientos digitales de sus clientes y clientes potenciales<\/p><\/li><li data-start=\"125\" data-end=\"161\"><p data-start=\"127\" data-end=\"161\">Nivel de digitalizaci\u00f3n de su empresa<\/p><\/li><li data-start=\"162\" data-end=\"244\"><p data-start=\"164\" data-end=\"244\">Herramientas digitales internas y relacionadas con la empresa<\/p><\/li><li data-start=\"245\" data-end=\"287\"><p data-start=\"247\" data-end=\"287\">Sus actuales canales de distribuci\u00f3n y comunicaci\u00f3n<\/p><\/li><li data-start=\"288\" data-end=\"311\"><p data-start=\"290\" data-end=\"311\">Su estrategia de contenidos<\/p><\/li><li data-start=\"312\" data-end=\"362\" data-is-last-node=\"\"><p data-start=\"314\" data-end=\"362\" data-is-last-node=\"\">Su optimizaci\u00f3n para motores de b\u00fasqueda (SEO) y visibilidad en l\u00ednea<\/p><\/li><\/ul>\t\t\t\t\t\t\t\t<\/div>\n\t\t\t\t<\/div>\n\t\t<div class=\"elementor-element elementor-element-8ea398d e-con-full e-flex e-con e-child\" data-id=\"8ea398d\" data-element_type=\"container\" data-e-type=\"container\" data-settings=\"{&quot;jet_parallax_layout_list&quot;:[]}\">\n\t\t\t\t<div class=\"elementor-element elementor-element-889cfcd elementor-widget elementor-widget-image\" data-id=\"889cfcd\" data-element_type=\"widget\" data-e-type=\"widget\" data-widget_type=\"image.default\">\n\t\t\t\t\t\t\t\t\t\t\t\t\t\t\t<img fetchpriority=\"high\" decoding=\"async\" width=\"800\" height=\"448\" src=\"https:\/\/anax.es\/wp-content\/uploads\/2026\/02\/Marketing-in-a-digital-environment-1024x573.jpg\" class=\"attachment-large size-large wp-image-2318\" alt=\"\" srcset=\"https:\/\/anax.es\/wp-content\/uploads\/2026\/02\/Marketing-in-a-digital-environment-1024x573.jpg 1024w, https:\/\/anax.es\/wp-content\/uploads\/2026\/02\/Marketing-in-a-digital-environment-300x168.jpg 300w, https:\/\/anax.es\/wp-content\/uploads\/2026\/02\/Marketing-in-a-digital-environment-768x430.jpg 768w, https:\/\/anax.es\/wp-content\/uploads\/2026\/02\/Marketing-in-a-digital-environment-1536x860.jpg 1536w, https:\/\/anax.es\/wp-content\/uploads\/2026\/02\/Marketing-in-a-digital-environment-18x10.jpg 18w, https:\/\/anax.es\/wp-content\/uploads\/2026\/02\/Marketing-in-a-digital-environment.jpg 1600w\" sizes=\"(max-width: 800px) 100vw, 800px\" \/>\t\t\t\t\t\t\t\t\t\t\t\t\t\t\t<\/div>\n\t\t\t\t<\/div>\n\t\t\t\t\t<\/div>\n\t\t\t\t<\/div>\n\t\t<div class=\"elementor-element elementor-element-e5d7a60 e-flex e-con-boxed e-con e-parent\" data-id=\"e5d7a60\" data-element_type=\"container\" data-e-type=\"container\" data-settings=\"{&quot;jet_parallax_layout_list&quot;:[]}\">\n\t\t\t\t\t<div class=\"e-con-inner\">\n\t\t<div class=\"elementor-element elementor-element-3c58af5 e-con-full e-flex e-con e-child\" data-id=\"3c58af5\" data-element_type=\"container\" data-e-type=\"container\" data-settings=\"{&quot;jet_parallax_layout_list&quot;:[]}\">\n\t\t\t\t<div class=\"elementor-element elementor-element-813b599 elementor-widget elementor-widget-image\" data-id=\"813b599\" data-element_type=\"widget\" data-e-type=\"widget\" data-widget_type=\"image.default\">\n\t\t\t\t\t\t\t\t\t\t\t\t\t\t\t<img decoding=\"async\" width=\"800\" height=\"448\" src=\"https:\/\/anax.es\/wp-content\/uploads\/2026\/02\/Customized-digital-solutions-1024x573.jpg\" class=\"attachment-large size-large wp-image-2320\" alt=\"\" srcset=\"https:\/\/anax.es\/wp-content\/uploads\/2026\/02\/Customized-digital-solutions-1024x573.jpg 1024w, https:\/\/anax.es\/wp-content\/uploads\/2026\/02\/Customized-digital-solutions-300x168.jpg 300w, https:\/\/anax.es\/wp-content\/uploads\/2026\/02\/Customized-digital-solutions-768x430.jpg 768w, https:\/\/anax.es\/wp-content\/uploads\/2026\/02\/Customized-digital-solutions-1536x860.jpg 1536w, https:\/\/anax.es\/wp-content\/uploads\/2026\/02\/Customized-digital-solutions-18x10.jpg 18w, https:\/\/anax.es\/wp-content\/uploads\/2026\/02\/Customized-digital-solutions.jpg 1600w\" sizes=\"(max-width: 800px) 100vw, 800px\" \/>\t\t\t\t\t\t\t\t\t\t\t\t\t\t\t<\/div>\n\t\t\t\t<\/div>\n\t\t<div class=\"elementor-element elementor-element-d5f0a2a e-con-full e-flex e-con e-child\" data-id=\"d5f0a2a\" data-element_type=\"container\" data-e-type=\"container\" data-settings=\"{&quot;jet_parallax_layout_list&quot;:[]}\">\n\t\t\t\t<div class=\"elementor-element elementor-element-8f38548 elementor-widget elementor-widget-heading\" data-id=\"8f38548\" data-element_type=\"widget\" data-e-type=\"widget\" data-widget_type=\"heading.default\">\n\t\t\t\t\t<h2 class=\"elementor-heading-title elementor-size-default\">NUESTROS SERVICIOS<\/h2>\t\t\t\t<\/div>\n\t\t\t\t<div class=\"elementor-element elementor-element-2741928 elementor-widget elementor-widget-text-editor\" data-id=\"2741928\" data-element_type=\"widget\" data-e-type=\"widget\" data-widget_type=\"text-editor.default\">\n\t\t\t\t\t\t\t\t\t<ul><li data-start=\"0\" data-end=\"52\"><p data-start=\"2\" data-end=\"52\">Apoyo a la transformaci\u00f3n digital<\/p><\/li><li data-start=\"53\" data-end=\"89\" data-is-last-node=\"\"><p data-start=\"55\" data-end=\"89\" data-is-last-node=\"\">Soluciones digitales a medida<\/p><\/li><\/ul>\t\t\t\t\t\t\t\t<\/div>\n\t\t\t\t<\/div>\n\t\t\t\t\t<\/div>\n\t\t\t\t<\/div>\n\t\t\t\t<\/div>","protected":false},"excerpt":{"rendered":"<p>Transformation Digitale HAASTEENNE Markkinanne digitaalisessa ymp\u00e4rist\u00f6ss\u00e4 Asiakkaidenne ja potentiaalisten asiakkaiden digitaaliset k\u00e4ytt\u00e4ytymismallit Yrityksenne digitaalisuuden taso Jo k\u00e4yt\u00f6ss\u00e4 olevat sis\u00e4iset ja liiketoimintaan liittyv\u00e4t digitaaliset ty\u00f6kalut Nykyiset jakelu- ja viestint\u00e4kanavanne Sis\u00e4lt\u00f6strategianne Hakukoneoptimointinne (SEO) ja n\u00e4kyvyys verkossa PALVELUMME Tuki digitaalisen transformaation toteuttamiseen R\u00e4\u00e4t\u00e4l\u00f6idyt digitaaliset ratkaisut<\/p>","protected":false},"author":2,"featured_media":0,"parent":0,"menu_order":0,"comment_status":"closed","ping_status":"closed","template":"elementor_header_footer","meta":{"iawp_total_views":2,"footnotes":""},"class_list":["post-2197","page","type-page","status-publish","hentry"],"_links":{"self":[{"href":"https:\/\/anax.es\/es\/wp-json\/wp\/v2\/pages\/2197","targetHints":{"allow":["GET"]}}],"collection":[{"href":"https:\/\/anax.es\/es\/wp-json\/wp\/v2\/pages"}],"about":[{"href":"https:\/\/anax.es\/es\/wp-json\/wp\/v2\/types\/page"}],"author":[{"embeddable":true,"href":"https:\/\/anax.es\/es\/wp-json\/wp\/v2\/users\/2"}],"replies":[{"embeddable":true,"href":"https:\/\/anax.es\/es\/wp-json\/wp\/v2\/comments?post=2197"}],"version-history":[{"count":10,"href":"https:\/\/anax.es\/es\/wp-json\/wp\/v2\/pages\/2197\/revisions"}],"predecessor-version":[{"id":2323,"href":"https:\/\/anax.es\/es\/wp-json\/wp\/v2\/pages\/2197\/revisions\/2323"}],"wp:attachment":[{"href":"https:\/\/anax.es\/es\/wp-json\/wp\/v2\/media?parent=2197"}],"curies":[{"name":"wp","href":"https:\/\/api.w.org\/{rel}","templated":true}]}}