{"id":2192,"date":"2026-01-31T16:10:51","date_gmt":"2026-01-31T14:10:51","guid":{"rendered":"https:\/\/anax.es\/?page_id=2192"},"modified":"2026-02-02T17:58:03","modified_gmt":"2026-02-02T15:58:03","slug":"contratacion-y-gestion-de-recursos-humanos","status":"publish","type":"page","link":"https:\/\/anax.es\/es\/rekrytointi-ja-henkilostohallinto\/","title":{"rendered":"Contrataci\u00f3n y gesti\u00f3n de recursos humanos"},"content":{"rendered":"\t\t<div data-elementor-type=\"wp-page\" data-elementor-id=\"2192\" class=\"elementor elementor-2192\" data-elementor-post-type=\"page\">\n\t\t\t\t<div class=\"elementor-element elementor-element-d6466ab e-flex e-con-boxed e-con e-parent\" data-id=\"d6466ab\" data-element_type=\"container\" data-e-type=\"container\" data-settings=\"{&quot;background_background&quot;:&quot;classic&quot;,&quot;jet_parallax_layout_list&quot;:[]}\">\n\t\t\t\t\t<div class=\"e-con-inner\">\n\t\t<div class=\"elementor-element elementor-element-5ea512b e-con-full e-flex e-con e-child\" data-id=\"5ea512b\" data-element_type=\"container\" data-e-type=\"container\" data-settings=\"{&quot;jet_parallax_layout_list&quot;:[]}\">\n\t\t\t\t<div class=\"elementor-element elementor-element-47ce0b7 elementor-widget elementor-widget-heading\" data-id=\"47ce0b7\" data-element_type=\"widget\" data-e-type=\"widget\" data-widget_type=\"heading.default\">\n\t\t\t\t\t<h2 class=\"elementor-heading-title elementor-size-default\">Rekrytointi ja henkil\u00f6st\u00f6hallinto<\/h2>\t\t\t\t<\/div>\n\t\t\t\t<\/div>\n\t\t<div class=\"elementor-element elementor-element-f102d3c e-con-full e-flex e-con e-child\" data-id=\"f102d3c\" data-element_type=\"container\" data-e-type=\"container\" data-settings=\"{&quot;jet_parallax_layout_list&quot;:[]}\">\n\t\t\t\t<div class=\"elementor-element elementor-element-63f6c24 elementor-widget elementor-widget-image\" data-id=\"63f6c24\" data-element_type=\"widget\" data-e-type=\"widget\" data-widget_type=\"image.default\">\n\t\t\t\t\t\t\t\t\t\t\t\t\t\t\t<img decoding=\"async\" src=\"https:\/\/anax.es\/wp-content\/uploads\/elementor\/thumbs\/rekrytment-scaled-rikhqs0bx2xf2dbvv7qoxymcp17j7r874w9ax49kso.jpg\" title=\"Young businesswoman is posing in hallway\" alt=\"rekrytment-scaled\" loading=\"lazy\" \/>\t\t\t\t\t\t\t\t\t\t\t\t\t\t\t<\/div>\n\t\t\t\t<\/div>\n\t\t\t\t\t<\/div>\n\t\t\t\t<\/div>\n\t\t<div class=\"elementor-element elementor-element-6d86fde e-flex e-con-boxed e-con e-parent\" data-id=\"6d86fde\" data-element_type=\"container\" data-e-type=\"container\" data-settings=\"{&quot;jet_parallax_layout_list&quot;:[]}\">\n\t\t\t\t\t<div class=\"e-con-inner\">\n\t\t<div class=\"elementor-element elementor-element-59b01f3 e-con-full e-flex e-con e-child\" data-id=\"59b01f3\" data-element_type=\"container\" data-e-type=\"container\" data-settings=\"{&quot;jet_parallax_layout_list&quot;:[]}\">\n\t\t\t\t<div class=\"elementor-element elementor-element-2ead36c elementor-widget elementor-widget-heading\" data-id=\"2ead36c\" data-element_type=\"widget\" data-e-type=\"widget\" data-widget_type=\"heading.default\">\n\t\t\t\t\t<h2 class=\"elementor-heading-title elementor-size-default\">HAASTEENNE<\/h2>\t\t\t\t<\/div>\n\t\t\t\t<div class=\"elementor-element elementor-element-22dce2d elementor-widget elementor-widget-text-editor\" data-id=\"22dce2d\" data-element_type=\"widget\" data-e-type=\"widget\" data-widget_type=\"text-editor.default\">\n\t\t\t\t\t\t\t\t\t<div class=\"flex max-w-full flex-col grow\"><div class=\"min-h-8 text-message relative flex w-full flex-col items-end gap-2 text-start break-words whitespace-normal [.text-message+&amp;]:mt-1\" dir=\"auto\" data-message-author-role=\"assistant\" data-message-id=\"3bf59c24-07ea-4193-a72f-696bd28468d0\" data-message-model-slug=\"gpt-5-mini\"><div class=\"flex w-full flex-col gap-1 empty:hidden first:pt-[1px]\"><div class=\"markdown prose dark:prose-invert w-full wrap-break-word light markdown-new-styling\"><ul data-start=\"0\" data-end=\"236\" data-is-last-node=\"\" data-is-only-node=\"\"><li data-start=\"0\" data-end=\"77\"><p data-start=\"2\" data-end=\"77\">Rekrytoida p\u00e4tev\u00e4\u00e4 paikallista henkil\u00f6st\u00f6\u00e4 liiketoimintanne kehitt\u00e4miseen<\/p><\/li><li data-start=\"78\" data-end=\"135\"><p data-start=\"80\" data-end=\"135\">Saada paikallisia resursseja yrityksenne edustamiseen<\/p><\/li><li data-start=\"136\" data-end=\"236\" data-is-last-node=\"\"><p data-start=\"138\" data-end=\"236\" data-is-last-node=\"\">Saada neuvontaa ja tukea kulttuurienv\u00e4lisiss\u00e4 asioissa, liiketoimintak\u00e4yt\u00e4nn\u00f6iss\u00e4 ja ty\u00f6oikeudessa<\/p><\/li><\/ul><\/div><\/div><\/div><\/div><div class=\"z-0 flex min-h-[46px] justify-start\">\u00a0<\/div>\t\t\t\t\t\t\t\t<\/div>\n\t\t\t\t<\/div>\n\t\t<div class=\"elementor-element elementor-element-8ea398d e-con-full e-flex e-con e-child\" data-id=\"8ea398d\" data-element_type=\"container\" data-e-type=\"container\" data-settings=\"{&quot;jet_parallax_layout_list&quot;:[]}\">\n\t\t\t\t<div class=\"elementor-element elementor-element-889cfcd elementor-widget elementor-widget-image\" data-id=\"889cfcd\" data-element_type=\"widget\" data-e-type=\"widget\" data-widget_type=\"image.default\">\n\t\t\t\t\t\t\t\t\t\t\t\t\t\t\t<img fetchpriority=\"high\" decoding=\"async\" width=\"800\" height=\"534\" src=\"https:\/\/anax.es\/wp-content\/uploads\/2026\/02\/rekrytment1-1024x683.jpg\" class=\"attachment-large size-large wp-image-2305\" alt=\"\" srcset=\"https:\/\/anax.es\/wp-content\/uploads\/2026\/02\/rekrytment1-1024x683.jpg 1024w, https:\/\/anax.es\/wp-content\/uploads\/2026\/02\/rekrytment1-300x200.jpg 300w, https:\/\/anax.es\/wp-content\/uploads\/2026\/02\/rekrytment1-768x512.jpg 768w, https:\/\/anax.es\/wp-content\/uploads\/2026\/02\/rekrytment1-1536x1024.jpg 1536w, https:\/\/anax.es\/wp-content\/uploads\/2026\/02\/rekrytment1-2048x1365.jpg 2048w, https:\/\/anax.es\/wp-content\/uploads\/2026\/02\/rekrytment1-18x12.jpg 18w\" sizes=\"(max-width: 800px) 100vw, 800px\" \/>\t\t\t\t\t\t\t\t\t\t\t\t\t\t\t<\/div>\n\t\t\t\t<\/div>\n\t\t\t\t\t<\/div>\n\t\t\t\t<\/div>\n\t\t<div class=\"elementor-element elementor-element-e5d7a60 e-flex e-con-boxed e-con e-parent\" data-id=\"e5d7a60\" data-element_type=\"container\" data-e-type=\"container\" data-settings=\"{&quot;jet_parallax_layout_list&quot;:[]}\">\n\t\t\t\t\t<div class=\"e-con-inner\">\n\t\t<div class=\"elementor-element elementor-element-3c58af5 e-con-full e-flex e-con e-child\" data-id=\"3c58af5\" data-element_type=\"container\" data-e-type=\"container\" data-settings=\"{&quot;jet_parallax_layout_list&quot;:[]}\">\n\t\t\t\t<div class=\"elementor-element elementor-element-813b599 elementor-widget elementor-widget-image\" data-id=\"813b599\" data-element_type=\"widget\" data-e-type=\"widget\" data-widget_type=\"image.default\">\n\t\t\t\t\t\t\t\t\t\t\t\t\t\t\t<img decoding=\"async\" width=\"800\" height=\"534\" src=\"https:\/\/anax.es\/wp-content\/uploads\/2026\/02\/rekrytment2-1024x683.jpg\" class=\"attachment-large size-large wp-image-2309\" alt=\"\" srcset=\"https:\/\/anax.es\/wp-content\/uploads\/2026\/02\/rekrytment2-1024x683.jpg 1024w, https:\/\/anax.es\/wp-content\/uploads\/2026\/02\/rekrytment2-300x200.jpg 300w, https:\/\/anax.es\/wp-content\/uploads\/2026\/02\/rekrytment2-768x512.jpg 768w, https:\/\/anax.es\/wp-content\/uploads\/2026\/02\/rekrytment2-1536x1024.jpg 1536w, https:\/\/anax.es\/wp-content\/uploads\/2026\/02\/rekrytment2-2048x1365.jpg 2048w, https:\/\/anax.es\/wp-content\/uploads\/2026\/02\/rekrytment2-18x12.jpg 18w\" sizes=\"(max-width: 800px) 100vw, 800px\" \/>\t\t\t\t\t\t\t\t\t\t\t\t\t\t\t<\/div>\n\t\t\t\t<\/div>\n\t\t<div class=\"elementor-element elementor-element-d5f0a2a e-con-full e-flex e-con e-child\" data-id=\"d5f0a2a\" data-element_type=\"container\" data-e-type=\"container\" data-settings=\"{&quot;jet_parallax_layout_list&quot;:[]}\">\n\t\t\t\t<div class=\"elementor-element elementor-element-8f38548 elementor-widget elementor-widget-heading\" data-id=\"8f38548\" data-element_type=\"widget\" data-e-type=\"widget\" data-widget_type=\"heading.default\">\n\t\t\t\t\t<h2 class=\"elementor-heading-title elementor-size-default\">PALVELUMME<\/h2>\t\t\t\t<\/div>\n\t\t\t\t<div class=\"elementor-element elementor-element-2741928 elementor-widget elementor-widget-text-editor\" data-id=\"2741928\" data-element_type=\"widget\" data-e-type=\"widget\" data-widget_type=\"text-editor.default\">\n\t\t\t\t\t\t\t\t\t<ul class=\"trx_addons_list trx_addons_list_dot_red\"><li>Conseil sur le profil du candidat id\u00e9al par rapport \u00e0 vos besoins sur le march\u00e9 local<\/li><li>Sourcing de candidats via annonces sur la presse, r\u00e9seaux sociaux et chasseurs de t\u00eate<\/li><li>Qualifications des candidats via entretiens pr\u00e9alables et proposition de short list finale<\/li><li>Conseils sur les proc\u00e9dures d\u2019embauche et en mati\u00e8re de contrats de travail<\/li><li>Pr\u00e9paration des contrats de travail<\/li><li>Embauche et portage salarial au sein de notre structure locale<\/li><\/ul>\t\t\t\t\t\t\t\t<\/div>\n\t\t\t\t<\/div>\n\t\t\t\t\t<\/div>\n\t\t\t\t<\/div>\n\t\t\t\t<\/div>\n\t\t","protected":false},"excerpt":{"rendered":"<p>Rekrytointi ja henkil\u00f6st\u00f6hallinto HAASTEENNE Rekrytoida p\u00e4tev\u00e4\u00e4 paikallista henkil\u00f6st\u00f6\u00e4 liiketoimintanne kehitt\u00e4miseen Saada paikallisia resursseja yrityksenne edustamiseen Saada neuvontaa ja tukea kulttuurienv\u00e4lisiss\u00e4 asioissa, liiketoimintak\u00e4yt\u00e4nn\u00f6iss\u00e4 ja ty\u00f6oikeudessa \u00a0 PALVELUMME Conseil sur le profil du candidat id\u00e9al par rapport \u00e0 vos besoins sur le march\u00e9 local Sourcing de candidats via annonces sur la presse, r\u00e9seaux sociaux et chasseurs de [&hellip;]<\/p>\n","protected":false},"author":2,"featured_media":0,"parent":0,"menu_order":0,"comment_status":"closed","ping_status":"closed","template":"elementor_header_footer","meta":{"iawp_total_views":5,"footnotes":""},"class_list":["post-2192","page","type-page","status-publish","hentry"],"_links":{"self":[{"href":"https:\/\/anax.es\/es\/wp-json\/wp\/v2\/pages\/2192","targetHints":{"allow":["GET"]}}],"collection":[{"href":"https:\/\/anax.es\/es\/wp-json\/wp\/v2\/pages"}],"about":[{"href":"https:\/\/anax.es\/es\/wp-json\/wp\/v2\/types\/page"}],"author":[{"embeddable":true,"href":"https:\/\/anax.es\/es\/wp-json\/wp\/v2\/users\/2"}],"replies":[{"embeddable":true,"href":"https:\/\/anax.es\/es\/wp-json\/wp\/v2\/comments?post=2192"}],"version-history":[{"count":16,"href":"https:\/\/anax.es\/es\/wp-json\/wp\/v2\/pages\/2192\/revisions"}],"predecessor-version":[{"id":2312,"href":"https:\/\/anax.es\/es\/wp-json\/wp\/v2\/pages\/2192\/revisions\/2312"}],"wp:attachment":[{"href":"https:\/\/anax.es\/es\/wp-json\/wp\/v2\/media?parent=2192"}],"curies":[{"name":"wp","href":"https:\/\/api.w.org\/{rel}","templated":true}]}}