{"id":2187,"date":"2026-01-31T16:07:15","date_gmt":"2026-01-31T14:07:15","guid":{"rendered":"https:\/\/anax.es\/?page_id=2187"},"modified":"2026-02-02T17:40:43","modified_gmt":"2026-02-02T15:40:43","slug":"desarrollo-empresarial","status":"publish","type":"page","link":"https:\/\/anax.es\/es\/liiketoiminnan-kehittaminen\/","title":{"rendered":"Desarrollo empresarial"},"content":{"rendered":"<div data-elementor-type=\"wp-page\" data-elementor-id=\"2187\" class=\"elementor elementor-2187\" data-elementor-post-type=\"page\">\n\t\t\t\t<div class=\"elementor-element elementor-element-9c4b891 e-flex e-con-boxed e-con e-parent\" data-id=\"9c4b891\" data-element_type=\"container\" data-e-type=\"container\" data-settings=\"{&quot;background_background&quot;:&quot;classic&quot;,&quot;jet_parallax_layout_list&quot;:[]}\">\n\t\t\t\t\t<div class=\"e-con-inner\">\n\t\t<div class=\"elementor-element elementor-element-905e83e e-con-full e-flex e-con e-child\" data-id=\"905e83e\" data-element_type=\"container\" data-e-type=\"container\" data-settings=\"{&quot;jet_parallax_layout_list&quot;:[]}\">\n\t\t\t\t<div class=\"elementor-element elementor-element-43e65b1 elementor-widget elementor-widget-heading\" data-id=\"43e65b1\" data-element_type=\"widget\" data-e-type=\"widget\" data-widget_type=\"heading.default\">\n\t\t\t\t\t<h2 class=\"elementor-heading-title elementor-size-default\">Desarrollo empresarial<\/h2>\t\t\t\t<\/div>\n\t\t\t\t<\/div>\n\t\t<div class=\"elementor-element elementor-element-0cbe824 e-con-full e-flex e-con e-child\" data-id=\"0cbe824\" data-element_type=\"container\" data-e-type=\"container\" data-settings=\"{&quot;jet_parallax_layout_list&quot;:[]}\">\n\t\t\t\t<div class=\"elementor-element elementor-element-23ae41a elementor-widget elementor-widget-image\" data-id=\"23ae41a\" data-element_type=\"widget\" data-e-type=\"widget\" data-widget_type=\"image.default\">\n\t\t\t\t\t\t\t\t\t\t\t\t\t\t\t<img decoding=\"async\" src=\"https:\/\/anax.es\/wp-content\/uploads\/elementor\/thumbs\/Business-development-1-scaled-rikgtvnoptw4pp47yzsro9hk7jd1t4mem29i8h1mko.jpg\" title=\"Desarrollo empresarial\" alt=\"Desarrollo empresarial\" loading=\"lazy\" \/>\t\t\t\t\t\t\t\t\t\t\t\t\t\t\t<\/div>\n\t\t\t\t<\/div>\n\t\t\t\t\t<\/div>\n\t\t\t\t<\/div>\n\t\t<div class=\"elementor-element elementor-element-6d86fde e-flex e-con-boxed e-con e-parent\" data-id=\"6d86fde\" data-element_type=\"container\" data-e-type=\"container\" data-settings=\"{&quot;jet_parallax_layout_list&quot;:[]}\">\n\t\t\t\t\t<div class=\"e-con-inner\">\n\t\t<div class=\"elementor-element elementor-element-59b01f3 e-con-full e-flex e-con e-child\" data-id=\"59b01f3\" data-element_type=\"container\" data-e-type=\"container\" data-settings=\"{&quot;jet_parallax_layout_list&quot;:[]}\">\n\t\t\t\t<div class=\"elementor-element elementor-element-2ead36c elementor-widget elementor-widget-heading\" data-id=\"2ead36c\" data-element_type=\"widget\" data-e-type=\"widget\" data-widget_type=\"heading.default\">\n\t\t\t\t\t<h2 class=\"elementor-heading-title elementor-size-default\">HAASTEENNE<\/h2>\t\t\t\t<\/div>\n\t\t\t\t<div class=\"elementor-element elementor-element-22dce2d elementor-widget elementor-widget-text-editor\" data-id=\"22dce2d\" data-element_type=\"widget\" data-e-type=\"widget\" data-widget_type=\"text-editor.default\">\n\t\t\t\t\t\t\t\t\t<ul><li data-start=\"0\" data-end=\"35\"><p data-start=\"2\" data-end=\"35\">Aumente su volumen de negocios de exportaci\u00f3n<\/p><\/li><li data-start=\"36\" data-end=\"148\"><p data-start=\"38\" data-end=\"148\">Garantizar una presencia comercial y de ventas local sin costes estructurales ni de contrataci\u00f3n.<\/p><\/li><li data-start=\"149\" data-end=\"208\" data-is-last-node=\"\"><p data-start=\"151\" data-end=\"208\" data-is-last-node=\"\">Obtenga apoyo local para gestionar sus clientes clave<\/p><\/li><\/ul>\t\t\t\t\t\t\t\t<\/div>\n\t\t\t\t<\/div>\n\t\t<div class=\"elementor-element elementor-element-8ea398d e-con-full e-flex e-con e-child\" data-id=\"8ea398d\" data-element_type=\"container\" data-e-type=\"container\" data-settings=\"{&quot;jet_parallax_layout_list&quot;:[]}\">\n\t\t\t\t<div class=\"elementor-element elementor-element-889cfcd elementor-widget elementor-widget-image\" data-id=\"889cfcd\" data-element_type=\"widget\" data-e-type=\"widget\" data-widget_type=\"image.default\">\n\t\t\t\t\t\t\t\t\t\t\t\t\t\t\t<img fetchpriority=\"high\" decoding=\"async\" width=\"800\" height=\"534\" src=\"https:\/\/anax.es\/wp-content\/uploads\/2026\/02\/Business-development2-1024x683.jpg\" class=\"attachment-large size-large wp-image-2297\" alt=\"\" srcset=\"https:\/\/anax.es\/wp-content\/uploads\/2026\/02\/Business-development2-1024x683.jpg 1024w, https:\/\/anax.es\/wp-content\/uploads\/2026\/02\/Business-development2-300x200.jpg 300w, https:\/\/anax.es\/wp-content\/uploads\/2026\/02\/Business-development2-768x512.jpg 768w, https:\/\/anax.es\/wp-content\/uploads\/2026\/02\/Business-development2-1536x1024.jpg 1536w, https:\/\/anax.es\/wp-content\/uploads\/2026\/02\/Business-development2-2048x1365.jpg 2048w, https:\/\/anax.es\/wp-content\/uploads\/2026\/02\/Business-development2-18x12.jpg 18w\" sizes=\"(max-width: 800px) 100vw, 800px\" \/>\t\t\t\t\t\t\t\t\t\t\t\t\t\t\t<\/div>\n\t\t\t\t<\/div>\n\t\t\t\t\t<\/div>\n\t\t\t\t<\/div>\n\t\t<div class=\"elementor-element elementor-element-e5d7a60 e-flex e-con-boxed e-con e-parent\" data-id=\"e5d7a60\" data-element_type=\"container\" data-e-type=\"container\" data-settings=\"{&quot;jet_parallax_layout_list&quot;:[]}\">\n\t\t\t\t\t<div class=\"e-con-inner\">\n\t\t<div class=\"elementor-element elementor-element-3c58af5 e-con-full e-flex e-con e-child\" data-id=\"3c58af5\" data-element_type=\"container\" data-e-type=\"container\" data-settings=\"{&quot;jet_parallax_layout_list&quot;:[]}\">\n\t\t\t\t<div class=\"elementor-element elementor-element-813b599 elementor-widget elementor-widget-image\" data-id=\"813b599\" data-element_type=\"widget\" data-e-type=\"widget\" data-widget_type=\"image.default\">\n\t\t\t\t\t\t\t\t\t\t\t\t\t\t\t<img decoding=\"async\" width=\"800\" height=\"534\" src=\"https:\/\/anax.es\/wp-content\/uploads\/2026\/02\/Business-development1-1024x683.jpg\" class=\"attachment-large size-large wp-image-2293\" alt=\"\" srcset=\"https:\/\/anax.es\/wp-content\/uploads\/2026\/02\/Business-development1-1024x683.jpg 1024w, https:\/\/anax.es\/wp-content\/uploads\/2026\/02\/Business-development1-300x200.jpg 300w, https:\/\/anax.es\/wp-content\/uploads\/2026\/02\/Business-development1-768x512.jpg 768w, https:\/\/anax.es\/wp-content\/uploads\/2026\/02\/Business-development1-1536x1024.jpg 1536w, https:\/\/anax.es\/wp-content\/uploads\/2026\/02\/Business-development1-2048x1365.jpg 2048w, https:\/\/anax.es\/wp-content\/uploads\/2026\/02\/Business-development1-18x12.jpg 18w\" sizes=\"(max-width: 800px) 100vw, 800px\" \/>\t\t\t\t\t\t\t\t\t\t\t\t\t\t\t<\/div>\n\t\t\t\t<\/div>\n\t\t<div class=\"elementor-element elementor-element-d5f0a2a e-con-full e-flex e-con e-child\" data-id=\"d5f0a2a\" data-element_type=\"container\" data-e-type=\"container\" data-settings=\"{&quot;jet_parallax_layout_list&quot;:[]}\">\n\t\t\t\t<div class=\"elementor-element elementor-element-8f38548 elementor-widget elementor-widget-heading\" data-id=\"8f38548\" data-element_type=\"widget\" data-e-type=\"widget\" data-widget_type=\"heading.default\">\n\t\t\t\t\t<h2 class=\"elementor-heading-title elementor-size-default\">NUESTROS SERVICIOS<\/h2>\t\t\t\t<\/div>\n\t\t\t\t<div class=\"elementor-element elementor-element-2741928 elementor-widget elementor-widget-text-editor\" data-id=\"2741928\" data-element_type=\"widget\" data-e-type=\"widget\" data-widget_type=\"text-editor.default\">\n\t\t\t\t\t\t\t\t\t<ul><li data-start=\"0\" data-end=\"77\"><p data-start=\"2\" data-end=\"77\">Selecci\u00f3n precisa y de alta calidad de clientes y socios potenciales<\/p><\/li><li data-start=\"78\" data-end=\"135\"><p data-start=\"80\" data-end=\"135\">Seguimiento operativo de las ventas e informes de ventas<\/p><\/li><li data-start=\"136\" data-end=\"186\"><p data-start=\"138\" data-end=\"186\">Gesti\u00f3n de cuentas clave<\/p><\/li><li data-start=\"187\" data-end=\"235\"><p data-start=\"189\" data-end=\"235\">Activaci\u00f3n y despliegue de redes de ventas<\/p><\/li><li data-start=\"236\" data-end=\"297\"><p data-start=\"238\" data-end=\"297\">Poner a su disposici\u00f3n a uno de nuestros expertos en el pa\u00eds<\/p><\/li><li data-start=\"298\" data-end=\"355\"><p data-start=\"300\" data-end=\"355\">Gesti\u00f3n de ventas, tramitaci\u00f3n y seguimiento de pedidos<\/p><\/li><li data-start=\"356\" data-end=\"400\" data-is-last-node=\"\"><p data-start=\"358\" data-end=\"400\" data-is-last-node=\"\">Domicilio comercial en el pa\u00eds en cuesti\u00f3n<\/p><\/li><\/ul>\t\t\t\t\t\t\t\t<\/div>\n\t\t\t\t<\/div>\n\t\t\t\t\t<\/div>\n\t\t\t\t<\/div>\n\t\t\t\t<\/div>","protected":false},"excerpt":{"rendered":"<p>Liiketoiminnan kehitt\u00e4minen HAASTEENNE Kasvattaa vientiliikevaihtoanne Varmistaa paikallinen myynti- ja kaupallinen l\u00e4sn\u00e4olo ilman rakenteellisia kustannuksia ja rekrytointikuluja Saada paikallista tukea avainasiakkaidenne hallinnointiin PALVELUMME Mahdollisten asiakkaiden ja kumppaneiden tarkka ja laadukas kohdentaminen Myynnin operatiivinen seuranta sek\u00e4 myyntiraportointi Avainasiakkuuksien (key accounts) hallinnointi Myyntiverkostojen aktivointi ja k\u00e4ytt\u00f6\u00f6notto Yhden maakohtaisen asiantuntijamme asettaminen k\u00e4ytt\u00f6\u00f6nne Myynnin hallinnointi, tilausten k\u00e4sittely ja seuranta Kaupallinen [&hellip;]<\/p>\n","protected":false},"author":2,"featured_media":0,"parent":0,"menu_order":0,"comment_status":"closed","ping_status":"closed","template":"elementor_header_footer","meta":{"iawp_total_views":2,"footnotes":""},"class_list":["post-2187","page","type-page","status-publish","hentry"],"_links":{"self":[{"href":"https:\/\/anax.es\/es\/wp-json\/wp\/v2\/pages\/2187","targetHints":{"allow":["GET"]}}],"collection":[{"href":"https:\/\/anax.es\/es\/wp-json\/wp\/v2\/pages"}],"about":[{"href":"https:\/\/anax.es\/es\/wp-json\/wp\/v2\/types\/page"}],"author":[{"embeddable":true,"href":"https:\/\/anax.es\/es\/wp-json\/wp\/v2\/users\/2"}],"replies":[{"embeddable":true,"href":"https:\/\/anax.es\/es\/wp-json\/wp\/v2\/comments?post=2187"}],"version-history":[{"count":16,"href":"https:\/\/anax.es\/es\/wp-json\/wp\/v2\/pages\/2187\/revisions"}],"predecessor-version":[{"id":2300,"href":"https:\/\/anax.es\/es\/wp-json\/wp\/v2\/pages\/2187\/revisions\/2300"}],"wp:attachment":[{"href":"https:\/\/anax.es\/es\/wp-json\/wp\/v2\/media?parent=2187"}],"curies":[{"name":"wp","href":"https:\/\/api.w.org\/{rel}","templated":true}]}}