{"id":2170,"date":"2026-01-31T15:50:43","date_gmt":"2026-01-31T13:50:43","guid":{"rendered":"https:\/\/anax.es\/?page_id=2170"},"modified":"2026-02-02T16:31:02","modified_gmt":"2026-02-02T14:31:02","slug":"mapeo-e-investigacion-de-mercado","status":"publish","type":"page","link":"https:\/\/anax.es\/es\/markkinointikartoitus-ja-markkinatutkimus\/","title":{"rendered":"Cartograf\u00eda y estudios de mercado"},"content":{"rendered":"\t\t<div data-elementor-type=\"wp-page\" data-elementor-id=\"2170\" class=\"elementor elementor-2170\" data-elementor-post-type=\"page\">\n\t\t\t\t<div class=\"elementor-element elementor-element-717bb8b e-flex e-con-boxed e-con e-parent\" data-id=\"717bb8b\" data-element_type=\"container\" data-e-type=\"container\" data-settings=\"{&quot;background_background&quot;:&quot;classic&quot;,&quot;jet_parallax_layout_list&quot;:[]}\">\n\t\t\t\t\t<div class=\"e-con-inner\">\n\t\t<div class=\"elementor-element elementor-element-2ebb5d5 e-con-full e-flex e-con e-child\" data-id=\"2ebb5d5\" data-element_type=\"container\" data-e-type=\"container\" data-settings=\"{&quot;jet_parallax_layout_list&quot;:[]}\">\n\t\t\t\t<div class=\"elementor-element elementor-element-03c4616 elementor-widget elementor-widget-heading\" data-id=\"03c4616\" data-element_type=\"widget\" data-e-type=\"widget\" data-widget_type=\"heading.default\">\n\t\t\t\t\t<h2 class=\"elementor-heading-title elementor-size-default\">Markkinointikartoitus ja markkinatutkimus<\/h2>\t\t\t\t<\/div>\n\t\t\t\t<\/div>\n\t\t<div class=\"elementor-element elementor-element-c7b6282 e-con-full e-flex e-con e-child\" data-id=\"c7b6282\" data-element_type=\"container\" data-e-type=\"container\" data-settings=\"{&quot;jet_parallax_layout_list&quot;:[]}\">\n\t\t\t\t<div class=\"elementor-element elementor-element-d3a1f9d elementor-widget elementor-widget-image\" data-id=\"d3a1f9d\" data-element_type=\"widget\" data-e-type=\"widget\" data-widget_type=\"image.default\">\n\t\t\t\t\t\t\t\t\t\t\t\t\t\t\t<img decoding=\"async\" src=\"https:\/\/anax.es\/wp-content\/uploads\/elementor\/thumbs\/marketing-scan-scaled-rike6ksrsjfjkzjqgsshvb93z53bdwa4ud38kiclfs.jpg\" title=\"marketing scan\" alt=\"marketing-scan\" loading=\"lazy\" \/>\t\t\t\t\t\t\t\t\t\t\t\t\t\t\t<\/div>\n\t\t\t\t<\/div>\n\t\t\t\t\t<\/div>\n\t\t\t\t<\/div>\n\t\t<div class=\"elementor-element elementor-element-6d86fde e-flex e-con-boxed e-con e-parent\" data-id=\"6d86fde\" data-element_type=\"container\" data-e-type=\"container\" data-settings=\"{&quot;jet_parallax_layout_list&quot;:[]}\">\n\t\t\t\t\t<div class=\"e-con-inner\">\n\t\t<div class=\"elementor-element elementor-element-59b01f3 e-con-full e-flex e-con e-child\" data-id=\"59b01f3\" data-element_type=\"container\" data-e-type=\"container\" data-settings=\"{&quot;jet_parallax_layout_list&quot;:[]}\">\n\t\t\t\t<div class=\"elementor-element elementor-element-2ead36c elementor-widget elementor-widget-heading\" data-id=\"2ead36c\" data-element_type=\"widget\" data-e-type=\"widget\" data-widget_type=\"heading.default\">\n\t\t\t\t\t<h2 class=\"elementor-heading-title elementor-size-default\">HAASTEENNE<\/h2>\t\t\t\t<\/div>\n\t\t\t\t<div class=\"elementor-element elementor-element-22dce2d elementor-widget elementor-widget-text-editor\" data-id=\"22dce2d\" data-element_type=\"widget\" data-e-type=\"widget\" data-widget_type=\"text-editor.default\">\n\t\t\t\t\t\t\t\t\t<div class=\"flex max-w-full flex-col grow\"><div class=\"min-h-8 text-message relative flex w-full flex-col items-end gap-2 text-start break-words whitespace-normal [.text-message+&amp;]:mt-1\" dir=\"auto\" data-message-author-role=\"assistant\" data-message-id=\"25023558-fd8e-46ad-90c0-c92844ac372d\" data-message-model-slug=\"gpt-5-2\"><div class=\"flex w-full flex-col gap-1 empty:hidden first:pt-[1px]\"><div class=\"markdown prose dark:prose-invert w-full wrap-break-word light markdown-new-styling\"><ul data-start=\"0\" data-end=\"421\" data-is-last-node=\"\" data-is-only-node=\"\"><li data-start=\"0\" data-end=\"66\"><p data-start=\"2\" data-end=\"66\">Analysoida markkinapotentiaali tuotteillenne ja palveluillenne<\/p><\/li><li data-start=\"67\" data-end=\"125\"><p data-start=\"69\" data-end=\"125\">Tunnistaa markkinoiden kehitys- ja kasvumahdollisuudet<\/p><\/li><li data-start=\"126\" data-end=\"203\"><p data-start=\"128\" data-end=\"203\">Ymm\u00e4rt\u00e4\u00e4 kulutustrendit ja niiden sopivuus tuotteisiinne ja palveluihinne<\/p><\/li><li data-start=\"204\" data-end=\"314\"><p data-start=\"206\" data-end=\"314\">Tunnistaa kilpailijanne ja heid\u00e4n markkinaosuutensa sek\u00e4 arvioida oma markkinoillep\u00e4\u00e4sy- ja l\u00e4p\u00e4isykykynne<\/p><\/li><li data-start=\"315\" data-end=\"421\" data-is-last-node=\"\"><p data-start=\"317\" data-end=\"421\" data-is-last-node=\"\">Saada strategisia analyysej\u00e4 p\u00e4\u00e4t\u00f6ksenteon tueksi: maariskit, voimassa oleva s\u00e4\u00e4ntely, kasvun\u00e4kym\u00e4t jne.<\/p><\/li><\/ul><\/div><\/div><\/div><\/div><div class=\"z-0 flex min-h-[46px] justify-start\">\u00a0<\/div>\t\t\t\t\t\t\t\t<\/div>\n\t\t\t\t<\/div>\n\t\t<div class=\"elementor-element elementor-element-8ea398d e-con-full e-flex e-con e-child\" data-id=\"8ea398d\" data-element_type=\"container\" data-e-type=\"container\" data-settings=\"{&quot;jet_parallax_layout_list&quot;:[]}\">\n\t\t\t\t<div class=\"elementor-element elementor-element-889cfcd elementor-widget elementor-widget-image\" data-id=\"889cfcd\" data-element_type=\"widget\" data-e-type=\"widget\" data-widget_type=\"image.default\">\n\t\t\t\t\t\t\t\t\t\t\t\t\t\t\t<img fetchpriority=\"high\" decoding=\"async\" width=\"800\" height=\"534\" src=\"https:\/\/anax.es\/wp-content\/uploads\/2026\/02\/marketing-scan1-1024x683.jpg\" class=\"attachment-large size-large wp-image-2268\" alt=\"\" srcset=\"https:\/\/anax.es\/wp-content\/uploads\/2026\/02\/marketing-scan1-1024x683.jpg 1024w, https:\/\/anax.es\/wp-content\/uploads\/2026\/02\/marketing-scan1-300x200.jpg 300w, https:\/\/anax.es\/wp-content\/uploads\/2026\/02\/marketing-scan1-768x512.jpg 768w, https:\/\/anax.es\/wp-content\/uploads\/2026\/02\/marketing-scan1-1536x1024.jpg 1536w, https:\/\/anax.es\/wp-content\/uploads\/2026\/02\/marketing-scan1-2048x1365.jpg 2048w, https:\/\/anax.es\/wp-content\/uploads\/2026\/02\/marketing-scan1-18x12.jpg 18w\" sizes=\"(max-width: 800px) 100vw, 800px\" \/>\t\t\t\t\t\t\t\t\t\t\t\t\t\t\t<\/div>\n\t\t\t\t<\/div>\n\t\t\t\t\t<\/div>\n\t\t\t\t<\/div>\n\t\t<div class=\"elementor-element elementor-element-e5d7a60 e-flex e-con-boxed e-con e-parent\" data-id=\"e5d7a60\" data-element_type=\"container\" data-e-type=\"container\" data-settings=\"{&quot;jet_parallax_layout_list&quot;:[]}\">\n\t\t\t\t\t<div class=\"e-con-inner\">\n\t\t<div class=\"elementor-element elementor-element-3c58af5 e-con-full e-flex e-con e-child\" data-id=\"3c58af5\" data-element_type=\"container\" data-e-type=\"container\" data-settings=\"{&quot;jet_parallax_layout_list&quot;:[]}\">\n\t\t\t\t<div class=\"elementor-element elementor-element-813b599 elementor-widget elementor-widget-image\" data-id=\"813b599\" data-element_type=\"widget\" data-e-type=\"widget\" data-widget_type=\"image.default\">\n\t\t\t\t\t\t\t\t\t\t\t\t\t\t\t<img decoding=\"async\" width=\"800\" height=\"534\" src=\"https:\/\/anax.es\/wp-content\/uploads\/2026\/02\/marketing-scan2-1024x683.jpg\" class=\"attachment-large size-large wp-image-2265\" alt=\"marketing-scan\" srcset=\"https:\/\/anax.es\/wp-content\/uploads\/2026\/02\/marketing-scan2-1024x683.jpg 1024w, https:\/\/anax.es\/wp-content\/uploads\/2026\/02\/marketing-scan2-300x200.jpg 300w, https:\/\/anax.es\/wp-content\/uploads\/2026\/02\/marketing-scan2-768x512.jpg 768w, https:\/\/anax.es\/wp-content\/uploads\/2026\/02\/marketing-scan2-1536x1024.jpg 1536w, https:\/\/anax.es\/wp-content\/uploads\/2026\/02\/marketing-scan2-2048x1365.jpg 2048w, https:\/\/anax.es\/wp-content\/uploads\/2026\/02\/marketing-scan2-18x12.jpg 18w\" sizes=\"(max-width: 800px) 100vw, 800px\" \/>\t\t\t\t\t\t\t\t\t\t\t\t\t\t\t<\/div>\n\t\t\t\t<\/div>\n\t\t<div class=\"elementor-element elementor-element-d5f0a2a e-con-full e-flex e-con e-child\" data-id=\"d5f0a2a\" data-element_type=\"container\" data-e-type=\"container\" data-settings=\"{&quot;jet_parallax_layout_list&quot;:[]}\">\n\t\t\t\t<div class=\"elementor-element elementor-element-8f38548 elementor-widget elementor-widget-heading\" data-id=\"8f38548\" data-element_type=\"widget\" data-e-type=\"widget\" data-widget_type=\"heading.default\">\n\t\t\t\t\t<h2 class=\"elementor-heading-title elementor-size-default\">PALVELUMME<\/h2>\t\t\t\t<\/div>\n\t\t\t\t<div class=\"elementor-element elementor-element-2741928 elementor-widget elementor-widget-text-editor\" data-id=\"2741928\" data-element_type=\"widget\" data-e-type=\"widget\" data-widget_type=\"text-editor.default\">\n\t\t\t\t\t\t\t\t\t<ul class=\"trx_addons_list trx_addons_list_dot_red\"><li>Analyse de la taille du march\u00e9 pour vos biens et services et votre potentiel de d\u00e9veloppement industriel et ou commercial<\/li><li>Identification des principaux concurrents de votre secteur<\/li><li>Ad\u00e9quation de vos produits et services par rapport au march\u00e9 cible<\/li><li>Analyse des \u00e9ventuelles barri\u00e8res \u00e0 l\u2019entr\u00e9e (tarifaire et non tarifaire)<\/li><li>Information sur de la r\u00e9glementation concernant vos produits et services<\/li><li>SWOT et decision GO or NO GO<\/li><li>Conseil et veille strat\u00e9gique<\/li><\/ul>\t\t\t\t\t\t\t\t<\/div>\n\t\t\t\t<\/div>\n\t\t\t\t\t<\/div>\n\t\t\t\t<\/div>\n\t\t\t\t<\/div>\n\t\t","protected":false},"excerpt":{"rendered":"<p>Markkinointikartoitus ja markkinatutkimus HAASTEENNE Analysoida markkinapotentiaali tuotteillenne ja palveluillenne Tunnistaa markkinoiden kehitys- ja kasvumahdollisuudet Ymm\u00e4rt\u00e4\u00e4 kulutustrendit ja niiden sopivuus tuotteisiinne ja palveluihinne Tunnistaa kilpailijanne ja heid\u00e4n markkinaosuutensa sek\u00e4 arvioida oma markkinoillep\u00e4\u00e4sy- ja l\u00e4p\u00e4isykykynne Saada strategisia analyysej\u00e4 p\u00e4\u00e4t\u00f6ksenteon tueksi: maariskit, voimassa oleva s\u00e4\u00e4ntely, kasvun\u00e4kym\u00e4t jne. \u00a0 PALVELUMME Analyse de la taille du march\u00e9 pour vos biens [&hellip;]<\/p>\n","protected":false},"author":2,"featured_media":0,"parent":0,"menu_order":0,"comment_status":"closed","ping_status":"closed","template":"elementor_header_footer","meta":{"iawp_total_views":5,"footnotes":""},"class_list":["post-2170","page","type-page","status-publish","hentry"],"_links":{"self":[{"href":"https:\/\/anax.es\/es\/wp-json\/wp\/v2\/pages\/2170","targetHints":{"allow":["GET"]}}],"collection":[{"href":"https:\/\/anax.es\/es\/wp-json\/wp\/v2\/pages"}],"about":[{"href":"https:\/\/anax.es\/es\/wp-json\/wp\/v2\/types\/page"}],"author":[{"embeddable":true,"href":"https:\/\/anax.es\/es\/wp-json\/wp\/v2\/users\/2"}],"replies":[{"embeddable":true,"href":"https:\/\/anax.es\/es\/wp-json\/wp\/v2\/comments?post=2170"}],"version-history":[{"count":19,"href":"https:\/\/anax.es\/es\/wp-json\/wp\/v2\/pages\/2170\/revisions"}],"predecessor-version":[{"id":2274,"href":"https:\/\/anax.es\/es\/wp-json\/wp\/v2\/pages\/2170\/revisions\/2274"}],"wp:attachment":[{"href":"https:\/\/anax.es\/es\/wp-json\/wp\/v2\/media?parent=2170"}],"curies":[{"name":"wp","href":"https:\/\/api.w.org\/{rel}","templated":true}]}}