{"id":2134,"date":"2025-09-24T21:38:00","date_gmt":"2025-09-24T18:38:00","guid":{"rendered":"https:\/\/anax.es\/?page_id=2134"},"modified":"2025-09-24T21:42:51","modified_gmt":"2025-09-24T18:42:51","slug":"inmobiliario","status":"publish","type":"page","link":"https:\/\/anax.es\/es\/kiinteistot\/","title":{"rendered":"Inmobiliario"},"content":{"rendered":"<div data-elementor-type=\"wp-page\" data-elementor-id=\"2134\" class=\"elementor elementor-2134\" data-elementor-post-type=\"page\">\n\t\t\t\t<div class=\"elementor-element elementor-element-41d717b e-flex e-con-boxed e-con e-parent\" data-id=\"41d717b\" data-element_type=\"container\" data-e-type=\"container\" data-settings=\"{&quot;background_background&quot;:&quot;classic&quot;,&quot;jet_parallax_layout_list&quot;:[]}\">\n\t\t\t\t\t<div class=\"e-con-inner\">\n\t\t<div class=\"elementor-element elementor-element-5823874 e-con-full e-flex e-con e-child\" data-id=\"5823874\" data-element_type=\"container\" data-e-type=\"container\" data-settings=\"{&quot;jet_parallax_layout_list&quot;:[]}\">\n\t\t\t\t<div class=\"elementor-element elementor-element-ede9130 elementor-widget elementor-widget-heading\" data-id=\"ede9130\" data-element_type=\"widget\" data-e-type=\"widget\" data-widget_type=\"heading.default\">\n\t\t\t\t\t<h2 class=\"elementor-heading-title elementor-size-default\">\u00bfPor qu\u00e9 buscan ahora los finlandeses vivienda en el extranjero?<\/h2>\t\t\t\t<\/div>\n\t\t\t\t<\/div>\n\t\t<div class=\"elementor-element elementor-element-7d9ffec e-con-full e-flex e-con e-child\" data-id=\"7d9ffec\" data-element_type=\"container\" data-e-type=\"container\" data-settings=\"{&quot;jet_parallax_layout_list&quot;:[]}\">\n\t\t\t\t<div class=\"elementor-element elementor-element-049db16 elementor-widget elementor-widget-image\" data-id=\"049db16\" data-element_type=\"widget\" data-e-type=\"widget\" data-widget_type=\"image.default\">\n\t\t\t\t\t\t\t\t\t\t\t\t\t\t\t<img decoding=\"async\" src=\"https:\/\/anax.es\/wp-content\/uploads\/elementor\/thumbs\/finnish-company-investment-rc6fz719xgu8r9inziehlyfbamz8jmvd76752qq7bc.jpg\" title=\"inversi\u00f3n de empresas finlandesas\" alt=\"inversi\u00f3n de empresas finlandesas\" loading=\"lazy\" \/>\t\t\t\t\t\t\t\t\t\t\t\t\t\t\t<\/div>\n\t\t\t\t<\/div>\n\t\t\t\t\t<\/div>\n\t\t\t\t<\/div>\n\t\t<div class=\"elementor-element elementor-element-b4b98e4 e-flex e-con-boxed e-con e-parent\" data-id=\"b4b98e4\" data-element_type=\"container\" data-e-type=\"container\" data-settings=\"{&quot;background_background&quot;:&quot;classic&quot;,&quot;jet_parallax_layout_list&quot;:[]}\">\n\t\t\t\t\t<div class=\"e-con-inner\">\n\t\t<div class=\"elementor-element elementor-element-51c348f e-con-full e-flex e-con e-child\" data-id=\"51c348f\" data-element_type=\"container\" data-e-type=\"container\" data-settings=\"{&quot;jet_parallax_layout_list&quot;:[]}\">\n\t\t\t\t<div class=\"elementor-element elementor-element-0d4ce06 elementor-widget elementor-widget-text-editor\" data-id=\"0d4ce06\" data-element_type=\"widget\" data-e-type=\"widget\" data-widget_type=\"text-editor.default\">\n\t\t\t\t\t\t\t\t\t<p><strong data-start=\"389\" data-end=\"435\">1. B\u00fasqueda de seguridad y diversificaci\u00f3n de activos<\/strong><\/p><ol><li style=\"list-style-type: none;\"><ul data-start=\"441\" data-end=\"671\"><li data-start=\"441\" data-end=\"561\"><p data-start=\"443\" data-end=\"561\">La incertidumbre en Europa y Finlandia (econ\u00f3mica, geopol\u00edtica, inflacionista) hace que la gente diversifique sus activos.<\/p><\/li><li data-start=\"565\" data-end=\"671\"><p data-start=\"567\" data-end=\"671\">Una vivienda en Espa\u00f1a se considera una \"piedra angular\" sobre la que asegurar tanto un estilo de vida como una inversi\u00f3n.<\/p><\/li><\/ul><\/li><li data-start=\"673\" data-end=\"933\"><p data-start=\"676\" data-end=\"699\"><strong data-start=\"676\" data-end=\"697\">Tiempo y estilo de vida<\/strong><\/p><ul data-start=\"703\" data-end=\"933\"><li data-start=\"703\" data-end=\"824\"><p data-start=\"705\" data-end=\"824\">La Costa Sunshine tiene 320 d\u00edas soleados al a\u00f1o. Esto supone un contrapeso a los oscuros y fr\u00edos inviernos finlandeses.<\/p><\/li><li data-start=\"828\" data-end=\"933\"><p data-start=\"830\" data-end=\"933\">Ya existe una gran comunidad finlandesa en la zona (por ejemplo, en Fuengirola), lo que rebaja el umbral para comprar una vivienda.<\/p><\/li><\/ul><\/li><li data-start=\"935\" data-end=\"1227\"><p data-start=\"938\" data-end=\"982\"><strong data-start=\"938\" data-end=\"980\">Mayor demanda y facilidad de alquiler<\/strong><\/p><ul data-start=\"986\" data-end=\"1227\"><li data-start=\"986\" data-end=\"1085\"><p data-start=\"988\" data-end=\"1085\">Los alquileres vacacionales son especialmente populares en la regi\u00f3n de M\u00e1laga, donde el turismo es fuerte todo el a\u00f1o.<\/p><\/li><li data-start=\"1089\" data-end=\"1227\"><p data-start=\"1091\" data-end=\"1227\">Los alquileres de corta duraci\u00f3n (Airbnb, Booking) atraen a los inversores, aunque los ayuntamientos han empezado a regular los permisos de forma m\u00e1s estricta.<\/p><\/li><\/ul><\/li><li data-start=\"1229\" data-end=\"1403\"><p data-start=\"1232\" data-end=\"1251\"><strong data-start=\"1232\" data-end=\"1249\">Conexiones de aire<\/strong><\/p><ul data-start=\"1255\" data-end=\"1403\"><li data-start=\"1255\" data-end=\"1403\"><p data-start=\"1257\" data-end=\"1403\">Los vuelos directos de Helsinki, Turku y Tampere a M\u00e1laga facilitan los desplazamientos, lo que aumenta la demanda, especialmente en la Sunshine Coast.<\/p><\/li><\/ul><\/li><\/ol><hr data-start=\"1405\" data-end=\"1408\" \/><h2 data-start=\"1410\" data-end=\"1454\">\u00bfQu\u00e9 sabemos de las estad\u00edsticas (2024-2025)?<\/h2><ul data-start=\"1455\" data-end=\"1818\"><li data-start=\"1455\" data-end=\"1543\"><p data-start=\"1457\" data-end=\"1543\"><strong data-start=\"1457\" data-end=\"1511\">Porcentaje de extranjeros en el total de transacciones de vivienda en Espa\u00f1a<\/strong> ha aumentado a m\u00e1s de 20 %.<\/p><\/li><li data-start=\"1544\" data-end=\"1702\"><p data-start=\"1546\" data-end=\"1702\"><strong data-start=\"1546\" data-end=\"1569\">Compradores finlandeses<\/strong> se estima en unos <strong data-start=\"1611\" data-end=\"1639\">300-400 viviendas al a\u00f1o<\/strong>. Se trata de un n\u00famero considerable en relaci\u00f3n con el tama\u00f1o de la poblaci\u00f3n finlandesa.<\/p><\/li><li data-start=\"1703\" data-end=\"1818\"><p data-start=\"1705\" data-end=\"1818\">La Costa del Sol es, con diferencia, la zona m\u00e1s popular para los finlandeses, pero la Costa Blanca (Alicante) tambi\u00e9n resulta atractiva.<\/p><\/li><\/ul><hr data-start=\"1820\" data-end=\"1823\" \/><h2 data-start=\"1825\" data-end=\"1843\">Tendencia de desarrollo<\/h2><ul data-start=\"1844\" data-end=\"2311\"><li data-start=\"1844\" data-end=\"2020\"><p data-start=\"1846\" data-end=\"2020\"><strong data-start=\"1846\" data-end=\"1873\">La demanda sigue creciendo<\/strong>Pero la oferta de viviendas de calidad y bien situadas no crece con la misma rapidez, y los precios suben, sobre todo en las zonas costeras m\u00e1s populares.<\/p><\/li><li data-start=\"2021\" data-end=\"2172\"><p data-start=\"2023\" data-end=\"2172\">Los finlandeses buscan cada vez m\u00e1s una \"casa segura\", es decir, un lugar donde pasar largas temporadas pero tambi\u00e9n alquilar si su uso propio no es permanente.<\/p><\/li><li data-start=\"2173\" data-end=\"2311\"><p data-start=\"2175\" data-end=\"2311\">Sin embargo, la normativa (por ejemplo, permisos de alquiler, fiscalidad, posibles nuevas restricciones para extranjeros) puede cambiar el mercado en los pr\u00f3ximos a\u00f1os.<\/p><\/li><\/ul><div class=\"_tableContainer_1rjym_1\">\u00a0<\/div>\t\t\t\t\t\t\t\t<\/div>\n\t\t\t\t<\/div>\n\t\t\t\t\t<\/div>\n\t\t\t\t<\/div>\n\t\t\t\t<\/div>","protected":false},"excerpt":{"rendered":"<p>Miksi suomalaiset hakevat asuntoa ulkomailta juuri nyt? 1. Turvan haku ja varallisuuden hajauttaminen Ep\u00e4varmuus Euroopassa ja Suomessa (talous, geopoliittinen tilanne, inflaatio) saa ihmiset hajauttamaan omaisuuttaan. Espanjasta hankittu asunto n\u00e4hd\u00e4\u00e4n \u201ckivijalkana\u201d, johon voi turvata sek\u00e4 el\u00e4m\u00e4ntavan ett\u00e4 sijoituksen. S\u00e4\u00e4 ja el\u00e4m\u00e4ntapa Aurinkorannikolla on 320 aurinkoista p\u00e4iv\u00e4\u00e4 vuodessa. T\u00e4m\u00e4 tarjoaa vastapainon Suomen pimeille ja kylmille talville. Alueella [&hellip;]<\/p>\n","protected":false},"author":2,"featured_media":0,"parent":0,"menu_order":0,"comment_status":"closed","ping_status":"closed","template":"elementor_header_footer","meta":{"iawp_total_views":30,"footnotes":""},"class_list":["post-2134","page","type-page","status-publish","hentry"],"_links":{"self":[{"href":"https:\/\/anax.es\/es\/wp-json\/wp\/v2\/pages\/2134","targetHints":{"allow":["GET"]}}],"collection":[{"href":"https:\/\/anax.es\/es\/wp-json\/wp\/v2\/pages"}],"about":[{"href":"https:\/\/anax.es\/es\/wp-json\/wp\/v2\/types\/page"}],"author":[{"embeddable":true,"href":"https:\/\/anax.es\/es\/wp-json\/wp\/v2\/users\/2"}],"replies":[{"embeddable":true,"href":"https:\/\/anax.es\/es\/wp-json\/wp\/v2\/comments?post=2134"}],"version-history":[{"count":7,"href":"https:\/\/anax.es\/es\/wp-json\/wp\/v2\/pages\/2134\/revisions"}],"predecessor-version":[{"id":2142,"href":"https:\/\/anax.es\/es\/wp-json\/wp\/v2\/pages\/2134\/revisions\/2142"}],"wp:attachment":[{"href":"https:\/\/anax.es\/es\/wp-json\/wp\/v2\/media?parent=2134"}],"curies":[{"name":"wp","href":"https:\/\/api.w.org\/{rel}","templated":true}]}}