{"id":2121,"date":"2025-09-24T16:15:49","date_gmt":"2025-09-24T13:15:49","guid":{"rendered":"https:\/\/anax.es\/?page_id=2121"},"modified":"2025-09-24T16:38:00","modified_gmt":"2025-09-24T13:38:00","slug":"puntos-fuertes-de-finlandia","status":"publish","type":"page","link":"https:\/\/anax.es\/es\/suomalaisia-vahvuuksia\/","title":{"rendered":"Puntos fuertes de Finlandia"},"content":{"rendered":"<div data-elementor-type=\"wp-page\" data-elementor-id=\"2121\" class=\"elementor elementor-2121\" data-elementor-post-type=\"page\">\n\t\t\t\t<div class=\"elementor-element elementor-element-41d717b e-flex e-con-boxed e-con e-parent\" data-id=\"41d717b\" data-element_type=\"container\" data-e-type=\"container\" data-settings=\"{&quot;background_background&quot;:&quot;classic&quot;,&quot;jet_parallax_layout_list&quot;:[]}\">\n\t\t\t\t\t<div class=\"e-con-inner\">\n\t\t<div class=\"elementor-element elementor-element-5823874 e-con-full e-flex e-con e-child\" data-id=\"5823874\" data-element_type=\"container\" data-e-type=\"container\" data-settings=\"{&quot;jet_parallax_layout_list&quot;:[]}\">\n\t\t\t\t<div class=\"elementor-element elementor-element-ede9130 elementor-widget elementor-widget-heading\" data-id=\"ede9130\" data-element_type=\"widget\" data-e-type=\"widget\" data-widget_type=\"heading.default\">\n\t\t\t\t\t<h2 class=\"elementor-heading-title elementor-size-default\">Puntos fuertes finlandeses: ciberseguridad, desarrollo de software, automatizaci\u00f3n, tecnolog\u00edas limpias, econom\u00eda circular y soluciones especializadas en materiales de construcci\u00f3n.<\/h2>\t\t\t\t<\/div>\n\t\t\t\t<\/div>\n\t\t<div class=\"elementor-element elementor-element-7d9ffec e-con-full e-flex e-con e-child\" data-id=\"7d9ffec\" data-element_type=\"container\" data-e-type=\"container\" data-settings=\"{&quot;jet_parallax_layout_list&quot;:[]}\">\n\t\t\t\t<div class=\"elementor-element elementor-element-049db16 elementor-widget elementor-widget-image\" data-id=\"049db16\" data-element_type=\"widget\" data-e-type=\"widget\" data-widget_type=\"image.default\">\n\t\t\t\t\t\t\t\t\t\t\t\t\t\t\t<img decoding=\"async\" src=\"https:\/\/anax.es\/wp-content\/uploads\/elementor\/thumbs\/cleantech_finland-rc8b2bkpyyyridevcgnp5i9uhf4nyor5wxptn5so08.jpg\" title=\"cleantech_finland\" alt=\"cleantech_finland\" loading=\"lazy\" \/>\t\t\t\t\t\t\t\t\t\t\t\t\t\t\t<\/div>\n\t\t\t\t<\/div>\n\t\t\t\t\t<\/div>\n\t\t\t\t<\/div>\n\t\t<div class=\"elementor-element elementor-element-b4b98e4 e-flex e-con-boxed e-con e-parent\" data-id=\"b4b98e4\" data-element_type=\"container\" data-e-type=\"container\" data-settings=\"{&quot;background_background&quot;:&quot;classic&quot;,&quot;jet_parallax_layout_list&quot;:[]}\">\n\t\t\t\t\t<div class=\"e-con-inner\">\n\t\t<div class=\"elementor-element elementor-element-51c348f e-con-full e-flex e-con e-child\" data-id=\"51c348f\" data-element_type=\"container\" data-e-type=\"container\" data-settings=\"{&quot;jet_parallax_layout_list&quot;:[]}\">\n\t\t\t\t<div class=\"elementor-element elementor-element-0d4ce06 elementor-widget elementor-widget-text-editor\" data-id=\"0d4ce06\" data-element_type=\"widget\" data-e-type=\"widget\" data-widget_type=\"text-editor.default\">\n\t\t\t\t\t\t\t\t\t<h2 data-start=\"226\" data-end=\"255\"><strong data-start=\"229\" data-end=\"253\">1. Ciberseguridad<\/strong><\/h2><ul data-start=\"256\" data-end=\"903\"><li data-start=\"256\" data-end=\"521\"><p data-start=\"258\" data-end=\"521\"><strong data-start=\"258\" data-end=\"270\">Fuerza:<\/strong> Finlandia es l\u00edder mundial en seguridad de la informaci\u00f3n. Esto se basa en un fuerte sector de las TIC (legado de Nokia, cl\u00faster TIC de Oulu) y un alto nivel educativo. De Finlandia han surgido varios casos de \u00e9xito internacional en ciberseguridad (por ejemplo, F-Secure \/ WithSecure).<\/p><\/li><li data-start=\"522\" data-end=\"665\"><p data-start=\"524\" data-end=\"665\"><strong data-start=\"524\" data-end=\"540\">Ventaja competitiva:<\/strong> Las soluciones desarrolladas en un pa\u00eds peque\u00f1o suelen ser \u00e1giles, modulares y muy adaptables a una amplia gama de entornos.<\/p><\/li><li data-start=\"666\" data-end=\"903\"><p data-start=\"668\" data-end=\"903\"><strong data-start=\"668\" data-end=\"696\">Oportunidad en el extranjero:<\/strong> Creciente demanda de servicios de ciberseguridad en el sector energ\u00e9tico, las administraciones p\u00fablicas y las pymes. En Espa\u00f1a, la digitalizaci\u00f3n de sectores como las infraestructuras, la banca y el turismo necesita socios de confianza.<\/p><\/li><\/ul><hr data-start=\"905\" data-end=\"908\" \/><h2 data-start=\"910\" data-end=\"939\"><strong data-start=\"913\" data-end=\"937\">2. Desarrollo de software<\/strong><\/h2><ul data-start=\"940\" data-end=\"1528\"><li data-start=\"940\" data-end=\"1158\"><p data-start=\"942\" data-end=\"1158\"><strong data-start=\"942\" data-end=\"954\">Fuerza:<\/strong> Los desarrolladores de software finlandeses son conocidos por su fiabilidad, facilidad de uso y seguridad. Finlandia tambi\u00e9n ha sido pionera en el uso de c\u00f3digo fuente abierto.<\/p><\/li><li data-start=\"1159\" data-end=\"1319\"><p data-start=\"1161\" data-end=\"1319\"><strong data-start=\"1161\" data-end=\"1177\">Ventaja competitiva:<\/strong> Una combinaci\u00f3n de precisi\u00f3n de ingenier\u00eda y pensamiento de dise\u00f1o n\u00f3rdico \u2192 soluciones t\u00e9cnicamente funcionales pero tambi\u00e9n excepcionales en t\u00e9rminos de usabilidad.<\/p><\/li><li data-start=\"1320\" data-end=\"1528\"><p data-start=\"1322\" data-end=\"1528\"><strong data-start=\"1322\" data-end=\"1350\">Oportunidad en el extranjero:<\/strong> Servicios en la nube, IoT industrial, soluciones de IA y personalizaci\u00f3n de software para sectores en los que la digitalizaci\u00f3n a\u00fan est\u00e1 en pa\u00f1ales (por ejemplo, el sector de las pymes espa\u00f1olas o los servicios municipales).<\/p><\/li><\/ul><hr data-start=\"1530\" data-end=\"1533\" \/><h2 data-start=\"1535\" data-end=\"1585\"><strong data-start=\"1538\" data-end=\"1583\">3. Automatizaci\u00f3n y digitalizaci\u00f3n industrial<\/strong><\/h2><ul data-start=\"1586\" data-end=\"2198\"><li data-start=\"1586\" data-end=\"1792\"><p data-start=\"1588\" data-end=\"1792\"><strong data-start=\"1588\" data-end=\"1600\">Fuerza:<\/strong> Finlandia es fuerte en las industrias de ingenier\u00eda y procesos, y desde hace d\u00e9cadas se desarrollan soluciones de automatizaci\u00f3n en la industria. La relaci\u00f3n con la rob\u00f3tica y la inteligencia artificial no deja de crecer.<\/p><\/li><li data-start=\"1793\" data-end=\"2007\"><p data-start=\"1795\" data-end=\"2007\"><strong data-start=\"1795\" data-end=\"1811\">Ventaja competitiva:<\/strong> Proporcionar soluciones rentables que hagan hincapi\u00e9 en la seguridad y la eficiencia medioambiental. Las empresas finlandesas tambi\u00e9n destacan por su enfoque hol\u00edstico del mantenimiento y la gesti\u00f3n del ciclo de vida.<\/p><\/li><li data-start=\"2008\" data-end=\"2198\"><p data-start=\"2010\" data-end=\"2198\"><strong data-start=\"2010\" data-end=\"2038\">Oportunidad en el extranjero:<\/strong> En Espa\u00f1a, sectores como la agricultura (sistemas de riego, automatizaci\u00f3n de cosechas), la log\u00edstica y la gesti\u00f3n de energ\u00edas renovables podr\u00edan beneficiarse de la experiencia finlandesa.<\/p><\/li><\/ul><hr data-start=\"2200\" data-end=\"2203\" \/><h2 data-start=\"2205\" data-end=\"2248\"><strong data-start=\"2208\" data-end=\"2246\">4. Cleantech (tecnolog\u00edas limpias)<\/strong><\/h2><ul data-start=\"2249\" data-end=\"2750\"><li data-start=\"2249\" data-end=\"2445\"><p data-start=\"2251\" data-end=\"2445\"><strong data-start=\"2251\" data-end=\"2263\">Fuerza:<\/strong> Finlandia ha estado a la vanguardia de la transici\u00f3n ecol\u00f3gica en la UE. Por ejemplo, la eficiencia energ\u00e9tica, las energ\u00edas renovables, el tratamiento de aguas residuales y la gesti\u00f3n de la calidad del aire ocupan un lugar central entre los conocimientos t\u00e9cnicos finlandeses.<\/p><\/li><li data-start=\"2446\" data-end=\"2566\"><p data-start=\"2448\" data-end=\"2566\"><strong data-start=\"2448\" data-end=\"2464\">Ventaja competitiva:<\/strong> Las soluciones son escalables y duraderas, y ya se han probado en las duras condiciones del Norte.<\/p><\/li><li data-start=\"2567\" data-end=\"2750\"><p data-start=\"2569\" data-end=\"2750\"><strong data-start=\"2569\" data-end=\"2597\">Oportunidad en el extranjero:<\/strong> En Espa\u00f1a, la escasez de agua, la escasez de energ\u00eda y la resistencia al cambio clim\u00e1tico (refrigeraci\u00f3n de edificios, energ\u00eda solar, soluciones de reciclado) ofrecen un mercado enorme.<\/p><\/li><\/ul><hr data-start=\"2752\" data-end=\"2755\" \/><h2 data-start=\"2757\" data-end=\"2781\"><strong data-start=\"2760\" data-end=\"2779\">5. La econom\u00eda circular<\/strong><\/h2><ul data-start=\"2782\" data-end=\"3345\"><li data-start=\"2782\" data-end=\"2995\"><p data-start=\"2784\" data-end=\"2995\"><strong data-start=\"2784\" data-end=\"2796\">Fuerza:<\/strong> Finlandia es uno de los primeros pa\u00edses en crear una hoja de ruta nacional para la econom\u00eda circular (Sitra 2016). Finlandia tiene una gran experiencia en eficiencia de materiales, reutilizaci\u00f3n y construcci\u00f3n de ecosistemas.<\/p><\/li><li data-start=\"2996\" data-end=\"3129\"><p data-start=\"2998\" data-end=\"3129\"><strong data-start=\"2998\" data-end=\"3014\">Ventaja competitiva:<\/strong> Un planteamiento de colaboraci\u00f3n: las empresas, la investigaci\u00f3n y el sector p\u00fablico trabajan en estrecha red.<\/p><\/li><li data-start=\"3130\" data-end=\"3345\"><p data-start=\"3132\" data-end=\"3345\"><strong data-start=\"3132\" data-end=\"3160\">Oportunidad en el extranjero:<\/strong> La industria y la agricultura espa\u00f1olas necesitan mejoras en el reciclado y la eficiencia de los materiales, por ejemplo la reutilizaci\u00f3n de materiales de construcci\u00f3n, la gesti\u00f3n de residuos alimentarios o el reciclado textil.<\/p><\/li><\/ul><hr data-start=\"3347\" data-end=\"3350\" \/><h2 data-start=\"3352\" data-end=\"3405\"><strong data-start=\"3355\" data-end=\"3403\">6. Soluciones especializadas en materiales de construcci\u00f3n<\/strong><\/h2><ul data-start=\"3406\" data-end=\"4040\"><li data-start=\"3406\" data-end=\"3676\"><p data-start=\"3408\" data-end=\"3676\"><strong data-start=\"3408\" data-end=\"3420\">Fuerza:<\/strong> Finlandia ha desarrollado soluciones innovadoras utilizando, por ejemplo, madera y materiales de origen biol\u00f3gico (CLT, biocompuestos, aislamiento neutro en carbono). Adem\u00e1s, las tecnolog\u00edas de construcci\u00f3n para climas fr\u00edos pueden aplicarse a los climas c\u00e1lidos desde el punto de vista de la eficiencia energ\u00e9tica.<\/p><\/li><li data-start=\"3677\" data-end=\"3813\"><p data-start=\"3679\" data-end=\"3813\"><strong data-start=\"3679\" data-end=\"3695\">Ventaja competitiva:<\/strong> Sostenibilidad, eficiencia energ\u00e9tica y ecolog\u00eda. Adem\u00e1s, las soluciones finlandesas suelen ser modulares y f\u00e1ciles de instalar.<\/p><\/li><li data-start=\"3814\" data-end=\"4040\"><p data-start=\"3816\" data-end=\"4040\"><strong data-start=\"3816\" data-end=\"3844\">Oportunidad en el extranjero:<\/strong> En Espa\u00f1a, la necesidad de soluciones de construcci\u00f3n energ\u00e9ticamente eficientes es cada vez mayor debido a las directivas de la UE y al cambio clim\u00e1tico. Las soluciones basadas en la madera podr\u00edan complementar la construcci\u00f3n local basada en el hormig\u00f3n.<\/p><\/li><\/ul><hr data-start=\"4042\" data-end=\"4045\" \/><p data-start=\"4047\" data-end=\"4326\">En resumen:<br data-start=\"4063\" data-end=\"4066\" \/>Los puntos fuertes de Finlandia se basan en <strong data-start=\"4099\" data-end=\"4160\">conocimientos tecnol\u00f3gicos, sostenibilidad y fiabilidad<\/strong>. A escala internacional, resultan especialmente atractivas cuando pueden demostrarse ventajas concretas: ahorro de costes, reducci\u00f3n del impacto ambiental y seguridad.<\/p><p data-start=\"4047\" data-end=\"4326\">\u00a0<\/p><p data-start=\"0\" data-end=\"151\">He aqu\u00ed una clara versi\u00f3n tabular de los puntos fuertes finlandeses y su potencial internacional (con \u00e9nfasis en Espa\u00f1a y la UE):<\/p><hr data-start=\"153\" data-end=\"156\" \/><div class=\"_tableContainer_1rjym_1\"><div class=\"group _tableWrapper_1rjym_13 flex w-fit flex-col-reverse\" tabindex=\"-1\"><table class=\"w-fit min-w-(--thread-content-width)\" data-start=\"158\" data-end=\"1434\"><thead data-start=\"158\" data-end=\"244\"><tr data-start=\"158\" data-end=\"244\"><th data-start=\"158\" data-end=\"172\" data-col-size=\"md\"><strong data-start=\"160\" data-end=\"171\">Fuerza<\/strong><\/th><th data-start=\"172\" data-end=\"204\" data-col-size=\"md\"><strong data-start=\"174\" data-end=\"203\">Especificidad finlandesa<\/strong><\/th><th data-start=\"204\" data-end=\"244\" data-col-size=\"lg\"><strong data-start=\"206\" data-end=\"242\">Oportunidad en Espa\u00f1a \/ UE<\/strong><\/th><\/tr><\/thead><tbody data-start=\"332\" data-end=\"1434\"><tr data-start=\"332\" data-end=\"493\"><td data-start=\"332\" data-end=\"356\" data-col-size=\"md\"><strong data-start=\"334\" data-end=\"355\">Ciberseguridad<\/strong><\/td><td data-start=\"356\" data-end=\"417\" data-col-size=\"md\">Larga tradici\u00f3n en TIC, alto nivel de formaci\u00f3n, soluciones \u00e1giles<\/td><td data-start=\"417\" data-end=\"493\" data-col-size=\"lg\">Banca y turismo, infraestructuras y protecci\u00f3n de redes energ\u00e9ticas<\/td><\/tr><tr data-start=\"494\" data-end=\"646\"><td data-start=\"494\" data-end=\"518\" data-col-size=\"md\"><strong data-start=\"496\" data-end=\"517\">Desarrollo de software<\/strong><\/td><td data-start=\"518\" data-end=\"583\" data-col-size=\"md\">Usabilidad + seguridad, uso de c\u00f3digo abierto<\/td><td data-start=\"583\" data-end=\"646\" data-col-size=\"lg\">Computaci\u00f3n en nube, soluciones de IA, digitalizaci\u00f3n del sector de las PYME<\/td><\/tr><tr data-start=\"647\" data-end=\"843\"><td data-start=\"647\" data-end=\"692\" data-col-size=\"md\"><strong data-start=\"649\" data-end=\"691\">Automatizaci\u00f3n y digitalizaci\u00f3n industrial<\/strong><\/td><td data-start=\"692\" data-end=\"768\" data-col-size=\"md\">Gran experiencia en la industria de procesos, combinando rob\u00f3tica e IA<\/td><td data-start=\"768\" data-end=\"843\" data-col-size=\"lg\">Agricultura (irrigaci\u00f3n, recolecci\u00f3n), log\u00edstica, gesti\u00f3n del sector energ\u00e9tico<\/td><\/tr><tr data-start=\"844\" data-end=\"999\"><td data-start=\"844\" data-end=\"860\" data-col-size=\"md\"><strong data-start=\"846\" data-end=\"859\">Cleantech<\/strong><\/td><td data-start=\"860\" data-end=\"923\" data-col-size=\"md\">Eficiencia energ\u00e9tica, tratamiento de aguas residuales, gesti\u00f3n de la calidad del aire<\/td><td data-start=\"923\" data-end=\"999\" data-col-size=\"lg\">Soluciones a la escasez de agua, energ\u00eda solar, eficiencia energ\u00e9tica en edificios<\/td><\/tr><tr data-start=\"1000\" data-end=\"1187\"><td data-start=\"1000\" data-end=\"1019\" data-col-size=\"md\"><strong data-start=\"1002\" data-end=\"1018\">Econom\u00eda circular<\/strong><\/td><td data-start=\"1019\" data-end=\"1100\" data-col-size=\"md\">Pioneros en el modelo Sitra, eficiencia material, pensamiento ecosist\u00e9mico<\/td><td data-start=\"1100\" data-end=\"1187\" data-col-size=\"lg\">Reutilizaci\u00f3n de materiales de construcci\u00f3n, reducci\u00f3n de residuos alimentarios, reciclaje textil<\/td><\/tr><tr data-start=\"1188\" data-end=\"1434\"><td data-start=\"1188\" data-end=\"1236\" data-col-size=\"md\"><strong data-start=\"1190\" data-end=\"1235\">Soluciones especializadas en materiales de construcci\u00f3n<\/strong><\/td><td data-start=\"1236\" data-end=\"1312\" data-col-size=\"md\">Madera y materiales biol\u00f3gicos, aislamiento neutro en carbono, modularidad<\/td><td data-start=\"1312\" data-end=\"1434\" data-col-size=\"lg\">Construcci\u00f3n energ\u00e9ticamente eficiente, soluciones ecol\u00f3gicas acordes con las directivas de la UE, que complementan la construcci\u00f3n basada en hormig\u00f3n<\/td><\/tr><\/tbody><\/table><\/div><\/div><p data-start=\"4047\" data-end=\"4326\">\u00a0<\/p><div class=\"_tableContainer_1rjym_1\">\u00a0<\/div>\t\t\t\t\t\t\t\t<\/div>\n\t\t\t\t<\/div>\n\t\t\t\t\t<\/div>\n\t\t\t\t<\/div>\n\t\t\t\t<\/div>","protected":false},"excerpt":{"rendered":"<p>Suomalaisia vahvuuksia: kyberturvallisuus, ohjelmistokehitys, automaatio, cleantech, kiertotalous sek\u00e4 erikoistuneet rakennusmateriaaliratkaisut 1. Kyberturvallisuus Vahvuus: Suomi on maailman huipputasoa tietoturvassa. Taustalla on vahva ICT-sektori (Nokia-perint\u00f6, Oulun ICT-klusteri) ja korkea koulutustaso. Suomesta on noussut useita kyberturvallisuusalan kansainv\u00e4lisi\u00e4 menestystarinoita (esim. F-Secure \/ WithSecure). Kilpailuetu: Pieness\u00e4 maassa kehitetyt ratkaisut ovat usein ketteri\u00e4, modulaarisia ja hyvin sovellettavissa monenlaisiin ymp\u00e4rist\u00f6ihin. Mahdollisuus ulkomailla: [&hellip;]<\/p>\n","protected":false},"author":2,"featured_media":0,"parent":0,"menu_order":0,"comment_status":"closed","ping_status":"closed","template":"elementor_header_footer","meta":{"iawp_total_views":17,"footnotes":""},"class_list":["post-2121","page","type-page","status-publish","hentry"],"_links":{"self":[{"href":"https:\/\/anax.es\/es\/wp-json\/wp\/v2\/pages\/2121","targetHints":{"allow":["GET"]}}],"collection":[{"href":"https:\/\/anax.es\/es\/wp-json\/wp\/v2\/pages"}],"about":[{"href":"https:\/\/anax.es\/es\/wp-json\/wp\/v2\/types\/page"}],"author":[{"embeddable":true,"href":"https:\/\/anax.es\/es\/wp-json\/wp\/v2\/users\/2"}],"replies":[{"embeddable":true,"href":"https:\/\/anax.es\/es\/wp-json\/wp\/v2\/comments?post=2121"}],"version-history":[{"count":10,"href":"https:\/\/anax.es\/es\/wp-json\/wp\/v2\/pages\/2121\/revisions"}],"predecessor-version":[{"id":2133,"href":"https:\/\/anax.es\/es\/wp-json\/wp\/v2\/pages\/2121\/revisions\/2133"}],"wp:attachment":[{"href":"https:\/\/anax.es\/es\/wp-json\/wp\/v2\/media?parent=2121"}],"curies":[{"name":"wp","href":"https:\/\/api.w.org\/{rel}","templated":true}]}}