{"id":2066,"date":"2025-09-20T15:00:35","date_gmt":"2025-09-20T12:00:35","guid":{"rendered":"https:\/\/anax.es\/?page_id=2066"},"modified":"2025-09-23T16:19:40","modified_gmt":"2025-09-23T13:19:40","slug":"crear-una-fabrica-en-espana","status":"publish","type":"page","link":"https:\/\/anax.es\/es\/perustaa-tehtaan-espanjaan\/","title":{"rendered":"Crea una f\u00e1brica en Espa\u00f1a"},"content":{"rendered":"<div data-elementor-type=\"wp-page\" data-elementor-id=\"2066\" class=\"elementor elementor-2066\" data-elementor-post-type=\"page\">\n\t\t\t\t<div class=\"elementor-element elementor-element-41d717b e-flex e-con-boxed e-con e-parent\" data-id=\"41d717b\" data-element_type=\"container\" data-e-type=\"container\" data-settings=\"{&quot;background_background&quot;:&quot;classic&quot;,&quot;jet_parallax_layout_list&quot;:[]}\">\n\t\t\t\t\t<div class=\"e-con-inner\">\n\t\t<div class=\"elementor-element elementor-element-5823874 e-con-full e-flex e-con e-child\" data-id=\"5823874\" data-element_type=\"container\" data-e-type=\"container\" data-settings=\"{&quot;jet_parallax_layout_list&quot;:[]}\">\n\t\t\t\t<div class=\"elementor-element elementor-element-ede9130 elementor-widget elementor-widget-heading\" data-id=\"ede9130\" data-element_type=\"widget\" data-e-type=\"widget\" data-widget_type=\"heading.default\">\n\t\t\t\t\t<h2 class=\"elementor-heading-title elementor-size-default\">Ejemplo: una empresa industrial finlandesa crea una f\u00e1brica en Espa\u00f1a<\/h2>\t\t\t\t<\/div>\n\t\t\t\t<\/div>\n\t\t<div class=\"elementor-element elementor-element-7d9ffec e-con-full e-flex e-con e-child\" data-id=\"7d9ffec\" data-element_type=\"container\" data-e-type=\"container\" data-settings=\"{&quot;jet_parallax_layout_list&quot;:[]}\">\n\t\t\t\t<div class=\"elementor-element elementor-element-049db16 elementor-widget elementor-widget-image\" data-id=\"049db16\" data-element_type=\"widget\" data-e-type=\"widget\" data-widget_type=\"image.default\">\n\t\t\t\t\t\t\t\t\t\t\t\t\t\t\t<img decoding=\"async\" src=\"https:\/\/anax.es\/wp-content\/uploads\/elementor\/thumbs\/finnish-company-investment-rc6fz719xgu8r9inziehlyfbamz8jmvd76752qq7bc.jpg\" title=\"inversi\u00f3n de empresas finlandesas\" alt=\"inversi\u00f3n de empresas finlandesas\" loading=\"lazy\" \/>\t\t\t\t\t\t\t\t\t\t\t\t\t\t\t<\/div>\n\t\t\t\t<\/div>\n\t\t\t\t\t<\/div>\n\t\t\t\t<\/div>\n\t\t<div class=\"elementor-element elementor-element-b4b98e4 e-flex e-con-boxed e-con e-parent\" data-id=\"b4b98e4\" data-element_type=\"container\" data-e-type=\"container\" data-settings=\"{&quot;background_background&quot;:&quot;classic&quot;,&quot;jet_parallax_layout_list&quot;:[]}\">\n\t\t\t\t\t<div class=\"e-con-inner\">\n\t\t<div class=\"elementor-element elementor-element-51c348f e-con-full e-flex e-con e-child\" data-id=\"51c348f\" data-element_type=\"container\" data-e-type=\"container\" data-settings=\"{&quot;jet_parallax_layout_list&quot;:[]}\">\n\t\t\t\t<div class=\"elementor-element elementor-element-0d4ce06 elementor-widget elementor-widget-text-editor\" data-id=\"0d4ce06\" data-element_type=\"widget\" data-e-type=\"widget\" data-widget_type=\"text-editor.default\">\n\t\t\t\t\t\t\t\t\t<p data-start=\"114\" data-end=\"137\"><strong data-start=\"114\" data-end=\"135\">Situaci\u00f3n de la empresa<\/strong><\/p><ul data-start=\"138\" data-end=\"305\"><li data-start=\"138\" data-end=\"218\"><p data-start=\"140\" data-end=\"218\">Una mediana empresa industrial finlandesa fabrica m\u00e1quinas de bajo consumo.<\/p><\/li><li data-start=\"219\" data-end=\"305\"><p data-start=\"221\" data-end=\"305\">Quiere instalar una planta de producci\u00f3n en Espa\u00f1a, m\u00e1s cerca de sus clientes del sur de Europa.<\/p><\/li><\/ul><p data-start=\"307\" data-end=\"336\"><strong data-start=\"307\" data-end=\"334\">\u00bfC\u00f3mo puede apoyar el Estado?<\/strong><\/p><ol data-start=\"338\" data-end=\"2120\"><li data-start=\"338\" data-end=\"724\"><p data-start=\"341\" data-end=\"394\"><strong data-start=\"341\" data-end=\"392\">Fase preparatoria: estudio de mercado y pilotaje<\/strong><\/p><ul data-start=\"398\" data-end=\"724\"><li data-start=\"398\" data-end=\"582\"><p data-start=\"400\" data-end=\"472\">La empresa busca <strong data-start=\"413\" data-end=\"448\">Financiaci\u00f3n de Business Finland<\/strong> el estudio de mercado:<\/p><ul data-start=\"478\" data-end=\"582\"><li data-start=\"478\" data-end=\"524\"><p data-start=\"480\" data-end=\"524\">An\u00e1lisis de la demanda del mercado espa\u00f1ol de maquinaria.<\/p><\/li><li data-start=\"530\" data-end=\"582\"><p data-start=\"532\" data-end=\"582\">An\u00e1lisis de la competencia y clientes potenciales.<\/p><\/li><\/ul><\/li><li data-start=\"586\" data-end=\"724\"><p data-start=\"588\" data-end=\"724\">Empresas Finlandia puede conceder <strong data-start=\"617\" data-end=\"641\">Financiaci\u00f3n de la innovaci\u00f3n<\/strong> (por ejemplo, investigaci\u00f3n y pilotaje para probar un nuevo producto en el mercado espa\u00f1ol).<\/p><\/li><\/ul><\/li><li data-start=\"726\" data-end=\"1134\"><p data-start=\"729\" data-end=\"766\"><strong data-start=\"729\" data-end=\"764\">Preparaci\u00f3n de la decisi\u00f3n de inversi\u00f3n<\/strong><\/p><ul data-start=\"770\" data-end=\"1134\"><li data-start=\"770\" data-end=\"835\"><p data-start=\"772\" data-end=\"835\">La empresa est\u00e1 negociando los riesgos de invertir en Espa\u00f1a.<\/p><\/li><li data-start=\"839\" data-end=\"1134\"><p data-start=\"841\" data-end=\"895\"><strong data-start=\"841\" data-end=\"853\">Finnvera<\/strong> proporciona <strong data-start=\"862\" data-end=\"892\">garant\u00edas y garant\u00edas de cr\u00e9dito a la exportaci\u00f3n<\/strong>:<\/p><ul data-start=\"901\" data-end=\"1134\"><li data-start=\"901\" data-end=\"1027\"><p data-start=\"903\" data-end=\"1027\">Si una empresa pide un pr\u00e9stamo bancario para crear una f\u00e1brica, Finnvera puede garantizar parte del pr\u00e9stamo \u2192 el apalancamiento financiero del banco aumenta.<\/p><\/li><li data-start=\"1033\" data-end=\"1134\"><p data-start=\"1035\" data-end=\"1134\">Finnvera tambi\u00e9n puede cubrir riesgos pol\u00edticos y comerciales (por ejemplo, riesgos contractuales, riesgo de divisas).<\/p><\/li><\/ul><\/li><\/ul><\/li><li data-start=\"1136\" data-end=\"1389\"><p data-start=\"1139\" data-end=\"1166\"><strong data-start=\"1139\" data-end=\"1164\">Contactos y redes<\/strong><\/p><ul data-start=\"1170\" data-end=\"1389\"><li data-start=\"1170\" data-end=\"1389\"><p data-start=\"1172\" data-end=\"1243\"><strong data-start=\"1172\" data-end=\"1231\">Embajada de Finlandia en Madrid y red Team Finland<\/strong> Ayuda:<\/p><ul data-start=\"1249\" data-end=\"1389\"><li data-start=\"1249\" data-end=\"1324\"><p data-start=\"1251\" data-end=\"1324\">Encontrar socios y subcontratistas adecuados en Espa\u00f1a.<\/p><\/li><li data-start=\"1330\" data-end=\"1389\"><p data-start=\"1332\" data-end=\"1389\">Asesoramiento sobre procesos y administraci\u00f3n de licencias locales.<\/p><\/li><\/ul><\/li><\/ul><\/li><li data-start=\"1391\" data-end=\"1705\"><p data-start=\"1394\" data-end=\"1413\"><strong data-start=\"1394\" data-end=\"1411\">Apoyo de la UE<\/strong><\/p><ul data-start=\"1417\" data-end=\"1705\"><li data-start=\"1417\" data-end=\"1615\"><p data-start=\"1419\" data-end=\"1615\">Como la inversi\u00f3n tiene lugar en la UE, la empresa tambi\u00e9n puede beneficiarse de <strong data-start=\"1485\" data-end=\"1529\">Programas de inversi\u00f3n y desarrollo regional de la UE<\/strong> (por ejemplo, subvenciones para el cambio ecol\u00f3gico si la f\u00e1brica utiliza energ\u00edas renovables).<\/p><\/li><li data-start=\"1619\" data-end=\"1705\"><p data-start=\"1621\" data-end=\"1705\">Business Finland y expertos finlandeses pueden asesorarle sobre c\u00f3mo solicitar financiaci\u00f3n de la UE.<\/p><\/li><\/ul><\/li><li data-start=\"1707\" data-end=\"2120\"><p data-start=\"1710\" data-end=\"1731\"><strong data-start=\"1710\" data-end=\"1729\">Ventajas pr\u00e1cticas<\/strong><\/p><ul data-start=\"1735\" data-end=\"2120\"><li data-start=\"1735\" data-end=\"1825\"><p data-start=\"1737\" data-end=\"1825\">Es m\u00e1s f\u00e1cil para la empresa obtener financiaci\u00f3n del banco porque Finnvera garantiza parte del pr\u00e9stamo.<\/p><\/li><li data-start=\"1829\" data-end=\"1934\"><p data-start=\"1831\" data-end=\"1934\">La financiaci\u00f3n de Finlandia Empresarial cubre parte de los costes iniciales (por ejemplo, estudios de mercado, proyectos piloto).<\/p><\/li><li data-start=\"1938\" data-end=\"2048\"><p data-start=\"1940\" data-end=\"2048\">A trav\u00e9s de la red del Ministerio de Asuntos Exteriores, su empresa puede encontrar un socio local que conozca los procedimientos espa\u00f1oles de concesi\u00f3n de licencias.<\/p><\/li><li data-start=\"2052\" data-end=\"2120\"><p data-start=\"2054\" data-end=\"2120\">Cualquier ayuda de la UE reducir\u00e1 el coste total de la inversi\u00f3n.<\/p><\/li><\/ul><\/li><\/ol><p data-start=\"2122\" data-end=\"2297\">\ud83d\udc49 El resultado: la empresa puede instalar una f\u00e1brica en Espa\u00f1a de forma m\u00e1s ordenada y con menos riesgos, porque el Estado ha ayudado mediante financiaci\u00f3n, gesti\u00f3n de riesgos y redes.<\/p>\t\t\t\t\t\t\t\t<\/div>\n\t\t\t\t<\/div>\n\t\t\t\t\t<\/div>\n\t\t\t\t<\/div>\n\t\t\t\t<\/div>","protected":false},"excerpt":{"rendered":"<p>Esimerkki: Suomalainen teollisuusyritys perustaa tehtaan Espanjaan Yrityksen tilanne Keskisuuri suomalainen teollisuusyritys valmistaa energiatehokkaita koneita. Se haluaa perustaa tuotantolaitoksen Espanjaan l\u00e4hemm\u00e4s Etel\u00e4-Euroopan asiakkaita. Miten valtio voi tukea? Valmisteluvaihe: markkinaselvitys ja pilotointi Yritys hakee Business Finlandilta rahoitusta markkinaselvitykseen: Espanjan konemarkkinoiden kysynt\u00e4analyysi. Kilpailija-analyysi ja potentiaaliset asiakkaat. Business Finland voi my\u00f6nt\u00e4\u00e4 Innovaatiorahoitusta (esim. tutkimus ja pilotointi uuden tuotteen testaukseen [&hellip;]<\/p>\n","protected":false},"author":2,"featured_media":0,"parent":0,"menu_order":0,"comment_status":"closed","ping_status":"closed","template":"elementor_header_footer","meta":{"iawp_total_views":23,"footnotes":""},"class_list":["post-2066","page","type-page","status-publish","hentry"],"_links":{"self":[{"href":"https:\/\/anax.es\/es\/wp-json\/wp\/v2\/pages\/2066","targetHints":{"allow":["GET"]}}],"collection":[{"href":"https:\/\/anax.es\/es\/wp-json\/wp\/v2\/pages"}],"about":[{"href":"https:\/\/anax.es\/es\/wp-json\/wp\/v2\/types\/page"}],"author":[{"embeddable":true,"href":"https:\/\/anax.es\/es\/wp-json\/wp\/v2\/users\/2"}],"replies":[{"embeddable":true,"href":"https:\/\/anax.es\/es\/wp-json\/wp\/v2\/comments?post=2066"}],"version-history":[{"count":7,"href":"https:\/\/anax.es\/es\/wp-json\/wp\/v2\/pages\/2066\/revisions"}],"predecessor-version":[{"id":2114,"href":"https:\/\/anax.es\/es\/wp-json\/wp\/v2\/pages\/2066\/revisions\/2114"}],"wp:attachment":[{"href":"https:\/\/anax.es\/es\/wp-json\/wp\/v2\/media?parent=2066"}],"curies":[{"name":"wp","href":"https:\/\/api.w.org\/{rel}","templated":true}]}}