{"id":2060,"date":"2025-09-20T14:50:05","date_gmt":"2025-09-20T11:50:05","guid":{"rendered":"https:\/\/anax.es\/?page_id=2060"},"modified":"2025-09-23T16:18:45","modified_gmt":"2025-09-23T13:18:45","slug":"el-estado-finlandes-apoya-a-las-empresas","status":"publish","type":"page","link":"https:\/\/anax.es\/es\/suomalainen-valtio-tukee-yrityksia\/","title":{"rendered":"El Estado finland\u00e9s apoya a las empresas"},"content":{"rendered":"<div data-elementor-type=\"wp-page\" data-elementor-id=\"2060\" class=\"elementor elementor-2060\" data-elementor-post-type=\"page\">\n\t\t\t\t<div class=\"elementor-element elementor-element-41d717b e-flex e-con-boxed e-con e-parent\" data-id=\"41d717b\" data-element_type=\"container\" data-e-type=\"container\" data-settings=\"{&quot;background_background&quot;:&quot;classic&quot;,&quot;jet_parallax_layout_list&quot;:[]}\">\n\t\t\t\t\t<div class=\"e-con-inner\">\n\t\t<div class=\"elementor-element elementor-element-5823874 e-con-full e-flex e-con e-child\" data-id=\"5823874\" data-element_type=\"container\" data-e-type=\"container\" data-settings=\"{&quot;jet_parallax_layout_list&quot;:[]}\">\n\t\t\t\t<div class=\"elementor-element elementor-element-ede9130 elementor-widget elementor-widget-heading\" data-id=\"ede9130\" data-element_type=\"widget\" data-e-type=\"widget\" data-widget_type=\"heading.default\">\n\t\t\t\t\t<h2 class=\"elementor-heading-title elementor-size-default\">El Estado finland\u00e9s apoya a las empresas que quieren invertir en el extranjero<\/h2>\t\t\t\t<\/div>\n\t\t\t\t<\/div>\n\t\t<div class=\"elementor-element elementor-element-7d9ffec e-con-full e-flex e-con e-child\" data-id=\"7d9ffec\" data-element_type=\"container\" data-e-type=\"container\" data-settings=\"{&quot;jet_parallax_layout_list&quot;:[]}\">\n\t\t\t\t<div class=\"elementor-element elementor-element-049db16 elementor-widget elementor-widget-image\" data-id=\"049db16\" data-element_type=\"widget\" data-e-type=\"widget\" data-widget_type=\"image.default\">\n\t\t\t\t\t\t\t\t\t\t\t\t\t\t\t<img decoding=\"async\" src=\"https:\/\/anax.es\/wp-content\/uploads\/elementor\/thumbs\/finnish-company-investment-1-rc6j0oajxspj08hrpc16itv239da2ihvx1m2byeglk.jpg\" title=\"inversi\u00f3n de empresas finlandesas 1\" alt=\"inversi\u00f3n de empresas finlandesas 1\" loading=\"lazy\" \/>\t\t\t\t\t\t\t\t\t\t\t\t\t\t\t<\/div>\n\t\t\t\t<\/div>\n\t\t\t\t\t<\/div>\n\t\t\t\t<\/div>\n\t\t<div class=\"elementor-element elementor-element-b4b98e4 e-flex e-con-boxed e-con e-parent\" data-id=\"b4b98e4\" data-element_type=\"container\" data-e-type=\"container\" data-settings=\"{&quot;background_background&quot;:&quot;classic&quot;,&quot;jet_parallax_layout_list&quot;:[]}\">\n\t\t\t\t\t<div class=\"e-con-inner\">\n\t\t<div class=\"elementor-element elementor-element-51c348f e-con-full e-flex e-con e-child\" data-id=\"51c348f\" data-element_type=\"container\" data-e-type=\"container\" data-settings=\"{&quot;jet_parallax_layout_list&quot;:[]}\">\n\t\t\t\t<div class=\"elementor-element elementor-element-0d4ce06 elementor-widget elementor-widget-text-editor\" data-id=\"0d4ce06\" data-element_type=\"widget\" data-e-type=\"widget\" data-widget_type=\"text-editor.default\">\n\t\t\t\t\t\t\t\t\t<p data-start=\"0\" data-end=\"314\">El Estado finland\u00e9s apoya de varias maneras a las empresas que quieren invertir en el extranjero. Normalmente no se trata de ayudas econ\u00f3micas directas a la inversi\u00f3n, sino de financiaci\u00f3n, garant\u00edas, asesoramiento y creaci\u00f3n de redes para reducir riesgos y facilitar el acceso al mercado. Estas son las principales v\u00edas:<\/p><p data-start=\"316\" data-end=\"347\"><strong data-start=\"316\" data-end=\"345\">1. Apoyo financiero y garant\u00eda<\/strong><\/p><ul data-start=\"348\" data-end=\"767\"><li data-start=\"348\" data-end=\"576\"><p data-start=\"350\" data-end=\"576\"><strong data-start=\"350\" data-end=\"362\">Finnvera<\/strong>: ofrece garant\u00edas de exportaci\u00f3n, financiaci\u00f3n y avales para proyectos en el extranjero. As\u00ed se reduce el riesgo de una empresa, por ejemplo si instala una planta de producci\u00f3n en el extranjero o realiza una inversi\u00f3n importante.<\/p><\/li><li data-start=\"577\" data-end=\"767\"><p data-start=\"579\" data-end=\"767\"><strong data-start=\"579\" data-end=\"599\">Empresas Finlandia<\/strong>: pueden proporcionar financiaci\u00f3n para la internacionalizaci\u00f3n, como la apertura de mercados, proyectos piloto o de innovaci\u00f3n relacionados con la expansi\u00f3n en el extranjero.<\/p><\/li><\/ul><p data-start=\"769\" data-end=\"803\"><strong data-start=\"769\" data-end=\"801\">2. Servicios de internacionalizaci\u00f3n<\/strong><\/p><ul data-start=\"804\" data-end=\"1066\"><li data-start=\"804\" data-end=\"944\"><p data-start=\"806\" data-end=\"944\"><strong data-start=\"806\" data-end=\"837\">Negocios Red de Finlandia<\/strong> ayuda a las empresas finlandesas a encontrar socios, clientes y oportunidades de inversi\u00f3n en el extranjero.<\/p><\/li><li data-start=\"945\" data-end=\"1066\"><p data-start=\"947\" data-end=\"1066\">El Ministerio de Asuntos Exteriores y las embajadas tambi\u00e9n proporcionan ayuda pr\u00e1ctica con estudios de mercado y contactos empresariales.<\/p><\/li><\/ul><p data-start=\"1068\" data-end=\"1107\"><strong data-start=\"1068\" data-end=\"1105\">3. Gesti\u00f3n del riesgo de inversi\u00f3n<\/strong><\/p><ul data-start=\"1108\" data-end=\"1265\"><li data-start=\"1108\" data-end=\"1265\"><p data-start=\"1110\" data-end=\"1265\">Los planes respaldados por el Gobierno pueden utilizarse, por ejemplo, para cubrir riesgos pol\u00edticos (como un entorno empresarial inestable o el embargo de inversiones).<\/p><\/li><\/ul><p data-start=\"1267\" data-end=\"1301\"><strong data-start=\"1267\" data-end=\"1299\">4. Financiaci\u00f3n y ayudas de la UE<\/strong><\/p><ul data-start=\"1302\" data-end=\"1454\"><li data-start=\"1302\" data-end=\"1454\"><p data-start=\"1304\" data-end=\"1454\">A trav\u00e9s de Finlandia, las empresas tambi\u00e9n tienen acceso a los programas de financiaci\u00f3n de la UE (por ejemplo, Horizonte Europa, InvestEU) que apoyan la internacionalizaci\u00f3n y la inversi\u00f3n.<\/p><\/li><\/ul><p data-start=\"1456\" data-end=\"1486\"><strong data-start=\"1456\" data-end=\"1484\">5. Fiscalidad y contratos<\/strong><\/p><ul data-start=\"1487\" data-end=\"1689\"><li data-start=\"1487\" data-end=\"1689\"><p data-start=\"1489\" data-end=\"1689\">Finlandia ha celebrado numerosos <strong data-start=\"1513\" data-end=\"1531\">tratados fiscales<\/strong>que facilitan los negocios en el extranjero. El papel del Estado tambi\u00e9n consiste en negociar acuerdos comerciales que abran mercados a las empresas finlandesas.<\/p><\/li><\/ul><p data-start=\"1691\" data-end=\"1927\">\ud83d\udc49 En resumen: el gobierno no suele pagar directamente a una empresa por invertir en el extranjero, sino que proporciona financiaci\u00f3n, garant\u00edas, gesti\u00f3n de riesgos y redes para que la inversi\u00f3n sea m\u00e1s segura y atractiva.<\/p>\t\t\t\t\t\t\t\t<\/div>\n\t\t\t\t<\/div>\n\t\t\t\t\t<\/div>\n\t\t\t\t<\/div>\n\t\t\t\t<\/div>","protected":false},"excerpt":{"rendered":"<p>Suomalainen valtio tukee yrityksi\u00e4, jotka haluavat investoida ulkomaille Suomalainen valtio tukee yrityksi\u00e4, jotka haluavat investoida ulkomaille, useilla eri keinoilla. Tuki ei ole yleens\u00e4 suoraa rahallista avustusta investointeihin, vaan enemm\u00e4nkin rahoitusta, takuita, neuvontaa ja verkostoitumista, jotta riskit v\u00e4henev\u00e4t ja markkinoille p\u00e4\u00e4sy helpottuu. T\u00e4ss\u00e4 keskeisimm\u00e4t keinot: 1. Rahoitus- ja takuutuki Finnvera: tarjoaa vientitakuita, rahoitusta ja takauksia ulkomaille [&hellip;]<\/p>\n","protected":false},"author":2,"featured_media":0,"parent":0,"menu_order":0,"comment_status":"closed","ping_status":"closed","template":"elementor_header_footer","meta":{"iawp_total_views":24,"footnotes":""},"class_list":["post-2060","page","type-page","status-publish","hentry"],"_links":{"self":[{"href":"https:\/\/anax.es\/es\/wp-json\/wp\/v2\/pages\/2060","targetHints":{"allow":["GET"]}}],"collection":[{"href":"https:\/\/anax.es\/es\/wp-json\/wp\/v2\/pages"}],"about":[{"href":"https:\/\/anax.es\/es\/wp-json\/wp\/v2\/types\/page"}],"author":[{"embeddable":true,"href":"https:\/\/anax.es\/es\/wp-json\/wp\/v2\/users\/2"}],"replies":[{"embeddable":true,"href":"https:\/\/anax.es\/es\/wp-json\/wp\/v2\/comments?post=2060"}],"version-history":[{"count":7,"href":"https:\/\/anax.es\/es\/wp-json\/wp\/v2\/pages\/2060\/revisions"}],"predecessor-version":[{"id":2111,"href":"https:\/\/anax.es\/es\/wp-json\/wp\/v2\/pages\/2060\/revisions\/2111"}],"wp:attachment":[{"href":"https:\/\/anax.es\/es\/wp-json\/wp\/v2\/media?parent=2060"}],"curies":[{"name":"wp","href":"https:\/\/api.w.org\/{rel}","templated":true}]}}