{"id":2050,"date":"2025-09-20T14:20:41","date_gmt":"2025-09-20T11:20:41","guid":{"rendered":"https:\/\/anax.es\/?page_id=2050"},"modified":"2025-09-23T17:03:58","modified_gmt":"2025-09-23T14:03:58","slug":"empresas-finlandesas","status":"publish","type":"page","link":"https:\/\/anax.es\/es\/suomalaiset-yritykset\/","title":{"rendered":"Empresas finlandesas"},"content":{"rendered":"<div data-elementor-type=\"wp-page\" data-elementor-id=\"2050\" class=\"elementor elementor-2050\" data-elementor-post-type=\"page\">\n\t\t\t\t<div class=\"elementor-element elementor-element-41d717b e-flex e-con-boxed e-con e-parent\" data-id=\"41d717b\" data-element_type=\"container\" data-e-type=\"container\" data-settings=\"{&quot;background_background&quot;:&quot;classic&quot;,&quot;jet_parallax_layout_list&quot;:[]}\">\n\t\t\t\t\t<div class=\"e-con-inner\">\n\t\t<div class=\"elementor-element elementor-element-5823874 e-con-full e-flex e-con e-child\" data-id=\"5823874\" data-element_type=\"container\" data-e-type=\"container\" data-settings=\"{&quot;jet_parallax_layout_list&quot;:[]}\">\n\t\t\t\t<div class=\"elementor-element elementor-element-ede9130 elementor-widget elementor-widget-heading\" data-id=\"ede9130\" data-element_type=\"widget\" data-e-type=\"widget\" data-widget_type=\"heading.default\">\n\t\t\t\t\t<h2 class=\"elementor-heading-title elementor-size-default\">\u00bfQu\u00e9 hacen las empresas finlandesas en Espa\u00f1a?<\/h2>\t\t\t\t<\/div>\n\t\t\t\t<\/div>\n\t\t<div class=\"elementor-element elementor-element-7d9ffec e-con-full e-flex e-con e-child\" data-id=\"7d9ffec\" data-element_type=\"container\" data-e-type=\"container\" data-settings=\"{&quot;jet_parallax_layout_list&quot;:[]}\">\n\t\t\t\t<div class=\"elementor-element elementor-element-049db16 elementor-widget elementor-widget-image\" data-id=\"049db16\" data-element_type=\"widget\" data-e-type=\"widget\" data-widget_type=\"image.default\">\n\t\t\t\t\t\t\t\t\t\t\t\t\t\t\t<img decoding=\"async\" src=\"https:\/\/anax.es\/wp-content\/uploads\/elementor\/thumbs\/finnish-company-investment-rc6fz719xgu8r9inziehlyfbamz8jmvd76752qq7bc.jpg\" title=\"inversi\u00f3n de empresas finlandesas\" alt=\"inversi\u00f3n de empresas finlandesas\" loading=\"lazy\" \/>\t\t\t\t\t\t\t\t\t\t\t\t\t\t\t<\/div>\n\t\t\t\t<\/div>\n\t\t\t\t\t<\/div>\n\t\t\t\t<\/div>\n\t\t<div class=\"elementor-element elementor-element-b4b98e4 e-flex e-con-boxed e-con e-parent\" data-id=\"b4b98e4\" data-element_type=\"container\" data-e-type=\"container\" data-settings=\"{&quot;background_background&quot;:&quot;classic&quot;,&quot;jet_parallax_layout_list&quot;:[]}\">\n\t\t\t\t\t<div class=\"e-con-inner\">\n\t\t<div class=\"elementor-element elementor-element-51c348f e-con-full e-flex e-con e-child\" data-id=\"51c348f\" data-element_type=\"container\" data-e-type=\"container\" data-settings=\"{&quot;jet_parallax_layout_list&quot;:[]}\">\n\t\t\t\t<div class=\"elementor-element elementor-element-0d4ce06 elementor-widget elementor-widget-text-editor\" data-id=\"0d4ce06\" data-element_type=\"widget\" data-e-type=\"widget\" data-widget_type=\"text-editor.default\">\n\t\t\t\t\t\t\t\t\t<p data-start=\"102\" data-end=\"343\"><strong data-start=\"102\" data-end=\"143\">1. Energ\u00eda renovable \/ energ\u00eda solar<\/strong><br data-start=\"143\" data-end=\"146\" \/>Fondos finlandeses invierten en centrales solares en Espa\u00f1a.<br data-start=\"227\" data-end=\"230\" \/>Ejemplo: Korkia Solar Energy Fund Ky adquiri\u00f3 una participaci\u00f3n mayoritaria en una central solar de 22 MWp en la regi\u00f3n de Badajoz.<\/p><p data-start=\"345\" data-end=\"502\">Esto demuestra que los inversores finlandeses encuentran atractivas las oportunidades energ\u00e9ticas en Espa\u00f1a, especialmente en energ\u00eda solar y renovable.<\/p><p data-start=\"504\" data-end=\"828\"><strong data-start=\"504\" data-end=\"595\">2. Ciudades inteligentes, digitalizaci\u00f3n y soluciones tecnol\u00f3gicas para las administraciones p\u00fablicas<\/strong><br data-start=\"595\" data-end=\"598\" \/>Varias empresas finlandesas, como Tietoevry, Gofore, F-Secure y Nixu, participan en la digitalizaci\u00f3n de la administraci\u00f3n p\u00fablica espa\u00f1ola. Esto incluye servicios, ciberseguridad, ampliaci\u00f3n del uso de la computaci\u00f3n en la nube y soluciones de IA.<\/p><p data-start=\"830\" data-end=\"1006\">KONE, Nokia, Vaisala, Ensto y Wapice colaboran para optimizar las infraestructuras urbanas, gestionar el transporte y mejorar los servicios p\u00fablicos.<\/p><p data-start=\"1008\" data-end=\"1188\"><strong data-start=\"1008\" data-end=\"1070\">3. Exportaciones de automatizaci\u00f3n industrial \/ cooperaci\u00f3n industrial<\/strong><br data-start=\"1070\" data-end=\"1073\" \/>Por ejemplo, Pemamek, empresa finlandesa de soluciones de automatizaci\u00f3n, soldadura y rob\u00f3tica, tiene su sede en Espa\u00f1a.<\/p><p data-start=\"1190\" data-end=\"1328\">Elisa Videra abri\u00f3 una nueva oficina en Madrid para ofrecer servicios locales y un mejor apoyo a los sistemas de comunicaci\u00f3n visual.<\/p><p data-start=\"1330\" data-end=\"1473\"><strong data-start=\"1330\" data-end=\"1370\">4. Inversi\u00f3n inmobiliaria y manufacturera<\/strong><br data-start=\"1370\" data-end=\"1373\" \/>Lumon, proveedor finland\u00e9s de soluciones de acristalamiento, invierte en una nueva f\u00e1brica en Antequera (Espa\u00f1a).<\/p><p data-start=\"1475\" data-end=\"1722\"><strong data-start=\"1475\" data-end=\"1519\">5. Fondos\/inversores internacionales<\/strong><br data-start=\"1519\" data-end=\"1522\" \/>La participaci\u00f3n de fondos finlandeses (institucionales y privados) en proyectos de energ\u00eda solar en Espa\u00f1a demuestra que el sector financiero finland\u00e9s considera atractivo el mercado energ\u00e9tico espa\u00f1ol.<\/p><p data-start=\"1724\" data-end=\"1908\"><strong data-start=\"1724\" data-end=\"1781\">6. Redes comerciales\/exportaci\u00f3n y presencia en el mercado<\/strong><br data-start=\"1781\" data-end=\"1784\" \/>Las empresas buscan una presencia local en Espa\u00f1a a trav\u00e9s de oficinas o puntos de servicio, como Elisa Videra en Madrid.<\/p><p data-start=\"1910\" data-end=\"2025\">La C\u00e1mara de Comercio Hispano-Finlandesa apoya la creaci\u00f3n de redes, la comprensi\u00f3n del mercado y la b\u00fasqueda de socios.<\/p><hr data-start=\"2027\" data-end=\"2030\" \/><h3 data-start=\"2032\" data-end=\"2084\">Oportunidades y tendencias actuales<\/h3><ul data-start=\"2086\" data-end=\"2923\"><li data-start=\"2086\" data-end=\"2384\"><p data-start=\"2088\" data-end=\"2384\"><strong data-start=\"2088\" data-end=\"2132\">Fondo de Recuperaci\u00f3n de la UE y programas de sostenibilidad<\/strong>En Espa\u00f1a, existe una amplia financiaci\u00f3n a trav\u00e9s del Fondo de Recuperaci\u00f3n y Resiliencia (FRR) para la transici\u00f3n ecol\u00f3gica, la digitalizaci\u00f3n y las soluciones para ciudades inteligentes. Las empresas finlandesas tienen una ventaja competitiva gracias a su tecnolog\u00eda, experiencia y soluciones sostenibles.<\/p><\/li><li data-start=\"2385\" data-end=\"2576\"><p data-start=\"2387\" data-end=\"2576\"><strong data-start=\"2387\" data-end=\"2459\">Infraestructuras urbanas inteligentes, neutralidad de carbono, gesti\u00f3n del agua y los residuos<\/strong>sectores en crecimiento en los que las empresas finlandesas pueden participar mediante exportaciones de tecnolog\u00eda o proyectos locales.<\/p><\/li><li data-start=\"2577\" data-end=\"2769\"><p data-start=\"2579\" data-end=\"2769\"><strong data-start=\"2579\" data-end=\"2590\">Energ\u00eda<\/strong>Las energ\u00edas renovables, en particular la solar, son un \u00e1rea clave de inversi\u00f3n. Tambi\u00e9n son importantes las soluciones para optimizar la producci\u00f3n, el ahorro energ\u00e9tico y las redes el\u00e9ctricas.<\/p><\/li><li data-start=\"2770\" data-end=\"2923\"><p data-start=\"2772\" data-end=\"2923\"><strong data-start=\"2772\" data-end=\"2798\">Puntos fuertes de Finlandia<\/strong>ciberseguridad, desarrollo de software, automatizaci\u00f3n, tecnolog\u00edas limpias, econom\u00eda circular y soluciones especializadas en materiales de construcci\u00f3n.<\/p><\/li><\/ul><p data-start=\"2925\" data-end=\"2940\"><strong data-start=\"2925\" data-end=\"2938\">Desaf\u00edos:<\/strong><\/p><ul data-start=\"2941\" data-end=\"3359\"><li data-start=\"2941\" data-end=\"3057\"><p data-start=\"2943\" data-end=\"3057\">La normativa local, los permisos y la burocracia pueden retrasar los proyectos, especialmente en los sectores de la energ\u00eda y la construcci\u00f3n.<\/p><\/li><li data-start=\"3058\" data-end=\"3142\"><p data-start=\"3060\" data-end=\"3142\">Necesidad de socios locales, adaptaci\u00f3n cultural y diferencias regionales.<\/p><\/li><li data-start=\"3143\" data-end=\"3219\"><p data-start=\"3145\" data-end=\"3219\">Diferencias en aduanas, fiscalidad y legislaci\u00f3n laboral con respecto a Finlandia.<\/p><\/li><li data-start=\"3220\" data-end=\"3359\"><p data-start=\"3222\" data-end=\"3359\">Financiaci\u00f3n: aunque la UE ofrece financiaci\u00f3n, las empresas deben desarrollar proyectos competitivos y tener en cuenta los largos periodos de amortizaci\u00f3n.<\/p><\/li><\/ul><hr data-start=\"3361\" data-end=\"3364\" \/><h3 data-start=\"3366\" data-end=\"3404\">Empresas finlandesas en Espa\u00f1a<\/h3><ul data-start=\"3406\" data-end=\"3813\"><li data-start=\"3406\" data-end=\"3516\"><p data-start=\"3408\" data-end=\"3516\">Acerca de <strong data-start=\"3413\" data-end=\"3441\">250 empresas finlandesas<\/strong> opera en Espa\u00f1a (a trav\u00e9s de filiales o socios locales).<\/p><\/li><li data-start=\"3517\" data-end=\"3620\"><p data-start=\"3519\" data-end=\"3620\"><strong data-start=\"3519\" data-end=\"3569\">Oportunidades en los proyectos financiados por el FRR<\/strong>ciudades inteligentes, digitalizaci\u00f3n y energ\u00eda verde.<\/p><\/li><li data-start=\"3621\" data-end=\"3813\"><p data-start=\"3623\" data-end=\"3813\"><strong data-start=\"3623\" data-end=\"3648\">Inversiones inmobiliarias<\/strong> En Espa\u00f1a Q1\/2025: crecimiento de 39 % respecto al a\u00f1o anterior (3.300 millones de euros), reflejo de la actividad de los inversores extranjeros en general, no s\u00f3lo de los finlandeses.<\/p><\/li><\/ul><p data-start=\"3815\" data-end=\"3982\"><strong data-start=\"3815\" data-end=\"3829\">Estad\u00edsticas:<\/strong><br data-start=\"3829\" data-end=\"3832\" \/>Seg\u00fan Statistics Finland, las filiales finlandesas en el extranjero invierten en total unos 7 900 millones de euros. De ellos, 57 % de euros se invirtieron en Europa.<\/p><hr data-start=\"3984\" data-end=\"3987\" \/><h3 data-start=\"3989\" data-end=\"4043\">Ejemplos de empresas finlandesas en Espa\u00f1a<\/h3><ul data-start=\"4045\" data-end=\"5199\"><li data-start=\"4045\" data-end=\"4133\"><p data-start=\"4047\" data-end=\"4133\"><strong data-start=\"4047\" data-end=\"4056\">Lumon<\/strong> - soluciones de acristalamiento y balcones; f\u00e1brica en Antequera (M\u00e1laga), inaugurada en 2023.<\/p><\/li><li data-start=\"4134\" data-end=\"4268\"><p data-start=\"4136\" data-end=\"4268\"><strong data-start=\"4136\" data-end=\"4147\">Pemamek<\/strong> - filial Pemamek Iberia (Zaragoza); suministra l\u00edneas automatizadas a astilleros (por ejemplo, contrato con Navantia).<\/p><\/li><li data-start=\"4269\" data-end=\"4371\"><p data-start=\"4271\" data-end=\"4371\"><strong data-start=\"4271\" data-end=\"4279\">KONE<\/strong> - ascensores, escaleras mec\u00e1nicas y servicios de modernizaci\u00f3n en Espa\u00f1a (por ejemplo, proyectos en Madrid).<\/p><\/li><li data-start=\"4372\" data-end=\"4462\"><p data-start=\"4374\" data-end=\"4462\"><strong data-start=\"4374\" data-end=\"4383\">Nokia<\/strong> - oficinas, proyectos 5G y cooperaci\u00f3n con operadores locales.<\/p><\/li><li data-start=\"4463\" data-end=\"4585\"><p data-start=\"4465\" data-end=\"4585\"><strong data-start=\"4465\" data-end=\"4476\">Vaisala<\/strong> - un contrato de unos 25 millones de euros con el Instituto Espa\u00f1ol de Meteorolog\u00eda (AEMET) para el suministro de radares meteorol\u00f3gicos (2024-2026).<\/p><\/li><li data-start=\"4586\" data-end=\"4657\"><p data-start=\"4588\" data-end=\"4657\"><strong data-start=\"4588\" data-end=\"4600\">W\u00e4rtsil\u00e4<\/strong> - soluciones energ\u00e9ticas y marinas a trav\u00e9s de W\u00e4rtsil\u00e4 Ib\u00e9rica.<\/p><\/li><li data-start=\"4658\" data-end=\"4742\"><p data-start=\"4660\" data-end=\"4742\"><strong data-start=\"4660\" data-end=\"4669\">Ensto<\/strong> - actividad hist\u00f3rica en soluciones de distribuci\u00f3n y construcci\u00f3n en Espa\u00f1a.<\/p><\/li><li data-start=\"4743\" data-end=\"4837\"><p data-start=\"4745\" data-end=\"4837\"><strong data-start=\"4745\" data-end=\"4755\">Gofore<\/strong> - filial en Espa\u00f1a (Gofore Spain SL), servicios de consultor\u00eda digital.<\/p><\/li><li data-start=\"4838\" data-end=\"4912\"><p data-start=\"4840\" data-end=\"4912\"><strong data-start=\"4840\" data-end=\"4853\">Tietoevry<\/strong> - participa en proyectos de digitalizaci\u00f3n en las administraciones p\u00fablicas.<\/p><\/li><li data-start=\"4913\" data-end=\"4996\"><p data-start=\"4915\" data-end=\"4996\"><strong data-start=\"4915\" data-end=\"4927\">F-Secure<\/strong> - servicios de ciberseguridad a trav\u00e9s de revendedores y clientes.<\/p><\/li><li data-start=\"4997\" data-end=\"5101\"><p data-start=\"4999\" data-end=\"5101\"><strong data-start=\"4999\" data-end=\"5008\">Neste<\/strong> - Proyectos piloto de biocarburantes y cultivo de algas en Espa\u00f1a (en fase de planificaci\u00f3n).<\/p><\/li><li data-start=\"5102\" data-end=\"5199\"><p data-start=\"5104\" data-end=\"5199\"><strong data-start=\"5104\" data-end=\"5126\">Stora Enso, Ponsse<\/strong> y otras empresas de maquinaria forestal e industrial en Espa\u00f1a.<\/p><\/li><\/ul><hr data-start=\"5201\" data-end=\"5204\" \/><h3 data-start=\"5206\" data-end=\"5268\">Inversiones \/ proyectos finlandeses en Andaluc\u00eda<\/h3><div class=\"_tableContainer_1rjym_1\"><div class=\"group _tableWrapper_1rjym_13 flex w-fit flex-col-reverse\" tabindex=\"-1\"><table class=\"w-fit min-w-(--thread-content-width)\" data-start=\"5270\" data-end=\"5809\"><thead data-start=\"5270\" data-end=\"5336\"><tr data-start=\"5270\" data-end=\"5336\"><th data-start=\"5270\" data-end=\"5286\" data-col-size=\"sm\">Empresa<\/th><th data-start=\"5286\" data-end=\"5310\" data-col-size=\"sm\">Ubicaci\u00f3n<\/th><th data-start=\"5310\" data-end=\"5336\" data-col-size=\"lg\">Inversi\u00f3n \/ Proyecto<\/th><\/tr><\/thead><tbody data-start=\"5404\" data-end=\"5809\"><tr data-start=\"5404\" data-end=\"5555\"><td data-start=\"5404\" data-end=\"5420\" data-col-size=\"sm\">Lumon<\/td><td data-start=\"5420\" data-end=\"5443\" data-col-size=\"sm\">Antequera (M\u00e1laga)<\/td><td data-start=\"5443\" data-end=\"5555\" data-col-size=\"lg\">Gran f\u00e1brica de acristalamientos y desvanes - inversi\u00f3n ~30 M\u20ac - superficie ~25 000 m\u00b2 - emplear\u00e1 inicialmente a ~40 personas<\/td><\/tr><tr data-start=\"5556\" data-end=\"5684\"><td data-start=\"5556\" data-end=\"5589\" data-col-size=\"sm\">Taaleri SolarWind II (fondo)<\/td><td data-start=\"5589\" data-end=\"5620\" data-col-size=\"sm\">Huelva (San Juan del Puerto)<\/td><td data-start=\"5620\" data-end=\"5684\" data-col-size=\"lg\">Central solar de 50 MW - inversi\u00f3n ~25-30 M\u20ac - 100 % propiedad<\/td><\/tr><tr data-start=\"5685\" data-end=\"5809\"><td data-start=\"5685\" data-end=\"5701\" data-col-size=\"sm\">Neste<\/td><td data-start=\"5701\" data-end=\"5724\" data-col-size=\"sm\">C\u00e1diz (Trebujena)<\/td><td data-start=\"5724\" data-end=\"5809\" data-col-size=\"lg\">Piloto de biocarburante basado en el cultivo de algas: en fase de planificaci\u00f3n y autorizaci\u00f3n<\/td><\/tr><\/tbody><\/table><\/div><\/div>\t\t\t\t\t\t\t\t<\/div>\n\t\t\t\t<\/div>\n\t\t\t\t\t<\/div>\n\t\t\t\t<\/div>\n\t\t\t\t<\/div>","protected":false},"excerpt":{"rendered":"<p>Mit\u00e4 suomalaiset yritykset tekev\u00e4t Espanjassa? 1. Uusiutuva energia \/ aurinkoenergiaSuomalaisten rahastojen kautta tehd\u00e4\u00e4n sijoituksia aurinkovoimaloihin Espanjassa.Esimerkki: Korkia Aurinkoenergiarahasto Ky osti enemmist\u00f6osuuden 22 MWp:n aurinkovoimalasta Badajozin alueella. T\u00e4m\u00e4 osoittaa, ett\u00e4 suomalaiset sijoittajat pit\u00e4v\u00e4t Espanjan energia-alan mahdollisuuksia, erityisesti aurinko- ja uusiutuvassa energiassa, houkuttelevina. 2. \u00c4lykaupungit (Smart Cities), digitalisaatio ja teknologiaratkaisut julkishallinnolleUseat suomalaisyritykset, kuten Tietoevry, Gofore, F-Secure ja [&hellip;]<\/p>\n","protected":false},"author":2,"featured_media":0,"parent":0,"menu_order":0,"comment_status":"closed","ping_status":"closed","template":"elementor_header_footer","meta":{"iawp_total_views":103,"footnotes":""},"class_list":["post-2050","page","type-page","status-publish","hentry"],"_links":{"self":[{"href":"https:\/\/anax.es\/es\/wp-json\/wp\/v2\/pages\/2050","targetHints":{"allow":["GET"]}}],"collection":[{"href":"https:\/\/anax.es\/es\/wp-json\/wp\/v2\/pages"}],"about":[{"href":"https:\/\/anax.es\/es\/wp-json\/wp\/v2\/types\/page"}],"author":[{"embeddable":true,"href":"https:\/\/anax.es\/es\/wp-json\/wp\/v2\/users\/2"}],"replies":[{"embeddable":true,"href":"https:\/\/anax.es\/es\/wp-json\/wp\/v2\/comments?post=2050"}],"version-history":[{"count":13,"href":"https:\/\/anax.es\/es\/wp-json\/wp\/v2\/pages\/2050\/revisions"}],"predecessor-version":[{"id":2120,"href":"https:\/\/anax.es\/es\/wp-json\/wp\/v2\/pages\/2050\/revisions\/2120"}],"wp:attachment":[{"href":"https:\/\/anax.es\/es\/wp-json\/wp\/v2\/media?parent=2050"}],"curies":[{"name":"wp","href":"https:\/\/api.w.org\/{rel}","templated":true}]}}