{"id":1505,"date":"2025-08-15T17:36:25","date_gmt":"2025-08-15T14:36:25","guid":{"rendered":"https:\/\/anax.es\/?page_id=1505"},"modified":"2025-09-04T20:59:48","modified_gmt":"2025-09-04T17:59:48","slug":"impuestos-sobre-nuevas-viviendas","status":"publish","type":"page","link":"https:\/\/anax.es\/es\/uudiskohteen-asunnon-verot\/","title":{"rendered":"Fiscalidad de la vivienda"},"content":{"rendered":"<div data-elementor-type=\"wp-page\" data-elementor-id=\"1505\" class=\"elementor elementor-1505\" data-elementor-post-type=\"page\">\n\t\t\t\t<div class=\"elementor-element elementor-element-41d717b e-flex e-con-boxed e-con e-parent\" data-id=\"41d717b\" data-element_type=\"container\" data-e-type=\"container\" data-settings=\"{&quot;background_background&quot;:&quot;classic&quot;,&quot;jet_parallax_layout_list&quot;:[]}\">\n\t\t\t\t\t<div class=\"e-con-inner\">\n\t\t<div class=\"elementor-element elementor-element-5823874 e-con-full e-flex e-con e-child\" data-id=\"5823874\" data-element_type=\"container\" data-e-type=\"container\" data-settings=\"{&quot;jet_parallax_layout_list&quot;:[]}\">\n\t\t\t\t<div class=\"elementor-element elementor-element-ede9130 elementor-widget elementor-widget-heading\" data-id=\"ede9130\" data-element_type=\"widget\" data-e-type=\"widget\" data-widget_type=\"heading.default\">\n\t\t\t\t\t<h2 class=\"elementor-heading-title elementor-size-default\">\u00bfQu\u00e9 impuestos tengo que pagar al comprar una casa nueva?<\/h2>\t\t\t\t<\/div>\n\t\t\t\t<\/div>\n\t\t<div class=\"elementor-element elementor-element-7d9ffec e-con-full e-flex e-con e-child\" data-id=\"7d9ffec\" data-element_type=\"container\" data-e-type=\"container\" data-settings=\"{&quot;jet_parallax_layout_list&quot;:[]}\">\n\t\t\t\t<div class=\"elementor-element elementor-element-049db16 elementor-widget elementor-widget-image\" data-id=\"049db16\" data-element_type=\"widget\" data-e-type=\"widget\" data-widget_type=\"image.default\">\n\t\t\t\t\t\t\t\t\t\t\t\t\t\t\t<img decoding=\"async\" src=\"https:\/\/anax.es\/wp-content\/uploads\/elementor\/thumbs\/Business_konsultointi_Malaga-r8qt0r05ulypl8znlsgob26a145wys8aoaw8j9xqiw.png\" title=\"Consultor\u00eda_empresarial_M\u00e1laga\" alt=\"Consultor\u00eda_empresarial_M\u00e1laga\" loading=\"lazy\" \/>\t\t\t\t\t\t\t\t\t\t\t\t\t\t\t<\/div>\n\t\t\t\t<\/div>\n\t\t\t\t\t<\/div>\n\t\t\t\t<\/div>\n\t\t<div class=\"elementor-element elementor-element-b4b98e4 e-flex e-con-boxed e-con e-parent\" data-id=\"b4b98e4\" data-element_type=\"container\" data-e-type=\"container\" data-settings=\"{&quot;background_background&quot;:&quot;classic&quot;,&quot;jet_parallax_layout_list&quot;:[]}\">\n\t\t\t\t\t<div class=\"e-con-inner\">\n\t\t<div class=\"elementor-element elementor-element-51c348f e-con-full e-flex e-con e-child\" data-id=\"51c348f\" data-element_type=\"container\" data-e-type=\"container\" data-settings=\"{&quot;jet_parallax_layout_list&quot;:[]}\">\n\t\t\t\t<div class=\"elementor-element elementor-element-0d4ce06 elementor-widget elementor-widget-text-editor\" data-id=\"0d4ce06\" data-element_type=\"widget\" data-e-type=\"widget\" data-widget_type=\"text-editor.default\">\n\t\t\t\t\t\t\t\t\t<p data-start=\"0\" data-end=\"354\">Al comprar una casa, es importante tener en cuenta algunas cosas, como los impuestos que tendr\u00e1 que pagar. En primer lugar, es bueno saber que los impuestos var\u00edan en funci\u00f3n de si se compra una vivienda nueva o de segunda mano. En el caso de obra nueva, es importante tener en cuenta los impuestos y tasas aplicables en Espa\u00f1a, y en particular en M\u00e1laga y Andaluc\u00eda.<\/p><p data-start=\"356\" data-end=\"640\">En primer lugar, conviene aclarar qu\u00e9 se entiende por vivienda nueva: es la que se compra directamente al promotor una vez finalizada la construcci\u00f3n o la reforma y emitido el certificado de inspecci\u00f3n final. Este certificado est\u00e1 firmado por el arquitecto y el capataz responsable.<\/p><p data-start=\"642\" data-end=\"708\"><strong data-start=\"642\" data-end=\"708\">En Andaluc\u00eda, los impuestos relacionados con la compra de una vivienda nueva son:<\/strong><\/p><ul data-start=\"709\" data-end=\"789\"><li data-start=\"709\" data-end=\"734\"><p data-start=\"711\" data-end=\"734\"><strong data-start=\"711\" data-end=\"734\">Impuesto sobre el valor a\u00f1adido (IVA)<\/strong><\/p><\/li><li data-start=\"735\" data-end=\"789\"><p data-start=\"737\" data-end=\"789\"><strong data-start=\"737\" data-end=\"789\">Impuesto sobre Transmisiones Patrimoniales y Actos Jur\u00eddicos Documentados (IAJD)<\/strong><\/p><\/li><\/ul><p data-start=\"791\" data-end=\"1181\"><strong data-start=\"791\" data-end=\"814\">Impuesto sobre el valor a\u00f1adido (IVA)<\/strong> es el impuesto m\u00e1s importante que grava la compra de una vivienda nueva. Se a\u00f1ade directamente al precio de venta y es obligatorio en todas las ventas de viviendas nuevas cuando se compran directamente a un promotor o constructor.<br data-start=\"1002\" data-end=\"1005\" \/>El porcentaje global del IVA es <strong data-start=\"1030\" data-end=\"1038\">10 %<\/strong> el precio indicado en la escritura de compraventa. En el caso de un r\u00e9gimen especial de viviendas de protecci\u00f3n oficial (VPO) o de construcci\u00f3n p\u00fablica, el impuesto asciende a <strong data-start=\"1171\" data-end=\"1178\">4 %<\/strong>.<\/p><p data-start=\"1183\" data-end=\"1525\"><strong data-start=\"1183\" data-end=\"1235\">Impuesto sobre Transmisiones Patrimoniales y Actos Jur\u00eddicos Documentados (IAJD)<\/strong> se aplica a los documentos oficiales que crean un derecho inscribible en el Registro de la Propiedad, como la escritura de una vivienda. Este impuesto tambi\u00e9n se aplica a cualquier contrato de pr\u00e9stamo.<br data-start=\"1404\" data-end=\"1407\" \/>En Andaluc\u00eda, el IAJD est\u00e1 actualmente <strong data-start=\"1443\" data-end=\"1452\">1,2 %<\/strong>. La p\u00e1gina web de la Junta de Andaluc\u00eda ofrece todos los detalles.<\/p><p data-start=\"1527\" data-end=\"1547\"><strong data-start=\"1527\" data-end=\"1547\">Descuentos IAJD:<\/strong><\/p><ul data-start=\"1548\" data-end=\"1709\"><li data-start=\"1548\" data-end=\"1580\"><p data-start=\"1550\" data-end=\"1580\"><strong data-start=\"1550\" data-end=\"1559\">0,3 %<\/strong> para menores de 35 a\u00f1os<\/p><\/li><li data-start=\"1581\" data-end=\"1635\"><p data-start=\"1583\" data-end=\"1635\"><strong data-start=\"1583\" data-end=\"1592\">0,3 %<\/strong> v\u00edctimas de violencia dom\u00e9stica o terrorismo<\/p><\/li><li data-start=\"1636\" data-end=\"1709\"><p data-start=\"1638\" data-end=\"1709\"><strong data-start=\"1638\" data-end=\"1647\">0,1 %<\/strong> para personas con una tasa de discapacidad de al menos el 33 %<\/p><\/li><\/ul><p data-start=\"1711\" data-end=\"1822\">Tanto el IVA como el IAJD deben pagarse <strong data-start=\"1744\" data-end=\"1757\">30 d\u00edas<\/strong> en el interior. Los retrasos pueden provocar <strong data-start=\"1796\" data-end=\"1813\">200-400 euros<\/strong> multas.<\/p><p data-start=\"1824\" data-end=\"2023\"><strong data-start=\"1824\" data-end=\"1847\">Otros gastos:<\/strong><br data-start=\"1847\" data-end=\"1850\" \/>Aunque no son impuestos propiamente dichos, tambi\u00e9n hay que tener en cuenta los gastos de notar\u00eda y registro de la propiedad. Ambos dependen del precio de la vivienda y est\u00e1n regulados por ley.<\/p><p data-start=\"2025\" data-end=\"2315\">Tambi\u00e9n hay que recordar <strong data-start=\"2048\" data-end=\"2072\">impuesto sobre bienes inmuebles (IBI)<\/strong>No se trata de un pago \u00fanico en el momento de la compra, sino de un impuesto anual a cargo del propietario. Su importe lo determina el ayuntamiento en funci\u00f3n del valor imponible del inmueble. Si el inmueble est\u00e1 hipotecado, tambi\u00e9n hay que tener en cuenta el coste de la hipoteca.<\/p><p data-start=\"2317\" data-end=\"2438\" data-is-last-node=\"\" data-is-only-node=\"\">Por todo ello, conviene elaborar un presupuesto realista que cubra todos los gastos para no llevarse sorpresas.<\/p><h3 data-start=\"235\" data-end=\"273\">Impuestos y gastos relacionados con la compra<\/h3><ol data-start=\"274\" data-end=\"1078\"><li data-start=\"274\" data-end=\"498\"><p data-start=\"277\" data-end=\"346\"><strong data-start=\"277\" data-end=\"344\">Impuesto de Transmisiones Patrimoniales (ITP)<\/strong><\/p><ul data-start=\"350\" data-end=\"498\"><li data-start=\"350\" data-end=\"498\"><p data-start=\"352\" data-end=\"498\">Al comprar <strong data-start=\"362\" data-end=\"382\">vivienda de segunda mano<\/strong>se paga el impuesto de transmisiones patrimoniales. En Andaluc\u00eda el impuesto es <strong data-start=\"431\" data-end=\"453\">7 % del precio de compra<\/strong> (nivel armonizado a partir de 2021).<\/p><\/li><\/ul><\/li><li data-start=\"500\" data-end=\"695\"><p data-start=\"503\" data-end=\"553\"><strong data-start=\"503\" data-end=\"551\">Comprar una vivienda nueva (directamente al promotor)<\/strong><\/p><ul data-start=\"557\" data-end=\"695\"><li data-start=\"557\" data-end=\"695\"><p data-start=\"559\" data-end=\"695\">Por una vivienda nueva, se paga <strong data-start=\"584\" data-end=\"604\">IVA 10 %<\/strong> y <strong data-start=\"610\" data-end=\"660\">leimaveron (Actos Jur\u00eddicos Documentados, AJD)<\/strong>que en Andaluc\u00eda es <strong data-start=\"683\" data-end=\"692\">1,2 %<\/strong>.<\/p><\/li><\/ul><\/li><li data-start=\"697\" data-end=\"811\"><p data-start=\"700\" data-end=\"718\"><strong data-start=\"700\" data-end=\"716\">Gastos de emergencia<\/strong><\/p><ul data-start=\"722\" data-end=\"811\"><li data-start=\"722\" data-end=\"811\"><p data-start=\"724\" data-end=\"811\">La notarizaci\u00f3n de la transacci\u00f3n es obligatoria. Los costes suelen variar <strong data-start=\"793\" data-end=\"808\">500-1 000 \u20ac<\/strong>.<\/p><\/li><\/ul><\/li><li data-start=\"813\" data-end=\"926\"><p data-start=\"816\" data-end=\"845\"><strong data-start=\"816\" data-end=\"843\">Registro de la propiedad<\/strong><\/p><ul data-start=\"849\" data-end=\"926\"><li data-start=\"849\" data-end=\"926\"><p data-start=\"851\" data-end=\"926\">La inscripci\u00f3n en el registro de la propiedad suele costar. <strong data-start=\"908\" data-end=\"923\">500-1 000 \u20ac<\/strong>.<\/p><\/li><\/ul><\/li><li data-start=\"928\" data-end=\"1078\"><p data-start=\"931\" data-end=\"956\"><strong data-start=\"931\" data-end=\"954\">Honorarios del abogado<\/strong><\/p><ul data-start=\"960\" data-end=\"1078\"><li data-start=\"960\" data-end=\"1078\"><p data-start=\"962\" data-end=\"1078\">Es muy recomendable recurrir a un abogado local. Los honorarios suelen ser <strong data-start=\"1047\" data-end=\"1069\">1 % del precio de compra<\/strong> + IVA.<\/p><\/li><\/ul><\/li><\/ol><h3 data-start=\"1080\" data-end=\"1115\">Impuestos relacionados con la propiedad<\/h3><ul data-start=\"1116\" data-end=\"1791\"><li data-start=\"1116\" data-end=\"1279\"><p data-start=\"1118\" data-end=\"1279\"><strong data-start=\"1118\" data-end=\"1175\">Impuesto sobre Bienes Inmuebles (IBI)<\/strong><br data-start=\"1175\" data-end=\"1178\" \/>- El municipio recauda una tasa anual, por lo general de 1,5 millones de euros. <strong data-start=\"1214\" data-end=\"1254\">0,4-1,1 % del valor imponible de la propiedad<\/strong> (no el valor de mercado).<\/p><\/li><li data-start=\"1280\" data-end=\"1366\"><p data-start=\"1282\" data-end=\"1366\"><strong data-start=\"1282\" data-end=\"1311\">Residuos e impuestos municipales<\/strong><br data-start=\"1311\" data-end=\"1314\" \/>- Normalmente, unos cientos de euros al a\u00f1o.<\/p><\/li><li data-start=\"1367\" data-end=\"1634\"><p data-start=\"1369\" data-end=\"1634\"><strong data-start=\"1369\" data-end=\"1444\">Impuesto sobre la Renta de no Residentes (IRNR)<\/strong><br data-start=\"1444\" data-end=\"1447\" \/>- Si no alquila una vivienda, paga impuestos sobre los ingresos por alquiler imputados (normalmente 19 % para los nacionales de la UE).<br data-start=\"1551\" data-end=\"1554\" \/>- Si alquila, paga 19 % sobre los ingresos reales del alquiler (los gastos pueden deducirse).<\/p><\/li><li data-start=\"1635\" data-end=\"1791\"><p data-start=\"1637\" data-end=\"1791\"><strong data-start=\"1637\" data-end=\"1676\">Gastos de comunidad<\/strong><br data-start=\"1676\" data-end=\"1679\" \/>- Si su vivienda pertenece a una comunidad de propietarios, la cuota puede oscilar entre unas decenas y varios cientos de euros al mes.<\/p><\/li><\/ul><h3 data-start=\"1793\" data-end=\"1825\">Resumen de costes<\/h3><ul data-start=\"1826\" data-end=\"1975\"><li data-start=\"1826\" data-end=\"1904\"><p data-start=\"1828\" data-end=\"1904\"><strong data-start=\"1828\" data-end=\"1847\">Vivienda de segunda mano<\/strong>: a\u00f1ada al precio de compra unos <strong data-start=\"1880\" data-end=\"1901\">8-10 % costes adicionales<\/strong>.<\/p><\/li><li data-start=\"1905\" data-end=\"1975\"><p data-start=\"1907\" data-end=\"1975\"><strong data-start=\"1907\" data-end=\"1922\">Apartamento nuevo<\/strong>: costes adicionales en torno a <strong data-start=\"1946\" data-end=\"1957\">12-13 %<\/strong> del precio de compra.<\/p><\/li><\/ul><p data-start=\"1977\" data-end=\"2035\">S\u00f3lo entonces podr\u00e1 ver la cuant\u00eda real de la inversi\u00f3n.<\/p><p data-start=\"2037\" data-end=\"2183\" data-is-last-node=\"\" data-is-only-node=\"\">\u00bfQuieres que te aclare <strong data-start=\"2073\" data-end=\"2095\">c\u00e1lculo de muestras<\/strong> (por ejemplo, 250 000 euros por la compra de una casa en la Costa del Sol), para que pueda ver todos los costes desglosados?<\/p><p data-start=\"2037\" data-end=\"2183\" data-is-last-node=\"\" data-is-only-node=\"\">Dej\u00e9moslo claro <strong data-start=\"25\" data-end=\"84\">ejemplo de c\u00e1lculo para un apartamento de 250 000 euros en la Costa del Sol<\/strong>. Les hablar\u00e9 por separado de ambos <strong data-start=\"107\" data-end=\"127\">vivienda de segunda mano<\/strong> a <strong data-start=\"133\" data-end=\"150\">un nuevo hogar<\/strong> costes, para dejar clara la diferencia.<\/p><h2 data-start=\"198\" data-end=\"233\">Vivienda de segunda mano - 250 000<\/h2><ul data-start=\"234\" data-end=\"437\"><li data-start=\"234\" data-end=\"279\"><p data-start=\"236\" data-end=\"279\"><strong data-start=\"236\" data-end=\"266\">Impuesto sobre transmisiones patrimoniales (ITP 7 %)<\/strong> \u2192 17 500 \u20ac<\/p><\/li><li data-start=\"280\" data-end=\"311\"><p data-start=\"282\" data-end=\"311\"><strong data-start=\"282\" data-end=\"298\">Gastos de emergencia<\/strong> \u2192 n. 800 \u20ac<\/p><\/li><li data-start=\"312\" data-end=\"354\"><p data-start=\"314\" data-end=\"354\"><strong data-start=\"314\" data-end=\"341\">Registro de la propiedad<\/strong> \u2192 n. 700 \u20ac<\/p><\/li><li data-start=\"355\" data-end=\"437\"><p data-start=\"357\" data-end=\"437\"><strong data-start=\"357\" data-end=\"383\">Abogado (1 % + IVA)<\/strong> \u2192 3 025 \u20ac<br data-start=\"393\" data-end=\"396\" \/><strong data-start=\"396\" data-end=\"435\">Costes adicionales totales: aprox. 22 000<\/strong><\/p><\/li><\/ul><p data-start=\"439\" data-end=\"478\">Una verdadera inversi\u00f3n: <strong data-start=\"463\" data-end=\"476\">272 000 \u20ac<\/strong><\/p><hr data-start=\"480\" data-end=\"483\" \/><h2 data-start=\"485\" data-end=\"517\">Apartamento nuevo - 250 000<\/h2><ul data-start=\"518\" data-end=\"749\"><li data-start=\"518\" data-end=\"551\"><p data-start=\"520\" data-end=\"551\"><strong data-start=\"520\" data-end=\"538\">IVA (IVA 10 %)<\/strong> \u2192 25 000 \u20ac<\/p><\/li><li data-start=\"552\" data-end=\"591\"><p data-start=\"554\" data-end=\"591\"><strong data-start=\"554\" data-end=\"579\">Impuesto de timbre (AJD 1,2 %)<\/strong> \u2192 3 000 \u20ac<\/p><\/li><li data-start=\"592\" data-end=\"623\"><p data-start=\"594\" data-end=\"623\"><strong data-start=\"594\" data-end=\"610\">Gastos de emergencia<\/strong> \u2192 n. 800 \u20ac<\/p><\/li><li data-start=\"624\" data-end=\"666\"><p data-start=\"626\" data-end=\"666\"><strong data-start=\"626\" data-end=\"653\">Registro de la propiedad<\/strong> \u2192 n. 700 \u20ac<\/p><\/li><li data-start=\"667\" data-end=\"749\"><p data-start=\"669\" data-end=\"749\"><strong data-start=\"669\" data-end=\"695\">Abogado (1 % + IVA)<\/strong> \u2192 3 025 \u20ac<br data-start=\"705\" data-end=\"708\" \/><strong data-start=\"708\" data-end=\"747\">Costes adicionales totales: aprox. 32 500<\/strong><\/p><\/li><\/ul><p data-start=\"751\" data-end=\"790\">Una verdadera inversi\u00f3n: <strong data-start=\"775\" data-end=\"788\">282 500 \u20ac<\/strong><\/p><hr data-start=\"792\" data-end=\"795\" \/><h3 data-start=\"797\" data-end=\"867\">Costes durante la propiedad (anuales, en el ejemplo)<\/h3><ul data-start=\"868\" data-end=\"1143\"><li data-start=\"868\" data-end=\"913\"><p data-start=\"870\" data-end=\"913\"><strong data-start=\"870\" data-end=\"894\">IBI (impuesto sobre bienes inmuebles)<\/strong> \u2192 n. 500-1 000 \u20ac<\/p><\/li><li data-start=\"914\" data-end=\"958\"><p data-start=\"916\" data-end=\"958\"><strong data-start=\"916\" data-end=\"944\">Residuos e impuestos municipales<\/strong> \u2192 200-300 \u20ac<\/p><\/li><li data-start=\"959\" data-end=\"1040\"><p data-start=\"961\" data-end=\"1040\"><strong data-start=\"961\" data-end=\"1002\">Gastos de comunidad (seg\u00fan la empresa de alojamiento)<\/strong> \u2192 p. ej. 100 \u20ac\/mes = 1 200 \u20ac al a\u00f1o<\/p><\/li><li data-start=\"1041\" data-end=\"1143\"><p data-start=\"1043\" data-end=\"1143\"><strong data-start=\"1043\" data-end=\"1103\">Impuesto sobre la renta de no residentes (19 % de alquiler imputado)<\/strong> \u2192 normalmente unos cientos de euros al a\u00f1o<\/p><\/li><\/ul><hr data-start=\"1145\" data-end=\"1148\" \/><p data-start=\"1150\" data-end=\"1231\">De esta manera se puede ver que el precio real es siempre <strong data-start=\"1191\" data-end=\"1228\">8-13 % superior al precio de compra<\/strong>.<\/p>\t\t\t\t\t\t\t\t<\/div>\n\t\t\t\t<\/div>\n\t\t\t\t\t<\/div>\n\t\t\t\t<\/div>\n\t\t\t\t<\/div>","protected":false},"excerpt":{"rendered":"<p>Mitk\u00e4 verot t\u00e4ytyy maksaa, kun ostaa uudiskohteen asunnon? Asuntoa ostaessa on t\u00e4rke\u00e4\u00e4 ottaa huomioon muutamia seikkoja, kuten esimerkiksi se, mit\u00e4 veroja on maksettava. Ensinn\u00e4kin on hyv\u00e4 tiet\u00e4\u00e4, ett\u00e4 maksut vaihtelevat sen mukaan, onko kyseess\u00e4 uudiskohde vai k\u00e4ytetty asunto. Uudisrakennusten kohdalla on t\u00e4rke\u00e4\u00e4 huomioida Espanjassa, ja erityisesti M\u00e1lagassa sek\u00e4 Andalusiassa, sovellettavat verot ja kulut. Ensin on [&hellip;]<\/p>\n","protected":false},"author":2,"featured_media":0,"parent":0,"menu_order":0,"comment_status":"closed","ping_status":"closed","template":"elementor_header_footer","meta":{"iawp_total_views":33,"footnotes":""},"class_list":["post-1505","page","type-page","status-publish","hentry"],"_links":{"self":[{"href":"https:\/\/anax.es\/es\/wp-json\/wp\/v2\/pages\/1505","targetHints":{"allow":["GET"]}}],"collection":[{"href":"https:\/\/anax.es\/es\/wp-json\/wp\/v2\/pages"}],"about":[{"href":"https:\/\/anax.es\/es\/wp-json\/wp\/v2\/types\/page"}],"author":[{"embeddable":true,"href":"https:\/\/anax.es\/es\/wp-json\/wp\/v2\/users\/2"}],"replies":[{"embeddable":true,"href":"https:\/\/anax.es\/es\/wp-json\/wp\/v2\/comments?post=1505"}],"version-history":[{"count":23,"href":"https:\/\/anax.es\/es\/wp-json\/wp\/v2\/pages\/1505\/revisions"}],"predecessor-version":[{"id":1923,"href":"https:\/\/anax.es\/es\/wp-json\/wp\/v2\/pages\/1505\/revisions\/1923"}],"wp:attachment":[{"href":"https:\/\/anax.es\/es\/wp-json\/wp\/v2\/media?parent=1505"}],"curies":[{"name":"wp","href":"https:\/\/api.w.org\/{rel}","templated":true}]}}