{"id":13,"date":"2025-07-09T19:09:21","date_gmt":"2025-07-09T19:09:21","guid":{"rendered":"https:\/\/anax.es\/?page_id=13"},"modified":"2026-02-09T15:19:09","modified_gmt":"2026-02-09T13:19:09","slug":"fimafri-oy","status":"publish","type":"page","link":"https:\/\/anax.es\/es\/","title":{"rendered":"Axarquia Oy"},"content":{"rendered":"<div data-elementor-type=\"wp-page\" data-elementor-id=\"13\" class=\"elementor elementor-13\" data-elementor-post-type=\"page\">\n\t\t\t\t<div class=\"elementor-element elementor-element-99b449f e-con-full e-flex e-con e-parent\" data-id=\"99b449f\" data-element_type=\"container\" data-e-type=\"container\" data-settings=\"{&quot;jet_parallax_layout_list&quot;:[],&quot;background_background&quot;:&quot;classic&quot;}\">\n\t\t<div class=\"elementor-element elementor-element-2148182 e-flex e-con-boxed e-con e-child\" data-id=\"2148182\" data-element_type=\"container\" data-e-type=\"container\" data-settings=\"{&quot;jet_parallax_layout_list&quot;:[]}\">\n\t\t\t\t\t<div class=\"e-con-inner\">\n\t\t\t\t<div class=\"elementor-element elementor-element-ed9b7ca elementor-widget elementor-widget-heading\" data-id=\"ed9b7ca\" data-element_type=\"widget\" data-e-type=\"widget\" data-widget_type=\"heading.default\">\n\t\t\t\t\t<h1 class=\"elementor-heading-title elementor-size-default\">Ayudamos a las empresas finlandesas a triunfar en la Costa del Sol<\/h1>\t\t\t\t<\/div>\n\t\t\t\t<div class=\"elementor-element elementor-element-6b553f9 elementor-widget elementor-widget-text-editor\" data-id=\"6b553f9\" data-element_type=\"widget\" data-e-type=\"widget\" data-widget_type=\"text-editor.default\">\n\t\t\t\t\t\t\t\t\t<p>Experiencia local, contactos fiables y apoyo pr\u00e1ctico para exportar e invertir en Espa\u00f1a<\/p>\t\t\t\t\t\t\t\t<\/div>\n\t\t<div class=\"elementor-element elementor-element-f8174c6 e-con-full e-flex e-con e-child\" data-id=\"f8174c6\" data-element_type=\"container\" data-e-type=\"container\" data-settings=\"{&quot;jet_parallax_layout_list&quot;:[]}\">\n\t\t\t\t<div class=\"elementor-element elementor-element-7f7ae2d elementor-widget elementor-widget-heading\" data-id=\"7f7ae2d\" data-element_type=\"widget\" data-e-type=\"widget\" data-widget_type=\"heading.default\">\n\t\t\t\t\t<h2 class=\"elementor-heading-title elementor-size-default\">Empresas - Vivienda - Consultor\u00eda<\/h2>\t\t\t\t<\/div>\n\t\t\t\t<div class=\"elementor-element elementor-element-a229624 elementor-widget elementor-widget-heading\" data-id=\"a229624\" data-element_type=\"widget\" data-e-type=\"widget\" data-widget_type=\"heading.default\">\n\t\t\t\t\t<h2 class=\"elementor-heading-title elementor-size-default\">Torre del Mar - Axarqu\u00eda - Costa del Sol<\/h2>\t\t\t\t<\/div>\n\t\t\t\t<\/div>\n\t\t\t\t\t<\/div>\n\t\t\t\t<\/div>\n\t\t\t\t<\/div>\n\t\t<div class=\"elementor-element elementor-element-129f293 e-flex e-con-boxed e-con e-parent\" data-id=\"129f293\" data-element_type=\"container\" data-e-type=\"container\" data-settings=\"{&quot;jet_parallax_layout_list&quot;:[],&quot;background_background&quot;:&quot;classic&quot;}\">\n\t\t\t\t\t<div class=\"e-con-inner\">\n\t\t<div class=\"elementor-element elementor-element-3971002 e-con-full e-flex e-con e-child\" data-id=\"3971002\" data-element_type=\"container\" data-e-type=\"container\" data-settings=\"{&quot;background_background&quot;:&quot;classic&quot;,&quot;jet_parallax_layout_list&quot;:[]}\">\n\t\t\t\t<div class=\"elementor-element elementor-element-cf05cf1 elementor-widget elementor-widget-heading\" data-id=\"cf05cf1\" data-element_type=\"widget\" data-e-type=\"widget\" data-widget_type=\"heading.default\">\n\t\t\t\t\t<h2 class=\"elementor-heading-title elementor-size-default\">Entrada en el mercado espa\u00f1ol<\/h2>\t\t\t\t<\/div>\n\t\t\t\t<div class=\"elementor-element elementor-element-c313540 elementor-widget elementor-widget-text-editor\" data-id=\"c313540\" data-element_type=\"widget\" data-e-type=\"widget\" data-widget_type=\"text-editor.default\">\n\t\t\t\t\t\t\t\t\t<ul><li data-start=\"1151\" data-end=\"1183\"><p data-start=\"1153\" data-end=\"1183\">Cartograf\u00eda del potencial de mercado<\/p><\/li><li data-start=\"1184\" data-end=\"1205\"><p data-start=\"1186\" data-end=\"1205\">An\u00e1lisis de la competencia<\/p><\/li><li data-start=\"1206\" data-end=\"1236\"><p data-start=\"1208\" data-end=\"1236\">Precios y canales de distribuci\u00f3n<\/p><\/li><li data-start=\"1237\" data-end=\"1277\"><p data-start=\"1239\" data-end=\"1277\">Pr\u00e1cticas locales y diferencias culturales<\/p><\/li><\/ul>\t\t\t\t\t\t\t\t<\/div>\n\t\t\t\t<\/div>\n\t\t<div class=\"elementor-element elementor-element-698cdd1 e-con-full e-flex e-con e-child\" data-id=\"698cdd1\" data-element_type=\"container\" data-e-type=\"container\" data-settings=\"{&quot;background_background&quot;:&quot;classic&quot;,&quot;jet_parallax_layout_list&quot;:[]}\">\n\t\t\t\t<div class=\"elementor-element elementor-element-bbdf7fa elementor-widget elementor-widget-heading\" data-id=\"bbdf7fa\" data-element_type=\"widget\" data-e-type=\"widget\" data-widget_type=\"heading.default\">\n\t\t\t\t\t<h2 class=\"elementor-heading-title elementor-size-default\">Exportaciones y ventas en la Costa del Sol<\/h2>\t\t\t\t<\/div>\n\t\t\t\t<div class=\"elementor-element elementor-element-f4f5718 elementor-widget elementor-widget-text-editor\" data-id=\"f4f5718\" data-element_type=\"widget\" data-e-type=\"widget\" data-widget_type=\"text-editor.default\">\n\t\t\t\t\t\t\t\t\t<ul><li data-start=\"1320\" data-end=\"1357\"><p data-start=\"1322\" data-end=\"1357\">Encontrar socios locales<\/p><\/li><li data-start=\"1358\" data-end=\"1384\"><p data-start=\"1360\" data-end=\"1384\">Abrir canales de venta<\/p><\/li><li data-start=\"1385\" data-end=\"1432\"><p data-start=\"1387\" data-end=\"1432\">Negociaciones con operadores espa\u00f1oles<\/p><\/li><li data-start=\"1433\" data-end=\"1466\"><p data-start=\"1435\" data-end=\"1466\">Apoyo ling\u00fc\u00edstico y cuestiones pr\u00e1cticas<\/p><\/li><\/ul>\t\t\t\t\t\t\t\t<\/div>\n\t\t\t\t<\/div>\n\t\t<div class=\"elementor-element elementor-element-2c893a3 e-con-full e-flex e-con e-child\" data-id=\"2c893a3\" data-element_type=\"container\" data-e-type=\"container\" data-settings=\"{&quot;background_background&quot;:&quot;classic&quot;,&quot;jet_parallax_layout_list&quot;:[]}\">\n\t\t\t\t<div class=\"elementor-element elementor-element-831dd59 elementor-widget elementor-widget-heading\" data-id=\"831dd59\" data-element_type=\"widget\" data-e-type=\"widget\" data-widget_type=\"heading.default\">\n\t\t\t\t\t<h2 class=\"elementor-heading-title elementor-size-default\">Inversi\u00f3n y negocios en Espa\u00f1a<\/h2>\t\t\t\t<\/div>\n\t\t\t\t<div class=\"elementor-element elementor-element-421f81d elementor-widget elementor-widget-text-editor\" data-id=\"421f81d\" data-element_type=\"widget\" data-e-type=\"widget\" data-widget_type=\"text-editor.default\">\n\t\t\t\t\t\t\t\t\t<ul><li data-start=\"1517\" data-end=\"1551\"><p data-start=\"1519\" data-end=\"1551\">Crear una empresa en Espa\u00f1a<\/p><\/li><li data-start=\"1552\" data-end=\"1609\"><p data-start=\"1554\" data-end=\"1609\">An\u00e1lisis de ubicaci\u00f3n y zona (Axarqu\u00eda, M\u00e1laga, Andaluc\u00eda)<\/p><\/li><li data-start=\"1610\" data-end=\"1667\"><p data-start=\"1612\" data-end=\"1667\">Cooperaci\u00f3n con abogados, bancos y autoridades<\/p><\/li><li data-start=\"1668\" data-end=\"1711\"><p data-start=\"1670\" data-end=\"1711\">Gesti\u00f3n de riesgos para las empresas finlandesas<\/p><\/li><\/ul>\t\t\t\t\t\t\t\t<\/div>\n\t\t\t\t<\/div>\n\t\t\t\t\t<\/div>\n\t\t\t\t<\/div>\n\t\t<div class=\"elementor-element elementor-element-1d43b07c e-con-full e-flex e-con e-parent\" data-id=\"1d43b07c\" data-element_type=\"container\" data-e-type=\"container\" data-settings=\"{&quot;background_background&quot;:&quot;classic&quot;,&quot;jet_parallax_layout_list&quot;:[]}\">\n\t\t<div class=\"elementor-element elementor-element-400c0a57 e-con-full e-flex e-con e-child\" data-id=\"400c0a57\" data-element_type=\"container\" data-e-type=\"container\" id=\"konsultointi\" data-settings=\"{&quot;jet_parallax_layout_list&quot;:[]}\">\n\t\t\t\t<div class=\"elementor-element elementor-element-810f6f4 elementor-widget elementor-widget-heading\" data-id=\"810f6f4\" data-element_type=\"widget\" data-e-type=\"widget\" data-widget_type=\"heading.default\">\n\t\t\t\t\t<h3 class=\"elementor-heading-title elementor-size-default\">Servicios de expertos y consultor\u00eda<\/h3>\t\t\t\t<\/div>\n\t\t\t\t<div class=\"elementor-element elementor-element-75fbdd15 elementor-widget elementor-widget-text-editor\" data-id=\"75fbdd15\" data-element_type=\"widget\" data-e-type=\"widget\" data-widget_type=\"text-editor.default\">\n\t\t\t\t\t\t\t\t\t<p>Tanto si est\u00e1 iniciando un negocio, buscando una inversi\u00f3n o planeando un cambio de vida bajo el sol espa\u00f1ol, Axarqu\u00eda Nordic Consulting SL le ofrece asesoramiento pr\u00e1ctico y una amplia experiencia en Torre del Mar y en toda la comarca de la Axarqu\u00eda.<\/p><p>Actuamos como representante local de un cliente finland\u00e9s en la Costa del Sol.<br data-start=\"963\" data-end=\"966\" \/>Nos coordinamos con autoridades, abogados, bancos y socios comerciales locales para ayudarle a centrarse en su negocio.<\/p><p>Combinamos el conocimiento local, la visi\u00f3n finlandesa del cliente y unas s\u00f3lidas redes, para que pueda tomar decisiones con seguridad y eficacia.<\/p>\t\t\t\t\t\t\t\t<\/div>\n\t\t\t\t<div class=\"elementor-element elementor-element-407e610 elementor-align-left elementor-mobile-align-justify elementor-widget-mobile__width-inherit elementor-widget elementor-widget-button\" data-id=\"407e610\" data-element_type=\"widget\" data-e-type=\"widget\" data-widget_type=\"button.default\">\n\t\t\t\t\t\t\t\t\t\t<a class=\"elementor-button elementor-button-link elementor-size-sm\" href=\"https:\/\/anax.es\/es\/ota-yhteytta\/\">\n\t\t\t\t\t\t<span class=\"elementor-button-content-wrapper\">\n\t\t\t\t\t\t\t\t\t<span class=\"elementor-button-text\">Contacto<\/span>\n\t\t\t\t\t<\/span>\n\t\t\t\t\t<\/a>\n\t\t\t\t\t\t\t\t<\/div>\n\t\t\t\t<\/div>\n\t\t<div class=\"elementor-element elementor-element-5d4fa4d2 e-con-full e-flex e-con e-child\" data-id=\"5d4fa4d2\" data-element_type=\"container\" data-e-type=\"container\" data-settings=\"{&quot;jet_parallax_layout_list&quot;:[]}\">\n\t\t\t\t<div class=\"elementor-element elementor-element-1d083703 elementor-hidden-mobile elementor-widget elementor-widget-image\" data-id=\"1d083703\" data-element_type=\"widget\" data-e-type=\"widget\" data-widget_type=\"image.default\">\n\t\t\t\t\t\t\t\t\t\t\t\t\t\t\t<img fetchpriority=\"high\" decoding=\"async\" width=\"1206\" height=\"995\" src=\"https:\/\/anax.es\/wp-content\/uploads\/2025\/09\/Matias_Torre_del_Mar_2.png\" class=\"attachment-full size-full wp-image-1985\" alt=\"Axarqu\u00eda Nordic Consulting Matias Suikkanen, Torre Del Mar\" srcset=\"https:\/\/anax.es\/wp-content\/uploads\/2025\/09\/Matias_Torre_del_Mar_2.png 1206w, https:\/\/anax.es\/wp-content\/uploads\/2025\/09\/Matias_Torre_del_Mar_2-300x248.png 300w, https:\/\/anax.es\/wp-content\/uploads\/2025\/09\/Matias_Torre_del_Mar_2-1024x845.png 1024w, https:\/\/anax.es\/wp-content\/uploads\/2025\/09\/Matias_Torre_del_Mar_2-768x634.png 768w, https:\/\/anax.es\/wp-content\/uploads\/2025\/09\/Matias_Torre_del_Mar_2-15x12.png 15w\" sizes=\"(max-width: 1206px) 100vw, 1206px\" \/>\t\t\t\t\t\t\t\t\t\t\t\t\t\t\t<\/div>\n\t\t\t\t<\/div>\n\t\t\t\t<\/div>\n\t\t<div class=\"elementor-element elementor-element-64c9292 e-con-full e-flex e-con e-parent\" data-id=\"64c9292\" data-element_type=\"container\" data-e-type=\"container\" id=\"palvelumme\" data-settings=\"{&quot;background_background&quot;:&quot;classic&quot;,&quot;jet_parallax_layout_list&quot;:[]}\">\n\t\t<div class=\"elementor-element elementor-element-6f875d4 e-con-full e-flex e-con e-child\" data-id=\"6f875d4\" data-element_type=\"container\" data-e-type=\"container\" data-settings=\"{&quot;jet_parallax_layout_list&quot;:[],&quot;background_background&quot;:&quot;classic&quot;}\">\n\t\t\t\t<div class=\"elementor-element elementor-element-fe12eec elementor-widget elementor-widget-image\" data-id=\"fe12eec\" data-element_type=\"widget\" data-e-type=\"widget\" data-widget_type=\"image.default\">\n\t\t\t\t\t\t\t\t\t\t\t\t\t\t\t<img decoding=\"async\" width=\"800\" height=\"800\" src=\"https:\/\/anax.es\/wp-content\/uploads\/2025\/07\/Business_konsultointi_Malaga.png\" class=\"attachment-large size-large wp-image-909\" alt=\"\" srcset=\"https:\/\/anax.es\/wp-content\/uploads\/2025\/07\/Business_konsultointi_Malaga.png 1024w, https:\/\/anax.es\/wp-content\/uploads\/2025\/07\/Business_konsultointi_Malaga-300x300.png 300w, https:\/\/anax.es\/wp-content\/uploads\/2025\/07\/Business_konsultointi_Malaga-150x150.png 150w, https:\/\/anax.es\/wp-content\/uploads\/2025\/07\/Business_konsultointi_Malaga-768x768.png 768w, https:\/\/anax.es\/wp-content\/uploads\/2025\/07\/Business_konsultointi_Malaga-12x12.png 12w, https:\/\/anax.es\/wp-content\/uploads\/2025\/07\/elementor\/thumbs\/Business_konsultointi_Malaga-r8qt0r04mr6ufu67iy9yq35xdmehkwzrdzswetzhjc.png 500w\" sizes=\"(max-width: 800px) 100vw, 800px\" \/>\t\t\t\t\t\t\t\t\t\t\t\t\t\t\t<\/div>\n\t\t\t\t<\/div>\n\t\t<div class=\"elementor-element elementor-element-2faa3f5 e-con-full e-flex e-con e-child\" data-id=\"2faa3f5\" data-element_type=\"container\" data-e-type=\"container\" id=\"yritysneuvonta\" data-settings=\"{&quot;jet_parallax_layout_list&quot;:[]}\">\n\t\t\t\t<div class=\"elementor-element elementor-element-9dab7ba elementor-widget elementor-widget-heading\" data-id=\"9dab7ba\" data-element_type=\"widget\" data-e-type=\"widget\" data-widget_type=\"heading.default\">\n\t\t\t\t\t<h3 class=\"elementor-heading-title elementor-size-default\">Creaci\u00f3n de empresas y asesoramiento empresarial<\/h3>\t\t\t\t<\/div>\n\t\t\t\t<div class=\"elementor-element elementor-element-38f2551 elementor-widget elementor-widget-text-editor\" data-id=\"38f2551\" data-element_type=\"widget\" data-e-type=\"widget\" data-widget_type=\"text-editor.default\">\n\t\t\t\t\t\t\t\t\t<ul><li>Asesoramiento para la creaci\u00f3n de empresas (elecci\u00f3n de SL, aut\u00f3nomo u otro modelo)<\/li><li>Asuntos fiscales y administrativos<\/li><li>Coordinaci\u00f3n de los socios y oficinas locales<\/li><li>Cartograf\u00eda del mercado regional y del panorama competitivo<\/li><\/ul>\t\t\t\t\t\t\t\t<\/div>\n\t\t\t\t<div class=\"elementor-element elementor-element-14707ca elementor-widget elementor-widget-text-editor\" data-id=\"14707ca\" data-element_type=\"widget\" data-e-type=\"widget\" data-widget_type=\"text-editor.default\">\n\t\t\t\t\t\t\t\t\t<p><strong>\u00bfPara qui\u00e9n?<\/strong><\/p><ul><li>Para empresarios<\/li><li>Para las peque\u00f1as empresas<\/li><li>Diginomade<\/li><li>Para los inversores<\/li><\/ul>\t\t\t\t\t\t\t\t<\/div>\n\t\t\t\t<div class=\"elementor-element elementor-element-2f34cbd elementor-align-left elementor-widget elementor-widget-button\" data-id=\"2f34cbd\" data-element_type=\"widget\" data-e-type=\"widget\" data-widget_type=\"button.default\">\n\t\t\t\t\t\t\t\t\t\t<a class=\"elementor-button elementor-button-link elementor-size-sm\" href=\"https:\/\/anax.es\/es\/ota-yhteytta\/\">\n\t\t\t\t\t\t<span class=\"elementor-button-content-wrapper\">\n\t\t\t\t\t\t\t\t\t<span class=\"elementor-button-text\">Contacto<\/span>\n\t\t\t\t\t<\/span>\n\t\t\t\t\t<\/a>\n\t\t\t\t\t\t\t\t<\/div>\n\t\t\t\t<\/div>\n\t\t\t\t<\/div>\n\t\t<div class=\"elementor-element elementor-element-31edab7 e-flex e-con-boxed e-con e-parent\" data-id=\"31edab7\" data-element_type=\"container\" data-e-type=\"container\" data-settings=\"{&quot;jet_parallax_layout_list&quot;:[]}\">\n\t\t\t\t\t<div class=\"e-con-inner\">\n\t\t<div class=\"elementor-element elementor-element-4f19d90 e-con-full e-flex e-con e-child\" data-id=\"4f19d90\" data-element_type=\"container\" data-e-type=\"container\" id=\"asuntokaupat\" data-settings=\"{&quot;jet_parallax_layout_list&quot;:[],&quot;background_background&quot;:&quot;classic&quot;}\">\n\t\t\t\t<div class=\"elementor-element elementor-element-7c99ac0 elementor-widget elementor-widget-heading\" data-id=\"7c99ac0\" data-element_type=\"widget\" data-e-type=\"widget\" data-widget_type=\"heading.default\">\n\t\t\t\t\t<h3 class=\"elementor-heading-title elementor-size-default\">Servicios especializados en transacciones de vivienda<\/h3>\t\t\t\t<\/div>\n\t\t\t\t<div class=\"elementor-element elementor-element-0dc7b47 elementor-widget elementor-widget-text-editor\" data-id=\"0dc7b47\" data-element_type=\"widget\" data-e-type=\"widget\" data-widget_type=\"text-editor.default\">\n\t\t\t\t\t\t\t\t\t<ul><li>Asesoramiento a compradores e inversores (viviendas, locales comerciales, terrenos)<\/li><li>Trabajar con agentes inmobiliarios y abogados de confianza<\/li><li>Asistencia en materia de comercio, licencias y fiscalidad<\/li><li>Rentabilidad y an\u00e1lisis regional de la inversi\u00f3n residencial<\/li><\/ul>\t\t\t\t\t\t\t\t<\/div>\n\t\t\t\t<div class=\"elementor-element elementor-element-563203e elementor-widget elementor-widget-text-editor\" data-id=\"563203e\" data-element_type=\"widget\" data-e-type=\"widget\" data-widget_type=\"text-editor.default\">\n\t\t\t\t\t\t\t\t\t<p><strong>\u00bfPara qui\u00e9n?<\/strong><\/p><ul><li>Para compradores de primera vivienda,<\/li><li>Para pensionistas,<\/li><li>Para inversores que buscan ingresos por alquiler.<\/li><\/ul>\t\t\t\t\t\t\t\t<\/div>\n\t\t\t\t<div class=\"elementor-element elementor-element-e8bb7cb elementor-align-left elementor-widget-mobile__width-inherit elementor-widget elementor-widget-button\" data-id=\"e8bb7cb\" data-element_type=\"widget\" data-e-type=\"widget\" data-widget_type=\"button.default\">\n\t\t\t\t\t\t\t\t\t\t<a class=\"elementor-button elementor-button-link elementor-size-sm\" href=\"https:\/\/anax.es\/es\/ota-yhteytta\/\">\n\t\t\t\t\t\t<span class=\"elementor-button-content-wrapper\">\n\t\t\t\t\t\t\t\t\t<span class=\"elementor-button-text\">Contacto<\/span>\n\t\t\t\t\t<\/span>\n\t\t\t\t\t<\/a>\n\t\t\t\t\t\t\t\t<\/div>\n\t\t\t\t<\/div>\n\t\t<div class=\"elementor-element elementor-element-01eac01 e-con-full e-flex e-con e-child\" data-id=\"01eac01\" data-element_type=\"container\" data-e-type=\"container\" data-settings=\"{&quot;jet_parallax_layout_list&quot;:[],&quot;background_background&quot;:&quot;classic&quot;}\">\n\t\t\t\t<div class=\"elementor-element elementor-element-a032254 elementor-widget elementor-widget-heading\" data-id=\"a032254\" data-element_type=\"widget\" data-e-type=\"widget\" data-widget_type=\"heading.default\">\n\t\t\t\t\t<h3 class=\"elementor-heading-title elementor-size-default\">Ayuda para la mudanza y la instalaci\u00f3n<\/h3>\t\t\t\t<\/div>\n\t\t\t\t<div class=\"elementor-element elementor-element-5ad9c1f elementor-widget elementor-widget-text-editor\" data-id=\"5ad9c1f\" data-element_type=\"widget\" data-e-type=\"widget\" data-widget_type=\"text-editor.default\">\n\t\t\t\t\t\t\t\t\t<p><strong>Estamos aqu\u00ed para ayudarle en Espa\u00f1a<\/strong><\/p><ul><li>N\u00famero NIE, cuenta bancaria, registro<\/li><li>Asesoramiento escolar y de vivienda, orientaci\u00f3n sanitaria<\/li><li>Interpretaci\u00f3n, procedimientos administrativos y registros locales<\/li><li>La vida pr\u00e1ctica en Espa\u00f1a<\/li><\/ul>\t\t\t\t\t\t\t\t<\/div>\n\t\t\t\t<div class=\"elementor-element elementor-element-206b04c elementor-widget elementor-widget-text-editor\" data-id=\"206b04c\" data-element_type=\"widget\" data-e-type=\"widget\" data-widget_type=\"text-editor.default\">\n\t\t\t\t\t\t\t\t\t<p><strong>\u00bfPara qui\u00e9n?<\/strong><\/p><ul><li><span data-teams=\"true\">Para las familias, <\/span><\/li><li><span data-teams=\"true\">Para pensionistas, <\/span><\/li><li><span data-teams=\"true\">Para los que empiezan una nueva vida.<\/span><\/li><\/ul>\t\t\t\t\t\t\t\t<\/div>\n\t\t\t\t<div class=\"elementor-element elementor-element-8337595 elementor-align-left elementor-mobile-align-justify elementor-widget-mobile__width-inherit elementor-widget elementor-widget-button\" data-id=\"8337595\" data-element_type=\"widget\" data-e-type=\"widget\" data-widget_type=\"button.default\">\n\t\t\t\t\t\t\t\t\t\t<a class=\"elementor-button elementor-button-link elementor-size-sm\" href=\"https:\/\/anax.es\/es\/ota-yhteytta\/\">\n\t\t\t\t\t\t<span class=\"elementor-button-content-wrapper\">\n\t\t\t\t\t\t\t\t\t<span class=\"elementor-button-text\">Contacto<\/span>\n\t\t\t\t\t<\/span>\n\t\t\t\t\t<\/a>\n\t\t\t\t\t\t\t\t<\/div>\n\t\t\t\t<\/div>\n\t\t\t\t\t<\/div>\n\t\t\t\t<\/div>\n\t\t<div class=\"elementor-element elementor-element-28a2df52 e-flex e-con-boxed e-con e-parent\" data-id=\"28a2df52\" data-element_type=\"container\" data-e-type=\"container\" data-settings=\"{&quot;jet_parallax_layout_list&quot;:[],&quot;background_background&quot;:&quot;classic&quot;,&quot;shape_divider_top&quot;:&quot;mountains&quot;}\">\n\t\t\t\t\t<div class=\"e-con-inner\">\n\t\t\t\t<div class=\"elementor-shape elementor-shape-top\" aria-hidden=\"true\" data-negative=\"false\">\n\t\t\t<svg xmlns=\"http:\/\/www.w3.org\/2000\/svg\" viewbox=\"0 0 1000 100\" preserveaspectratio=\"none\">\n\t<path class=\"elementor-shape-fill\" opacity=\"0.33\" d=\"M473,67.3c-203.9,88.3-263.1-34-320.3,0C66,119.1,0,59.7,0,59.7V0h1000v59.7 c0,0-62.1,26.1-94.9,29.3c-32.8,3.3-62.8-12.3-75.8-22.1C806,49.6,745.3,8.7,694.9,4.7S492.4,59,473,67.3z\"\/>\n\t<path class=\"elementor-shape-fill\" opacity=\"0.66\" d=\"M734,67.3c-45.5,0-77.2-23.2-129.1-39.1c-28.6-8.7-150.3-10.1-254,39.1 s-91.7-34.4-149.2,0C115.7,118.3,0,39.8,0,39.8V0h1000v36.5c0,0-28.2-18.5-92.1-18.5C810.2,18.1,775.7,67.3,734,67.3z\"\/>\n\t<path class=\"elementor-shape-fill\" d=\"M766.1,28.9c-200-57.5-266,65.5-395.1,19.5C242,1.8,242,5.4,184.8,20.6C128,35.8,132.3,44.9,89.9,52.5C28.6,63.7,0,0,0,0 h1000c0,0-9.9,40.9-83.6,48.1S829.6,47,766.1,28.9z\"\/>\n<\/svg>\t\t<\/div>\n\t\t\t\t<div class=\"elementor-element elementor-element-349d838f elementor-widget elementor-widget-heading\" data-id=\"349d838f\" data-element_type=\"widget\" data-e-type=\"widget\" data-widget_type=\"heading.default\">\n\t\t\t\t\t<h3 class=\"elementor-heading-title elementor-size-default\">Nuestro sitio<\/h3>\t\t\t\t<\/div>\n\t\t\t\t<div class=\"elementor-element elementor-element-6841f88a elementor-widget elementor-widget-text-editor\" data-id=\"6841f88a\" data-element_type=\"widget\" data-e-type=\"widget\" data-widget_type=\"text-editor.default\">\n\t\t\t\t\t\t\t\t\t<p><span data-teams=\"true\">Nuestra principal zona de actuaci\u00f3n es Torre del Mar, pero atendemos a clientes de toda la comarca de la Axarqu\u00eda:<br \/><strong>V\u00e9lez-M\u00e1laga - Torrox - Algarrobo - Nerja - Rinc\u00f3n de la Victoria - Frigiliana<\/strong><\/span><\/p>\t\t\t\t\t\t\t\t<\/div>\n\t\t\t\t<div class=\"elementor-element elementor-element-2f29c89 elementor-align-center elementor-widget elementor-widget-button\" data-id=\"2f29c89\" data-element_type=\"widget\" data-e-type=\"widget\" data-widget_type=\"button.default\">\n\t\t\t\t\t\t\t\t\t\t<a class=\"elementor-button elementor-button-link elementor-size-sm\" href=\"https:\/\/anax.es\/es\/ota-yhteytta\/\">\n\t\t\t\t\t\t<span class=\"elementor-button-content-wrapper\">\n\t\t\t\t\t\t\t\t\t<span class=\"elementor-button-text\">Contacto<\/span>\n\t\t\t\t\t<\/span>\n\t\t\t\t\t<\/a>\n\t\t\t\t\t\t\t\t<\/div>\n\t\t\t\t\t<\/div>\n\t\t\t\t<\/div>\n\t\t\t\t<\/div>","protected":false},"excerpt":{"rendered":"<p>Autamme suomalaisia yrityksi\u00e4 menestym\u00e4\u00e4n Costa del Solissa Paikallinen asiantuntemus, luotettavat kontaktit ja k\u00e4yt\u00e4nn\u00f6n tuki vienniss\u00e4 ja investoinneissa Espanjaan Yritykset &#8211; Asuntokaupat &#8211; Konsultointi Torre del Mar \u2022 Axarqu\u00eda \u2022 Costa del Sol Markkinoille tulo Espanjaan Markkinapotentiaalin kartoitus Kilpailija-analyysi Hinnoittelu ja jakelukanavat Paikalliset k\u00e4yt\u00e4nn\u00f6t ja kulttuurierot Vienti &amp; myynti Costa del Solissa Paikallisten kumppaneiden etsiminen Myyntikanavien [&hellip;]<\/p>\n","protected":false},"author":2,"featured_media":0,"parent":0,"menu_order":0,"comment_status":"closed","ping_status":"closed","template":"elementor_header_footer","meta":{"iawp_total_views":774,"footnotes":""},"class_list":["post-13","page","type-page","status-publish","hentry"],"_links":{"self":[{"href":"https:\/\/anax.es\/es\/wp-json\/wp\/v2\/pages\/13","targetHints":{"allow":["GET"]}}],"collection":[{"href":"https:\/\/anax.es\/es\/wp-json\/wp\/v2\/pages"}],"about":[{"href":"https:\/\/anax.es\/es\/wp-json\/wp\/v2\/types\/page"}],"author":[{"embeddable":true,"href":"https:\/\/anax.es\/es\/wp-json\/wp\/v2\/users\/2"}],"replies":[{"embeddable":true,"href":"https:\/\/anax.es\/es\/wp-json\/wp\/v2\/comments?post=13"}],"version-history":[{"count":629,"href":"https:\/\/anax.es\/es\/wp-json\/wp\/v2\/pages\/13\/revisions"}],"predecessor-version":[{"id":2409,"href":"https:\/\/anax.es\/es\/wp-json\/wp\/v2\/pages\/13\/revisions\/2409"}],"wp:attachment":[{"href":"https:\/\/anax.es\/es\/wp-json\/wp\/v2\/media?parent=13"}],"curies":[{"name":"wp","href":"https:\/\/api.w.org\/{rel}","templated":true}]}}